{"id":65982,"date":"2023-08-01T10:07:03","date_gmt":"2023-08-01T10:07:03","guid":{"rendered":"https:\/\/lunatools.com\/?page_id=65982"},"modified":"2023-08-01T10:07:03","modified_gmt":"2023-08-01T10:07:03","slug":"special-edition-sag","status":"publish","type":"page","link":"https:\/\/lunatools.com\/no\/special-edition-sag\/","title":{"rendered":"Special Edition-sag"},"content":{"rendered":"<div class=\"wpb-content-wrapper\"><p>[vc_row][vc_column]\n        <div class=\"block block--promo with-image valign--top text--white  align-left\">\n            <div class=\"promo\">\n                <div class=\"promo__image\">\n                    <img loading=\"lazy\" decoding=\"async\" width=\"540\" height=\"540\" src=\"https:\/\/lunatools.com\/wp-content\/uploads\/2023\/07\/Tatureing_50.png\" class=\"attachment-full size-full\" alt=\"\" srcset=\"https:\/\/lunatools.com\/wp-content\/uploads\/2023\/07\/Tatureing_50.png 540w, https:\/\/lunatools.com\/wp-content\/uploads\/2023\/07\/Tatureing_50-250x250.png 250w, https:\/\/lunatools.com\/wp-content\/uploads\/2023\/07\/Tatureing_50-150x150.png 150w, https:\/\/lunatools.com\/wp-content\/uploads\/2023\/07\/Tatureing_50-120x120.png 120w, https:\/\/lunatools.com\/wp-content\/uploads\/2023\/07\/Tatureing_50-400x400.png 400w, https:\/\/lunatools.com\/wp-content\/uploads\/2023\/07\/Tatureing_50-300x300.png 300w, https:\/\/lunatools.com\/wp-content\/uploads\/2023\/07\/Tatureing_50-100x100.png 100w\" sizes=\"(max-width: 540px) 100vw, 540px\" \/>\n                <\/div>\n                <div class=\"promo__content block__col\">\n                    <div class=\"promo__content__inner\">\n                        \n                        <p class=\"promo__text\">Luna Tools har laget en spesialutviklet h\u00e5ndsag til hjelp for gjenoppbyggingen av Ukraina. Motivet p\u00e5 sagen er laget av Jacob Pedersen fra Crooked Moon Tattoo, og 10 kroner fra hver solgte sag, g\u00e5r direkte til st\u00f8tte av gjenoppbygningen. Slava Ukraini!<\/p>\n<p>Du finner din special edition-sag hos f\u00f8lgende butikker:<\/p>\n<ul>\n<li>Andersland Bygg AS, Uggdal<\/li>\n<li>Bardu Byggindustri, Bardu<\/li>\n<li>Byggmakker Askim, Askim<\/li>\n<li>Byggmakker H\u00f8nesfoss, H\u00f8nefoss<\/li>\n<li>Byggmakker R\u00f8ros, R\u00f8ros<\/li>\n<li>Byggmakker Seljord, Seljord<\/li>\n<li>Byggtorget Kristiansund, Kristiansund<\/li>\n<li>Byggtorget Sj\u00f8vegan ByggevareSj\u00f8vegan<\/li>\n<li>Byggtorget \u00d8vsthus, Voss<\/li>\n<li>BYGGERIET S. THORSTENSEN AS, Ballangen<\/li>\n<li>BYGGFAG LAVANGEN BYGGEINDUSTRI AS, Tennevoll<\/li>\n<li>Byggmakker Eiker Dampsag og H\u00f8vleri, Hokksund<\/li>\n<li>Byggmakker Gr\u00e5myra, Levanger<\/li>\n<li>Byggmakker Handel Avd. BM \u00d8rlandBrekstad<\/li>\n<li>Byggmakker Rissa, Rissa<\/li>\n<li>ByggmakkerThaugland Drammensveien, Oslo<\/li>\n<li>Byggtorget Flesberg Jern og Bygg AS, Flesberg<\/li>\n<li>BYGGTORGET FYRESDAL SAG OG BYGG AS, Fyresdal<\/li>\n<li>BYGGTORGET SKEIE BYGG Foldereid<\/li>\n<li>Byggtorget Vester\u00e5len Byggservice, Stokmarknes<\/li>\n<li>Byggtorget \u00d8st Mysen, Mysen<\/li>\n<li>Byggtorget \u00d8vreb\u00f8 Kassefabrikk, \u00d8vreb\u00f8<\/li>\n<li>Byggvell Kvinesdal, Kvinesdal<\/li>\n<li>Byggvell Vennesla, Vennesla<\/li>\n<li>Jernvareforretningen Melbu, Melbu<\/li>\n<li>Lio Sag &amp; Treforedling, Seimmfoss<\/li>\n<li>Lister Industriverkt\u00f8y, Farsund<\/li>\n<li>Martin Lid Trelast, Voss<\/li>\n<li>Maskinsalg Evje, Evje<\/li>\n<li>Maxi milj\u00f8 Sj\u00f8vegan, Sj\u00f8vegan<\/li>\n<li>MODENA FLISER AS AVD T\u00d8NSBERG RESTEC, SEM<\/li>\n<li>Mongstad Service, Mongstad<\/li>\n<li>MONTER HOMMELST\u00d8 TRELAST AVD VELFJOR , Velfjord<\/li>\n<li>MONTER STORKAAS, Gvarv<\/li>\n<li>Rognan Jernvare, Rognan<\/li>\n<li>Sandvoll Handel, Sandvoll<\/li>\n<li>Sigdal Maskinforetning, Prestfoss<\/li>\n<li>SLAATTO SAG OG H\u00d8VLERI AS, Gol<\/li>\n<li>TANGEN TRELAST AS, Nesodden<\/li>\n<li>Tess Porsgrunn, Porsgrunn<\/li>\n<li>Tess S\u00f8r AS Notodden, Notodden<\/li>\n<li>XL Bygg Austevoll, Storeb\u00f8<\/li>\n<li>XL BYGG SELBU AVD SENTRUM, Selbu<\/li>\n<li>XL Bygg Vinje sag, Vinje<\/li>\n<li>XL Myre, Myre<\/li>\n<li>XL Nysted Storsteinnes, Storsteinnes<\/li>\n<li>XL Teft Lofoten, Leknes<\/li>\n<li>XL-BYGG Berge sag, \u00d8lensv\u00e5g<\/li>\n<li>Xl-BYGG Flekkefjord, Flekkefjord<\/li>\n<li>XL-BYGG Gisholt og finne, Skien<\/li>\n<li>XL-BYGG Gvarv, Gvarv<\/li>\n<li>XL-BYGG KULKOMPANIET AS, Drammen<\/li>\n<li>XL-BYGG K\u00c5RE ABELSEN AS, Bod\u00f8<\/li>\n<li>XL-BYGG TUDDAL BYGGEV AS SAULAND, Sauland<\/li>\n<li>XL-BYGG TVERBERG &amp; S\u00d8NNER, Voss<\/li>\n<li>XL-Harstad, Harstad<\/li>\n<li>XL-Karm\u00f8yKopervik<\/li>\n<li>\u00c5KREHAMN TR\u00c5LB\u00d8TERI AS, \u00c5krehamn<\/li>\n<\/ul>\n<p><\/p>\n                        \n                    <\/div>\n                <\/div>\n            <\/div>\n        <\/div>[\/vc_column][\/vc_row]<\/p>\n<\/div>","protected":false},"excerpt":{"rendered":"[vc_row][vc_column][\/vc_column][\/vc_row]","protected":false},"author":2,"featured_media":0,"parent":0,"menu_order":0,"comment_status":"closed","ping_status":"closed","template":"","meta":{"_acf_changed":false,"footnotes":""},"class_list":["post-65982","page","type-page","status-publish","hentry"],"acf":[],"yoast_head":"<!-- This site is optimized with the Yoast SEO plugin v23.4 - https:\/\/yoast.com\/wordpress\/plugins\/seo\/ -->\n<title>Special Edition-sag - Luna tools<\/title>\n<meta name=\"robots\" content=\"index, follow, max-snippet:-1, max-image-preview:large, max-video-preview:-1\" \/>\n<link rel=\"canonical\" href=\"https:\/\/lunatools.com\/no\/special-edition-sag\/\" \/>\n<meta property=\"og:locale\" content=\"nb_NO\" \/>\n<meta property=\"og:type\" content=\"article\" \/>\n<meta property=\"og:title\" content=\"Special Edition-sag - Luna tools\" \/>\n<meta property=\"og:description\" content=\"[vc_row][vc_column][\/vc_column][\/vc_row]\" \/>\n<meta property=\"og:url\" content=\"https:\/\/lunatools.com\/no\/special-edition-sag\/\" \/>\n<meta property=\"og:site_name\" content=\"Luna tools\" \/>\n<meta name=\"twitter:label1\" content=\"Ansl. lesetid\" \/>\n\t<meta name=\"twitter:data1\" content=\"2 minutter\" \/>\n<script type=\"application\/ld+json\" class=\"yoast-schema-graph\">{\"@context\":\"https:\/\/schema.org\",\"@graph\":[{\"@type\":\"WebPage\",\"@id\":\"https:\/\/lunatools.com\/no\/special-edition-sag\/\",\"url\":\"https:\/\/lunatools.com\/no\/special-edition-sag\/\",\"name\":\"Special Edition-sag - Luna tools\",\"isPartOf\":{\"@id\":\"https:\/\/lunatools.com\/sv\/#website\"},\"datePublished\":\"2023-08-01T10:07:03+00:00\",\"dateModified\":\"2023-08-01T10:07:03+00:00\",\"breadcrumb\":{\"@id\":\"https:\/\/lunatools.com\/no\/special-edition-sag\/#breadcrumb\"},\"inLanguage\":\"nb-NO\",\"potentialAction\":[{\"@type\":\"ReadAction\",\"target\":[\"https:\/\/lunatools.com\/no\/special-edition-sag\/\"]}]},{\"@type\":\"BreadcrumbList\",\"@id\":\"https:\/\/lunatools.com\/no\/special-edition-sag\/#breadcrumb\",\"itemListElement\":[{\"@type\":\"ListItem\",\"position\":1,\"name\":\"Home\",\"item\":\"https:\/\/lunatools.com\/no\/\"},{\"@type\":\"ListItem\",\"position\":2,\"name\":\"Special Edition-sag\"}]},{\"@type\":\"WebSite\",\"@id\":\"https:\/\/lunatools.com\/sv\/#website\",\"url\":\"https:\/\/lunatools.com\/sv\/\",\"name\":\"Luna tools\",\"description\":\"\",\"publisher\":{\"@id\":\"https:\/\/lunatools.com\/sv\/#organization\"},\"potentialAction\":[{\"@type\":\"SearchAction\",\"target\":{\"@type\":\"EntryPoint\",\"urlTemplate\":\"https:\/\/lunatools.com\/sv\/?s={search_term_string}\"},\"query-input\":{\"@type\":\"PropertyValueSpecification\",\"valueRequired\":true,\"valueName\":\"search_term_string\"}}],\"inLanguage\":\"nb-NO\"},{\"@type\":\"Organization\",\"@id\":\"https:\/\/lunatools.com\/sv\/#organization\",\"name\":\"Luna Tools\",\"url\":\"https:\/\/lunatools.com\/sv\/\",\"logo\":{\"@type\":\"ImageObject\",\"inLanguage\":\"nb-NO\",\"@id\":\"https:\/\/lunatools.com\/sv\/#\/schema\/logo\/image\/\",\"url\":\"https:\/\/lunatools.com\/wp-content\/uploads\/2019\/10\/LunaTools-gray-logo.png\",\"contentUrl\":\"https:\/\/lunatools.com\/wp-content\/uploads\/2019\/10\/LunaTools-gray-logo.png\",\"width\":795,\"height\":309,\"caption\":\"Luna Tools\"},\"image\":{\"@id\":\"https:\/\/lunatools.com\/sv\/#\/schema\/logo\/image\/\"}}]}<\/script>\n<!-- \/ Yoast SEO plugin. -->","yoast_head_json":{"title":"Special Edition-sag - Luna tools","robots":{"index":"index","follow":"follow","max-snippet":"max-snippet:-1","max-image-preview":"max-image-preview:large","max-video-preview":"max-video-preview:-1"},"canonical":"https:\/\/lunatools.com\/no\/special-edition-sag\/","og_locale":"nb_NO","og_type":"article","og_title":"Special Edition-sag - Luna tools","og_description":"[vc_row][vc_column][\/vc_column][\/vc_row]","og_url":"https:\/\/lunatools.com\/no\/special-edition-sag\/","og_site_name":"Luna tools","twitter_misc":{"Ansl. lesetid":"2 minutter"},"schema":{"@context":"https:\/\/schema.org","@graph":[{"@type":"WebPage","@id":"https:\/\/lunatools.com\/no\/special-edition-sag\/","url":"https:\/\/lunatools.com\/no\/special-edition-sag\/","name":"Special Edition-sag - Luna tools","isPartOf":{"@id":"https:\/\/lunatools.com\/sv\/#website"},"datePublished":"2023-08-01T10:07:03+00:00","dateModified":"2023-08-01T10:07:03+00:00","breadcrumb":{"@id":"https:\/\/lunatools.com\/no\/special-edition-sag\/#breadcrumb"},"inLanguage":"nb-NO","potentialAction":[{"@type":"ReadAction","target":["https:\/\/lunatools.com\/no\/special-edition-sag\/"]}]},{"@type":"BreadcrumbList","@id":"https:\/\/lunatools.com\/no\/special-edition-sag\/#breadcrumb","itemListElement":[{"@type":"ListItem","position":1,"name":"Home","item":"https:\/\/lunatools.com\/no\/"},{"@type":"ListItem","position":2,"name":"Special Edition-sag"}]},{"@type":"WebSite","@id":"https:\/\/lunatools.com\/sv\/#website","url":"https:\/\/lunatools.com\/sv\/","name":"Luna tools","description":"","publisher":{"@id":"https:\/\/lunatools.com\/sv\/#organization"},"potentialAction":[{"@type":"SearchAction","target":{"@type":"EntryPoint","urlTemplate":"https:\/\/lunatools.com\/sv\/?s={search_term_string}"},"query-input":{"@type":"PropertyValueSpecification","valueRequired":true,"valueName":"search_term_string"}}],"inLanguage":"nb-NO"},{"@type":"Organization","@id":"https:\/\/lunatools.com\/sv\/#organization","name":"Luna Tools","url":"https:\/\/lunatools.com\/sv\/","logo":{"@type":"ImageObject","inLanguage":"nb-NO","@id":"https:\/\/lunatools.com\/sv\/#\/schema\/logo\/image\/","url":"https:\/\/lunatools.com\/wp-content\/uploads\/2019\/10\/LunaTools-gray-logo.png","contentUrl":"https:\/\/lunatools.com\/wp-content\/uploads\/2019\/10\/LunaTools-gray-logo.png","width":795,"height":309,"caption":"Luna Tools"},"image":{"@id":"https:\/\/lunatools.com\/sv\/#\/schema\/logo\/image\/"}}]}},"_links":{"self":[{"href":"https:\/\/lunatools.com\/no\/wp-json\/wp\/v2\/pages\/65982"}],"collection":[{"href":"https:\/\/lunatools.com\/no\/wp-json\/wp\/v2\/pages"}],"about":[{"href":"https:\/\/lunatools.com\/no\/wp-json\/wp\/v2\/types\/page"}],"author":[{"embeddable":true,"href":"https:\/\/lunatools.com\/no\/wp-json\/wp\/v2\/users\/2"}],"replies":[{"embeddable":true,"href":"https:\/\/lunatools.com\/no\/wp-json\/wp\/v2\/comments?post=65982"}],"version-history":[{"count":1,"href":"https:\/\/lunatools.com\/no\/wp-json\/wp\/v2\/pages\/65982\/revisions"}],"predecessor-version":[{"id":65983,"href":"https:\/\/lunatools.com\/no\/wp-json\/wp\/v2\/pages\/65982\/revisions\/65983"}],"wp:attachment":[{"href":"https:\/\/lunatools.com\/no\/wp-json\/wp\/v2\/media?parent=65982"}],"curies":[{"name":"wp","href":"https:\/\/api.w.org\/{rel}","templated":true}]}}