{"id":13379,"date":"2026-04-17T01:50:27","date_gmt":"2026-04-17T01:50:27","guid":{"rendered":"http:\/\/lunatools.com\/product\/lamellrondell-x-lock-p40-115mm-2\/"},"modified":"2026-04-17T01:50:27","modified_gmt":"2026-04-17T01:50:27","slug":"lamellrondell-x-lock-p40-115mm","status":"publish","type":"product","link":"https:\/\/lunatools.com\/no\/product\/lamellrondell-x-lock-p40-115mm\/","title":{"rendered":"LAMELLRONDELL X-LOCK P40 115MM"},"content":{"rendered":"<p>Konvekse lamellrondeller med lang levetid og h\u00f8y avvirkningskapasitet. For sliping av jern, st\u00e5l og rustfritt. Oppbygde av rektangul\u00e6re overlappende slipedukslameller og limte p\u00e5 en armert fiberrygg. Den konvekse formen egner seg b\u00e5de for finere sliping med hele flaten og for sliping med h\u00f8yere perifert slipetrykk. Maks. periferihastighet 80 m\/sek. H\u00f8yeste sikkerhetsklassifisering med oSa-merking. Lamellrondellene er ogs\u00e5 kompatible med vanlige vinkelslipemaskiner.<\/p>\n","protected":false},"excerpt":{"rendered":"Konvekse lamellrondeller med lang levetid og h\u00f8y avvirkningskapasitet. For sliping av jern, st\u00e5l og rustfritt. Oppbygde av rektangul\u00e6re overlappende slipedukslameller og limte p\u00e5 en armert fiberrygg. Den konvekse formen egner seg b\u00e5de for finere sliping med hele flaten og for sliping med h\u00f8yere perifert slipetrykk. Maks. periferihastighet 80 m\/sek. H\u00f8yeste sikkerhetsklassifisering med oSa-merking. Lamellrondellene er&#8230; <a class=\"view-article\" href=\"https:\/\/lunatools.com\/no\/product\/lamellrondell-x-lock-p40-115mm\/\">View Article<\/a>","protected":false},"featured_media":0,"template":"","meta":{"_acf_changed":false},"product_cat":[367,150],"product_tag":[],"class_list":{"0":"post-13379","1":"product","2":"type-product","3":"status-publish","5":"product_cat-lamellrondeller-no","6":"product_cat-slipe-og-kappeverktoy-no","8":"first","9":"instock","10":"shipping-taxable","11":"product-type-simple"},"acf":[],"yoast_head":"<!-- This site is optimized with the Yoast SEO plugin v23.4 - https:\/\/yoast.com\/wordpress\/plugins\/seo\/ -->\n<title>LAMELLRONDELL X-LOCK P40 115MM - Luna tools<\/title>\n<meta name=\"robots\" content=\"index, follow, max-snippet:-1, max-image-preview:large, max-video-preview:-1\" \/>\n<link rel=\"canonical\" href=\"https:\/\/lunatools.com\/no\/product\/lamellrondell-x-lock-p40-115mm\/\" \/>\n<meta property=\"og:locale\" content=\"nb_NO\" \/>\n<meta property=\"og:type\" content=\"article\" \/>\n<meta property=\"og:title\" content=\"LAMELLRONDELL X-LOCK P40 115MM - Luna tools\" \/>\n<meta property=\"og:description\" content=\"Konvekse lamellrondeller med lang levetid og h\u00f8y avvirkningskapasitet. For sliping av jern, st\u00e5l og rustfritt. Oppbygde av rektangul\u00e6re overlappende slipedukslameller og limte p\u00e5 en armert fiberrygg. Den konvekse formen egner seg b\u00e5de for finere sliping med hele flaten og for sliping med h\u00f8yere perifert slipetrykk. Maks. periferihastighet 80 m\/sek. H\u00f8yeste sikkerhetsklassifisering med oSa-merking. Lamellrondellene er... View Article\" \/>\n<meta property=\"og:url\" content=\"https:\/\/lunatools.com\/no\/product\/lamellrondell-x-lock-p40-115mm\/\" \/>\n<meta property=\"og:site_name\" content=\"Luna tools\" \/>\n<script type=\"application\/ld+json\" class=\"yoast-schema-graph\">{\"@context\":\"https:\/\/schema.org\",\"@graph\":[{\"@type\":\"WebPage\",\"@id\":\"https:\/\/lunatools.com\/no\/product\/lamellrondell-x-lock-p40-115mm\/\",\"url\":\"https:\/\/lunatools.com\/no\/product\/lamellrondell-x-lock-p40-115mm\/\",\"name\":\"LAMELLRONDELL X-LOCK P40 115MM - Luna tools\",\"isPartOf\":{\"@id\":\"https:\/\/lunatools.com\/sv\/#website\"},\"datePublished\":\"2026-04-17T01:50:27+00:00\",\"dateModified\":\"2026-04-17T01:50:27+00:00\",\"breadcrumb\":{\"@id\":\"https:\/\/lunatools.com\/no\/product\/lamellrondell-x-lock-p40-115mm\/#breadcrumb\"},\"inLanguage\":\"nb-NO\",\"potentialAction\":[{\"@type\":\"ReadAction\",\"target\":[\"https:\/\/lunatools.com\/no\/product\/lamellrondell-x-lock-p40-115mm\/\"]}]},{\"@type\":\"BreadcrumbList\",\"@id\":\"https:\/\/lunatools.com\/no\/product\/lamellrondell-x-lock-p40-115mm\/#breadcrumb\",\"itemListElement\":[{\"@type\":\"ListItem\",\"position\":1,\"name\":\"Home\",\"item\":\"https:\/\/lunatools.com\/no\/\"},{\"@type\":\"ListItem\",\"position\":2,\"name\":\"Produkty\",\"item\":\"https:\/\/lunatools.com\/pl\/shop\/\"},{\"@type\":\"ListItem\",\"position\":3,\"name\":\"LAMELLRONDELL X-LOCK P40 115MM\"}]},{\"@type\":\"WebSite\",\"@id\":\"https:\/\/lunatools.com\/sv\/#website\",\"url\":\"https:\/\/lunatools.com\/sv\/\",\"name\":\"Luna tools\",\"description\":\"\",\"publisher\":{\"@id\":\"https:\/\/lunatools.com\/sv\/#organization\"},\"potentialAction\":[{\"@type\":\"SearchAction\",\"target\":{\"@type\":\"EntryPoint\",\"urlTemplate\":\"https:\/\/lunatools.com\/sv\/?s={search_term_string}\"},\"query-input\":{\"@type\":\"PropertyValueSpecification\",\"valueRequired\":true,\"valueName\":\"search_term_string\"}}],\"inLanguage\":\"nb-NO\"},{\"@type\":\"Organization\",\"@id\":\"https:\/\/lunatools.com\/sv\/#organization\",\"name\":\"Luna Tools\",\"url\":\"https:\/\/lunatools.com\/sv\/\",\"logo\":{\"@type\":\"ImageObject\",\"inLanguage\":\"nb-NO\",\"@id\":\"https:\/\/lunatools.com\/sv\/#\/schema\/logo\/image\/\",\"url\":\"https:\/\/lunatools.com\/wp-content\/uploads\/2019\/10\/LunaTools-gray-logo.png\",\"contentUrl\":\"https:\/\/lunatools.com\/wp-content\/uploads\/2019\/10\/LunaTools-gray-logo.png\",\"width\":795,\"height\":309,\"caption\":\"Luna Tools\"},\"image\":{\"@id\":\"https:\/\/lunatools.com\/sv\/#\/schema\/logo\/image\/\"}}]}<\/script>\n<!-- \/ Yoast SEO plugin. -->","yoast_head_json":{"title":"LAMELLRONDELL X-LOCK P40 115MM - Luna tools","robots":{"index":"index","follow":"follow","max-snippet":"max-snippet:-1","max-image-preview":"max-image-preview:large","max-video-preview":"max-video-preview:-1"},"canonical":"https:\/\/lunatools.com\/no\/product\/lamellrondell-x-lock-p40-115mm\/","og_locale":"nb_NO","og_type":"article","og_title":"LAMELLRONDELL X-LOCK P40 115MM - Luna tools","og_description":"Konvekse lamellrondeller med lang levetid og h\u00f8y avvirkningskapasitet. For sliping av jern, st\u00e5l og rustfritt. Oppbygde av rektangul\u00e6re overlappende slipedukslameller og limte p\u00e5 en armert fiberrygg. Den konvekse formen egner seg b\u00e5de for finere sliping med hele flaten og for sliping med h\u00f8yere perifert slipetrykk. Maks. periferihastighet 80 m\/sek. H\u00f8yeste sikkerhetsklassifisering med oSa-merking. Lamellrondellene er... View Article","og_url":"https:\/\/lunatools.com\/no\/product\/lamellrondell-x-lock-p40-115mm\/","og_site_name":"Luna tools","schema":{"@context":"https:\/\/schema.org","@graph":[{"@type":"WebPage","@id":"https:\/\/lunatools.com\/no\/product\/lamellrondell-x-lock-p40-115mm\/","url":"https:\/\/lunatools.com\/no\/product\/lamellrondell-x-lock-p40-115mm\/","name":"LAMELLRONDELL X-LOCK P40 115MM - Luna tools","isPartOf":{"@id":"https:\/\/lunatools.com\/sv\/#website"},"datePublished":"2026-04-17T01:50:27+00:00","dateModified":"2026-04-17T01:50:27+00:00","breadcrumb":{"@id":"https:\/\/lunatools.com\/no\/product\/lamellrondell-x-lock-p40-115mm\/#breadcrumb"},"inLanguage":"nb-NO","potentialAction":[{"@type":"ReadAction","target":["https:\/\/lunatools.com\/no\/product\/lamellrondell-x-lock-p40-115mm\/"]}]},{"@type":"BreadcrumbList","@id":"https:\/\/lunatools.com\/no\/product\/lamellrondell-x-lock-p40-115mm\/#breadcrumb","itemListElement":[{"@type":"ListItem","position":1,"name":"Home","item":"https:\/\/lunatools.com\/no\/"},{"@type":"ListItem","position":2,"name":"Produkty","item":"https:\/\/lunatools.com\/pl\/shop\/"},{"@type":"ListItem","position":3,"name":"LAMELLRONDELL X-LOCK P40 115MM"}]},{"@type":"WebSite","@id":"https:\/\/lunatools.com\/sv\/#website","url":"https:\/\/lunatools.com\/sv\/","name":"Luna tools","description":"","publisher":{"@id":"https:\/\/lunatools.com\/sv\/#organization"},"potentialAction":[{"@type":"SearchAction","target":{"@type":"EntryPoint","urlTemplate":"https:\/\/lunatools.com\/sv\/?s={search_term_string}"},"query-input":{"@type":"PropertyValueSpecification","valueRequired":true,"valueName":"search_term_string"}}],"inLanguage":"nb-NO"},{"@type":"Organization","@id":"https:\/\/lunatools.com\/sv\/#organization","name":"Luna Tools","url":"https:\/\/lunatools.com\/sv\/","logo":{"@type":"ImageObject","inLanguage":"nb-NO","@id":"https:\/\/lunatools.com\/sv\/#\/schema\/logo\/image\/","url":"https:\/\/lunatools.com\/wp-content\/uploads\/2019\/10\/LunaTools-gray-logo.png","contentUrl":"https:\/\/lunatools.com\/wp-content\/uploads\/2019\/10\/LunaTools-gray-logo.png","width":795,"height":309,"caption":"Luna Tools"},"image":{"@id":"https:\/\/lunatools.com\/sv\/#\/schema\/logo\/image\/"}}]}},"_links":{"self":[{"href":"https:\/\/lunatools.com\/no\/wp-json\/wp\/v2\/product\/13379"}],"collection":[{"href":"https:\/\/lunatools.com\/no\/wp-json\/wp\/v2\/product"}],"about":[{"href":"https:\/\/lunatools.com\/no\/wp-json\/wp\/v2\/types\/product"}],"wp:attachment":[{"href":"https:\/\/lunatools.com\/no\/wp-json\/wp\/v2\/media?parent=13379"}],"wp:term":[{"taxonomy":"product_cat","embeddable":true,"href":"https:\/\/lunatools.com\/no\/wp-json\/wp\/v2\/product_cat?post=13379"},{"taxonomy":"product_tag","embeddable":true,"href":"https:\/\/lunatools.com\/no\/wp-json\/wp\/v2\/product_tag?post=13379"}],"curies":[{"name":"wp","href":"https:\/\/api.w.org\/{rel}","templated":true}]}}