{"id":13558,"date":"2026-05-12T01:55:25","date_gmt":"2026-05-12T01:55:25","guid":{"rendered":"http:\/\/lunatools.com\/product\/holder-1-2-tum-lec\/"},"modified":"2026-05-12T01:55:25","modified_gmt":"2026-05-12T01:55:25","slug":"holder-luna-easychange-1-2","status":"publish","type":"product","link":"https:\/\/lunatools.com\/no\/product\/holder-luna-easychange-1-2\/","title":{"rendered":"HOLDER LUNA EASYCHANGE 1\/2"},"content":{"rendered":"<p>Hurtigveksel holder for hullsager. Kraftig konstruksjon for \u00e5 klare t\u00f8ffe oppgaver og regelmessig bruk. Luna Tools EasyChange minimerer tiden \u00e5 bytte hullsag. Skru p\u00e5 medf\u00f8lgende adapter p\u00e5 hullsagen, s\u00e5 er EasyChange klar til bruk. \u00c5 sette fast hullsagen gj\u00f8res enkelt ved \u00e5 dra EasyChange-holderen bakover og s\u00e5 slippe n\u00e5r hullsagen er p\u00e5 plass. To adaptere inng\u00e5r: en for hullsager opp til 30 mm og en for hullsager 32 mm og st\u00f8rre.<\/p>\n","protected":false},"excerpt":{"rendered":"Hurtigveksel holder for hullsager. Kraftig konstruksjon for \u00e5 klare t\u00f8ffe oppgaver og regelmessig bruk. Luna Tools EasyChange minimerer tiden \u00e5 bytte hullsag. Skru p\u00e5 medf\u00f8lgende adapter p\u00e5 hullsagen, s\u00e5 er EasyChange klar til bruk. \u00c5 sette fast hullsagen gj\u00f8res enkelt ved \u00e5 dra EasyChange-holderen bakover og s\u00e5 slippe n\u00e5r hullsagen er p\u00e5 plass. To adaptere&#8230; <a class=\"view-article\" href=\"https:\/\/lunatools.com\/no\/product\/holder-luna-easychange-1-2\/\">View Article<\/a>","protected":false},"featured_media":0,"template":"","meta":{"_acf_changed":false},"product_cat":[225],"product_tag":[],"class_list":{"0":"post-13558","1":"product","2":"type-product","3":"status-publish","5":"product_cat-hullsager-no","7":"first","8":"instock","9":"shipping-taxable","10":"product-type-simple"},"acf":[],"yoast_head":"<!-- This site is optimized with the Yoast SEO plugin v23.4 - https:\/\/yoast.com\/wordpress\/plugins\/seo\/ -->\n<title>HOLDER LUNA EASYCHANGE 1\/2 - Luna tools<\/title>\n<meta name=\"robots\" content=\"index, follow, max-snippet:-1, max-image-preview:large, max-video-preview:-1\" \/>\n<link rel=\"canonical\" href=\"https:\/\/lunatools.com\/no\/product\/holder-luna-easychange-1-2\/\" \/>\n<meta property=\"og:locale\" content=\"nb_NO\" \/>\n<meta property=\"og:type\" content=\"article\" \/>\n<meta property=\"og:title\" content=\"HOLDER LUNA EASYCHANGE 1\/2 - Luna tools\" \/>\n<meta property=\"og:description\" content=\"Hurtigveksel holder for hullsager. Kraftig konstruksjon for \u00e5 klare t\u00f8ffe oppgaver og regelmessig bruk. Luna Tools EasyChange minimerer tiden \u00e5 bytte hullsag. Skru p\u00e5 medf\u00f8lgende adapter p\u00e5 hullsagen, s\u00e5 er EasyChange klar til bruk. \u00c5 sette fast hullsagen gj\u00f8res enkelt ved \u00e5 dra EasyChange-holderen bakover og s\u00e5 slippe n\u00e5r hullsagen er p\u00e5 plass. To adaptere... View Article\" \/>\n<meta property=\"og:url\" content=\"https:\/\/lunatools.com\/no\/product\/holder-luna-easychange-1-2\/\" \/>\n<meta property=\"og:site_name\" content=\"Luna tools\" \/>\n<script type=\"application\/ld+json\" class=\"yoast-schema-graph\">{\"@context\":\"https:\/\/schema.org\",\"@graph\":[{\"@type\":\"WebPage\",\"@id\":\"https:\/\/lunatools.com\/no\/product\/holder-luna-easychange-1-2\/\",\"url\":\"https:\/\/lunatools.com\/no\/product\/holder-luna-easychange-1-2\/\",\"name\":\"HOLDER LUNA EASYCHANGE 1\/2 - Luna tools\",\"isPartOf\":{\"@id\":\"https:\/\/lunatools.com\/sv\/#website\"},\"datePublished\":\"2026-05-12T01:55:25+00:00\",\"dateModified\":\"2026-05-12T01:55:25+00:00\",\"breadcrumb\":{\"@id\":\"https:\/\/lunatools.com\/no\/product\/holder-luna-easychange-1-2\/#breadcrumb\"},\"inLanguage\":\"nb-NO\",\"potentialAction\":[{\"@type\":\"ReadAction\",\"target\":[\"https:\/\/lunatools.com\/no\/product\/holder-luna-easychange-1-2\/\"]}]},{\"@type\":\"BreadcrumbList\",\"@id\":\"https:\/\/lunatools.com\/no\/product\/holder-luna-easychange-1-2\/#breadcrumb\",\"itemListElement\":[{\"@type\":\"ListItem\",\"position\":1,\"name\":\"Home\",\"item\":\"https:\/\/lunatools.com\/no\/\"},{\"@type\":\"ListItem\",\"position\":2,\"name\":\"Produkty\",\"item\":\"https:\/\/lunatools.com\/pl\/shop\/\"},{\"@type\":\"ListItem\",\"position\":3,\"name\":\"HOLDER LUNA EASYCHANGE 1\/2\"}]},{\"@type\":\"WebSite\",\"@id\":\"https:\/\/lunatools.com\/sv\/#website\",\"url\":\"https:\/\/lunatools.com\/sv\/\",\"name\":\"Luna tools\",\"description\":\"\",\"publisher\":{\"@id\":\"https:\/\/lunatools.com\/sv\/#organization\"},\"potentialAction\":[{\"@type\":\"SearchAction\",\"target\":{\"@type\":\"EntryPoint\",\"urlTemplate\":\"https:\/\/lunatools.com\/sv\/?s={search_term_string}\"},\"query-input\":{\"@type\":\"PropertyValueSpecification\",\"valueRequired\":true,\"valueName\":\"search_term_string\"}}],\"inLanguage\":\"nb-NO\"},{\"@type\":\"Organization\",\"@id\":\"https:\/\/lunatools.com\/sv\/#organization\",\"name\":\"Luna Tools\",\"url\":\"https:\/\/lunatools.com\/sv\/\",\"logo\":{\"@type\":\"ImageObject\",\"inLanguage\":\"nb-NO\",\"@id\":\"https:\/\/lunatools.com\/sv\/#\/schema\/logo\/image\/\",\"url\":\"https:\/\/lunatools.com\/wp-content\/uploads\/2019\/10\/LunaTools-gray-logo.png\",\"contentUrl\":\"https:\/\/lunatools.com\/wp-content\/uploads\/2019\/10\/LunaTools-gray-logo.png\",\"width\":795,\"height\":309,\"caption\":\"Luna Tools\"},\"image\":{\"@id\":\"https:\/\/lunatools.com\/sv\/#\/schema\/logo\/image\/\"}}]}<\/script>\n<!-- \/ Yoast SEO plugin. -->","yoast_head_json":{"title":"HOLDER LUNA EASYCHANGE 1\/2 - Luna tools","robots":{"index":"index","follow":"follow","max-snippet":"max-snippet:-1","max-image-preview":"max-image-preview:large","max-video-preview":"max-video-preview:-1"},"canonical":"https:\/\/lunatools.com\/no\/product\/holder-luna-easychange-1-2\/","og_locale":"nb_NO","og_type":"article","og_title":"HOLDER LUNA EASYCHANGE 1\/2 - Luna tools","og_description":"Hurtigveksel holder for hullsager. Kraftig konstruksjon for \u00e5 klare t\u00f8ffe oppgaver og regelmessig bruk. Luna Tools EasyChange minimerer tiden \u00e5 bytte hullsag. Skru p\u00e5 medf\u00f8lgende adapter p\u00e5 hullsagen, s\u00e5 er EasyChange klar til bruk. \u00c5 sette fast hullsagen gj\u00f8res enkelt ved \u00e5 dra EasyChange-holderen bakover og s\u00e5 slippe n\u00e5r hullsagen er p\u00e5 plass. To adaptere... View Article","og_url":"https:\/\/lunatools.com\/no\/product\/holder-luna-easychange-1-2\/","og_site_name":"Luna tools","schema":{"@context":"https:\/\/schema.org","@graph":[{"@type":"WebPage","@id":"https:\/\/lunatools.com\/no\/product\/holder-luna-easychange-1-2\/","url":"https:\/\/lunatools.com\/no\/product\/holder-luna-easychange-1-2\/","name":"HOLDER LUNA EASYCHANGE 1\/2 - Luna tools","isPartOf":{"@id":"https:\/\/lunatools.com\/sv\/#website"},"datePublished":"2026-05-12T01:55:25+00:00","dateModified":"2026-05-12T01:55:25+00:00","breadcrumb":{"@id":"https:\/\/lunatools.com\/no\/product\/holder-luna-easychange-1-2\/#breadcrumb"},"inLanguage":"nb-NO","potentialAction":[{"@type":"ReadAction","target":["https:\/\/lunatools.com\/no\/product\/holder-luna-easychange-1-2\/"]}]},{"@type":"BreadcrumbList","@id":"https:\/\/lunatools.com\/no\/product\/holder-luna-easychange-1-2\/#breadcrumb","itemListElement":[{"@type":"ListItem","position":1,"name":"Home","item":"https:\/\/lunatools.com\/no\/"},{"@type":"ListItem","position":2,"name":"Produkty","item":"https:\/\/lunatools.com\/pl\/shop\/"},{"@type":"ListItem","position":3,"name":"HOLDER LUNA EASYCHANGE 1\/2"}]},{"@type":"WebSite","@id":"https:\/\/lunatools.com\/sv\/#website","url":"https:\/\/lunatools.com\/sv\/","name":"Luna tools","description":"","publisher":{"@id":"https:\/\/lunatools.com\/sv\/#organization"},"potentialAction":[{"@type":"SearchAction","target":{"@type":"EntryPoint","urlTemplate":"https:\/\/lunatools.com\/sv\/?s={search_term_string}"},"query-input":{"@type":"PropertyValueSpecification","valueRequired":true,"valueName":"search_term_string"}}],"inLanguage":"nb-NO"},{"@type":"Organization","@id":"https:\/\/lunatools.com\/sv\/#organization","name":"Luna Tools","url":"https:\/\/lunatools.com\/sv\/","logo":{"@type":"ImageObject","inLanguage":"nb-NO","@id":"https:\/\/lunatools.com\/sv\/#\/schema\/logo\/image\/","url":"https:\/\/lunatools.com\/wp-content\/uploads\/2019\/10\/LunaTools-gray-logo.png","contentUrl":"https:\/\/lunatools.com\/wp-content\/uploads\/2019\/10\/LunaTools-gray-logo.png","width":795,"height":309,"caption":"Luna Tools"},"image":{"@id":"https:\/\/lunatools.com\/sv\/#\/schema\/logo\/image\/"}}]}},"_links":{"self":[{"href":"https:\/\/lunatools.com\/no\/wp-json\/wp\/v2\/product\/13558"}],"collection":[{"href":"https:\/\/lunatools.com\/no\/wp-json\/wp\/v2\/product"}],"about":[{"href":"https:\/\/lunatools.com\/no\/wp-json\/wp\/v2\/types\/product"}],"wp:attachment":[{"href":"https:\/\/lunatools.com\/no\/wp-json\/wp\/v2\/media?parent=13558"}],"wp:term":[{"taxonomy":"product_cat","embeddable":true,"href":"https:\/\/lunatools.com\/no\/wp-json\/wp\/v2\/product_cat?post=13558"},{"taxonomy":"product_tag","embeddable":true,"href":"https:\/\/lunatools.com\/no\/wp-json\/wp\/v2\/product_tag?post=13558"}],"curies":[{"name":"wp","href":"https:\/\/api.w.org\/{rel}","templated":true}]}}