{"id":5684,"date":"2020-12-19T00:10:15","date_gmt":"2020-12-19T00:10:15","guid":{"rendered":"https:\/\/lunatools.com\/product\/sirkelsagblad-hm180x3020-z24\/"},"modified":"2020-12-19T00:10:15","modified_gmt":"2020-12-19T00:10:15","slug":"sirkelsagblad-hm180x3020-z24","status":"publish","type":"product","link":"https:\/\/lunatools.com\/no\/product\/sirkelsagblad-hm180x3020-z24\/","title":{"rendered":"SIRKELSAGBLAD HM180X30,20 Z24"},"content":{"rendered":"<p>Sirkelsagblad med hardmetalltenner for kapping og kl\u00f8yving av alle typer trematerialer samt saging i ulike former platemateriale. Laget med herdet stamblad og h\u00f8yt stilte kvalitetskrav for \u00e5 kunne brukes yrkesmessig. Sagbladet kan omslipes flere ganger.<\/p>\n","protected":false},"excerpt":{"rendered":"Sirkelsagblad med hardmetalltenner for kapping og kl\u00f8yving av alle typer trematerialer samt saging i ulike former platemateriale. Laget med herdet stamblad og h\u00f8yt stilte kvalitetskrav for \u00e5 kunne brukes yrkesmessig. Sagbladet kan omslipes flere ganger.","protected":false},"featured_media":0,"template":"","meta":{"_acf_changed":false},"product_cat":[960,967],"product_tag":[],"class_list":{"0":"post-5684","1":"product","2":"type-product","3":"status-publish","5":"product_cat-sirkelsagblader-no","6":"product_cat-sirkelsagblad-no","8":"first","9":"instock","10":"shipping-taxable","11":"product-type-simple"},"acf":[],"yoast_head":"<!-- This site is optimized with the Yoast SEO plugin v23.4 - https:\/\/yoast.com\/wordpress\/plugins\/seo\/ -->\n<title>SIRKELSAGBLAD HM180X30,20 Z24 - Luna tools<\/title>\n<meta name=\"robots\" content=\"index, follow, max-snippet:-1, max-image-preview:large, max-video-preview:-1\" \/>\n<link rel=\"canonical\" href=\"https:\/\/lunatools.com\/no\/product\/sirkelsagblad-hm180x3020-z24\/\" \/>\n<meta property=\"og:locale\" content=\"nb_NO\" \/>\n<meta property=\"og:type\" content=\"article\" \/>\n<meta property=\"og:title\" content=\"SIRKELSAGBLAD HM180X30,20 Z24 - Luna tools\" \/>\n<meta property=\"og:description\" content=\"Sirkelsagblad med hardmetalltenner for kapping og kl\u00f8yving av alle typer trematerialer samt saging i ulike former platemateriale. Laget med herdet stamblad og h\u00f8yt stilte kvalitetskrav for \u00e5 kunne brukes yrkesmessig. Sagbladet kan omslipes flere ganger.\" \/>\n<meta property=\"og:url\" content=\"https:\/\/lunatools.com\/no\/product\/sirkelsagblad-hm180x3020-z24\/\" \/>\n<meta property=\"og:site_name\" content=\"Luna tools\" \/>\n<script type=\"application\/ld+json\" class=\"yoast-schema-graph\">{\"@context\":\"https:\/\/schema.org\",\"@graph\":[{\"@type\":\"WebPage\",\"@id\":\"https:\/\/lunatools.com\/no\/product\/sirkelsagblad-hm180x3020-z24\/\",\"url\":\"https:\/\/lunatools.com\/no\/product\/sirkelsagblad-hm180x3020-z24\/\",\"name\":\"SIRKELSAGBLAD HM180X30,20 Z24 - Luna tools\",\"isPartOf\":{\"@id\":\"https:\/\/lunatools.com\/sv\/#website\"},\"datePublished\":\"2020-12-19T00:10:15+00:00\",\"dateModified\":\"2020-12-19T00:10:15+00:00\",\"breadcrumb\":{\"@id\":\"https:\/\/lunatools.com\/no\/product\/sirkelsagblad-hm180x3020-z24\/#breadcrumb\"},\"inLanguage\":\"nb-NO\",\"potentialAction\":[{\"@type\":\"ReadAction\",\"target\":[\"https:\/\/lunatools.com\/no\/product\/sirkelsagblad-hm180x3020-z24\/\"]}]},{\"@type\":\"BreadcrumbList\",\"@id\":\"https:\/\/lunatools.com\/no\/product\/sirkelsagblad-hm180x3020-z24\/#breadcrumb\",\"itemListElement\":[{\"@type\":\"ListItem\",\"position\":1,\"name\":\"Home\",\"item\":\"https:\/\/lunatools.com\/no\/\"},{\"@type\":\"ListItem\",\"position\":2,\"name\":\"Produkty\",\"item\":\"https:\/\/lunatools.com\/pl\/shop\/\"},{\"@type\":\"ListItem\",\"position\":3,\"name\":\"SIRKELSAGBLAD HM180X30,20 Z24\"}]},{\"@type\":\"WebSite\",\"@id\":\"https:\/\/lunatools.com\/sv\/#website\",\"url\":\"https:\/\/lunatools.com\/sv\/\",\"name\":\"Luna tools\",\"description\":\"\",\"publisher\":{\"@id\":\"https:\/\/lunatools.com\/sv\/#organization\"},\"potentialAction\":[{\"@type\":\"SearchAction\",\"target\":{\"@type\":\"EntryPoint\",\"urlTemplate\":\"https:\/\/lunatools.com\/sv\/?s={search_term_string}\"},\"query-input\":{\"@type\":\"PropertyValueSpecification\",\"valueRequired\":true,\"valueName\":\"search_term_string\"}}],\"inLanguage\":\"nb-NO\"},{\"@type\":\"Organization\",\"@id\":\"https:\/\/lunatools.com\/sv\/#organization\",\"name\":\"Luna Tools\",\"url\":\"https:\/\/lunatools.com\/sv\/\",\"logo\":{\"@type\":\"ImageObject\",\"inLanguage\":\"nb-NO\",\"@id\":\"https:\/\/lunatools.com\/sv\/#\/schema\/logo\/image\/\",\"url\":\"https:\/\/lunatools.com\/wp-content\/uploads\/2019\/10\/LunaTools-gray-logo.png\",\"contentUrl\":\"https:\/\/lunatools.com\/wp-content\/uploads\/2019\/10\/LunaTools-gray-logo.png\",\"width\":795,\"height\":309,\"caption\":\"Luna Tools\"},\"image\":{\"@id\":\"https:\/\/lunatools.com\/sv\/#\/schema\/logo\/image\/\"}}]}<\/script>\n<!-- \/ Yoast SEO plugin. -->","yoast_head_json":{"title":"SIRKELSAGBLAD HM180X30,20 Z24 - Luna tools","robots":{"index":"index","follow":"follow","max-snippet":"max-snippet:-1","max-image-preview":"max-image-preview:large","max-video-preview":"max-video-preview:-1"},"canonical":"https:\/\/lunatools.com\/no\/product\/sirkelsagblad-hm180x3020-z24\/","og_locale":"nb_NO","og_type":"article","og_title":"SIRKELSAGBLAD HM180X30,20 Z24 - Luna tools","og_description":"Sirkelsagblad med hardmetalltenner for kapping og kl\u00f8yving av alle typer trematerialer samt saging i ulike former platemateriale. Laget med herdet stamblad og h\u00f8yt stilte kvalitetskrav for \u00e5 kunne brukes yrkesmessig. Sagbladet kan omslipes flere ganger.","og_url":"https:\/\/lunatools.com\/no\/product\/sirkelsagblad-hm180x3020-z24\/","og_site_name":"Luna tools","schema":{"@context":"https:\/\/schema.org","@graph":[{"@type":"WebPage","@id":"https:\/\/lunatools.com\/no\/product\/sirkelsagblad-hm180x3020-z24\/","url":"https:\/\/lunatools.com\/no\/product\/sirkelsagblad-hm180x3020-z24\/","name":"SIRKELSAGBLAD HM180X30,20 Z24 - Luna tools","isPartOf":{"@id":"https:\/\/lunatools.com\/sv\/#website"},"datePublished":"2020-12-19T00:10:15+00:00","dateModified":"2020-12-19T00:10:15+00:00","breadcrumb":{"@id":"https:\/\/lunatools.com\/no\/product\/sirkelsagblad-hm180x3020-z24\/#breadcrumb"},"inLanguage":"nb-NO","potentialAction":[{"@type":"ReadAction","target":["https:\/\/lunatools.com\/no\/product\/sirkelsagblad-hm180x3020-z24\/"]}]},{"@type":"BreadcrumbList","@id":"https:\/\/lunatools.com\/no\/product\/sirkelsagblad-hm180x3020-z24\/#breadcrumb","itemListElement":[{"@type":"ListItem","position":1,"name":"Home","item":"https:\/\/lunatools.com\/no\/"},{"@type":"ListItem","position":2,"name":"Produkty","item":"https:\/\/lunatools.com\/pl\/shop\/"},{"@type":"ListItem","position":3,"name":"SIRKELSAGBLAD HM180X30,20 Z24"}]},{"@type":"WebSite","@id":"https:\/\/lunatools.com\/sv\/#website","url":"https:\/\/lunatools.com\/sv\/","name":"Luna tools","description":"","publisher":{"@id":"https:\/\/lunatools.com\/sv\/#organization"},"potentialAction":[{"@type":"SearchAction","target":{"@type":"EntryPoint","urlTemplate":"https:\/\/lunatools.com\/sv\/?s={search_term_string}"},"query-input":{"@type":"PropertyValueSpecification","valueRequired":true,"valueName":"search_term_string"}}],"inLanguage":"nb-NO"},{"@type":"Organization","@id":"https:\/\/lunatools.com\/sv\/#organization","name":"Luna Tools","url":"https:\/\/lunatools.com\/sv\/","logo":{"@type":"ImageObject","inLanguage":"nb-NO","@id":"https:\/\/lunatools.com\/sv\/#\/schema\/logo\/image\/","url":"https:\/\/lunatools.com\/wp-content\/uploads\/2019\/10\/LunaTools-gray-logo.png","contentUrl":"https:\/\/lunatools.com\/wp-content\/uploads\/2019\/10\/LunaTools-gray-logo.png","width":795,"height":309,"caption":"Luna Tools"},"image":{"@id":"https:\/\/lunatools.com\/sv\/#\/schema\/logo\/image\/"}}]}},"_links":{"self":[{"href":"https:\/\/lunatools.com\/no\/wp-json\/wp\/v2\/product\/5684"}],"collection":[{"href":"https:\/\/lunatools.com\/no\/wp-json\/wp\/v2\/product"}],"about":[{"href":"https:\/\/lunatools.com\/no\/wp-json\/wp\/v2\/types\/product"}],"wp:attachment":[{"href":"https:\/\/lunatools.com\/no\/wp-json\/wp\/v2\/media?parent=5684"}],"wp:term":[{"taxonomy":"product_cat","embeddable":true,"href":"https:\/\/lunatools.com\/no\/wp-json\/wp\/v2\/product_cat?post=5684"},{"taxonomy":"product_tag","embeddable":true,"href":"https:\/\/lunatools.com\/no\/wp-json\/wp\/v2\/product_tag?post=5684"}],"curies":[{"name":"wp","href":"https:\/\/api.w.org\/{rel}","templated":true}]}}