{"id":5699,"date":"2020-02-06T00:10:05","date_gmt":"2020-02-06T00:10:05","guid":{"rendered":"https:\/\/lunatools.com\/product\/sirkelsagblad-hm200x302515z2\/"},"modified":"2020-02-06T00:10:05","modified_gmt":"2020-02-06T00:10:05","slug":"sirkelsagblad-hm200x302515z2","status":"publish","type":"product","link":"https:\/\/lunatools.com\/no\/product\/sirkelsagblad-hm200x302515z2\/","title":{"rendered":"SIRKELSAGBLAD HM200X30,25,15Z2"},"content":{"rendered":"<p>Sirkelsagblad med hardmetalltenner for kapping og kl\u00f8yving av alle typer trematerialer samt saging i ulike former platemateriale. Laget med herdet stamblad og h\u00f8yt stilte kvalitetskrav for \u00e5 kunne brukes yrkesmessig. Sagbladet kan omslipes flere ganger.<\/p>\n","protected":false},"excerpt":{"rendered":"Sirkelsagblad med hardmetalltenner for kapping og kl\u00f8yving av alle typer trematerialer samt saging i ulike former platemateriale. Laget med herdet stamblad og h\u00f8yt stilte kvalitetskrav for \u00e5 kunne brukes yrkesmessig. Sagbladet kan omslipes flere ganger.","protected":false},"featured_media":0,"template":"","meta":{"_acf_changed":false},"product_cat":[178],"product_tag":[],"class_list":{"0":"post-5699","1":"product","2":"type-product","3":"status-publish","5":"product_cat-sagblad-no","7":"first","8":"instock","9":"shipping-taxable","10":"product-type-simple"},"acf":[],"yoast_head":"<!-- This site is optimized with the Yoast SEO plugin v23.4 - https:\/\/yoast.com\/wordpress\/plugins\/seo\/ -->\n<title>SIRKELSAGBLAD HM200X30,25,15Z2 - Luna tools<\/title>\n<meta name=\"robots\" content=\"index, follow, max-snippet:-1, max-image-preview:large, max-video-preview:-1\" \/>\n<link rel=\"canonical\" href=\"https:\/\/lunatools.com\/no\/product\/sirkelsagblad-hm200x302515z2\/\" \/>\n<meta property=\"og:locale\" content=\"nb_NO\" \/>\n<meta property=\"og:type\" content=\"article\" \/>\n<meta property=\"og:title\" content=\"SIRKELSAGBLAD HM200X30,25,15Z2 - Luna tools\" \/>\n<meta property=\"og:description\" content=\"Sirkelsagblad med hardmetalltenner for kapping og kl\u00f8yving av alle typer trematerialer samt saging i ulike former platemateriale. Laget med herdet stamblad og h\u00f8yt stilte kvalitetskrav for \u00e5 kunne brukes yrkesmessig. Sagbladet kan omslipes flere ganger.\" \/>\n<meta property=\"og:url\" content=\"https:\/\/lunatools.com\/no\/product\/sirkelsagblad-hm200x302515z2\/\" \/>\n<meta property=\"og:site_name\" content=\"Luna tools\" \/>\n<script type=\"application\/ld+json\" class=\"yoast-schema-graph\">{\"@context\":\"https:\/\/schema.org\",\"@graph\":[{\"@type\":\"WebPage\",\"@id\":\"https:\/\/lunatools.com\/no\/product\/sirkelsagblad-hm200x302515z2\/\",\"url\":\"https:\/\/lunatools.com\/no\/product\/sirkelsagblad-hm200x302515z2\/\",\"name\":\"SIRKELSAGBLAD HM200X30,25,15Z2 - Luna tools\",\"isPartOf\":{\"@id\":\"https:\/\/lunatools.com\/sv\/#website\"},\"datePublished\":\"2020-02-06T00:10:05+00:00\",\"dateModified\":\"2020-02-06T00:10:05+00:00\",\"breadcrumb\":{\"@id\":\"https:\/\/lunatools.com\/no\/product\/sirkelsagblad-hm200x302515z2\/#breadcrumb\"},\"inLanguage\":\"nb-NO\",\"potentialAction\":[{\"@type\":\"ReadAction\",\"target\":[\"https:\/\/lunatools.com\/no\/product\/sirkelsagblad-hm200x302515z2\/\"]}]},{\"@type\":\"BreadcrumbList\",\"@id\":\"https:\/\/lunatools.com\/no\/product\/sirkelsagblad-hm200x302515z2\/#breadcrumb\",\"itemListElement\":[{\"@type\":\"ListItem\",\"position\":1,\"name\":\"Home\",\"item\":\"https:\/\/lunatools.com\/no\/\"},{\"@type\":\"ListItem\",\"position\":2,\"name\":\"Produkty\",\"item\":\"https:\/\/lunatools.com\/pl\/shop\/\"},{\"@type\":\"ListItem\",\"position\":3,\"name\":\"SIRKELSAGBLAD HM200X30,25,15Z2\"}]},{\"@type\":\"WebSite\",\"@id\":\"https:\/\/lunatools.com\/sv\/#website\",\"url\":\"https:\/\/lunatools.com\/sv\/\",\"name\":\"Luna tools\",\"description\":\"\",\"publisher\":{\"@id\":\"https:\/\/lunatools.com\/sv\/#organization\"},\"potentialAction\":[{\"@type\":\"SearchAction\",\"target\":{\"@type\":\"EntryPoint\",\"urlTemplate\":\"https:\/\/lunatools.com\/sv\/?s={search_term_string}\"},\"query-input\":{\"@type\":\"PropertyValueSpecification\",\"valueRequired\":true,\"valueName\":\"search_term_string\"}}],\"inLanguage\":\"nb-NO\"},{\"@type\":\"Organization\",\"@id\":\"https:\/\/lunatools.com\/sv\/#organization\",\"name\":\"Luna Tools\",\"url\":\"https:\/\/lunatools.com\/sv\/\",\"logo\":{\"@type\":\"ImageObject\",\"inLanguage\":\"nb-NO\",\"@id\":\"https:\/\/lunatools.com\/sv\/#\/schema\/logo\/image\/\",\"url\":\"https:\/\/lunatools.com\/wp-content\/uploads\/2019\/10\/LunaTools-gray-logo.png\",\"contentUrl\":\"https:\/\/lunatools.com\/wp-content\/uploads\/2019\/10\/LunaTools-gray-logo.png\",\"width\":795,\"height\":309,\"caption\":\"Luna Tools\"},\"image\":{\"@id\":\"https:\/\/lunatools.com\/sv\/#\/schema\/logo\/image\/\"}}]}<\/script>\n<!-- \/ Yoast SEO plugin. -->","yoast_head_json":{"title":"SIRKELSAGBLAD HM200X30,25,15Z2 - Luna tools","robots":{"index":"index","follow":"follow","max-snippet":"max-snippet:-1","max-image-preview":"max-image-preview:large","max-video-preview":"max-video-preview:-1"},"canonical":"https:\/\/lunatools.com\/no\/product\/sirkelsagblad-hm200x302515z2\/","og_locale":"nb_NO","og_type":"article","og_title":"SIRKELSAGBLAD HM200X30,25,15Z2 - Luna tools","og_description":"Sirkelsagblad med hardmetalltenner for kapping og kl\u00f8yving av alle typer trematerialer samt saging i ulike former platemateriale. Laget med herdet stamblad og h\u00f8yt stilte kvalitetskrav for \u00e5 kunne brukes yrkesmessig. Sagbladet kan omslipes flere ganger.","og_url":"https:\/\/lunatools.com\/no\/product\/sirkelsagblad-hm200x302515z2\/","og_site_name":"Luna tools","schema":{"@context":"https:\/\/schema.org","@graph":[{"@type":"WebPage","@id":"https:\/\/lunatools.com\/no\/product\/sirkelsagblad-hm200x302515z2\/","url":"https:\/\/lunatools.com\/no\/product\/sirkelsagblad-hm200x302515z2\/","name":"SIRKELSAGBLAD HM200X30,25,15Z2 - Luna tools","isPartOf":{"@id":"https:\/\/lunatools.com\/sv\/#website"},"datePublished":"2020-02-06T00:10:05+00:00","dateModified":"2020-02-06T00:10:05+00:00","breadcrumb":{"@id":"https:\/\/lunatools.com\/no\/product\/sirkelsagblad-hm200x302515z2\/#breadcrumb"},"inLanguage":"nb-NO","potentialAction":[{"@type":"ReadAction","target":["https:\/\/lunatools.com\/no\/product\/sirkelsagblad-hm200x302515z2\/"]}]},{"@type":"BreadcrumbList","@id":"https:\/\/lunatools.com\/no\/product\/sirkelsagblad-hm200x302515z2\/#breadcrumb","itemListElement":[{"@type":"ListItem","position":1,"name":"Home","item":"https:\/\/lunatools.com\/no\/"},{"@type":"ListItem","position":2,"name":"Produkty","item":"https:\/\/lunatools.com\/pl\/shop\/"},{"@type":"ListItem","position":3,"name":"SIRKELSAGBLAD HM200X30,25,15Z2"}]},{"@type":"WebSite","@id":"https:\/\/lunatools.com\/sv\/#website","url":"https:\/\/lunatools.com\/sv\/","name":"Luna tools","description":"","publisher":{"@id":"https:\/\/lunatools.com\/sv\/#organization"},"potentialAction":[{"@type":"SearchAction","target":{"@type":"EntryPoint","urlTemplate":"https:\/\/lunatools.com\/sv\/?s={search_term_string}"},"query-input":{"@type":"PropertyValueSpecification","valueRequired":true,"valueName":"search_term_string"}}],"inLanguage":"nb-NO"},{"@type":"Organization","@id":"https:\/\/lunatools.com\/sv\/#organization","name":"Luna Tools","url":"https:\/\/lunatools.com\/sv\/","logo":{"@type":"ImageObject","inLanguage":"nb-NO","@id":"https:\/\/lunatools.com\/sv\/#\/schema\/logo\/image\/","url":"https:\/\/lunatools.com\/wp-content\/uploads\/2019\/10\/LunaTools-gray-logo.png","contentUrl":"https:\/\/lunatools.com\/wp-content\/uploads\/2019\/10\/LunaTools-gray-logo.png","width":795,"height":309,"caption":"Luna Tools"},"image":{"@id":"https:\/\/lunatools.com\/sv\/#\/schema\/logo\/image\/"}}]}},"_links":{"self":[{"href":"https:\/\/lunatools.com\/no\/wp-json\/wp\/v2\/product\/5699"}],"collection":[{"href":"https:\/\/lunatools.com\/no\/wp-json\/wp\/v2\/product"}],"about":[{"href":"https:\/\/lunatools.com\/no\/wp-json\/wp\/v2\/types\/product"}],"wp:attachment":[{"href":"https:\/\/lunatools.com\/no\/wp-json\/wp\/v2\/media?parent=5699"}],"wp:term":[{"taxonomy":"product_cat","embeddable":true,"href":"https:\/\/lunatools.com\/no\/wp-json\/wp\/v2\/product_cat?post=5699"},{"taxonomy":"product_tag","embeddable":true,"href":"https:\/\/lunatools.com\/no\/wp-json\/wp\/v2\/product_tag?post=5699"}],"curies":[{"name":"wp","href":"https:\/\/api.w.org\/{rel}","templated":true}]}}