{"id":60547,"date":"2026-04-27T02:00:31","date_gmt":"2026-04-27T02:00:31","guid":{"rendered":"https:\/\/lunatools.com\/product\/bandsagblad-2240x10x036-6\/"},"modified":"2026-04-27T02:00:31","modified_gmt":"2026-04-27T02:00:31","slug":"bandsagblad-2240x10x036-6","status":"publish","type":"product","link":"https:\/\/lunatools.com\/no\/product\/bandsagblad-2240x10x036-6\/","title":{"rendered":"B\u00c5NDSAGBLAD 2240X10X0,36 &#8211; 6"},"content":{"rendered":"<p>Tynne. Ekstra kvalitet med profilslipte tenner. Tannspissherdet. Spesialprofil for arbeide i myke metaller, sponplater, plast, laminat, b\u00f8k, eik og andre harde treslag. Av herdet b\u00e5ndst\u00e5l.<br \/>\nLeveres avrettet og ferdigskj\u00f8tede. Vikkingen er av type venstre-h\u00f8yre.<\/p>\n","protected":false},"excerpt":{"rendered":"Tynne. Ekstra kvalitet med profilslipte tenner. Tannspissherdet. Spesialprofil for arbeide i myke metaller, sponplater, plast, laminat, b\u00f8k, eik og andre harde treslag. Av herdet b\u00e5ndst\u00e5l. Leveres avrettet og ferdigskj\u00f8tede. Vikkingen er av type venstre-h\u00f8yre.","protected":false},"featured_media":0,"template":"","meta":{"_acf_changed":false},"product_cat":[256,178],"product_tag":[],"class_list":{"0":"post-60547","1":"product","2":"type-product","3":"status-publish","5":"product_cat-bandsagblad-no","6":"product_cat-sagblad-no","8":"first","9":"instock","10":"shipping-taxable","11":"product-type-simple"},"acf":[],"yoast_head":"<!-- This site is optimized with the Yoast SEO plugin v23.4 - https:\/\/yoast.com\/wordpress\/plugins\/seo\/ -->\n<title>B\u00c5NDSAGBLAD 2240X10X0,36 - 6 - Luna tools<\/title>\n<meta name=\"robots\" content=\"index, follow, max-snippet:-1, max-image-preview:large, max-video-preview:-1\" \/>\n<link rel=\"canonical\" href=\"https:\/\/lunatools.com\/no\/product\/bandsagblad-2240x10x036-6\/\" \/>\n<meta property=\"og:locale\" content=\"nb_NO\" \/>\n<meta property=\"og:type\" content=\"article\" \/>\n<meta property=\"og:title\" content=\"B\u00c5NDSAGBLAD 2240X10X0,36 - 6 - Luna tools\" \/>\n<meta property=\"og:description\" content=\"Tynne. Ekstra kvalitet med profilslipte tenner. Tannspissherdet. Spesialprofil for arbeide i myke metaller, sponplater, plast, laminat, b\u00f8k, eik og andre harde treslag. Av herdet b\u00e5ndst\u00e5l. Leveres avrettet og ferdigskj\u00f8tede. Vikkingen er av type venstre-h\u00f8yre.\" \/>\n<meta property=\"og:url\" content=\"https:\/\/lunatools.com\/no\/product\/bandsagblad-2240x10x036-6\/\" \/>\n<meta property=\"og:site_name\" content=\"Luna tools\" \/>\n<script type=\"application\/ld+json\" class=\"yoast-schema-graph\">{\"@context\":\"https:\/\/schema.org\",\"@graph\":[{\"@type\":\"WebPage\",\"@id\":\"https:\/\/lunatools.com\/no\/product\/bandsagblad-2240x10x036-6\/\",\"url\":\"https:\/\/lunatools.com\/no\/product\/bandsagblad-2240x10x036-6\/\",\"name\":\"B\u00c5NDSAGBLAD 2240X10X0,36 - 6 - Luna tools\",\"isPartOf\":{\"@id\":\"https:\/\/lunatools.com\/sv\/#website\"},\"datePublished\":\"2026-04-27T02:00:31+00:00\",\"dateModified\":\"2026-04-27T02:00:31+00:00\",\"breadcrumb\":{\"@id\":\"https:\/\/lunatools.com\/no\/product\/bandsagblad-2240x10x036-6\/#breadcrumb\"},\"inLanguage\":\"nb-NO\",\"potentialAction\":[{\"@type\":\"ReadAction\",\"target\":[\"https:\/\/lunatools.com\/no\/product\/bandsagblad-2240x10x036-6\/\"]}]},{\"@type\":\"BreadcrumbList\",\"@id\":\"https:\/\/lunatools.com\/no\/product\/bandsagblad-2240x10x036-6\/#breadcrumb\",\"itemListElement\":[{\"@type\":\"ListItem\",\"position\":1,\"name\":\"Home\",\"item\":\"https:\/\/lunatools.com\/no\/\"},{\"@type\":\"ListItem\",\"position\":2,\"name\":\"Produkty\",\"item\":\"https:\/\/lunatools.com\/pl\/shop\/\"},{\"@type\":\"ListItem\",\"position\":3,\"name\":\"B\u00c5NDSAGBLAD 2240X10X0,36 &#8211; 6\"}]},{\"@type\":\"WebSite\",\"@id\":\"https:\/\/lunatools.com\/sv\/#website\",\"url\":\"https:\/\/lunatools.com\/sv\/\",\"name\":\"Luna tools\",\"description\":\"\",\"publisher\":{\"@id\":\"https:\/\/lunatools.com\/sv\/#organization\"},\"potentialAction\":[{\"@type\":\"SearchAction\",\"target\":{\"@type\":\"EntryPoint\",\"urlTemplate\":\"https:\/\/lunatools.com\/sv\/?s={search_term_string}\"},\"query-input\":{\"@type\":\"PropertyValueSpecification\",\"valueRequired\":true,\"valueName\":\"search_term_string\"}}],\"inLanguage\":\"nb-NO\"},{\"@type\":\"Organization\",\"@id\":\"https:\/\/lunatools.com\/sv\/#organization\",\"name\":\"Luna Tools\",\"url\":\"https:\/\/lunatools.com\/sv\/\",\"logo\":{\"@type\":\"ImageObject\",\"inLanguage\":\"nb-NO\",\"@id\":\"https:\/\/lunatools.com\/sv\/#\/schema\/logo\/image\/\",\"url\":\"https:\/\/lunatools.com\/wp-content\/uploads\/2019\/10\/LunaTools-gray-logo.png\",\"contentUrl\":\"https:\/\/lunatools.com\/wp-content\/uploads\/2019\/10\/LunaTools-gray-logo.png\",\"width\":795,\"height\":309,\"caption\":\"Luna Tools\"},\"image\":{\"@id\":\"https:\/\/lunatools.com\/sv\/#\/schema\/logo\/image\/\"}}]}<\/script>\n<!-- \/ Yoast SEO plugin. -->","yoast_head_json":{"title":"B\u00c5NDSAGBLAD 2240X10X0,36 - 6 - Luna tools","robots":{"index":"index","follow":"follow","max-snippet":"max-snippet:-1","max-image-preview":"max-image-preview:large","max-video-preview":"max-video-preview:-1"},"canonical":"https:\/\/lunatools.com\/no\/product\/bandsagblad-2240x10x036-6\/","og_locale":"nb_NO","og_type":"article","og_title":"B\u00c5NDSAGBLAD 2240X10X0,36 - 6 - Luna tools","og_description":"Tynne. Ekstra kvalitet med profilslipte tenner. Tannspissherdet. Spesialprofil for arbeide i myke metaller, sponplater, plast, laminat, b\u00f8k, eik og andre harde treslag. Av herdet b\u00e5ndst\u00e5l. Leveres avrettet og ferdigskj\u00f8tede. Vikkingen er av type venstre-h\u00f8yre.","og_url":"https:\/\/lunatools.com\/no\/product\/bandsagblad-2240x10x036-6\/","og_site_name":"Luna tools","schema":{"@context":"https:\/\/schema.org","@graph":[{"@type":"WebPage","@id":"https:\/\/lunatools.com\/no\/product\/bandsagblad-2240x10x036-6\/","url":"https:\/\/lunatools.com\/no\/product\/bandsagblad-2240x10x036-6\/","name":"B\u00c5NDSAGBLAD 2240X10X0,36 - 6 - Luna tools","isPartOf":{"@id":"https:\/\/lunatools.com\/sv\/#website"},"datePublished":"2026-04-27T02:00:31+00:00","dateModified":"2026-04-27T02:00:31+00:00","breadcrumb":{"@id":"https:\/\/lunatools.com\/no\/product\/bandsagblad-2240x10x036-6\/#breadcrumb"},"inLanguage":"nb-NO","potentialAction":[{"@type":"ReadAction","target":["https:\/\/lunatools.com\/no\/product\/bandsagblad-2240x10x036-6\/"]}]},{"@type":"BreadcrumbList","@id":"https:\/\/lunatools.com\/no\/product\/bandsagblad-2240x10x036-6\/#breadcrumb","itemListElement":[{"@type":"ListItem","position":1,"name":"Home","item":"https:\/\/lunatools.com\/no\/"},{"@type":"ListItem","position":2,"name":"Produkty","item":"https:\/\/lunatools.com\/pl\/shop\/"},{"@type":"ListItem","position":3,"name":"B\u00c5NDSAGBLAD 2240X10X0,36 &#8211; 6"}]},{"@type":"WebSite","@id":"https:\/\/lunatools.com\/sv\/#website","url":"https:\/\/lunatools.com\/sv\/","name":"Luna tools","description":"","publisher":{"@id":"https:\/\/lunatools.com\/sv\/#organization"},"potentialAction":[{"@type":"SearchAction","target":{"@type":"EntryPoint","urlTemplate":"https:\/\/lunatools.com\/sv\/?s={search_term_string}"},"query-input":{"@type":"PropertyValueSpecification","valueRequired":true,"valueName":"search_term_string"}}],"inLanguage":"nb-NO"},{"@type":"Organization","@id":"https:\/\/lunatools.com\/sv\/#organization","name":"Luna Tools","url":"https:\/\/lunatools.com\/sv\/","logo":{"@type":"ImageObject","inLanguage":"nb-NO","@id":"https:\/\/lunatools.com\/sv\/#\/schema\/logo\/image\/","url":"https:\/\/lunatools.com\/wp-content\/uploads\/2019\/10\/LunaTools-gray-logo.png","contentUrl":"https:\/\/lunatools.com\/wp-content\/uploads\/2019\/10\/LunaTools-gray-logo.png","width":795,"height":309,"caption":"Luna Tools"},"image":{"@id":"https:\/\/lunatools.com\/sv\/#\/schema\/logo\/image\/"}}]}},"_links":{"self":[{"href":"https:\/\/lunatools.com\/no\/wp-json\/wp\/v2\/product\/60547"}],"collection":[{"href":"https:\/\/lunatools.com\/no\/wp-json\/wp\/v2\/product"}],"about":[{"href":"https:\/\/lunatools.com\/no\/wp-json\/wp\/v2\/types\/product"}],"wp:attachment":[{"href":"https:\/\/lunatools.com\/no\/wp-json\/wp\/v2\/media?parent=60547"}],"wp:term":[{"taxonomy":"product_cat","embeddable":true,"href":"https:\/\/lunatools.com\/no\/wp-json\/wp\/v2\/product_cat?post=60547"},{"taxonomy":"product_tag","embeddable":true,"href":"https:\/\/lunatools.com\/no\/wp-json\/wp\/v2\/product_tag?post=60547"}],"curies":[{"name":"wp","href":"https:\/\/api.w.org\/{rel}","templated":true}]}}