{"id":65292,"date":"2025-10-17T02:20:27","date_gmt":"2025-10-17T02:20:27","guid":{"rendered":"https:\/\/lunatools.com\/product\/meterstokk-kont-mm-tre-2m\/"},"modified":"2025-10-17T02:20:27","modified_gmt":"2025-10-17T02:20:27","slug":"meterstokk-kont-mm-tre-2m","status":"publish","type":"product","link":"https:\/\/lunatools.com\/no\/product\/meterstokk-kont-mm-tre-2m\/","title":{"rendered":"METERSTOKK KONT MM TRE 2M"},"content":{"rendered":"<p>Kontaktmeterstokk i klassisk skandinavisk design og utf\u00f8relse. En kontaktmeterstokk har graderingen p\u00e5 innsiden av stikkene som gj\u00f8r at du kan m\u00e5le plant mot underlaget.\u00a0Laget av lys bj\u00f8rk med tynne, smidige stikker. Ekstra tydelig typesnitt i svart samt r\u00f8de decimetersiffer for lett avlesning av m\u00e5let. Presisjonsproduserte metalledd for \u00e5 f\u00e5 den smidige og riktige f\u00f8lelsen ved bruk. Metallnese forsterker og beskytter enden mot slitasje, samt hull for verkt\u00f8ysikring.\u00a0<\/p>\n","protected":false},"excerpt":{"rendered":"Kontaktmeterstokk i klassisk skandinavisk design og utf\u00f8relse. En kontaktmeterstokk har graderingen p\u00e5 innsiden av stikkene som gj\u00f8r at du kan m\u00e5le plant mot underlaget.\u00a0Laget av lys bj\u00f8rk med tynne, smidige stikker. Ekstra tydelig typesnitt i svart samt r\u00f8de decimetersiffer for lett avlesning av m\u00e5let. Presisjonsproduserte metalledd for \u00e5 f\u00e5 den smidige og riktige f\u00f8lelsen ved&#8230; <a class=\"view-article\" href=\"https:\/\/lunatools.com\/no\/product\/meterstokk-kont-mm-tre-2m\/\">View Article<\/a>","protected":false},"featured_media":0,"template":"","meta":{"_acf_changed":false},"product_cat":[4612,4611],"product_tag":[],"class_list":{"0":"post-65292","1":"product","2":"type-product","3":"status-publish","5":"product_cat-foldbare-meterstokker-no","6":"product_cat-handverktoy-no","8":"first","9":"instock","10":"shipping-taxable","11":"product-type-simple"},"acf":[],"yoast_head":"<!-- This site is optimized with the Yoast SEO plugin v23.4 - https:\/\/yoast.com\/wordpress\/plugins\/seo\/ -->\n<title>METERSTOKK KONT MM TRE 2M - Luna tools<\/title>\n<meta name=\"robots\" content=\"index, follow, max-snippet:-1, max-image-preview:large, max-video-preview:-1\" \/>\n<link rel=\"canonical\" href=\"https:\/\/lunatools.com\/no\/product\/meterstokk-kont-mm-tre-2m\/\" \/>\n<meta property=\"og:locale\" content=\"nb_NO\" \/>\n<meta property=\"og:type\" content=\"article\" \/>\n<meta property=\"og:title\" content=\"METERSTOKK KONT MM TRE 2M - Luna tools\" \/>\n<meta property=\"og:description\" content=\"Kontaktmeterstokk i klassisk skandinavisk design og utf\u00f8relse. En kontaktmeterstokk har graderingen p\u00e5 innsiden av stikkene som gj\u00f8r at du kan m\u00e5le plant mot underlaget.\u00a0Laget av lys bj\u00f8rk med tynne, smidige stikker. Ekstra tydelig typesnitt i svart samt r\u00f8de decimetersiffer for lett avlesning av m\u00e5let. Presisjonsproduserte metalledd for \u00e5 f\u00e5 den smidige og riktige f\u00f8lelsen ved... View Article\" \/>\n<meta property=\"og:url\" content=\"https:\/\/lunatools.com\/no\/product\/meterstokk-kont-mm-tre-2m\/\" \/>\n<meta property=\"og:site_name\" content=\"Luna tools\" \/>\n<script type=\"application\/ld+json\" class=\"yoast-schema-graph\">{\"@context\":\"https:\/\/schema.org\",\"@graph\":[{\"@type\":\"WebPage\",\"@id\":\"https:\/\/lunatools.com\/no\/product\/meterstokk-kont-mm-tre-2m\/\",\"url\":\"https:\/\/lunatools.com\/no\/product\/meterstokk-kont-mm-tre-2m\/\",\"name\":\"METERSTOKK KONT MM TRE 2M - Luna tools\",\"isPartOf\":{\"@id\":\"https:\/\/lunatools.com\/sv\/#website\"},\"datePublished\":\"2025-10-17T02:20:27+00:00\",\"dateModified\":\"2025-10-17T02:20:27+00:00\",\"breadcrumb\":{\"@id\":\"https:\/\/lunatools.com\/no\/product\/meterstokk-kont-mm-tre-2m\/#breadcrumb\"},\"inLanguage\":\"nb-NO\",\"potentialAction\":[{\"@type\":\"ReadAction\",\"target\":[\"https:\/\/lunatools.com\/no\/product\/meterstokk-kont-mm-tre-2m\/\"]}]},{\"@type\":\"BreadcrumbList\",\"@id\":\"https:\/\/lunatools.com\/no\/product\/meterstokk-kont-mm-tre-2m\/#breadcrumb\",\"itemListElement\":[{\"@type\":\"ListItem\",\"position\":1,\"name\":\"Home\",\"item\":\"https:\/\/lunatools.com\/no\/\"},{\"@type\":\"ListItem\",\"position\":2,\"name\":\"Produkty\",\"item\":\"https:\/\/lunatools.com\/pl\/shop\/\"},{\"@type\":\"ListItem\",\"position\":3,\"name\":\"METERSTOKK KONT MM TRE 2M\"}]},{\"@type\":\"WebSite\",\"@id\":\"https:\/\/lunatools.com\/sv\/#website\",\"url\":\"https:\/\/lunatools.com\/sv\/\",\"name\":\"Luna tools\",\"description\":\"\",\"publisher\":{\"@id\":\"https:\/\/lunatools.com\/sv\/#organization\"},\"potentialAction\":[{\"@type\":\"SearchAction\",\"target\":{\"@type\":\"EntryPoint\",\"urlTemplate\":\"https:\/\/lunatools.com\/sv\/?s={search_term_string}\"},\"query-input\":{\"@type\":\"PropertyValueSpecification\",\"valueRequired\":true,\"valueName\":\"search_term_string\"}}],\"inLanguage\":\"nb-NO\"},{\"@type\":\"Organization\",\"@id\":\"https:\/\/lunatools.com\/sv\/#organization\",\"name\":\"Luna Tools\",\"url\":\"https:\/\/lunatools.com\/sv\/\",\"logo\":{\"@type\":\"ImageObject\",\"inLanguage\":\"nb-NO\",\"@id\":\"https:\/\/lunatools.com\/sv\/#\/schema\/logo\/image\/\",\"url\":\"https:\/\/lunatools.com\/wp-content\/uploads\/2019\/10\/LunaTools-gray-logo.png\",\"contentUrl\":\"https:\/\/lunatools.com\/wp-content\/uploads\/2019\/10\/LunaTools-gray-logo.png\",\"width\":795,\"height\":309,\"caption\":\"Luna Tools\"},\"image\":{\"@id\":\"https:\/\/lunatools.com\/sv\/#\/schema\/logo\/image\/\"}}]}<\/script>\n<!-- \/ Yoast SEO plugin. -->","yoast_head_json":{"title":"METERSTOKK KONT MM TRE 2M - Luna tools","robots":{"index":"index","follow":"follow","max-snippet":"max-snippet:-1","max-image-preview":"max-image-preview:large","max-video-preview":"max-video-preview:-1"},"canonical":"https:\/\/lunatools.com\/no\/product\/meterstokk-kont-mm-tre-2m\/","og_locale":"nb_NO","og_type":"article","og_title":"METERSTOKK KONT MM TRE 2M - Luna tools","og_description":"Kontaktmeterstokk i klassisk skandinavisk design og utf\u00f8relse. En kontaktmeterstokk har graderingen p\u00e5 innsiden av stikkene som gj\u00f8r at du kan m\u00e5le plant mot underlaget.\u00a0Laget av lys bj\u00f8rk med tynne, smidige stikker. Ekstra tydelig typesnitt i svart samt r\u00f8de decimetersiffer for lett avlesning av m\u00e5let. Presisjonsproduserte metalledd for \u00e5 f\u00e5 den smidige og riktige f\u00f8lelsen ved... View Article","og_url":"https:\/\/lunatools.com\/no\/product\/meterstokk-kont-mm-tre-2m\/","og_site_name":"Luna tools","schema":{"@context":"https:\/\/schema.org","@graph":[{"@type":"WebPage","@id":"https:\/\/lunatools.com\/no\/product\/meterstokk-kont-mm-tre-2m\/","url":"https:\/\/lunatools.com\/no\/product\/meterstokk-kont-mm-tre-2m\/","name":"METERSTOKK KONT MM TRE 2M - Luna tools","isPartOf":{"@id":"https:\/\/lunatools.com\/sv\/#website"},"datePublished":"2025-10-17T02:20:27+00:00","dateModified":"2025-10-17T02:20:27+00:00","breadcrumb":{"@id":"https:\/\/lunatools.com\/no\/product\/meterstokk-kont-mm-tre-2m\/#breadcrumb"},"inLanguage":"nb-NO","potentialAction":[{"@type":"ReadAction","target":["https:\/\/lunatools.com\/no\/product\/meterstokk-kont-mm-tre-2m\/"]}]},{"@type":"BreadcrumbList","@id":"https:\/\/lunatools.com\/no\/product\/meterstokk-kont-mm-tre-2m\/#breadcrumb","itemListElement":[{"@type":"ListItem","position":1,"name":"Home","item":"https:\/\/lunatools.com\/no\/"},{"@type":"ListItem","position":2,"name":"Produkty","item":"https:\/\/lunatools.com\/pl\/shop\/"},{"@type":"ListItem","position":3,"name":"METERSTOKK KONT MM TRE 2M"}]},{"@type":"WebSite","@id":"https:\/\/lunatools.com\/sv\/#website","url":"https:\/\/lunatools.com\/sv\/","name":"Luna tools","description":"","publisher":{"@id":"https:\/\/lunatools.com\/sv\/#organization"},"potentialAction":[{"@type":"SearchAction","target":{"@type":"EntryPoint","urlTemplate":"https:\/\/lunatools.com\/sv\/?s={search_term_string}"},"query-input":{"@type":"PropertyValueSpecification","valueRequired":true,"valueName":"search_term_string"}}],"inLanguage":"nb-NO"},{"@type":"Organization","@id":"https:\/\/lunatools.com\/sv\/#organization","name":"Luna Tools","url":"https:\/\/lunatools.com\/sv\/","logo":{"@type":"ImageObject","inLanguage":"nb-NO","@id":"https:\/\/lunatools.com\/sv\/#\/schema\/logo\/image\/","url":"https:\/\/lunatools.com\/wp-content\/uploads\/2019\/10\/LunaTools-gray-logo.png","contentUrl":"https:\/\/lunatools.com\/wp-content\/uploads\/2019\/10\/LunaTools-gray-logo.png","width":795,"height":309,"caption":"Luna Tools"},"image":{"@id":"https:\/\/lunatools.com\/sv\/#\/schema\/logo\/image\/"}}]}},"_links":{"self":[{"href":"https:\/\/lunatools.com\/no\/wp-json\/wp\/v2\/product\/65292"}],"collection":[{"href":"https:\/\/lunatools.com\/no\/wp-json\/wp\/v2\/product"}],"about":[{"href":"https:\/\/lunatools.com\/no\/wp-json\/wp\/v2\/types\/product"}],"wp:attachment":[{"href":"https:\/\/lunatools.com\/no\/wp-json\/wp\/v2\/media?parent=65292"}],"wp:term":[{"taxonomy":"product_cat","embeddable":true,"href":"https:\/\/lunatools.com\/no\/wp-json\/wp\/v2\/product_cat?post=65292"},{"taxonomy":"product_tag","embeddable":true,"href":"https:\/\/lunatools.com\/no\/wp-json\/wp\/v2\/product_tag?post=65292"}],"curies":[{"name":"wp","href":"https:\/\/api.w.org\/{rel}","templated":true}]}}