{"id":65293,"date":"2026-04-30T02:15:18","date_gmt":"2026-04-30T02:15:18","guid":{"rendered":"https:\/\/lunatools.com\/product\/meterstokk-mm-tre-1m\/"},"modified":"2026-04-30T02:15:18","modified_gmt":"2026-04-30T02:15:18","slug":"meterstokk-mm-tre-1m","status":"publish","type":"product","link":"https:\/\/lunatools.com\/no\/product\/meterstokk-mm-tre-1m\/","title":{"rendered":"METERSTOKK MM TRE 1M"},"content":{"rendered":"<p>Klassisk meterstokk i skandinavisk design og utf\u00f8relse. Laget av lys bj\u00f8rk med tynne, smidige stikker. Ekstra tydelig typesnitt i svart samt r\u00f8de decimetersiffer for lett \u00e5 lese av m\u00e5let. Presisjonslaget metalledd for \u00e5 f\u00e5 den smidige og rette f\u00f8lelsen ved bruk. Metallnese forsterker og beskytter enden mot slitasje samt hull for verkt\u00f8ysikring.\u00a0<\/p>\n","protected":false},"excerpt":{"rendered":"Klassisk meterstokk i skandinavisk design og utf\u00f8relse. Laget av lys bj\u00f8rk med tynne, smidige stikker. Ekstra tydelig typesnitt i svart samt r\u00f8de decimetersiffer for lett \u00e5 lese av m\u00e5let. Presisjonslaget metalledd for \u00e5 f\u00e5 den smidige og rette f\u00f8lelsen ved bruk. Metallnese forsterker og beskytter enden mot slitasje samt hull for verkt\u00f8ysikring.\u00a0","protected":false},"featured_media":0,"template":"","meta":{"_acf_changed":false},"product_cat":[4612,4611],"product_tag":[],"class_list":{"0":"post-65293","1":"product","2":"type-product","3":"status-publish","5":"product_cat-foldbare-meterstokker-no","6":"product_cat-handverktoy-no","8":"first","9":"instock","10":"shipping-taxable","11":"product-type-simple"},"acf":[],"yoast_head":"<!-- This site is optimized with the Yoast SEO plugin v23.4 - https:\/\/yoast.com\/wordpress\/plugins\/seo\/ -->\n<title>METERSTOKK MM TRE 1M - Luna tools<\/title>\n<meta name=\"robots\" content=\"index, follow, max-snippet:-1, max-image-preview:large, max-video-preview:-1\" \/>\n<link rel=\"canonical\" href=\"https:\/\/lunatools.com\/no\/product\/meterstokk-mm-tre-1m\/\" \/>\n<meta property=\"og:locale\" content=\"nb_NO\" \/>\n<meta property=\"og:type\" content=\"article\" \/>\n<meta property=\"og:title\" content=\"METERSTOKK MM TRE 1M - Luna tools\" \/>\n<meta property=\"og:description\" content=\"Klassisk meterstokk i skandinavisk design og utf\u00f8relse. Laget av lys bj\u00f8rk med tynne, smidige stikker. Ekstra tydelig typesnitt i svart samt r\u00f8de decimetersiffer for lett \u00e5 lese av m\u00e5let. Presisjonslaget metalledd for \u00e5 f\u00e5 den smidige og rette f\u00f8lelsen ved bruk. Metallnese forsterker og beskytter enden mot slitasje samt hull for verkt\u00f8ysikring.\u00a0\" \/>\n<meta property=\"og:url\" content=\"https:\/\/lunatools.com\/no\/product\/meterstokk-mm-tre-1m\/\" \/>\n<meta property=\"og:site_name\" content=\"Luna tools\" \/>\n<script type=\"application\/ld+json\" class=\"yoast-schema-graph\">{\"@context\":\"https:\/\/schema.org\",\"@graph\":[{\"@type\":\"WebPage\",\"@id\":\"https:\/\/lunatools.com\/no\/product\/meterstokk-mm-tre-1m\/\",\"url\":\"https:\/\/lunatools.com\/no\/product\/meterstokk-mm-tre-1m\/\",\"name\":\"METERSTOKK MM TRE 1M - Luna tools\",\"isPartOf\":{\"@id\":\"https:\/\/lunatools.com\/sv\/#website\"},\"datePublished\":\"2026-04-30T02:15:18+00:00\",\"dateModified\":\"2026-04-30T02:15:18+00:00\",\"breadcrumb\":{\"@id\":\"https:\/\/lunatools.com\/no\/product\/meterstokk-mm-tre-1m\/#breadcrumb\"},\"inLanguage\":\"nb-NO\",\"potentialAction\":[{\"@type\":\"ReadAction\",\"target\":[\"https:\/\/lunatools.com\/no\/product\/meterstokk-mm-tre-1m\/\"]}]},{\"@type\":\"BreadcrumbList\",\"@id\":\"https:\/\/lunatools.com\/no\/product\/meterstokk-mm-tre-1m\/#breadcrumb\",\"itemListElement\":[{\"@type\":\"ListItem\",\"position\":1,\"name\":\"Home\",\"item\":\"https:\/\/lunatools.com\/no\/\"},{\"@type\":\"ListItem\",\"position\":2,\"name\":\"Produkty\",\"item\":\"https:\/\/lunatools.com\/pl\/shop\/\"},{\"@type\":\"ListItem\",\"position\":3,\"name\":\"METERSTOKK MM TRE 1M\"}]},{\"@type\":\"WebSite\",\"@id\":\"https:\/\/lunatools.com\/sv\/#website\",\"url\":\"https:\/\/lunatools.com\/sv\/\",\"name\":\"Luna tools\",\"description\":\"\",\"publisher\":{\"@id\":\"https:\/\/lunatools.com\/sv\/#organization\"},\"potentialAction\":[{\"@type\":\"SearchAction\",\"target\":{\"@type\":\"EntryPoint\",\"urlTemplate\":\"https:\/\/lunatools.com\/sv\/?s={search_term_string}\"},\"query-input\":{\"@type\":\"PropertyValueSpecification\",\"valueRequired\":true,\"valueName\":\"search_term_string\"}}],\"inLanguage\":\"nb-NO\"},{\"@type\":\"Organization\",\"@id\":\"https:\/\/lunatools.com\/sv\/#organization\",\"name\":\"Luna Tools\",\"url\":\"https:\/\/lunatools.com\/sv\/\",\"logo\":{\"@type\":\"ImageObject\",\"inLanguage\":\"nb-NO\",\"@id\":\"https:\/\/lunatools.com\/sv\/#\/schema\/logo\/image\/\",\"url\":\"https:\/\/lunatools.com\/wp-content\/uploads\/2019\/10\/LunaTools-gray-logo.png\",\"contentUrl\":\"https:\/\/lunatools.com\/wp-content\/uploads\/2019\/10\/LunaTools-gray-logo.png\",\"width\":795,\"height\":309,\"caption\":\"Luna Tools\"},\"image\":{\"@id\":\"https:\/\/lunatools.com\/sv\/#\/schema\/logo\/image\/\"}}]}<\/script>\n<!-- \/ Yoast SEO plugin. -->","yoast_head_json":{"title":"METERSTOKK MM TRE 1M - Luna tools","robots":{"index":"index","follow":"follow","max-snippet":"max-snippet:-1","max-image-preview":"max-image-preview:large","max-video-preview":"max-video-preview:-1"},"canonical":"https:\/\/lunatools.com\/no\/product\/meterstokk-mm-tre-1m\/","og_locale":"nb_NO","og_type":"article","og_title":"METERSTOKK MM TRE 1M - Luna tools","og_description":"Klassisk meterstokk i skandinavisk design og utf\u00f8relse. Laget av lys bj\u00f8rk med tynne, smidige stikker. Ekstra tydelig typesnitt i svart samt r\u00f8de decimetersiffer for lett \u00e5 lese av m\u00e5let. Presisjonslaget metalledd for \u00e5 f\u00e5 den smidige og rette f\u00f8lelsen ved bruk. Metallnese forsterker og beskytter enden mot slitasje samt hull for verkt\u00f8ysikring.\u00a0","og_url":"https:\/\/lunatools.com\/no\/product\/meterstokk-mm-tre-1m\/","og_site_name":"Luna tools","schema":{"@context":"https:\/\/schema.org","@graph":[{"@type":"WebPage","@id":"https:\/\/lunatools.com\/no\/product\/meterstokk-mm-tre-1m\/","url":"https:\/\/lunatools.com\/no\/product\/meterstokk-mm-tre-1m\/","name":"METERSTOKK MM TRE 1M - Luna tools","isPartOf":{"@id":"https:\/\/lunatools.com\/sv\/#website"},"datePublished":"2026-04-30T02:15:18+00:00","dateModified":"2026-04-30T02:15:18+00:00","breadcrumb":{"@id":"https:\/\/lunatools.com\/no\/product\/meterstokk-mm-tre-1m\/#breadcrumb"},"inLanguage":"nb-NO","potentialAction":[{"@type":"ReadAction","target":["https:\/\/lunatools.com\/no\/product\/meterstokk-mm-tre-1m\/"]}]},{"@type":"BreadcrumbList","@id":"https:\/\/lunatools.com\/no\/product\/meterstokk-mm-tre-1m\/#breadcrumb","itemListElement":[{"@type":"ListItem","position":1,"name":"Home","item":"https:\/\/lunatools.com\/no\/"},{"@type":"ListItem","position":2,"name":"Produkty","item":"https:\/\/lunatools.com\/pl\/shop\/"},{"@type":"ListItem","position":3,"name":"METERSTOKK MM TRE 1M"}]},{"@type":"WebSite","@id":"https:\/\/lunatools.com\/sv\/#website","url":"https:\/\/lunatools.com\/sv\/","name":"Luna tools","description":"","publisher":{"@id":"https:\/\/lunatools.com\/sv\/#organization"},"potentialAction":[{"@type":"SearchAction","target":{"@type":"EntryPoint","urlTemplate":"https:\/\/lunatools.com\/sv\/?s={search_term_string}"},"query-input":{"@type":"PropertyValueSpecification","valueRequired":true,"valueName":"search_term_string"}}],"inLanguage":"nb-NO"},{"@type":"Organization","@id":"https:\/\/lunatools.com\/sv\/#organization","name":"Luna Tools","url":"https:\/\/lunatools.com\/sv\/","logo":{"@type":"ImageObject","inLanguage":"nb-NO","@id":"https:\/\/lunatools.com\/sv\/#\/schema\/logo\/image\/","url":"https:\/\/lunatools.com\/wp-content\/uploads\/2019\/10\/LunaTools-gray-logo.png","contentUrl":"https:\/\/lunatools.com\/wp-content\/uploads\/2019\/10\/LunaTools-gray-logo.png","width":795,"height":309,"caption":"Luna Tools"},"image":{"@id":"https:\/\/lunatools.com\/sv\/#\/schema\/logo\/image\/"}}]}},"_links":{"self":[{"href":"https:\/\/lunatools.com\/no\/wp-json\/wp\/v2\/product\/65293"}],"collection":[{"href":"https:\/\/lunatools.com\/no\/wp-json\/wp\/v2\/product"}],"about":[{"href":"https:\/\/lunatools.com\/no\/wp-json\/wp\/v2\/types\/product"}],"wp:attachment":[{"href":"https:\/\/lunatools.com\/no\/wp-json\/wp\/v2\/media?parent=65293"}],"wp:term":[{"taxonomy":"product_cat","embeddable":true,"href":"https:\/\/lunatools.com\/no\/wp-json\/wp\/v2\/product_cat?post=65293"},{"taxonomy":"product_tag","embeddable":true,"href":"https:\/\/lunatools.com\/no\/wp-json\/wp\/v2\/product_tag?post=65293"}],"curies":[{"name":"wp","href":"https:\/\/api.w.org\/{rel}","templated":true}]}}