{"id":65395,"date":"2026-05-12T02:15:05","date_gmt":"2026-05-12T02:15:05","guid":{"rendered":"https:\/\/lunatools.com\/product\/diamantfres-m14-8mm\/"},"modified":"2026-05-12T02:15:05","modified_gmt":"2026-05-12T02:15:05","slug":"diamantfres-m14-8mm","status":"publish","type":"product","link":"https:\/\/lunatools.com\/no\/product\/diamantfres-m14-8mm\/","title":{"rendered":"DIAMANTFRES M14 8MM"},"content":{"rendered":"<p>Diamantfres beregnet til vinkelsliper med M14 feste. For \u00e5 gj\u00f8re hull st\u00f8rre, gj\u00f8re ovale hull eller andre tilpasninger etter hulltaking. For materialer som flis, klinker, steingodsplater, granitt, keramikkplater, marmor og andre steinbaserte materialer.<\/p>\n","protected":false},"excerpt":{"rendered":"Diamantfres beregnet til vinkelsliper med M14 feste. For \u00e5 gj\u00f8re hull st\u00f8rre, gj\u00f8re ovale hull eller andre tilpasninger etter hulltaking. For materialer som flis, klinker, steingodsplater, granitt, keramikkplater, marmor og andre steinbaserte materialer.","protected":false},"featured_media":0,"template":"","meta":{"_acf_changed":false},"product_cat":[174,362],"product_tag":[],"class_list":{"0":"post-65395","1":"product","2":"type-product","3":"status-publish","5":"product_cat-bor-no","6":"product_cat-diamantbor-no","8":"first","9":"instock","10":"shipping-taxable","11":"product-type-simple"},"acf":[],"yoast_head":"<!-- This site is optimized with the Yoast SEO plugin v23.4 - https:\/\/yoast.com\/wordpress\/plugins\/seo\/ -->\n<title>DIAMANTFRES M14 8MM - Luna tools<\/title>\n<meta name=\"robots\" content=\"index, follow, max-snippet:-1, max-image-preview:large, max-video-preview:-1\" \/>\n<link rel=\"canonical\" href=\"https:\/\/lunatools.com\/no\/product\/diamantfres-m14-8mm\/\" \/>\n<meta property=\"og:locale\" content=\"nb_NO\" \/>\n<meta property=\"og:type\" content=\"article\" \/>\n<meta property=\"og:title\" content=\"DIAMANTFRES M14 8MM - Luna tools\" \/>\n<meta property=\"og:description\" content=\"Diamantfres beregnet til vinkelsliper med M14 feste. For \u00e5 gj\u00f8re hull st\u00f8rre, gj\u00f8re ovale hull eller andre tilpasninger etter hulltaking. For materialer som flis, klinker, steingodsplater, granitt, keramikkplater, marmor og andre steinbaserte materialer.\" \/>\n<meta property=\"og:url\" content=\"https:\/\/lunatools.com\/no\/product\/diamantfres-m14-8mm\/\" \/>\n<meta property=\"og:site_name\" content=\"Luna tools\" \/>\n<script type=\"application\/ld+json\" class=\"yoast-schema-graph\">{\"@context\":\"https:\/\/schema.org\",\"@graph\":[{\"@type\":\"WebPage\",\"@id\":\"https:\/\/lunatools.com\/no\/product\/diamantfres-m14-8mm\/\",\"url\":\"https:\/\/lunatools.com\/no\/product\/diamantfres-m14-8mm\/\",\"name\":\"DIAMANTFRES M14 8MM - Luna tools\",\"isPartOf\":{\"@id\":\"https:\/\/lunatools.com\/sv\/#website\"},\"datePublished\":\"2026-05-12T02:15:05+00:00\",\"dateModified\":\"2026-05-12T02:15:05+00:00\",\"breadcrumb\":{\"@id\":\"https:\/\/lunatools.com\/no\/product\/diamantfres-m14-8mm\/#breadcrumb\"},\"inLanguage\":\"nb-NO\",\"potentialAction\":[{\"@type\":\"ReadAction\",\"target\":[\"https:\/\/lunatools.com\/no\/product\/diamantfres-m14-8mm\/\"]}]},{\"@type\":\"BreadcrumbList\",\"@id\":\"https:\/\/lunatools.com\/no\/product\/diamantfres-m14-8mm\/#breadcrumb\",\"itemListElement\":[{\"@type\":\"ListItem\",\"position\":1,\"name\":\"Home\",\"item\":\"https:\/\/lunatools.com\/no\/\"},{\"@type\":\"ListItem\",\"position\":2,\"name\":\"Produkty\",\"item\":\"https:\/\/lunatools.com\/pl\/shop\/\"},{\"@type\":\"ListItem\",\"position\":3,\"name\":\"DIAMANTFRES M14 8MM\"}]},{\"@type\":\"WebSite\",\"@id\":\"https:\/\/lunatools.com\/sv\/#website\",\"url\":\"https:\/\/lunatools.com\/sv\/\",\"name\":\"Luna tools\",\"description\":\"\",\"publisher\":{\"@id\":\"https:\/\/lunatools.com\/sv\/#organization\"},\"potentialAction\":[{\"@type\":\"SearchAction\",\"target\":{\"@type\":\"EntryPoint\",\"urlTemplate\":\"https:\/\/lunatools.com\/sv\/?s={search_term_string}\"},\"query-input\":{\"@type\":\"PropertyValueSpecification\",\"valueRequired\":true,\"valueName\":\"search_term_string\"}}],\"inLanguage\":\"nb-NO\"},{\"@type\":\"Organization\",\"@id\":\"https:\/\/lunatools.com\/sv\/#organization\",\"name\":\"Luna Tools\",\"url\":\"https:\/\/lunatools.com\/sv\/\",\"logo\":{\"@type\":\"ImageObject\",\"inLanguage\":\"nb-NO\",\"@id\":\"https:\/\/lunatools.com\/sv\/#\/schema\/logo\/image\/\",\"url\":\"https:\/\/lunatools.com\/wp-content\/uploads\/2019\/10\/LunaTools-gray-logo.png\",\"contentUrl\":\"https:\/\/lunatools.com\/wp-content\/uploads\/2019\/10\/LunaTools-gray-logo.png\",\"width\":795,\"height\":309,\"caption\":\"Luna Tools\"},\"image\":{\"@id\":\"https:\/\/lunatools.com\/sv\/#\/schema\/logo\/image\/\"}}]}<\/script>\n<!-- \/ Yoast SEO plugin. -->","yoast_head_json":{"title":"DIAMANTFRES M14 8MM - Luna tools","robots":{"index":"index","follow":"follow","max-snippet":"max-snippet:-1","max-image-preview":"max-image-preview:large","max-video-preview":"max-video-preview:-1"},"canonical":"https:\/\/lunatools.com\/no\/product\/diamantfres-m14-8mm\/","og_locale":"nb_NO","og_type":"article","og_title":"DIAMANTFRES M14 8MM - Luna tools","og_description":"Diamantfres beregnet til vinkelsliper med M14 feste. For \u00e5 gj\u00f8re hull st\u00f8rre, gj\u00f8re ovale hull eller andre tilpasninger etter hulltaking. For materialer som flis, klinker, steingodsplater, granitt, keramikkplater, marmor og andre steinbaserte materialer.","og_url":"https:\/\/lunatools.com\/no\/product\/diamantfres-m14-8mm\/","og_site_name":"Luna tools","schema":{"@context":"https:\/\/schema.org","@graph":[{"@type":"WebPage","@id":"https:\/\/lunatools.com\/no\/product\/diamantfres-m14-8mm\/","url":"https:\/\/lunatools.com\/no\/product\/diamantfres-m14-8mm\/","name":"DIAMANTFRES M14 8MM - Luna tools","isPartOf":{"@id":"https:\/\/lunatools.com\/sv\/#website"},"datePublished":"2026-05-12T02:15:05+00:00","dateModified":"2026-05-12T02:15:05+00:00","breadcrumb":{"@id":"https:\/\/lunatools.com\/no\/product\/diamantfres-m14-8mm\/#breadcrumb"},"inLanguage":"nb-NO","potentialAction":[{"@type":"ReadAction","target":["https:\/\/lunatools.com\/no\/product\/diamantfres-m14-8mm\/"]}]},{"@type":"BreadcrumbList","@id":"https:\/\/lunatools.com\/no\/product\/diamantfres-m14-8mm\/#breadcrumb","itemListElement":[{"@type":"ListItem","position":1,"name":"Home","item":"https:\/\/lunatools.com\/no\/"},{"@type":"ListItem","position":2,"name":"Produkty","item":"https:\/\/lunatools.com\/pl\/shop\/"},{"@type":"ListItem","position":3,"name":"DIAMANTFRES M14 8MM"}]},{"@type":"WebSite","@id":"https:\/\/lunatools.com\/sv\/#website","url":"https:\/\/lunatools.com\/sv\/","name":"Luna tools","description":"","publisher":{"@id":"https:\/\/lunatools.com\/sv\/#organization"},"potentialAction":[{"@type":"SearchAction","target":{"@type":"EntryPoint","urlTemplate":"https:\/\/lunatools.com\/sv\/?s={search_term_string}"},"query-input":{"@type":"PropertyValueSpecification","valueRequired":true,"valueName":"search_term_string"}}],"inLanguage":"nb-NO"},{"@type":"Organization","@id":"https:\/\/lunatools.com\/sv\/#organization","name":"Luna Tools","url":"https:\/\/lunatools.com\/sv\/","logo":{"@type":"ImageObject","inLanguage":"nb-NO","@id":"https:\/\/lunatools.com\/sv\/#\/schema\/logo\/image\/","url":"https:\/\/lunatools.com\/wp-content\/uploads\/2019\/10\/LunaTools-gray-logo.png","contentUrl":"https:\/\/lunatools.com\/wp-content\/uploads\/2019\/10\/LunaTools-gray-logo.png","width":795,"height":309,"caption":"Luna Tools"},"image":{"@id":"https:\/\/lunatools.com\/sv\/#\/schema\/logo\/image\/"}}]}},"_links":{"self":[{"href":"https:\/\/lunatools.com\/no\/wp-json\/wp\/v2\/product\/65395"}],"collection":[{"href":"https:\/\/lunatools.com\/no\/wp-json\/wp\/v2\/product"}],"about":[{"href":"https:\/\/lunatools.com\/no\/wp-json\/wp\/v2\/types\/product"}],"wp:attachment":[{"href":"https:\/\/lunatools.com\/no\/wp-json\/wp\/v2\/media?parent=65395"}],"wp:term":[{"taxonomy":"product_cat","embeddable":true,"href":"https:\/\/lunatools.com\/no\/wp-json\/wp\/v2\/product_cat?post=65395"},{"taxonomy":"product_tag","embeddable":true,"href":"https:\/\/lunatools.com\/no\/wp-json\/wp\/v2\/product_tag?post=65395"}],"curies":[{"name":"wp","href":"https:\/\/api.w.org\/{rel}","templated":true}]}}