{"id":65896,"date":"2026-04-30T02:20:02","date_gmt":"2026-04-30T02:20:02","guid":{"rendered":"https:\/\/lunatools.com\/product\/handsag-prime-550-11tpi-3fas\/"},"modified":"2026-04-30T02:20:02","modified_gmt":"2026-04-30T02:20:02","slug":"handsag-prime-550-11tpi-3fas","status":"publish","type":"product","link":"https:\/\/lunatools.com\/no\/product\/handsag-prime-550-11tpi-3fas\/","title":{"rendered":"H\u00c5NDSAG PRIME 550 11TPI 3FAS"},"content":{"rendered":"<p>H\u00e5ndsag PRIME. Luna Tools beste h\u00e5ndsag. H\u00e5ndtak laget av BioComp, et smart plastmateriale med innblanding av trefiber som gir styrke og et CO2 avtrykk som reduseres med opp til 60%. Som gripeflate brukes en blanding av naturkork og TPE, som gir et komfortabelt grep uansett v\u00e6r og vind. 3-fastannet sliping gir raske og effektive skj\u00e6r. Overflatelakkert sagblad for minsket friksjon. M\u00e5leskala utmed sagbladet samt vinkelanlegg med 90\u00b0 og 45\u00b0 mot h\u00e5ndtaket. Sagbladet har en skr\u00e5nende spiss for bedre gjennomsaging midt i materialet.\u00a0<\/p>\n","protected":false},"excerpt":{"rendered":"H\u00e5ndsag PRIME. Luna Tools beste h\u00e5ndsag. H\u00e5ndtak laget av BioComp, et smart plastmateriale med innblanding av trefiber som gir styrke og et CO2 avtrykk som reduseres med opp til 60%. Som gripeflate brukes en blanding av naturkork og TPE, som gir et komfortabelt grep uansett v\u00e6r og vind. 3-fastannet sliping gir raske og effektive skj\u00e6r&#8230;. <a class=\"view-article\" href=\"https:\/\/lunatools.com\/no\/product\/handsag-prime-550-11tpi-3fas\/\">View Article<\/a>","protected":false},"featured_media":0,"template":"","meta":{"_acf_changed":false},"product_cat":[635,634],"product_tag":[],"class_list":{"0":"post-65896","1":"product","2":"type-product","3":"status-publish","5":"product_cat-handsager-no","6":"product_cat-sager-no","8":"first","9":"instock","10":"shipping-taxable","11":"product-type-simple"},"acf":[],"yoast_head":"<!-- This site is optimized with the Yoast SEO plugin v23.4 - https:\/\/yoast.com\/wordpress\/plugins\/seo\/ -->\n<title>H\u00c5NDSAG PRIME 550 11TPI 3FAS - Luna tools<\/title>\n<meta name=\"robots\" content=\"index, follow, max-snippet:-1, max-image-preview:large, max-video-preview:-1\" \/>\n<link rel=\"canonical\" href=\"https:\/\/lunatools.com\/no\/product\/handsag-prime-550-11tpi-3fas\/\" \/>\n<meta property=\"og:locale\" content=\"nb_NO\" \/>\n<meta property=\"og:type\" content=\"article\" \/>\n<meta property=\"og:title\" content=\"H\u00c5NDSAG PRIME 550 11TPI 3FAS - Luna tools\" \/>\n<meta property=\"og:description\" content=\"H\u00e5ndsag PRIME. Luna Tools beste h\u00e5ndsag. H\u00e5ndtak laget av BioComp, et smart plastmateriale med innblanding av trefiber som gir styrke og et CO2 avtrykk som reduseres med opp til 60%. Som gripeflate brukes en blanding av naturkork og TPE, som gir et komfortabelt grep uansett v\u00e6r og vind. 3-fastannet sliping gir raske og effektive skj\u00e6r.... View Article\" \/>\n<meta property=\"og:url\" content=\"https:\/\/lunatools.com\/no\/product\/handsag-prime-550-11tpi-3fas\/\" \/>\n<meta property=\"og:site_name\" content=\"Luna tools\" \/>\n<script type=\"application\/ld+json\" class=\"yoast-schema-graph\">{\"@context\":\"https:\/\/schema.org\",\"@graph\":[{\"@type\":\"WebPage\",\"@id\":\"https:\/\/lunatools.com\/no\/product\/handsag-prime-550-11tpi-3fas\/\",\"url\":\"https:\/\/lunatools.com\/no\/product\/handsag-prime-550-11tpi-3fas\/\",\"name\":\"H\u00c5NDSAG PRIME 550 11TPI 3FAS - Luna tools\",\"isPartOf\":{\"@id\":\"https:\/\/lunatools.com\/sv\/#website\"},\"datePublished\":\"2026-04-30T02:20:02+00:00\",\"dateModified\":\"2026-04-30T02:20:02+00:00\",\"breadcrumb\":{\"@id\":\"https:\/\/lunatools.com\/no\/product\/handsag-prime-550-11tpi-3fas\/#breadcrumb\"},\"inLanguage\":\"nb-NO\",\"potentialAction\":[{\"@type\":\"ReadAction\",\"target\":[\"https:\/\/lunatools.com\/no\/product\/handsag-prime-550-11tpi-3fas\/\"]}]},{\"@type\":\"BreadcrumbList\",\"@id\":\"https:\/\/lunatools.com\/no\/product\/handsag-prime-550-11tpi-3fas\/#breadcrumb\",\"itemListElement\":[{\"@type\":\"ListItem\",\"position\":1,\"name\":\"Home\",\"item\":\"https:\/\/lunatools.com\/no\/\"},{\"@type\":\"ListItem\",\"position\":2,\"name\":\"Produkty\",\"item\":\"https:\/\/lunatools.com\/pl\/shop\/\"},{\"@type\":\"ListItem\",\"position\":3,\"name\":\"H\u00c5NDSAG PRIME 550 11TPI 3FAS\"}]},{\"@type\":\"WebSite\",\"@id\":\"https:\/\/lunatools.com\/sv\/#website\",\"url\":\"https:\/\/lunatools.com\/sv\/\",\"name\":\"Luna tools\",\"description\":\"\",\"publisher\":{\"@id\":\"https:\/\/lunatools.com\/sv\/#organization\"},\"potentialAction\":[{\"@type\":\"SearchAction\",\"target\":{\"@type\":\"EntryPoint\",\"urlTemplate\":\"https:\/\/lunatools.com\/sv\/?s={search_term_string}\"},\"query-input\":{\"@type\":\"PropertyValueSpecification\",\"valueRequired\":true,\"valueName\":\"search_term_string\"}}],\"inLanguage\":\"nb-NO\"},{\"@type\":\"Organization\",\"@id\":\"https:\/\/lunatools.com\/sv\/#organization\",\"name\":\"Luna Tools\",\"url\":\"https:\/\/lunatools.com\/sv\/\",\"logo\":{\"@type\":\"ImageObject\",\"inLanguage\":\"nb-NO\",\"@id\":\"https:\/\/lunatools.com\/sv\/#\/schema\/logo\/image\/\",\"url\":\"https:\/\/lunatools.com\/wp-content\/uploads\/2019\/10\/LunaTools-gray-logo.png\",\"contentUrl\":\"https:\/\/lunatools.com\/wp-content\/uploads\/2019\/10\/LunaTools-gray-logo.png\",\"width\":795,\"height\":309,\"caption\":\"Luna Tools\"},\"image\":{\"@id\":\"https:\/\/lunatools.com\/sv\/#\/schema\/logo\/image\/\"}}]}<\/script>\n<!-- \/ Yoast SEO plugin. -->","yoast_head_json":{"title":"H\u00c5NDSAG PRIME 550 11TPI 3FAS - Luna tools","robots":{"index":"index","follow":"follow","max-snippet":"max-snippet:-1","max-image-preview":"max-image-preview:large","max-video-preview":"max-video-preview:-1"},"canonical":"https:\/\/lunatools.com\/no\/product\/handsag-prime-550-11tpi-3fas\/","og_locale":"nb_NO","og_type":"article","og_title":"H\u00c5NDSAG PRIME 550 11TPI 3FAS - Luna tools","og_description":"H\u00e5ndsag PRIME. Luna Tools beste h\u00e5ndsag. H\u00e5ndtak laget av BioComp, et smart plastmateriale med innblanding av trefiber som gir styrke og et CO2 avtrykk som reduseres med opp til 60%. Som gripeflate brukes en blanding av naturkork og TPE, som gir et komfortabelt grep uansett v\u00e6r og vind. 3-fastannet sliping gir raske og effektive skj\u00e6r.... View Article","og_url":"https:\/\/lunatools.com\/no\/product\/handsag-prime-550-11tpi-3fas\/","og_site_name":"Luna tools","schema":{"@context":"https:\/\/schema.org","@graph":[{"@type":"WebPage","@id":"https:\/\/lunatools.com\/no\/product\/handsag-prime-550-11tpi-3fas\/","url":"https:\/\/lunatools.com\/no\/product\/handsag-prime-550-11tpi-3fas\/","name":"H\u00c5NDSAG PRIME 550 11TPI 3FAS - Luna tools","isPartOf":{"@id":"https:\/\/lunatools.com\/sv\/#website"},"datePublished":"2026-04-30T02:20:02+00:00","dateModified":"2026-04-30T02:20:02+00:00","breadcrumb":{"@id":"https:\/\/lunatools.com\/no\/product\/handsag-prime-550-11tpi-3fas\/#breadcrumb"},"inLanguage":"nb-NO","potentialAction":[{"@type":"ReadAction","target":["https:\/\/lunatools.com\/no\/product\/handsag-prime-550-11tpi-3fas\/"]}]},{"@type":"BreadcrumbList","@id":"https:\/\/lunatools.com\/no\/product\/handsag-prime-550-11tpi-3fas\/#breadcrumb","itemListElement":[{"@type":"ListItem","position":1,"name":"Home","item":"https:\/\/lunatools.com\/no\/"},{"@type":"ListItem","position":2,"name":"Produkty","item":"https:\/\/lunatools.com\/pl\/shop\/"},{"@type":"ListItem","position":3,"name":"H\u00c5NDSAG PRIME 550 11TPI 3FAS"}]},{"@type":"WebSite","@id":"https:\/\/lunatools.com\/sv\/#website","url":"https:\/\/lunatools.com\/sv\/","name":"Luna tools","description":"","publisher":{"@id":"https:\/\/lunatools.com\/sv\/#organization"},"potentialAction":[{"@type":"SearchAction","target":{"@type":"EntryPoint","urlTemplate":"https:\/\/lunatools.com\/sv\/?s={search_term_string}"},"query-input":{"@type":"PropertyValueSpecification","valueRequired":true,"valueName":"search_term_string"}}],"inLanguage":"nb-NO"},{"@type":"Organization","@id":"https:\/\/lunatools.com\/sv\/#organization","name":"Luna Tools","url":"https:\/\/lunatools.com\/sv\/","logo":{"@type":"ImageObject","inLanguage":"nb-NO","@id":"https:\/\/lunatools.com\/sv\/#\/schema\/logo\/image\/","url":"https:\/\/lunatools.com\/wp-content\/uploads\/2019\/10\/LunaTools-gray-logo.png","contentUrl":"https:\/\/lunatools.com\/wp-content\/uploads\/2019\/10\/LunaTools-gray-logo.png","width":795,"height":309,"caption":"Luna Tools"},"image":{"@id":"https:\/\/lunatools.com\/sv\/#\/schema\/logo\/image\/"}}]}},"_links":{"self":[{"href":"https:\/\/lunatools.com\/no\/wp-json\/wp\/v2\/product\/65896"}],"collection":[{"href":"https:\/\/lunatools.com\/no\/wp-json\/wp\/v2\/product"}],"about":[{"href":"https:\/\/lunatools.com\/no\/wp-json\/wp\/v2\/types\/product"}],"wp:attachment":[{"href":"https:\/\/lunatools.com\/no\/wp-json\/wp\/v2\/media?parent=65896"}],"wp:term":[{"taxonomy":"product_cat","embeddable":true,"href":"https:\/\/lunatools.com\/no\/wp-json\/wp\/v2\/product_cat?post=65896"},{"taxonomy":"product_tag","embeddable":true,"href":"https:\/\/lunatools.com\/no\/wp-json\/wp\/v2\/product_tag?post=65896"}],"curies":[{"name":"wp","href":"https:\/\/api.w.org\/{rel}","templated":true}]}}