{"id":7341,"date":"2026-04-27T01:00:31","date_gmt":"2026-04-27T01:00:31","guid":{"rendered":"https:\/\/lunatools.com\/product\/bandsagblad-tanns-h-19x4000\/"},"modified":"2026-04-27T01:00:31","modified_gmt":"2026-04-27T01:00:31","slug":"bandsagblad-4000x19x081-6","status":"publish","type":"product","link":"https:\/\/lunatools.com\/no\/product\/bandsagblad-4000x19x081-6\/","title":{"rendered":"B\u00c5NDSAGBLAD 4000X19X0,81 &#8211; 6"},"content":{"rendered":"<p>Tannspissherdet b\u00e5ndsagblad til massivt tre, men ogs\u00e5 for lettere arbeider i myke metaller, sponplater, plast, laminat, b\u00f8r, eik og andre harde treslag. Leveres avrettet, ferdigskj\u00f8tet og slipt. Andre dimensjoner tilbys p\u00e5 foresp\u00f8rsel. OBS: minimumskvantum 5 stk pr dim.<\/p>\n","protected":false},"excerpt":{"rendered":"Tannspissherdet b\u00e5ndsagblad til massivt tre, men ogs\u00e5 for lettere arbeider i myke metaller, sponplater, plast, laminat, b\u00f8r, eik og andre harde treslag. Leveres avrettet, ferdigskj\u00f8tet og slipt. Andre dimensjoner tilbys p\u00e5 foresp\u00f8rsel. OBS: minimumskvantum 5 stk pr dim.","protected":false},"featured_media":52003,"template":"","meta":{"_acf_changed":false},"product_cat":[256,178],"product_tag":[],"class_list":{"0":"post-7341","1":"product","2":"type-product","3":"status-publish","4":"has-post-thumbnail","6":"product_cat-bandsagblad-no","7":"product_cat-sagblad-no","9":"first","10":"instock","11":"shipping-taxable","12":"product-type-simple"},"acf":[],"yoast_head":"<!-- This site is optimized with the Yoast SEO plugin v23.4 - https:\/\/yoast.com\/wordpress\/plugins\/seo\/ -->\n<title>B\u00c5NDSAGBLAD 4000X19X0,81 - 6 - Luna tools<\/title>\n<meta name=\"robots\" content=\"index, follow, max-snippet:-1, max-image-preview:large, max-video-preview:-1\" \/>\n<link rel=\"canonical\" href=\"https:\/\/lunatools.com\/no\/product\/bandsagblad-4000x19x081-6\/\" \/>\n<meta property=\"og:locale\" content=\"nb_NO\" \/>\n<meta property=\"og:type\" content=\"article\" \/>\n<meta property=\"og:title\" content=\"B\u00c5NDSAGBLAD 4000X19X0,81 - 6 - Luna tools\" \/>\n<meta property=\"og:description\" content=\"Tannspissherdet b\u00e5ndsagblad til massivt tre, men ogs\u00e5 for lettere arbeider i myke metaller, sponplater, plast, laminat, b\u00f8r, eik og andre harde treslag. Leveres avrettet, ferdigskj\u00f8tet og slipt. Andre dimensjoner tilbys p\u00e5 foresp\u00f8rsel. OBS: minimumskvantum 5 stk pr dim.\" \/>\n<meta property=\"og:url\" content=\"https:\/\/lunatools.com\/no\/product\/bandsagblad-4000x19x081-6\/\" \/>\n<meta property=\"og:site_name\" content=\"Luna tools\" \/>\n<meta property=\"og:image\" content=\"https:\/\/lunatools.com\/wp-content\/uploads\/2021\/03\/850734-383.jpg\" \/>\n\t<meta property=\"og:image:width\" content=\"1400\" \/>\n\t<meta property=\"og:image:height\" content=\"1054\" \/>\n\t<meta property=\"og:image:type\" content=\"image\/jpeg\" \/>\n<script type=\"application\/ld+json\" class=\"yoast-schema-graph\">{\"@context\":\"https:\/\/schema.org\",\"@graph\":[{\"@type\":\"WebPage\",\"@id\":\"https:\/\/lunatools.com\/no\/product\/bandsagblad-4000x19x081-6\/\",\"url\":\"https:\/\/lunatools.com\/no\/product\/bandsagblad-4000x19x081-6\/\",\"name\":\"B\u00c5NDSAGBLAD 4000X19X0,81 - 6 - Luna tools\",\"isPartOf\":{\"@id\":\"https:\/\/lunatools.com\/sv\/#website\"},\"primaryImageOfPage\":{\"@id\":\"https:\/\/lunatools.com\/no\/product\/bandsagblad-4000x19x081-6\/#primaryimage\"},\"image\":{\"@id\":\"https:\/\/lunatools.com\/no\/product\/bandsagblad-4000x19x081-6\/#primaryimage\"},\"thumbnailUrl\":\"https:\/\/lunatools.com\/wp-content\/uploads\/2021\/03\/850734-383.jpg\",\"datePublished\":\"2026-04-27T01:00:31+00:00\",\"dateModified\":\"2026-04-27T01:00:31+00:00\",\"breadcrumb\":{\"@id\":\"https:\/\/lunatools.com\/no\/product\/bandsagblad-4000x19x081-6\/#breadcrumb\"},\"inLanguage\":\"nb-NO\",\"potentialAction\":[{\"@type\":\"ReadAction\",\"target\":[\"https:\/\/lunatools.com\/no\/product\/bandsagblad-4000x19x081-6\/\"]}]},{\"@type\":\"ImageObject\",\"inLanguage\":\"nb-NO\",\"@id\":\"https:\/\/lunatools.com\/no\/product\/bandsagblad-4000x19x081-6\/#primaryimage\",\"url\":\"https:\/\/lunatools.com\/wp-content\/uploads\/2021\/03\/850734-383.jpg\",\"contentUrl\":\"https:\/\/lunatools.com\/wp-content\/uploads\/2021\/03\/850734-383.jpg\",\"width\":1400,\"height\":1054},{\"@type\":\"BreadcrumbList\",\"@id\":\"https:\/\/lunatools.com\/no\/product\/bandsagblad-4000x19x081-6\/#breadcrumb\",\"itemListElement\":[{\"@type\":\"ListItem\",\"position\":1,\"name\":\"Home\",\"item\":\"https:\/\/lunatools.com\/no\/\"},{\"@type\":\"ListItem\",\"position\":2,\"name\":\"Produkty\",\"item\":\"https:\/\/lunatools.com\/pl\/shop\/\"},{\"@type\":\"ListItem\",\"position\":3,\"name\":\"B\u00c5NDSAGBLAD 4000X19X0,81 &#8211; 6\"}]},{\"@type\":\"WebSite\",\"@id\":\"https:\/\/lunatools.com\/sv\/#website\",\"url\":\"https:\/\/lunatools.com\/sv\/\",\"name\":\"Luna tools\",\"description\":\"\",\"publisher\":{\"@id\":\"https:\/\/lunatools.com\/sv\/#organization\"},\"potentialAction\":[{\"@type\":\"SearchAction\",\"target\":{\"@type\":\"EntryPoint\",\"urlTemplate\":\"https:\/\/lunatools.com\/sv\/?s={search_term_string}\"},\"query-input\":{\"@type\":\"PropertyValueSpecification\",\"valueRequired\":true,\"valueName\":\"search_term_string\"}}],\"inLanguage\":\"nb-NO\"},{\"@type\":\"Organization\",\"@id\":\"https:\/\/lunatools.com\/sv\/#organization\",\"name\":\"Luna Tools\",\"url\":\"https:\/\/lunatools.com\/sv\/\",\"logo\":{\"@type\":\"ImageObject\",\"inLanguage\":\"nb-NO\",\"@id\":\"https:\/\/lunatools.com\/sv\/#\/schema\/logo\/image\/\",\"url\":\"https:\/\/lunatools.com\/wp-content\/uploads\/2019\/10\/LunaTools-gray-logo.png\",\"contentUrl\":\"https:\/\/lunatools.com\/wp-content\/uploads\/2019\/10\/LunaTools-gray-logo.png\",\"width\":795,\"height\":309,\"caption\":\"Luna Tools\"},\"image\":{\"@id\":\"https:\/\/lunatools.com\/sv\/#\/schema\/logo\/image\/\"}}]}<\/script>\n<!-- \/ Yoast SEO plugin. -->","yoast_head_json":{"title":"B\u00c5NDSAGBLAD 4000X19X0,81 - 6 - Luna tools","robots":{"index":"index","follow":"follow","max-snippet":"max-snippet:-1","max-image-preview":"max-image-preview:large","max-video-preview":"max-video-preview:-1"},"canonical":"https:\/\/lunatools.com\/no\/product\/bandsagblad-4000x19x081-6\/","og_locale":"nb_NO","og_type":"article","og_title":"B\u00c5NDSAGBLAD 4000X19X0,81 - 6 - Luna tools","og_description":"Tannspissherdet b\u00e5ndsagblad til massivt tre, men ogs\u00e5 for lettere arbeider i myke metaller, sponplater, plast, laminat, b\u00f8r, eik og andre harde treslag. Leveres avrettet, ferdigskj\u00f8tet og slipt. Andre dimensjoner tilbys p\u00e5 foresp\u00f8rsel. OBS: minimumskvantum 5 stk pr dim.","og_url":"https:\/\/lunatools.com\/no\/product\/bandsagblad-4000x19x081-6\/","og_site_name":"Luna tools","og_image":[{"width":1400,"height":1054,"url":"https:\/\/lunatools.com\/wp-content\/uploads\/2021\/03\/850734-383.jpg","type":"image\/jpeg"}],"schema":{"@context":"https:\/\/schema.org","@graph":[{"@type":"WebPage","@id":"https:\/\/lunatools.com\/no\/product\/bandsagblad-4000x19x081-6\/","url":"https:\/\/lunatools.com\/no\/product\/bandsagblad-4000x19x081-6\/","name":"B\u00c5NDSAGBLAD 4000X19X0,81 - 6 - Luna tools","isPartOf":{"@id":"https:\/\/lunatools.com\/sv\/#website"},"primaryImageOfPage":{"@id":"https:\/\/lunatools.com\/no\/product\/bandsagblad-4000x19x081-6\/#primaryimage"},"image":{"@id":"https:\/\/lunatools.com\/no\/product\/bandsagblad-4000x19x081-6\/#primaryimage"},"thumbnailUrl":"https:\/\/lunatools.com\/wp-content\/uploads\/2021\/03\/850734-383.jpg","datePublished":"2026-04-27T01:00:31+00:00","dateModified":"2026-04-27T01:00:31+00:00","breadcrumb":{"@id":"https:\/\/lunatools.com\/no\/product\/bandsagblad-4000x19x081-6\/#breadcrumb"},"inLanguage":"nb-NO","potentialAction":[{"@type":"ReadAction","target":["https:\/\/lunatools.com\/no\/product\/bandsagblad-4000x19x081-6\/"]}]},{"@type":"ImageObject","inLanguage":"nb-NO","@id":"https:\/\/lunatools.com\/no\/product\/bandsagblad-4000x19x081-6\/#primaryimage","url":"https:\/\/lunatools.com\/wp-content\/uploads\/2021\/03\/850734-383.jpg","contentUrl":"https:\/\/lunatools.com\/wp-content\/uploads\/2021\/03\/850734-383.jpg","width":1400,"height":1054},{"@type":"BreadcrumbList","@id":"https:\/\/lunatools.com\/no\/product\/bandsagblad-4000x19x081-6\/#breadcrumb","itemListElement":[{"@type":"ListItem","position":1,"name":"Home","item":"https:\/\/lunatools.com\/no\/"},{"@type":"ListItem","position":2,"name":"Produkty","item":"https:\/\/lunatools.com\/pl\/shop\/"},{"@type":"ListItem","position":3,"name":"B\u00c5NDSAGBLAD 4000X19X0,81 &#8211; 6"}]},{"@type":"WebSite","@id":"https:\/\/lunatools.com\/sv\/#website","url":"https:\/\/lunatools.com\/sv\/","name":"Luna tools","description":"","publisher":{"@id":"https:\/\/lunatools.com\/sv\/#organization"},"potentialAction":[{"@type":"SearchAction","target":{"@type":"EntryPoint","urlTemplate":"https:\/\/lunatools.com\/sv\/?s={search_term_string}"},"query-input":{"@type":"PropertyValueSpecification","valueRequired":true,"valueName":"search_term_string"}}],"inLanguage":"nb-NO"},{"@type":"Organization","@id":"https:\/\/lunatools.com\/sv\/#organization","name":"Luna Tools","url":"https:\/\/lunatools.com\/sv\/","logo":{"@type":"ImageObject","inLanguage":"nb-NO","@id":"https:\/\/lunatools.com\/sv\/#\/schema\/logo\/image\/","url":"https:\/\/lunatools.com\/wp-content\/uploads\/2019\/10\/LunaTools-gray-logo.png","contentUrl":"https:\/\/lunatools.com\/wp-content\/uploads\/2019\/10\/LunaTools-gray-logo.png","width":795,"height":309,"caption":"Luna Tools"},"image":{"@id":"https:\/\/lunatools.com\/sv\/#\/schema\/logo\/image\/"}}]}},"_links":{"self":[{"href":"https:\/\/lunatools.com\/no\/wp-json\/wp\/v2\/product\/7341"}],"collection":[{"href":"https:\/\/lunatools.com\/no\/wp-json\/wp\/v2\/product"}],"about":[{"href":"https:\/\/lunatools.com\/no\/wp-json\/wp\/v2\/types\/product"}],"wp:featuredmedia":[{"embeddable":true,"href":"https:\/\/lunatools.com\/no\/wp-json\/wp\/v2\/media\/52003"}],"wp:attachment":[{"href":"https:\/\/lunatools.com\/no\/wp-json\/wp\/v2\/media?parent=7341"}],"wp:term":[{"taxonomy":"product_cat","embeddable":true,"href":"https:\/\/lunatools.com\/no\/wp-json\/wp\/v2\/product_cat?post=7341"},{"taxonomy":"product_tag","embeddable":true,"href":"https:\/\/lunatools.com\/no\/wp-json\/wp\/v2\/product_tag?post=7341"}],"curies":[{"name":"wp","href":"https:\/\/api.w.org\/{rel}","templated":true}]}}