{"id":7682,"date":"2020-10-20T09:20:49","date_gmt":"2020-10-20T09:20:49","guid":{"rendered":"https:\/\/lunatools.com\/product\/profilstal-76-2\/"},"modified":"2020-10-20T09:20:49","modified_gmt":"2020-10-20T09:20:49","slug":"profilstal-76","status":"publish","type":"product","link":"https:\/\/lunatools.com\/no\/product\/profilstal-76\/","title":{"rendered":"PROFILST\u00c5L 76"},"content":{"rendered":"<p>Profilst\u00e5l av herdet kullst\u00e5l med h\u00f8yde 40 mm og tykkelse 4 mm. St\u00e5lemne profil 4&#215;40 er et uslipt emne som tillater 40 mm h\u00f8ye og 15 mm dype profiler. Avviserst\u00e5l (S) er et ca 1 mm grundere st\u00e5lpar som sitter bakovervendt i kutteren (til kutteren merket MAN). Dette avviserst\u00e5let minsker faren for hugg og tilbakekast. Kutter MAN er godkjent for manuell mating. Samtlige st\u00e5l leveres i par.<br \/>\nL\u00f8se profilst\u00e5l<\/p>\n","protected":false},"excerpt":{"rendered":"Profilst\u00e5l av herdet kullst\u00e5l med h\u00f8yde 40 mm og tykkelse 4 mm. St\u00e5lemne profil 4&#215;40 er et uslipt emne som tillater 40 mm h\u00f8ye og 15 mm dype profiler. Avviserst\u00e5l (S) er et ca 1 mm grundere st\u00e5lpar som sitter bakovervendt i kutteren (til kutteren merket MAN). Dette avviserst\u00e5let minsker faren for hugg og tilbakekast&#8230;. <a class=\"view-article\" href=\"https:\/\/lunatools.com\/no\/product\/profilstal-76\/\">View Article<\/a>","protected":false},"featured_media":0,"template":"","meta":{"_acf_changed":false},"product_cat":[169,323],"product_tag":[],"class_list":{"0":"post-7682","1":"product","2":"type-product","3":"status-publish","5":"product_cat-freseverktoy-og-hovelstal-no","6":"product_cat-profilstal-og-avviserstal-no","8":"first","9":"instock","10":"shipping-taxable","11":"product-type-simple"},"acf":[],"yoast_head":"<!-- This site is optimized with the Yoast SEO plugin v23.4 - https:\/\/yoast.com\/wordpress\/plugins\/seo\/ -->\n<title>PROFILST\u00c5L 76 - Luna tools<\/title>\n<meta name=\"robots\" content=\"index, follow, max-snippet:-1, max-image-preview:large, max-video-preview:-1\" \/>\n<link rel=\"canonical\" href=\"https:\/\/lunatools.com\/no\/product\/profilstal-76\/\" \/>\n<meta property=\"og:locale\" content=\"nb_NO\" \/>\n<meta property=\"og:type\" content=\"article\" \/>\n<meta property=\"og:title\" content=\"PROFILST\u00c5L 76 - Luna tools\" \/>\n<meta property=\"og:description\" content=\"Profilst\u00e5l av herdet kullst\u00e5l med h\u00f8yde 40 mm og tykkelse 4 mm. St\u00e5lemne profil 4&#215;40 er et uslipt emne som tillater 40 mm h\u00f8ye og 15 mm dype profiler. Avviserst\u00e5l (S) er et ca 1 mm grundere st\u00e5lpar som sitter bakovervendt i kutteren (til kutteren merket MAN). Dette avviserst\u00e5let minsker faren for hugg og tilbakekast.... View Article\" \/>\n<meta property=\"og:url\" content=\"https:\/\/lunatools.com\/no\/product\/profilstal-76\/\" \/>\n<meta property=\"og:site_name\" content=\"Luna tools\" \/>\n<script type=\"application\/ld+json\" class=\"yoast-schema-graph\">{\"@context\":\"https:\/\/schema.org\",\"@graph\":[{\"@type\":\"WebPage\",\"@id\":\"https:\/\/lunatools.com\/no\/product\/profilstal-76\/\",\"url\":\"https:\/\/lunatools.com\/no\/product\/profilstal-76\/\",\"name\":\"PROFILST\u00c5L 76 - Luna tools\",\"isPartOf\":{\"@id\":\"https:\/\/lunatools.com\/sv\/#website\"},\"datePublished\":\"2020-10-20T09:20:49+00:00\",\"dateModified\":\"2020-10-20T09:20:49+00:00\",\"breadcrumb\":{\"@id\":\"https:\/\/lunatools.com\/no\/product\/profilstal-76\/#breadcrumb\"},\"inLanguage\":\"nb-NO\",\"potentialAction\":[{\"@type\":\"ReadAction\",\"target\":[\"https:\/\/lunatools.com\/no\/product\/profilstal-76\/\"]}]},{\"@type\":\"BreadcrumbList\",\"@id\":\"https:\/\/lunatools.com\/no\/product\/profilstal-76\/#breadcrumb\",\"itemListElement\":[{\"@type\":\"ListItem\",\"position\":1,\"name\":\"Home\",\"item\":\"https:\/\/lunatools.com\/no\/\"},{\"@type\":\"ListItem\",\"position\":2,\"name\":\"Produkty\",\"item\":\"https:\/\/lunatools.com\/pl\/shop\/\"},{\"@type\":\"ListItem\",\"position\":3,\"name\":\"PROFILST\u00c5L 76\"}]},{\"@type\":\"WebSite\",\"@id\":\"https:\/\/lunatools.com\/sv\/#website\",\"url\":\"https:\/\/lunatools.com\/sv\/\",\"name\":\"Luna tools\",\"description\":\"\",\"publisher\":{\"@id\":\"https:\/\/lunatools.com\/sv\/#organization\"},\"potentialAction\":[{\"@type\":\"SearchAction\",\"target\":{\"@type\":\"EntryPoint\",\"urlTemplate\":\"https:\/\/lunatools.com\/sv\/?s={search_term_string}\"},\"query-input\":{\"@type\":\"PropertyValueSpecification\",\"valueRequired\":true,\"valueName\":\"search_term_string\"}}],\"inLanguage\":\"nb-NO\"},{\"@type\":\"Organization\",\"@id\":\"https:\/\/lunatools.com\/sv\/#organization\",\"name\":\"Luna Tools\",\"url\":\"https:\/\/lunatools.com\/sv\/\",\"logo\":{\"@type\":\"ImageObject\",\"inLanguage\":\"nb-NO\",\"@id\":\"https:\/\/lunatools.com\/sv\/#\/schema\/logo\/image\/\",\"url\":\"https:\/\/lunatools.com\/wp-content\/uploads\/2019\/10\/LunaTools-gray-logo.png\",\"contentUrl\":\"https:\/\/lunatools.com\/wp-content\/uploads\/2019\/10\/LunaTools-gray-logo.png\",\"width\":795,\"height\":309,\"caption\":\"Luna Tools\"},\"image\":{\"@id\":\"https:\/\/lunatools.com\/sv\/#\/schema\/logo\/image\/\"}}]}<\/script>\n<!-- \/ Yoast SEO plugin. -->","yoast_head_json":{"title":"PROFILST\u00c5L 76 - Luna tools","robots":{"index":"index","follow":"follow","max-snippet":"max-snippet:-1","max-image-preview":"max-image-preview:large","max-video-preview":"max-video-preview:-1"},"canonical":"https:\/\/lunatools.com\/no\/product\/profilstal-76\/","og_locale":"nb_NO","og_type":"article","og_title":"PROFILST\u00c5L 76 - Luna tools","og_description":"Profilst\u00e5l av herdet kullst\u00e5l med h\u00f8yde 40 mm og tykkelse 4 mm. St\u00e5lemne profil 4&#215;40 er et uslipt emne som tillater 40 mm h\u00f8ye og 15 mm dype profiler. Avviserst\u00e5l (S) er et ca 1 mm grundere st\u00e5lpar som sitter bakovervendt i kutteren (til kutteren merket MAN). Dette avviserst\u00e5let minsker faren for hugg og tilbakekast.... View Article","og_url":"https:\/\/lunatools.com\/no\/product\/profilstal-76\/","og_site_name":"Luna tools","schema":{"@context":"https:\/\/schema.org","@graph":[{"@type":"WebPage","@id":"https:\/\/lunatools.com\/no\/product\/profilstal-76\/","url":"https:\/\/lunatools.com\/no\/product\/profilstal-76\/","name":"PROFILST\u00c5L 76 - Luna tools","isPartOf":{"@id":"https:\/\/lunatools.com\/sv\/#website"},"datePublished":"2020-10-20T09:20:49+00:00","dateModified":"2020-10-20T09:20:49+00:00","breadcrumb":{"@id":"https:\/\/lunatools.com\/no\/product\/profilstal-76\/#breadcrumb"},"inLanguage":"nb-NO","potentialAction":[{"@type":"ReadAction","target":["https:\/\/lunatools.com\/no\/product\/profilstal-76\/"]}]},{"@type":"BreadcrumbList","@id":"https:\/\/lunatools.com\/no\/product\/profilstal-76\/#breadcrumb","itemListElement":[{"@type":"ListItem","position":1,"name":"Home","item":"https:\/\/lunatools.com\/no\/"},{"@type":"ListItem","position":2,"name":"Produkty","item":"https:\/\/lunatools.com\/pl\/shop\/"},{"@type":"ListItem","position":3,"name":"PROFILST\u00c5L 76"}]},{"@type":"WebSite","@id":"https:\/\/lunatools.com\/sv\/#website","url":"https:\/\/lunatools.com\/sv\/","name":"Luna tools","description":"","publisher":{"@id":"https:\/\/lunatools.com\/sv\/#organization"},"potentialAction":[{"@type":"SearchAction","target":{"@type":"EntryPoint","urlTemplate":"https:\/\/lunatools.com\/sv\/?s={search_term_string}"},"query-input":{"@type":"PropertyValueSpecification","valueRequired":true,"valueName":"search_term_string"}}],"inLanguage":"nb-NO"},{"@type":"Organization","@id":"https:\/\/lunatools.com\/sv\/#organization","name":"Luna Tools","url":"https:\/\/lunatools.com\/sv\/","logo":{"@type":"ImageObject","inLanguage":"nb-NO","@id":"https:\/\/lunatools.com\/sv\/#\/schema\/logo\/image\/","url":"https:\/\/lunatools.com\/wp-content\/uploads\/2019\/10\/LunaTools-gray-logo.png","contentUrl":"https:\/\/lunatools.com\/wp-content\/uploads\/2019\/10\/LunaTools-gray-logo.png","width":795,"height":309,"caption":"Luna Tools"},"image":{"@id":"https:\/\/lunatools.com\/sv\/#\/schema\/logo\/image\/"}}]}},"_links":{"self":[{"href":"https:\/\/lunatools.com\/no\/wp-json\/wp\/v2\/product\/7682"}],"collection":[{"href":"https:\/\/lunatools.com\/no\/wp-json\/wp\/v2\/product"}],"about":[{"href":"https:\/\/lunatools.com\/no\/wp-json\/wp\/v2\/types\/product"}],"wp:attachment":[{"href":"https:\/\/lunatools.com\/no\/wp-json\/wp\/v2\/media?parent=7682"}],"wp:term":[{"taxonomy":"product_cat","embeddable":true,"href":"https:\/\/lunatools.com\/no\/wp-json\/wp\/v2\/product_cat?post=7682"},{"taxonomy":"product_tag","embeddable":true,"href":"https:\/\/lunatools.com\/no\/wp-json\/wp\/v2\/product_tag?post=7682"}],"curies":[{"name":"wp","href":"https:\/\/api.w.org\/{rel}","templated":true}]}}