{"id":8357,"date":"2023-03-05T01:40:04","date_gmt":"2023-03-05T01:40:04","guid":{"rendered":"https:\/\/lunatools.com\/product\/luna-go-verktoyholder-mb1c\/"},"modified":"2023-03-05T01:40:04","modified_gmt":"2023-03-05T01:40:04","slug":"bitssett-luna-go-mb1c","status":"publish","type":"product","link":"https:\/\/lunatools.com\/no\/product\/bitssett-luna-go-mb1c\/","title":{"rendered":"BITSSETT LUNA GO MB1C"},"content":{"rendered":"<p>Luna GO verkt\u00f8yholdersystem med 4 deler bitssett, med belteklips. Verkt\u00f8yholderen har plass for ett toppmontert og fire hengende verkt\u00f8y i et unikt opphengssystem, med magnetl\u00e5sing. For en rask og smidig h\u00e5ndtering og god oppbevaring av verkt\u00f8y med 1\/4&raquo; sekskantfeste. Verkt\u00f8yholderen er leddet og kan enkelt monteres og tas av fra belteklipset for bedre ergonomi og sikrere bruk.<\/p>\n","protected":false},"excerpt":{"rendered":"Luna GO verkt\u00f8yholdersystem med 4 deler bitssett, med belteklips. Verkt\u00f8yholderen har plass for ett toppmontert og fire hengende verkt\u00f8y i et unikt opphengssystem, med magnetl\u00e5sing. For en rask og smidig h\u00e5ndtering og god oppbevaring av verkt\u00f8y med 1\/4&raquo; sekskantfeste. Verkt\u00f8yholderen er leddet og kan enkelt monteres og tas av fra belteklipset for bedre ergonomi og&#8230; <a class=\"view-article\" href=\"https:\/\/lunatools.com\/no\/product\/bitssett-luna-go-mb1c\/\">View Article<\/a>","protected":false},"featured_media":0,"template":"","meta":{"_acf_changed":false},"product_cat":[182,191],"product_tag":[],"class_list":{"0":"post-8357","1":"product","2":"type-product","3":"status-publish","5":"product_cat-bits-no","6":"product_cat-bitssett-no","8":"first","9":"instock","10":"shipping-taxable","11":"product-type-simple"},"acf":[],"yoast_head":"<!-- This site is optimized with the Yoast SEO plugin v23.4 - https:\/\/yoast.com\/wordpress\/plugins\/seo\/ -->\n<title>BITSSETT LUNA GO MB1C - Luna tools<\/title>\n<meta name=\"robots\" content=\"index, follow, max-snippet:-1, max-image-preview:large, max-video-preview:-1\" \/>\n<link rel=\"canonical\" href=\"https:\/\/lunatools.com\/no\/product\/bitssett-luna-go-mb1c\/\" \/>\n<meta property=\"og:locale\" content=\"nb_NO\" \/>\n<meta property=\"og:type\" content=\"article\" \/>\n<meta property=\"og:title\" content=\"BITSSETT LUNA GO MB1C - Luna tools\" \/>\n<meta property=\"og:description\" content=\"Luna GO verkt\u00f8yholdersystem med 4 deler bitssett, med belteklips. Verkt\u00f8yholderen har plass for ett toppmontert og fire hengende verkt\u00f8y i et unikt opphengssystem, med magnetl\u00e5sing. For en rask og smidig h\u00e5ndtering og god oppbevaring av verkt\u00f8y med 1\/4&raquo; sekskantfeste. Verkt\u00f8yholderen er leddet og kan enkelt monteres og tas av fra belteklipset for bedre ergonomi og... View Article\" \/>\n<meta property=\"og:url\" content=\"https:\/\/lunatools.com\/no\/product\/bitssett-luna-go-mb1c\/\" \/>\n<meta property=\"og:site_name\" content=\"Luna tools\" \/>\n<script type=\"application\/ld+json\" class=\"yoast-schema-graph\">{\"@context\":\"https:\/\/schema.org\",\"@graph\":[{\"@type\":\"WebPage\",\"@id\":\"https:\/\/lunatools.com\/no\/product\/bitssett-luna-go-mb1c\/\",\"url\":\"https:\/\/lunatools.com\/no\/product\/bitssett-luna-go-mb1c\/\",\"name\":\"BITSSETT LUNA GO MB1C - Luna tools\",\"isPartOf\":{\"@id\":\"https:\/\/lunatools.com\/sv\/#website\"},\"datePublished\":\"2023-03-05T01:40:04+00:00\",\"dateModified\":\"2023-03-05T01:40:04+00:00\",\"breadcrumb\":{\"@id\":\"https:\/\/lunatools.com\/no\/product\/bitssett-luna-go-mb1c\/#breadcrumb\"},\"inLanguage\":\"nb-NO\",\"potentialAction\":[{\"@type\":\"ReadAction\",\"target\":[\"https:\/\/lunatools.com\/no\/product\/bitssett-luna-go-mb1c\/\"]}]},{\"@type\":\"BreadcrumbList\",\"@id\":\"https:\/\/lunatools.com\/no\/product\/bitssett-luna-go-mb1c\/#breadcrumb\",\"itemListElement\":[{\"@type\":\"ListItem\",\"position\":1,\"name\":\"Home\",\"item\":\"https:\/\/lunatools.com\/no\/\"},{\"@type\":\"ListItem\",\"position\":2,\"name\":\"Produkty\",\"item\":\"https:\/\/lunatools.com\/pl\/shop\/\"},{\"@type\":\"ListItem\",\"position\":3,\"name\":\"BITSSETT LUNA GO MB1C\"}]},{\"@type\":\"WebSite\",\"@id\":\"https:\/\/lunatools.com\/sv\/#website\",\"url\":\"https:\/\/lunatools.com\/sv\/\",\"name\":\"Luna tools\",\"description\":\"\",\"publisher\":{\"@id\":\"https:\/\/lunatools.com\/sv\/#organization\"},\"potentialAction\":[{\"@type\":\"SearchAction\",\"target\":{\"@type\":\"EntryPoint\",\"urlTemplate\":\"https:\/\/lunatools.com\/sv\/?s={search_term_string}\"},\"query-input\":{\"@type\":\"PropertyValueSpecification\",\"valueRequired\":true,\"valueName\":\"search_term_string\"}}],\"inLanguage\":\"nb-NO\"},{\"@type\":\"Organization\",\"@id\":\"https:\/\/lunatools.com\/sv\/#organization\",\"name\":\"Luna Tools\",\"url\":\"https:\/\/lunatools.com\/sv\/\",\"logo\":{\"@type\":\"ImageObject\",\"inLanguage\":\"nb-NO\",\"@id\":\"https:\/\/lunatools.com\/sv\/#\/schema\/logo\/image\/\",\"url\":\"https:\/\/lunatools.com\/wp-content\/uploads\/2019\/10\/LunaTools-gray-logo.png\",\"contentUrl\":\"https:\/\/lunatools.com\/wp-content\/uploads\/2019\/10\/LunaTools-gray-logo.png\",\"width\":795,\"height\":309,\"caption\":\"Luna Tools\"},\"image\":{\"@id\":\"https:\/\/lunatools.com\/sv\/#\/schema\/logo\/image\/\"}}]}<\/script>\n<!-- \/ Yoast SEO plugin. -->","yoast_head_json":{"title":"BITSSETT LUNA GO MB1C - Luna tools","robots":{"index":"index","follow":"follow","max-snippet":"max-snippet:-1","max-image-preview":"max-image-preview:large","max-video-preview":"max-video-preview:-1"},"canonical":"https:\/\/lunatools.com\/no\/product\/bitssett-luna-go-mb1c\/","og_locale":"nb_NO","og_type":"article","og_title":"BITSSETT LUNA GO MB1C - Luna tools","og_description":"Luna GO verkt\u00f8yholdersystem med 4 deler bitssett, med belteklips. Verkt\u00f8yholderen har plass for ett toppmontert og fire hengende verkt\u00f8y i et unikt opphengssystem, med magnetl\u00e5sing. For en rask og smidig h\u00e5ndtering og god oppbevaring av verkt\u00f8y med 1\/4&raquo; sekskantfeste. Verkt\u00f8yholderen er leddet og kan enkelt monteres og tas av fra belteklipset for bedre ergonomi og... View Article","og_url":"https:\/\/lunatools.com\/no\/product\/bitssett-luna-go-mb1c\/","og_site_name":"Luna tools","schema":{"@context":"https:\/\/schema.org","@graph":[{"@type":"WebPage","@id":"https:\/\/lunatools.com\/no\/product\/bitssett-luna-go-mb1c\/","url":"https:\/\/lunatools.com\/no\/product\/bitssett-luna-go-mb1c\/","name":"BITSSETT LUNA GO MB1C - Luna tools","isPartOf":{"@id":"https:\/\/lunatools.com\/sv\/#website"},"datePublished":"2023-03-05T01:40:04+00:00","dateModified":"2023-03-05T01:40:04+00:00","breadcrumb":{"@id":"https:\/\/lunatools.com\/no\/product\/bitssett-luna-go-mb1c\/#breadcrumb"},"inLanguage":"nb-NO","potentialAction":[{"@type":"ReadAction","target":["https:\/\/lunatools.com\/no\/product\/bitssett-luna-go-mb1c\/"]}]},{"@type":"BreadcrumbList","@id":"https:\/\/lunatools.com\/no\/product\/bitssett-luna-go-mb1c\/#breadcrumb","itemListElement":[{"@type":"ListItem","position":1,"name":"Home","item":"https:\/\/lunatools.com\/no\/"},{"@type":"ListItem","position":2,"name":"Produkty","item":"https:\/\/lunatools.com\/pl\/shop\/"},{"@type":"ListItem","position":3,"name":"BITSSETT LUNA GO MB1C"}]},{"@type":"WebSite","@id":"https:\/\/lunatools.com\/sv\/#website","url":"https:\/\/lunatools.com\/sv\/","name":"Luna tools","description":"","publisher":{"@id":"https:\/\/lunatools.com\/sv\/#organization"},"potentialAction":[{"@type":"SearchAction","target":{"@type":"EntryPoint","urlTemplate":"https:\/\/lunatools.com\/sv\/?s={search_term_string}"},"query-input":{"@type":"PropertyValueSpecification","valueRequired":true,"valueName":"search_term_string"}}],"inLanguage":"nb-NO"},{"@type":"Organization","@id":"https:\/\/lunatools.com\/sv\/#organization","name":"Luna Tools","url":"https:\/\/lunatools.com\/sv\/","logo":{"@type":"ImageObject","inLanguage":"nb-NO","@id":"https:\/\/lunatools.com\/sv\/#\/schema\/logo\/image\/","url":"https:\/\/lunatools.com\/wp-content\/uploads\/2019\/10\/LunaTools-gray-logo.png","contentUrl":"https:\/\/lunatools.com\/wp-content\/uploads\/2019\/10\/LunaTools-gray-logo.png","width":795,"height":309,"caption":"Luna Tools"},"image":{"@id":"https:\/\/lunatools.com\/sv\/#\/schema\/logo\/image\/"}}]}},"_links":{"self":[{"href":"https:\/\/lunatools.com\/no\/wp-json\/wp\/v2\/product\/8357"}],"collection":[{"href":"https:\/\/lunatools.com\/no\/wp-json\/wp\/v2\/product"}],"about":[{"href":"https:\/\/lunatools.com\/no\/wp-json\/wp\/v2\/types\/product"}],"wp:attachment":[{"href":"https:\/\/lunatools.com\/no\/wp-json\/wp\/v2\/media?parent=8357"}],"wp:term":[{"taxonomy":"product_cat","embeddable":true,"href":"https:\/\/lunatools.com\/no\/wp-json\/wp\/v2\/product_cat?post=8357"},{"taxonomy":"product_tag","embeddable":true,"href":"https:\/\/lunatools.com\/no\/wp-json\/wp\/v2\/product_tag?post=8357"}],"curies":[{"name":"wp","href":"https:\/\/api.w.org\/{rel}","templated":true}]}}