{"id":8724,"date":"2026-04-19T01:20:25","date_gmt":"2026-04-19T01:20:25","guid":{"rendered":"https:\/\/lunatools.com\/product\/tigersagblad-hm-dem150x20x1-75\/"},"modified":"2026-04-19T01:20:25","modified_gmt":"2026-04-19T01:20:25","slug":"tigersagblad-hm-dem150x20x1-75","status":"publish","type":"product","link":"https:\/\/lunatools.com\/no\/product\/tigersagblad-hm-dem150x20x1-75\/","title":{"rendered":"TIGERSAGBLAD HM DEM150X20X1.75"},"content":{"rendered":"<p>Demolition. Sagblad med hardmetalltenner for elektriske tigersager. Hardmetalltenner for lang levetid og saging av de hardeste materialer. Individuelt slipte tenner for h\u00f8y fleksibilitet og skj\u00e6reevne for de aller t\u00f8ffeste rivningsarbeider og redningsarbeider. Ekstra tykt for optimal stabilitet. Egnet for bearbeiding av tre med spiker, metallprofiler, plast og laminert glass. Leveres i forpakning med 1 blad.<\/p>\n","protected":false},"excerpt":{"rendered":"Demolition. Sagblad med hardmetalltenner for elektriske tigersager. Hardmetalltenner for lang levetid og saging av de hardeste materialer. Individuelt slipte tenner for h\u00f8y fleksibilitet og skj\u00e6reevne for de aller t\u00f8ffeste rivningsarbeider og redningsarbeider. Ekstra tykt for optimal stabilitet. Egnet for bearbeiding av tre med spiker, metallprofiler, plast og laminert glass. Leveres i forpakning med 1 blad.","protected":false},"featured_media":0,"template":"","meta":{"_acf_changed":false},"product_cat":[178,258],"product_tag":[],"class_list":{"0":"post-8724","1":"product","2":"type-product","3":"status-publish","5":"product_cat-sagblad-no","6":"product_cat-tigersagblad-no","8":"first","9":"instock","10":"shipping-taxable","11":"product-type-simple"},"acf":[],"yoast_head":"<!-- This site is optimized with the Yoast SEO plugin v23.4 - https:\/\/yoast.com\/wordpress\/plugins\/seo\/ -->\n<title>TIGERSAGBLAD HM DEM150X20X1.75 - Luna tools<\/title>\n<meta name=\"robots\" content=\"index, follow, max-snippet:-1, max-image-preview:large, max-video-preview:-1\" \/>\n<link rel=\"canonical\" href=\"https:\/\/lunatools.com\/no\/product\/tigersagblad-hm-dem150x20x1-75\/\" \/>\n<meta property=\"og:locale\" content=\"nb_NO\" \/>\n<meta property=\"og:type\" content=\"article\" \/>\n<meta property=\"og:title\" content=\"TIGERSAGBLAD HM DEM150X20X1.75 - Luna tools\" \/>\n<meta property=\"og:description\" content=\"Demolition. Sagblad med hardmetalltenner for elektriske tigersager. Hardmetalltenner for lang levetid og saging av de hardeste materialer. Individuelt slipte tenner for h\u00f8y fleksibilitet og skj\u00e6reevne for de aller t\u00f8ffeste rivningsarbeider og redningsarbeider. Ekstra tykt for optimal stabilitet. Egnet for bearbeiding av tre med spiker, metallprofiler, plast og laminert glass. Leveres i forpakning med 1 blad.\" \/>\n<meta property=\"og:url\" content=\"https:\/\/lunatools.com\/no\/product\/tigersagblad-hm-dem150x20x1-75\/\" \/>\n<meta property=\"og:site_name\" content=\"Luna tools\" \/>\n<script type=\"application\/ld+json\" class=\"yoast-schema-graph\">{\"@context\":\"https:\/\/schema.org\",\"@graph\":[{\"@type\":\"WebPage\",\"@id\":\"https:\/\/lunatools.com\/no\/product\/tigersagblad-hm-dem150x20x1-75\/\",\"url\":\"https:\/\/lunatools.com\/no\/product\/tigersagblad-hm-dem150x20x1-75\/\",\"name\":\"TIGERSAGBLAD HM DEM150X20X1.75 - Luna tools\",\"isPartOf\":{\"@id\":\"https:\/\/lunatools.com\/sv\/#website\"},\"datePublished\":\"2026-04-19T01:20:25+00:00\",\"dateModified\":\"2026-04-19T01:20:25+00:00\",\"breadcrumb\":{\"@id\":\"https:\/\/lunatools.com\/no\/product\/tigersagblad-hm-dem150x20x1-75\/#breadcrumb\"},\"inLanguage\":\"nb-NO\",\"potentialAction\":[{\"@type\":\"ReadAction\",\"target\":[\"https:\/\/lunatools.com\/no\/product\/tigersagblad-hm-dem150x20x1-75\/\"]}]},{\"@type\":\"BreadcrumbList\",\"@id\":\"https:\/\/lunatools.com\/no\/product\/tigersagblad-hm-dem150x20x1-75\/#breadcrumb\",\"itemListElement\":[{\"@type\":\"ListItem\",\"position\":1,\"name\":\"Home\",\"item\":\"https:\/\/lunatools.com\/no\/\"},{\"@type\":\"ListItem\",\"position\":2,\"name\":\"Produkty\",\"item\":\"https:\/\/lunatools.com\/pl\/shop\/\"},{\"@type\":\"ListItem\",\"position\":3,\"name\":\"TIGERSAGBLAD HM DEM150X20X1.75\"}]},{\"@type\":\"WebSite\",\"@id\":\"https:\/\/lunatools.com\/sv\/#website\",\"url\":\"https:\/\/lunatools.com\/sv\/\",\"name\":\"Luna tools\",\"description\":\"\",\"publisher\":{\"@id\":\"https:\/\/lunatools.com\/sv\/#organization\"},\"potentialAction\":[{\"@type\":\"SearchAction\",\"target\":{\"@type\":\"EntryPoint\",\"urlTemplate\":\"https:\/\/lunatools.com\/sv\/?s={search_term_string}\"},\"query-input\":{\"@type\":\"PropertyValueSpecification\",\"valueRequired\":true,\"valueName\":\"search_term_string\"}}],\"inLanguage\":\"nb-NO\"},{\"@type\":\"Organization\",\"@id\":\"https:\/\/lunatools.com\/sv\/#organization\",\"name\":\"Luna Tools\",\"url\":\"https:\/\/lunatools.com\/sv\/\",\"logo\":{\"@type\":\"ImageObject\",\"inLanguage\":\"nb-NO\",\"@id\":\"https:\/\/lunatools.com\/sv\/#\/schema\/logo\/image\/\",\"url\":\"https:\/\/lunatools.com\/wp-content\/uploads\/2019\/10\/LunaTools-gray-logo.png\",\"contentUrl\":\"https:\/\/lunatools.com\/wp-content\/uploads\/2019\/10\/LunaTools-gray-logo.png\",\"width\":795,\"height\":309,\"caption\":\"Luna Tools\"},\"image\":{\"@id\":\"https:\/\/lunatools.com\/sv\/#\/schema\/logo\/image\/\"}}]}<\/script>\n<!-- \/ Yoast SEO plugin. -->","yoast_head_json":{"title":"TIGERSAGBLAD HM DEM150X20X1.75 - Luna tools","robots":{"index":"index","follow":"follow","max-snippet":"max-snippet:-1","max-image-preview":"max-image-preview:large","max-video-preview":"max-video-preview:-1"},"canonical":"https:\/\/lunatools.com\/no\/product\/tigersagblad-hm-dem150x20x1-75\/","og_locale":"nb_NO","og_type":"article","og_title":"TIGERSAGBLAD HM DEM150X20X1.75 - Luna tools","og_description":"Demolition. Sagblad med hardmetalltenner for elektriske tigersager. Hardmetalltenner for lang levetid og saging av de hardeste materialer. Individuelt slipte tenner for h\u00f8y fleksibilitet og skj\u00e6reevne for de aller t\u00f8ffeste rivningsarbeider og redningsarbeider. Ekstra tykt for optimal stabilitet. Egnet for bearbeiding av tre med spiker, metallprofiler, plast og laminert glass. Leveres i forpakning med 1 blad.","og_url":"https:\/\/lunatools.com\/no\/product\/tigersagblad-hm-dem150x20x1-75\/","og_site_name":"Luna tools","schema":{"@context":"https:\/\/schema.org","@graph":[{"@type":"WebPage","@id":"https:\/\/lunatools.com\/no\/product\/tigersagblad-hm-dem150x20x1-75\/","url":"https:\/\/lunatools.com\/no\/product\/tigersagblad-hm-dem150x20x1-75\/","name":"TIGERSAGBLAD HM DEM150X20X1.75 - Luna tools","isPartOf":{"@id":"https:\/\/lunatools.com\/sv\/#website"},"datePublished":"2026-04-19T01:20:25+00:00","dateModified":"2026-04-19T01:20:25+00:00","breadcrumb":{"@id":"https:\/\/lunatools.com\/no\/product\/tigersagblad-hm-dem150x20x1-75\/#breadcrumb"},"inLanguage":"nb-NO","potentialAction":[{"@type":"ReadAction","target":["https:\/\/lunatools.com\/no\/product\/tigersagblad-hm-dem150x20x1-75\/"]}]},{"@type":"BreadcrumbList","@id":"https:\/\/lunatools.com\/no\/product\/tigersagblad-hm-dem150x20x1-75\/#breadcrumb","itemListElement":[{"@type":"ListItem","position":1,"name":"Home","item":"https:\/\/lunatools.com\/no\/"},{"@type":"ListItem","position":2,"name":"Produkty","item":"https:\/\/lunatools.com\/pl\/shop\/"},{"@type":"ListItem","position":3,"name":"TIGERSAGBLAD HM DEM150X20X1.75"}]},{"@type":"WebSite","@id":"https:\/\/lunatools.com\/sv\/#website","url":"https:\/\/lunatools.com\/sv\/","name":"Luna tools","description":"","publisher":{"@id":"https:\/\/lunatools.com\/sv\/#organization"},"potentialAction":[{"@type":"SearchAction","target":{"@type":"EntryPoint","urlTemplate":"https:\/\/lunatools.com\/sv\/?s={search_term_string}"},"query-input":{"@type":"PropertyValueSpecification","valueRequired":true,"valueName":"search_term_string"}}],"inLanguage":"nb-NO"},{"@type":"Organization","@id":"https:\/\/lunatools.com\/sv\/#organization","name":"Luna Tools","url":"https:\/\/lunatools.com\/sv\/","logo":{"@type":"ImageObject","inLanguage":"nb-NO","@id":"https:\/\/lunatools.com\/sv\/#\/schema\/logo\/image\/","url":"https:\/\/lunatools.com\/wp-content\/uploads\/2019\/10\/LunaTools-gray-logo.png","contentUrl":"https:\/\/lunatools.com\/wp-content\/uploads\/2019\/10\/LunaTools-gray-logo.png","width":795,"height":309,"caption":"Luna Tools"},"image":{"@id":"https:\/\/lunatools.com\/sv\/#\/schema\/logo\/image\/"}}]}},"_links":{"self":[{"href":"https:\/\/lunatools.com\/no\/wp-json\/wp\/v2\/product\/8724"}],"collection":[{"href":"https:\/\/lunatools.com\/no\/wp-json\/wp\/v2\/product"}],"about":[{"href":"https:\/\/lunatools.com\/no\/wp-json\/wp\/v2\/types\/product"}],"wp:attachment":[{"href":"https:\/\/lunatools.com\/no\/wp-json\/wp\/v2\/media?parent=8724"}],"wp:term":[{"taxonomy":"product_cat","embeddable":true,"href":"https:\/\/lunatools.com\/no\/wp-json\/wp\/v2\/product_cat?post=8724"},{"taxonomy":"product_tag","embeddable":true,"href":"https:\/\/lunatools.com\/no\/wp-json\/wp\/v2\/product_tag?post=8724"}],"curies":[{"name":"wp","href":"https:\/\/api.w.org\/{rel}","templated":true}]}}