{"id":8944,"date":"2026-05-12T01:25:19","date_gmt":"2026-05-12T01:25:19","guid":{"rendered":"https:\/\/lunatools.com\/product\/diamantbor-57mm-m14-feste\/"},"modified":"2026-05-12T01:25:19","modified_gmt":"2026-05-12T01:25:19","slug":"diamantbor-57mm-m14-feste","status":"publish","type":"product","link":"https:\/\/lunatools.com\/no\/product\/diamantbor-57mm-m14-feste\/","title":{"rendered":"DIAMANTBOR 57MM M14 FESTE"},"content":{"rendered":"<p>Diamantbor for t\u00f8rrboring, beregnet for vinkelsliper med M14 feste. For boring i fliser, klinker, steinplater, granitt, keramiske plater, marmor m.m. De sm\u00e5 borene opp til st\u00f8rrelse 25 mm kj\u00f8les i vann etter hvert hull. De store borene trenger ikke \u00e5 kj\u00f8les.<br \/>\nStart vinkelsliperen og sett borene skr\u00e5tt mot platen. N\u00e5r borene har f\u00e5tt feste, f\u00f8r maskinen i sirkulerende bevegelser. Bevegelsen er viktig for at borrest\u00f8vet skal forsvinne, noe som senker arbeidstemperaturen. Ved korrekt bruk holder de mindre borene med diameter opp til 25 mm opptil 35 hull, og de st\u00f8rre st\u00f8rrelsene opptil 100 hull.<\/p>\n","protected":false},"excerpt":{"rendered":"Diamantbor for t\u00f8rrboring, beregnet for vinkelsliper med M14 feste. For boring i fliser, klinker, steinplater, granitt, keramiske plater, marmor m.m. De sm\u00e5 borene opp til st\u00f8rrelse 25 mm kj\u00f8les i vann etter hvert hull. De store borene trenger ikke \u00e5 kj\u00f8les. Start vinkelsliperen og sett borene skr\u00e5tt mot platen. N\u00e5r borene har f\u00e5tt feste, f\u00f8r&#8230; <a class=\"view-article\" href=\"https:\/\/lunatools.com\/no\/product\/diamantbor-57mm-m14-feste\/\">View Article<\/a>","protected":false},"featured_media":0,"template":"","meta":{"_acf_changed":false},"product_cat":[174,362],"product_tag":[],"class_list":{"0":"post-8944","1":"product","2":"type-product","3":"status-publish","5":"product_cat-bor-no","6":"product_cat-diamantbor-no","8":"first","9":"instock","10":"shipping-taxable","11":"product-type-simple"},"acf":[],"yoast_head":"<!-- This site is optimized with the Yoast SEO plugin v23.4 - https:\/\/yoast.com\/wordpress\/plugins\/seo\/ -->\n<title>DIAMANTBOR 57MM M14 FESTE - Luna tools<\/title>\n<meta name=\"robots\" content=\"index, follow, max-snippet:-1, max-image-preview:large, max-video-preview:-1\" \/>\n<link rel=\"canonical\" href=\"https:\/\/lunatools.com\/no\/product\/diamantbor-57mm-m14-feste\/\" \/>\n<meta property=\"og:locale\" content=\"nb_NO\" \/>\n<meta property=\"og:type\" content=\"article\" \/>\n<meta property=\"og:title\" content=\"DIAMANTBOR 57MM M14 FESTE - Luna tools\" \/>\n<meta property=\"og:description\" content=\"Diamantbor for t\u00f8rrboring, beregnet for vinkelsliper med M14 feste. For boring i fliser, klinker, steinplater, granitt, keramiske plater, marmor m.m. De sm\u00e5 borene opp til st\u00f8rrelse 25 mm kj\u00f8les i vann etter hvert hull. De store borene trenger ikke \u00e5 kj\u00f8les. Start vinkelsliperen og sett borene skr\u00e5tt mot platen. N\u00e5r borene har f\u00e5tt feste, f\u00f8r... View Article\" \/>\n<meta property=\"og:url\" content=\"https:\/\/lunatools.com\/no\/product\/diamantbor-57mm-m14-feste\/\" \/>\n<meta property=\"og:site_name\" content=\"Luna tools\" \/>\n<meta name=\"twitter:label1\" content=\"Ansl. lesetid\" \/>\n\t<meta name=\"twitter:data1\" content=\"1 minutt\" \/>\n<script type=\"application\/ld+json\" class=\"yoast-schema-graph\">{\"@context\":\"https:\/\/schema.org\",\"@graph\":[{\"@type\":\"WebPage\",\"@id\":\"https:\/\/lunatools.com\/no\/product\/diamantbor-57mm-m14-feste\/\",\"url\":\"https:\/\/lunatools.com\/no\/product\/diamantbor-57mm-m14-feste\/\",\"name\":\"DIAMANTBOR 57MM M14 FESTE - Luna tools\",\"isPartOf\":{\"@id\":\"https:\/\/lunatools.com\/sv\/#website\"},\"datePublished\":\"2026-05-12T01:25:19+00:00\",\"dateModified\":\"2026-05-12T01:25:19+00:00\",\"breadcrumb\":{\"@id\":\"https:\/\/lunatools.com\/no\/product\/diamantbor-57mm-m14-feste\/#breadcrumb\"},\"inLanguage\":\"nb-NO\",\"potentialAction\":[{\"@type\":\"ReadAction\",\"target\":[\"https:\/\/lunatools.com\/no\/product\/diamantbor-57mm-m14-feste\/\"]}]},{\"@type\":\"BreadcrumbList\",\"@id\":\"https:\/\/lunatools.com\/no\/product\/diamantbor-57mm-m14-feste\/#breadcrumb\",\"itemListElement\":[{\"@type\":\"ListItem\",\"position\":1,\"name\":\"Home\",\"item\":\"https:\/\/lunatools.com\/no\/\"},{\"@type\":\"ListItem\",\"position\":2,\"name\":\"Produkty\",\"item\":\"https:\/\/lunatools.com\/pl\/shop\/\"},{\"@type\":\"ListItem\",\"position\":3,\"name\":\"DIAMANTBOR 57MM M14 FESTE\"}]},{\"@type\":\"WebSite\",\"@id\":\"https:\/\/lunatools.com\/sv\/#website\",\"url\":\"https:\/\/lunatools.com\/sv\/\",\"name\":\"Luna tools\",\"description\":\"\",\"publisher\":{\"@id\":\"https:\/\/lunatools.com\/sv\/#organization\"},\"potentialAction\":[{\"@type\":\"SearchAction\",\"target\":{\"@type\":\"EntryPoint\",\"urlTemplate\":\"https:\/\/lunatools.com\/sv\/?s={search_term_string}\"},\"query-input\":{\"@type\":\"PropertyValueSpecification\",\"valueRequired\":true,\"valueName\":\"search_term_string\"}}],\"inLanguage\":\"nb-NO\"},{\"@type\":\"Organization\",\"@id\":\"https:\/\/lunatools.com\/sv\/#organization\",\"name\":\"Luna Tools\",\"url\":\"https:\/\/lunatools.com\/sv\/\",\"logo\":{\"@type\":\"ImageObject\",\"inLanguage\":\"nb-NO\",\"@id\":\"https:\/\/lunatools.com\/sv\/#\/schema\/logo\/image\/\",\"url\":\"https:\/\/lunatools.com\/wp-content\/uploads\/2019\/10\/LunaTools-gray-logo.png\",\"contentUrl\":\"https:\/\/lunatools.com\/wp-content\/uploads\/2019\/10\/LunaTools-gray-logo.png\",\"width\":795,\"height\":309,\"caption\":\"Luna Tools\"},\"image\":{\"@id\":\"https:\/\/lunatools.com\/sv\/#\/schema\/logo\/image\/\"}}]}<\/script>\n<!-- \/ Yoast SEO plugin. -->","yoast_head_json":{"title":"DIAMANTBOR 57MM M14 FESTE - Luna tools","robots":{"index":"index","follow":"follow","max-snippet":"max-snippet:-1","max-image-preview":"max-image-preview:large","max-video-preview":"max-video-preview:-1"},"canonical":"https:\/\/lunatools.com\/no\/product\/diamantbor-57mm-m14-feste\/","og_locale":"nb_NO","og_type":"article","og_title":"DIAMANTBOR 57MM M14 FESTE - Luna tools","og_description":"Diamantbor for t\u00f8rrboring, beregnet for vinkelsliper med M14 feste. For boring i fliser, klinker, steinplater, granitt, keramiske plater, marmor m.m. De sm\u00e5 borene opp til st\u00f8rrelse 25 mm kj\u00f8les i vann etter hvert hull. De store borene trenger ikke \u00e5 kj\u00f8les. Start vinkelsliperen og sett borene skr\u00e5tt mot platen. N\u00e5r borene har f\u00e5tt feste, f\u00f8r... View Article","og_url":"https:\/\/lunatools.com\/no\/product\/diamantbor-57mm-m14-feste\/","og_site_name":"Luna tools","twitter_misc":{"Ansl. lesetid":"1 minutt"},"schema":{"@context":"https:\/\/schema.org","@graph":[{"@type":"WebPage","@id":"https:\/\/lunatools.com\/no\/product\/diamantbor-57mm-m14-feste\/","url":"https:\/\/lunatools.com\/no\/product\/diamantbor-57mm-m14-feste\/","name":"DIAMANTBOR 57MM M14 FESTE - Luna tools","isPartOf":{"@id":"https:\/\/lunatools.com\/sv\/#website"},"datePublished":"2026-05-12T01:25:19+00:00","dateModified":"2026-05-12T01:25:19+00:00","breadcrumb":{"@id":"https:\/\/lunatools.com\/no\/product\/diamantbor-57mm-m14-feste\/#breadcrumb"},"inLanguage":"nb-NO","potentialAction":[{"@type":"ReadAction","target":["https:\/\/lunatools.com\/no\/product\/diamantbor-57mm-m14-feste\/"]}]},{"@type":"BreadcrumbList","@id":"https:\/\/lunatools.com\/no\/product\/diamantbor-57mm-m14-feste\/#breadcrumb","itemListElement":[{"@type":"ListItem","position":1,"name":"Home","item":"https:\/\/lunatools.com\/no\/"},{"@type":"ListItem","position":2,"name":"Produkty","item":"https:\/\/lunatools.com\/pl\/shop\/"},{"@type":"ListItem","position":3,"name":"DIAMANTBOR 57MM M14 FESTE"}]},{"@type":"WebSite","@id":"https:\/\/lunatools.com\/sv\/#website","url":"https:\/\/lunatools.com\/sv\/","name":"Luna tools","description":"","publisher":{"@id":"https:\/\/lunatools.com\/sv\/#organization"},"potentialAction":[{"@type":"SearchAction","target":{"@type":"EntryPoint","urlTemplate":"https:\/\/lunatools.com\/sv\/?s={search_term_string}"},"query-input":{"@type":"PropertyValueSpecification","valueRequired":true,"valueName":"search_term_string"}}],"inLanguage":"nb-NO"},{"@type":"Organization","@id":"https:\/\/lunatools.com\/sv\/#organization","name":"Luna Tools","url":"https:\/\/lunatools.com\/sv\/","logo":{"@type":"ImageObject","inLanguage":"nb-NO","@id":"https:\/\/lunatools.com\/sv\/#\/schema\/logo\/image\/","url":"https:\/\/lunatools.com\/wp-content\/uploads\/2019\/10\/LunaTools-gray-logo.png","contentUrl":"https:\/\/lunatools.com\/wp-content\/uploads\/2019\/10\/LunaTools-gray-logo.png","width":795,"height":309,"caption":"Luna Tools"},"image":{"@id":"https:\/\/lunatools.com\/sv\/#\/schema\/logo\/image\/"}}]}},"_links":{"self":[{"href":"https:\/\/lunatools.com\/no\/wp-json\/wp\/v2\/product\/8944"}],"collection":[{"href":"https:\/\/lunatools.com\/no\/wp-json\/wp\/v2\/product"}],"about":[{"href":"https:\/\/lunatools.com\/no\/wp-json\/wp\/v2\/types\/product"}],"wp:attachment":[{"href":"https:\/\/lunatools.com\/no\/wp-json\/wp\/v2\/media?parent=8944"}],"wp:term":[{"taxonomy":"product_cat","embeddable":true,"href":"https:\/\/lunatools.com\/no\/wp-json\/wp\/v2\/product_cat?post=8944"},{"taxonomy":"product_tag","embeddable":true,"href":"https:\/\/lunatools.com\/no\/wp-json\/wp\/v2\/product_tag?post=8944"}],"curies":[{"name":"wp","href":"https:\/\/api.w.org\/{rel}","templated":true}]}}