{"id":63834,"date":"2018-12-14T14:37:06","date_gmt":"2018-12-14T14:37:06","guid":{"rendered":"https:\/\/lunatools.com\/handverktyg\/"},"modified":"2024-09-04T08:08:29","modified_gmt":"2024-09-04T08:08:29","slug":"narzedziareczne","status":"publish","type":"page","link":"https:\/\/lunatools.com\/pl\/narzedziareczne\/","title":{"rendered":"Narz\u0119dzia r\u0119czne"},"content":{"rendered":"<div class=\"wpb-content-wrapper\"><p>[vc_row content_placement=&#8221;bottom&#8221; css=&#8221;.vc_custom_1579872364043{margin-bottom: -60px !important;}&#8221;][vc_column][\/vc_column][\/vc_row]<\/p>\n<\/div>","protected":false},"excerpt":{"rendered":"[vc_row content_placement=&#8221;bottom&#8221; css=&#8221;.vc_custom_1579872364043{margin-bottom: -60px !important;}&#8221;][vc_column][\/vc_column][\/vc_row]","protected":false},"author":1,"featured_media":0,"parent":0,"menu_order":0,"comment_status":"closed","ping_status":"closed","template":"template-product_type_landing_page.php","meta":{"_acf_changed":false,"footnotes":""},"class_list":["post-63834","page","type-page","status-publish","hentry"],"acf":[],"yoast_head":"<!-- This site is optimized with the Yoast SEO plugin v23.4 - https:\/\/yoast.com\/wordpress\/plugins\/seo\/ -->\n<title>Narz\u0119dzia r\u0119czne - Luna tools<\/title>\n<meta name=\"description\" content=\"Vi har ett brett sortiment av handverktyg. I sortimentet ing\u00e5r: S\u00e5gar, hammare, yxor, tvingar, m\u00e4tband, slagverktyg och knivar\" \/>\n<meta name=\"robots\" content=\"index, follow, max-snippet:-1, max-image-preview:large, max-video-preview:-1\" \/>\n<link rel=\"canonical\" href=\"https:\/\/lunatools.com\/pl\/narzedziareczne\/\" \/>\n<meta property=\"og:locale\" content=\"pl_PL\" \/>\n<meta property=\"og:type\" content=\"article\" \/>\n<meta property=\"og:title\" content=\"Narz\u0119dzia r\u0119czne - Luna tools\" \/>\n<meta property=\"og:description\" content=\"Vi har ett brett sortiment av handverktyg. I sortimentet ing\u00e5r: S\u00e5gar, hammare, yxor, tvingar, m\u00e4tband, slagverktyg och knivar\" \/>\n<meta property=\"og:url\" content=\"https:\/\/lunatools.com\/pl\/narzedziareczne\/\" \/>\n<meta property=\"og:site_name\" content=\"Luna tools\" \/>\n<meta property=\"article:modified_time\" content=\"2024-09-04T08:08:29+00:00\" \/>\n<meta name=\"twitter:label1\" content=\"Szacowany czas czytania\" \/>\n\t<meta name=\"twitter:data1\" content=\"1 minuta\" \/>\n<script type=\"application\/ld+json\" class=\"yoast-schema-graph\">{\"@context\":\"https:\/\/schema.org\",\"@graph\":[{\"@type\":\"WebPage\",\"@id\":\"https:\/\/lunatools.com\/pl\/narzedziareczne\/\",\"url\":\"https:\/\/lunatools.com\/pl\/narzedziareczne\/\",\"name\":\"Narz\u0119dzia r\u0119czne - Luna tools\",\"isPartOf\":{\"@id\":\"https:\/\/lunatools.com\/sv\/#website\"},\"datePublished\":\"2018-12-14T14:37:06+00:00\",\"dateModified\":\"2024-09-04T08:08:29+00:00\",\"description\":\"Vi har ett brett sortiment av handverktyg. I sortimentet ing\u00e5r: S\u00e5gar, hammare, yxor, tvingar, m\u00e4tband, slagverktyg och knivar\",\"breadcrumb\":{\"@id\":\"https:\/\/lunatools.com\/pl\/narzedziareczne\/#breadcrumb\"},\"inLanguage\":\"pl-PL\",\"potentialAction\":[{\"@type\":\"ReadAction\",\"target\":[\"https:\/\/lunatools.com\/pl\/narzedziareczne\/\"]}]},{\"@type\":\"BreadcrumbList\",\"@id\":\"https:\/\/lunatools.com\/pl\/narzedziareczne\/#breadcrumb\",\"itemListElement\":[{\"@type\":\"ListItem\",\"position\":1,\"name\":\"Home\",\"item\":\"https:\/\/lunatools.com\/pl\/\"},{\"@type\":\"ListItem\",\"position\":2,\"name\":\"Narz\u0119dzia r\u0119czne\"}]},{\"@type\":\"WebSite\",\"@id\":\"https:\/\/lunatools.com\/sv\/#website\",\"url\":\"https:\/\/lunatools.com\/sv\/\",\"name\":\"Luna tools\",\"description\":\"\",\"publisher\":{\"@id\":\"https:\/\/lunatools.com\/sv\/#organization\"},\"potentialAction\":[{\"@type\":\"SearchAction\",\"target\":{\"@type\":\"EntryPoint\",\"urlTemplate\":\"https:\/\/lunatools.com\/sv\/?s={search_term_string}\"},\"query-input\":{\"@type\":\"PropertyValueSpecification\",\"valueRequired\":true,\"valueName\":\"search_term_string\"}}],\"inLanguage\":\"pl-PL\"},{\"@type\":\"Organization\",\"@id\":\"https:\/\/lunatools.com\/sv\/#organization\",\"name\":\"Luna Tools\",\"url\":\"https:\/\/lunatools.com\/sv\/\",\"logo\":{\"@type\":\"ImageObject\",\"inLanguage\":\"pl-PL\",\"@id\":\"https:\/\/lunatools.com\/sv\/#\/schema\/logo\/image\/\",\"url\":\"https:\/\/lunatools.com\/wp-content\/uploads\/2019\/10\/LunaTools-gray-logo.png\",\"contentUrl\":\"https:\/\/lunatools.com\/wp-content\/uploads\/2019\/10\/LunaTools-gray-logo.png\",\"width\":795,\"height\":309,\"caption\":\"Luna Tools\"},\"image\":{\"@id\":\"https:\/\/lunatools.com\/sv\/#\/schema\/logo\/image\/\"}}]}<\/script>\n<!-- \/ Yoast SEO plugin. -->","yoast_head_json":{"title":"Narz\u0119dzia r\u0119czne - Luna tools","description":"Vi har ett brett sortiment av handverktyg. I sortimentet ing\u00e5r: S\u00e5gar, hammare, yxor, tvingar, m\u00e4tband, slagverktyg och knivar","robots":{"index":"index","follow":"follow","max-snippet":"max-snippet:-1","max-image-preview":"max-image-preview:large","max-video-preview":"max-video-preview:-1"},"canonical":"https:\/\/lunatools.com\/pl\/narzedziareczne\/","og_locale":"pl_PL","og_type":"article","og_title":"Narz\u0119dzia r\u0119czne - Luna tools","og_description":"Vi har ett brett sortiment av handverktyg. I sortimentet ing\u00e5r: S\u00e5gar, hammare, yxor, tvingar, m\u00e4tband, slagverktyg och knivar","og_url":"https:\/\/lunatools.com\/pl\/narzedziareczne\/","og_site_name":"Luna tools","article_modified_time":"2024-09-04T08:08:29+00:00","twitter_misc":{"Szacowany czas czytania":"1 minuta"},"schema":{"@context":"https:\/\/schema.org","@graph":[{"@type":"WebPage","@id":"https:\/\/lunatools.com\/pl\/narzedziareczne\/","url":"https:\/\/lunatools.com\/pl\/narzedziareczne\/","name":"Narz\u0119dzia r\u0119czne - Luna tools","isPartOf":{"@id":"https:\/\/lunatools.com\/sv\/#website"},"datePublished":"2018-12-14T14:37:06+00:00","dateModified":"2024-09-04T08:08:29+00:00","description":"Vi har ett brett sortiment av handverktyg. I sortimentet ing\u00e5r: S\u00e5gar, hammare, yxor, tvingar, m\u00e4tband, slagverktyg och knivar","breadcrumb":{"@id":"https:\/\/lunatools.com\/pl\/narzedziareczne\/#breadcrumb"},"inLanguage":"pl-PL","potentialAction":[{"@type":"ReadAction","target":["https:\/\/lunatools.com\/pl\/narzedziareczne\/"]}]},{"@type":"BreadcrumbList","@id":"https:\/\/lunatools.com\/pl\/narzedziareczne\/#breadcrumb","itemListElement":[{"@type":"ListItem","position":1,"name":"Home","item":"https:\/\/lunatools.com\/pl\/"},{"@type":"ListItem","position":2,"name":"Narz\u0119dzia r\u0119czne"}]},{"@type":"WebSite","@id":"https:\/\/lunatools.com\/sv\/#website","url":"https:\/\/lunatools.com\/sv\/","name":"Luna tools","description":"","publisher":{"@id":"https:\/\/lunatools.com\/sv\/#organization"},"potentialAction":[{"@type":"SearchAction","target":{"@type":"EntryPoint","urlTemplate":"https:\/\/lunatools.com\/sv\/?s={search_term_string}"},"query-input":{"@type":"PropertyValueSpecification","valueRequired":true,"valueName":"search_term_string"}}],"inLanguage":"pl-PL"},{"@type":"Organization","@id":"https:\/\/lunatools.com\/sv\/#organization","name":"Luna Tools","url":"https:\/\/lunatools.com\/sv\/","logo":{"@type":"ImageObject","inLanguage":"pl-PL","@id":"https:\/\/lunatools.com\/sv\/#\/schema\/logo\/image\/","url":"https:\/\/lunatools.com\/wp-content\/uploads\/2019\/10\/LunaTools-gray-logo.png","contentUrl":"https:\/\/lunatools.com\/wp-content\/uploads\/2019\/10\/LunaTools-gray-logo.png","width":795,"height":309,"caption":"Luna Tools"},"image":{"@id":"https:\/\/lunatools.com\/sv\/#\/schema\/logo\/image\/"}}]}},"_links":{"self":[{"href":"https:\/\/lunatools.com\/pl\/wp-json\/wp\/v2\/pages\/63834"}],"collection":[{"href":"https:\/\/lunatools.com\/pl\/wp-json\/wp\/v2\/pages"}],"about":[{"href":"https:\/\/lunatools.com\/pl\/wp-json\/wp\/v2\/types\/page"}],"author":[{"embeddable":true,"href":"https:\/\/lunatools.com\/pl\/wp-json\/wp\/v2\/users\/1"}],"replies":[{"embeddable":true,"href":"https:\/\/lunatools.com\/pl\/wp-json\/wp\/v2\/comments?post=63834"}],"version-history":[{"count":10,"href":"https:\/\/lunatools.com\/pl\/wp-json\/wp\/v2\/pages\/63834\/revisions"}],"predecessor-version":[{"id":66225,"href":"https:\/\/lunatools.com\/pl\/wp-json\/wp\/v2\/pages\/63834\/revisions\/66225"}],"wp:attachment":[{"href":"https:\/\/lunatools.com\/pl\/wp-json\/wp\/v2\/media?parent=63834"}],"curies":[{"name":"wp","href":"https:\/\/api.w.org\/{rel}","templated":true}]}}