{"id":61144,"date":"2024-09-02T13:05:08","date_gmt":"2024-09-02T13:05:08","guid":{"rendered":"https:\/\/lunatools.com\/product\/brzeszczoty-do-ciec-wglebnych-sl-32mm-bim\/"},"modified":"2024-09-02T13:05:08","modified_gmt":"2024-09-02T13:05:08","slug":"brzeszczoty-do-ciec-wglebnych-sl-32mm-bim-2","status":"publish","type":"product","link":"https:\/\/lunatools.com\/pl\/product\/brzeszczoty-do-ciec-wglebnych-sl-32mm-bim-2\/","title":{"rendered":"BRZESZCZOTY DO CI\u0118\u0106 WG\u0141\u0118BNYCH SL 32MM BIM"},"content":{"rendered":"<p>Brzeszczoty do ci\u0119\u0107 wg\u0142\u0119bnych, bimetalowe, Easy start u\u0142atwia rozpoczynanie wyci\u0119\u0107 w g\u0142adkich p\u0142aszczyznach. Pasuje do elektronarz\u0119dzi z mocowaniami Starlock, Starlock Max i Starlock Plus. Zgodno\u015b\u0107 wsteczna z wi\u0119kszo\u015bci\u0105 wielofunkcyjnych narz\u0119dzi typu multi-cutter dost\u0119pnych na rynku. Nadaje si\u0119 do wykonywania g\u0142\u0119bokich wybra\u0144 w twardym drewnie, laminatach, tworzywach sztucznych, a tak\u017ce do ucinania niehartowanych gwo\u017adzi, \u015brub i cienko\u015bciennych profili stalowych.<\/p>\n","protected":false},"excerpt":{"rendered":"Brzeszczoty do ci\u0119\u0107 wg\u0142\u0119bnych, bimetalowe, Easy start u\u0142atwia rozpoczynanie wyci\u0119\u0107 w g\u0142adkich p\u0142aszczyznach. Pasuje do elektronarz\u0119dzi z mocowaniami Starlock, Starlock Max i Starlock Plus. Zgodno\u015b\u0107 wsteczna z wi\u0119kszo\u015bci\u0105 wielofunkcyjnych narz\u0119dzi typu multi-cutter dost\u0119pnych na rynku. Nadaje si\u0119 do wykonywania g\u0142\u0119bokich wybra\u0144 w twardym drewnie, laminatach, tworzywach sztucznych, a tak\u017ce do ucinania niehartowanych gwo\u017adzi, \u015brub i&#8230; <a class=\"view-article\" href=\"https:\/\/lunatools.com\/pl\/product\/brzeszczoty-do-ciec-wglebnych-sl-32mm-bim-2\/\">View Article<\/a>","protected":false},"featured_media":0,"template":"","meta":{"_acf_changed":false},"product_cat":[3205,3187],"product_tag":[],"class_list":{"0":"post-61144","1":"product","2":"type-product","3":"status-publish","5":"product_cat-brzeszczoty-do-ciec-wglebnych-pl","6":"product_cat-narzedzia-wielofunkcyjne-pl","8":"first","9":"instock","10":"shipping-taxable","11":"product-type-simple"},"acf":[],"yoast_head":"<!-- This site is optimized with the Yoast SEO plugin v23.4 - https:\/\/yoast.com\/wordpress\/plugins\/seo\/ -->\n<title>BRZESZCZOTY DO CI\u0118\u0106 WG\u0141\u0118BNYCH SL 32MM BIM - Luna tools<\/title>\n<meta name=\"robots\" content=\"index, follow, max-snippet:-1, max-image-preview:large, max-video-preview:-1\" \/>\n<link rel=\"canonical\" href=\"https:\/\/lunatools.com\/pl\/product\/brzeszczoty-do-ciec-wglebnych-sl-32mm-bim-2\/\" \/>\n<meta property=\"og:locale\" content=\"pl_PL\" \/>\n<meta property=\"og:type\" content=\"article\" \/>\n<meta property=\"og:title\" content=\"BRZESZCZOTY DO CI\u0118\u0106 WG\u0141\u0118BNYCH SL 32MM BIM - Luna tools\" \/>\n<meta property=\"og:description\" content=\"Brzeszczoty do ci\u0119\u0107 wg\u0142\u0119bnych, bimetalowe, Easy start u\u0142atwia rozpoczynanie wyci\u0119\u0107 w g\u0142adkich p\u0142aszczyznach. Pasuje do elektronarz\u0119dzi z mocowaniami Starlock, Starlock Max i Starlock Plus. Zgodno\u015b\u0107 wsteczna z wi\u0119kszo\u015bci\u0105 wielofunkcyjnych narz\u0119dzi typu multi-cutter dost\u0119pnych na rynku. Nadaje si\u0119 do wykonywania g\u0142\u0119bokich wybra\u0144 w twardym drewnie, laminatach, tworzywach sztucznych, a tak\u017ce do ucinania niehartowanych gwo\u017adzi, \u015brub i... View Article\" \/>\n<meta property=\"og:url\" content=\"https:\/\/lunatools.com\/pl\/product\/brzeszczoty-do-ciec-wglebnych-sl-32mm-bim-2\/\" \/>\n<meta property=\"og:site_name\" content=\"Luna tools\" \/>\n<script type=\"application\/ld+json\" class=\"yoast-schema-graph\">{\"@context\":\"https:\/\/schema.org\",\"@graph\":[{\"@type\":\"WebPage\",\"@id\":\"https:\/\/lunatools.com\/pl\/product\/brzeszczoty-do-ciec-wglebnych-sl-32mm-bim-2\/\",\"url\":\"https:\/\/lunatools.com\/pl\/product\/brzeszczoty-do-ciec-wglebnych-sl-32mm-bim-2\/\",\"name\":\"BRZESZCZOTY DO CI\u0118\u0106 WG\u0141\u0118BNYCH SL 32MM BIM - Luna tools\",\"isPartOf\":{\"@id\":\"https:\/\/lunatools.com\/sv\/#website\"},\"datePublished\":\"2024-09-02T13:05:08+00:00\",\"dateModified\":\"2024-09-02T13:05:08+00:00\",\"breadcrumb\":{\"@id\":\"https:\/\/lunatools.com\/pl\/product\/brzeszczoty-do-ciec-wglebnych-sl-32mm-bim-2\/#breadcrumb\"},\"inLanguage\":\"pl-PL\",\"potentialAction\":[{\"@type\":\"ReadAction\",\"target\":[\"https:\/\/lunatools.com\/pl\/product\/brzeszczoty-do-ciec-wglebnych-sl-32mm-bim-2\/\"]}]},{\"@type\":\"BreadcrumbList\",\"@id\":\"https:\/\/lunatools.com\/pl\/product\/brzeszczoty-do-ciec-wglebnych-sl-32mm-bim-2\/#breadcrumb\",\"itemListElement\":[{\"@type\":\"ListItem\",\"position\":1,\"name\":\"Home\",\"item\":\"https:\/\/lunatools.com\/pl\/\"},{\"@type\":\"ListItem\",\"position\":2,\"name\":\"Produkty\",\"item\":\"https:\/\/lunatools.com\/pl\/shop\/\"},{\"@type\":\"ListItem\",\"position\":3,\"name\":\"BRZESZCZOTY DO CI\u0118\u0106 WG\u0141\u0118BNYCH SL 32MM BIM\"}]},{\"@type\":\"WebSite\",\"@id\":\"https:\/\/lunatools.com\/sv\/#website\",\"url\":\"https:\/\/lunatools.com\/sv\/\",\"name\":\"Luna tools\",\"description\":\"\",\"publisher\":{\"@id\":\"https:\/\/lunatools.com\/sv\/#organization\"},\"potentialAction\":[{\"@type\":\"SearchAction\",\"target\":{\"@type\":\"EntryPoint\",\"urlTemplate\":\"https:\/\/lunatools.com\/sv\/?s={search_term_string}\"},\"query-input\":{\"@type\":\"PropertyValueSpecification\",\"valueRequired\":true,\"valueName\":\"search_term_string\"}}],\"inLanguage\":\"pl-PL\"},{\"@type\":\"Organization\",\"@id\":\"https:\/\/lunatools.com\/sv\/#organization\",\"name\":\"Luna Tools\",\"url\":\"https:\/\/lunatools.com\/sv\/\",\"logo\":{\"@type\":\"ImageObject\",\"inLanguage\":\"pl-PL\",\"@id\":\"https:\/\/lunatools.com\/sv\/#\/schema\/logo\/image\/\",\"url\":\"https:\/\/lunatools.com\/wp-content\/uploads\/2019\/10\/LunaTools-gray-logo.png\",\"contentUrl\":\"https:\/\/lunatools.com\/wp-content\/uploads\/2019\/10\/LunaTools-gray-logo.png\",\"width\":795,\"height\":309,\"caption\":\"Luna Tools\"},\"image\":{\"@id\":\"https:\/\/lunatools.com\/sv\/#\/schema\/logo\/image\/\"}}]}<\/script>\n<!-- \/ Yoast SEO plugin. -->","yoast_head_json":{"title":"BRZESZCZOTY DO CI\u0118\u0106 WG\u0141\u0118BNYCH SL 32MM BIM - Luna tools","robots":{"index":"index","follow":"follow","max-snippet":"max-snippet:-1","max-image-preview":"max-image-preview:large","max-video-preview":"max-video-preview:-1"},"canonical":"https:\/\/lunatools.com\/pl\/product\/brzeszczoty-do-ciec-wglebnych-sl-32mm-bim-2\/","og_locale":"pl_PL","og_type":"article","og_title":"BRZESZCZOTY DO CI\u0118\u0106 WG\u0141\u0118BNYCH SL 32MM BIM - Luna tools","og_description":"Brzeszczoty do ci\u0119\u0107 wg\u0142\u0119bnych, bimetalowe, Easy start u\u0142atwia rozpoczynanie wyci\u0119\u0107 w g\u0142adkich p\u0142aszczyznach. Pasuje do elektronarz\u0119dzi z mocowaniami Starlock, Starlock Max i Starlock Plus. Zgodno\u015b\u0107 wsteczna z wi\u0119kszo\u015bci\u0105 wielofunkcyjnych narz\u0119dzi typu multi-cutter dost\u0119pnych na rynku. Nadaje si\u0119 do wykonywania g\u0142\u0119bokich wybra\u0144 w twardym drewnie, laminatach, tworzywach sztucznych, a tak\u017ce do ucinania niehartowanych gwo\u017adzi, \u015brub i... View Article","og_url":"https:\/\/lunatools.com\/pl\/product\/brzeszczoty-do-ciec-wglebnych-sl-32mm-bim-2\/","og_site_name":"Luna tools","schema":{"@context":"https:\/\/schema.org","@graph":[{"@type":"WebPage","@id":"https:\/\/lunatools.com\/pl\/product\/brzeszczoty-do-ciec-wglebnych-sl-32mm-bim-2\/","url":"https:\/\/lunatools.com\/pl\/product\/brzeszczoty-do-ciec-wglebnych-sl-32mm-bim-2\/","name":"BRZESZCZOTY DO CI\u0118\u0106 WG\u0141\u0118BNYCH SL 32MM BIM - Luna tools","isPartOf":{"@id":"https:\/\/lunatools.com\/sv\/#website"},"datePublished":"2024-09-02T13:05:08+00:00","dateModified":"2024-09-02T13:05:08+00:00","breadcrumb":{"@id":"https:\/\/lunatools.com\/pl\/product\/brzeszczoty-do-ciec-wglebnych-sl-32mm-bim-2\/#breadcrumb"},"inLanguage":"pl-PL","potentialAction":[{"@type":"ReadAction","target":["https:\/\/lunatools.com\/pl\/product\/brzeszczoty-do-ciec-wglebnych-sl-32mm-bim-2\/"]}]},{"@type":"BreadcrumbList","@id":"https:\/\/lunatools.com\/pl\/product\/brzeszczoty-do-ciec-wglebnych-sl-32mm-bim-2\/#breadcrumb","itemListElement":[{"@type":"ListItem","position":1,"name":"Home","item":"https:\/\/lunatools.com\/pl\/"},{"@type":"ListItem","position":2,"name":"Produkty","item":"https:\/\/lunatools.com\/pl\/shop\/"},{"@type":"ListItem","position":3,"name":"BRZESZCZOTY DO CI\u0118\u0106 WG\u0141\u0118BNYCH SL 32MM BIM"}]},{"@type":"WebSite","@id":"https:\/\/lunatools.com\/sv\/#website","url":"https:\/\/lunatools.com\/sv\/","name":"Luna tools","description":"","publisher":{"@id":"https:\/\/lunatools.com\/sv\/#organization"},"potentialAction":[{"@type":"SearchAction","target":{"@type":"EntryPoint","urlTemplate":"https:\/\/lunatools.com\/sv\/?s={search_term_string}"},"query-input":{"@type":"PropertyValueSpecification","valueRequired":true,"valueName":"search_term_string"}}],"inLanguage":"pl-PL"},{"@type":"Organization","@id":"https:\/\/lunatools.com\/sv\/#organization","name":"Luna Tools","url":"https:\/\/lunatools.com\/sv\/","logo":{"@type":"ImageObject","inLanguage":"pl-PL","@id":"https:\/\/lunatools.com\/sv\/#\/schema\/logo\/image\/","url":"https:\/\/lunatools.com\/wp-content\/uploads\/2019\/10\/LunaTools-gray-logo.png","contentUrl":"https:\/\/lunatools.com\/wp-content\/uploads\/2019\/10\/LunaTools-gray-logo.png","width":795,"height":309,"caption":"Luna Tools"},"image":{"@id":"https:\/\/lunatools.com\/sv\/#\/schema\/logo\/image\/"}}]}},"_links":{"self":[{"href":"https:\/\/lunatools.com\/pl\/wp-json\/wp\/v2\/product\/61144"}],"collection":[{"href":"https:\/\/lunatools.com\/pl\/wp-json\/wp\/v2\/product"}],"about":[{"href":"https:\/\/lunatools.com\/pl\/wp-json\/wp\/v2\/types\/product"}],"wp:attachment":[{"href":"https:\/\/lunatools.com\/pl\/wp-json\/wp\/v2\/media?parent=61144"}],"wp:term":[{"taxonomy":"product_cat","embeddable":true,"href":"https:\/\/lunatools.com\/pl\/wp-json\/wp\/v2\/product_cat?post=61144"},{"taxonomy":"product_tag","embeddable":true,"href":"https:\/\/lunatools.com\/pl\/wp-json\/wp\/v2\/product_tag?post=61144"}],"curies":[{"name":"wp","href":"https:\/\/api.w.org\/{rel}","templated":true}]}}