{"id":61172,"date":"2023-01-17T12:59:54","date_gmt":"2023-01-17T12:59:54","guid":{"rendered":"https:\/\/lunatools.com\/product\/brzeszczot-do-ciec-wglebnych-slm-32mm-hcs\/"},"modified":"2023-01-17T12:59:54","modified_gmt":"2023-01-17T12:59:54","slug":"brzeszczot-do-ciec-wglebnych-slm-32mm-hcs","status":"publish","type":"product","link":"https:\/\/lunatools.com\/pl\/product\/brzeszczot-do-ciec-wglebnych-slm-32mm-hcs\/","title":{"rendered":"BRZESZCZOT DO CI\u0118\u0106 WG\u0141\u0118BNYCH SLM 32MM HCS"},"content":{"rendered":"<p>Brzeszczot do ci\u0119\u0107 wg\u0142\u0119bnych, ze stali HCS. Easy start u\u0142atwia rozpoczynanie wyci\u0119\u0107 w g\u0142adkich p\u0142aszczyznach. Pasuje do elektronarz\u0119dzi z mocowaniem Starlock Max. Nadaje si\u0119 do wykonywania wybra\u0144 w drewnie lub ich pog\u0142\u0119biania.<\/p>\n","protected":false},"excerpt":{"rendered":"Brzeszczot do ci\u0119\u0107 wg\u0142\u0119bnych, ze stali HCS. Easy start u\u0142atwia rozpoczynanie wyci\u0119\u0107 w g\u0142adkich p\u0142aszczyznach. Pasuje do elektronarz\u0119dzi z mocowaniem Starlock Max. Nadaje si\u0119 do wykonywania wybra\u0144 w drewnie lub ich pog\u0142\u0119biania.","protected":false},"featured_media":0,"template":"","meta":{"_acf_changed":false},"product_cat":[3205,3187],"product_tag":[],"class_list":{"0":"post-61172","1":"product","2":"type-product","3":"status-publish","5":"product_cat-brzeszczoty-do-ciec-wglebnych-pl","6":"product_cat-narzedzia-wielofunkcyjne-pl","8":"first","9":"instock","10":"shipping-taxable","11":"product-type-simple"},"acf":[],"yoast_head":"<!-- This site is optimized with the Yoast SEO plugin v23.4 - https:\/\/yoast.com\/wordpress\/plugins\/seo\/ -->\n<title>BRZESZCZOT DO CI\u0118\u0106 WG\u0141\u0118BNYCH SLM 32MM HCS - Luna tools<\/title>\n<meta name=\"robots\" content=\"index, follow, max-snippet:-1, max-image-preview:large, max-video-preview:-1\" \/>\n<link rel=\"canonical\" href=\"https:\/\/lunatools.com\/pl\/product\/brzeszczot-do-ciec-wglebnych-slm-32mm-hcs\/\" \/>\n<meta property=\"og:locale\" content=\"pl_PL\" \/>\n<meta property=\"og:type\" content=\"article\" \/>\n<meta property=\"og:title\" content=\"BRZESZCZOT DO CI\u0118\u0106 WG\u0141\u0118BNYCH SLM 32MM HCS - Luna tools\" \/>\n<meta property=\"og:description\" content=\"Brzeszczot do ci\u0119\u0107 wg\u0142\u0119bnych, ze stali HCS. Easy start u\u0142atwia rozpoczynanie wyci\u0119\u0107 w g\u0142adkich p\u0142aszczyznach. Pasuje do elektronarz\u0119dzi z mocowaniem Starlock Max. Nadaje si\u0119 do wykonywania wybra\u0144 w drewnie lub ich pog\u0142\u0119biania.\" \/>\n<meta property=\"og:url\" content=\"https:\/\/lunatools.com\/pl\/product\/brzeszczot-do-ciec-wglebnych-slm-32mm-hcs\/\" \/>\n<meta property=\"og:site_name\" content=\"Luna tools\" \/>\n<script type=\"application\/ld+json\" class=\"yoast-schema-graph\">{\"@context\":\"https:\/\/schema.org\",\"@graph\":[{\"@type\":\"WebPage\",\"@id\":\"https:\/\/lunatools.com\/pl\/product\/brzeszczot-do-ciec-wglebnych-slm-32mm-hcs\/\",\"url\":\"https:\/\/lunatools.com\/pl\/product\/brzeszczot-do-ciec-wglebnych-slm-32mm-hcs\/\",\"name\":\"BRZESZCZOT DO CI\u0118\u0106 WG\u0141\u0118BNYCH SLM 32MM HCS - Luna tools\",\"isPartOf\":{\"@id\":\"https:\/\/lunatools.com\/sv\/#website\"},\"datePublished\":\"2023-01-17T12:59:54+00:00\",\"dateModified\":\"2023-01-17T12:59:54+00:00\",\"breadcrumb\":{\"@id\":\"https:\/\/lunatools.com\/pl\/product\/brzeszczot-do-ciec-wglebnych-slm-32mm-hcs\/#breadcrumb\"},\"inLanguage\":\"pl-PL\",\"potentialAction\":[{\"@type\":\"ReadAction\",\"target\":[\"https:\/\/lunatools.com\/pl\/product\/brzeszczot-do-ciec-wglebnych-slm-32mm-hcs\/\"]}]},{\"@type\":\"BreadcrumbList\",\"@id\":\"https:\/\/lunatools.com\/pl\/product\/brzeszczot-do-ciec-wglebnych-slm-32mm-hcs\/#breadcrumb\",\"itemListElement\":[{\"@type\":\"ListItem\",\"position\":1,\"name\":\"Home\",\"item\":\"https:\/\/lunatools.com\/pl\/\"},{\"@type\":\"ListItem\",\"position\":2,\"name\":\"Produkty\",\"item\":\"https:\/\/lunatools.com\/pl\/shop\/\"},{\"@type\":\"ListItem\",\"position\":3,\"name\":\"BRZESZCZOT DO CI\u0118\u0106 WG\u0141\u0118BNYCH SLM 32MM HCS\"}]},{\"@type\":\"WebSite\",\"@id\":\"https:\/\/lunatools.com\/sv\/#website\",\"url\":\"https:\/\/lunatools.com\/sv\/\",\"name\":\"Luna tools\",\"description\":\"\",\"publisher\":{\"@id\":\"https:\/\/lunatools.com\/sv\/#organization\"},\"potentialAction\":[{\"@type\":\"SearchAction\",\"target\":{\"@type\":\"EntryPoint\",\"urlTemplate\":\"https:\/\/lunatools.com\/sv\/?s={search_term_string}\"},\"query-input\":{\"@type\":\"PropertyValueSpecification\",\"valueRequired\":true,\"valueName\":\"search_term_string\"}}],\"inLanguage\":\"pl-PL\"},{\"@type\":\"Organization\",\"@id\":\"https:\/\/lunatools.com\/sv\/#organization\",\"name\":\"Luna Tools\",\"url\":\"https:\/\/lunatools.com\/sv\/\",\"logo\":{\"@type\":\"ImageObject\",\"inLanguage\":\"pl-PL\",\"@id\":\"https:\/\/lunatools.com\/sv\/#\/schema\/logo\/image\/\",\"url\":\"https:\/\/lunatools.com\/wp-content\/uploads\/2019\/10\/LunaTools-gray-logo.png\",\"contentUrl\":\"https:\/\/lunatools.com\/wp-content\/uploads\/2019\/10\/LunaTools-gray-logo.png\",\"width\":795,\"height\":309,\"caption\":\"Luna Tools\"},\"image\":{\"@id\":\"https:\/\/lunatools.com\/sv\/#\/schema\/logo\/image\/\"}}]}<\/script>\n<!-- \/ Yoast SEO plugin. -->","yoast_head_json":{"title":"BRZESZCZOT DO CI\u0118\u0106 WG\u0141\u0118BNYCH SLM 32MM HCS - Luna tools","robots":{"index":"index","follow":"follow","max-snippet":"max-snippet:-1","max-image-preview":"max-image-preview:large","max-video-preview":"max-video-preview:-1"},"canonical":"https:\/\/lunatools.com\/pl\/product\/brzeszczot-do-ciec-wglebnych-slm-32mm-hcs\/","og_locale":"pl_PL","og_type":"article","og_title":"BRZESZCZOT DO CI\u0118\u0106 WG\u0141\u0118BNYCH SLM 32MM HCS - Luna tools","og_description":"Brzeszczot do ci\u0119\u0107 wg\u0142\u0119bnych, ze stali HCS. Easy start u\u0142atwia rozpoczynanie wyci\u0119\u0107 w g\u0142adkich p\u0142aszczyznach. Pasuje do elektronarz\u0119dzi z mocowaniem Starlock Max. Nadaje si\u0119 do wykonywania wybra\u0144 w drewnie lub ich pog\u0142\u0119biania.","og_url":"https:\/\/lunatools.com\/pl\/product\/brzeszczot-do-ciec-wglebnych-slm-32mm-hcs\/","og_site_name":"Luna tools","schema":{"@context":"https:\/\/schema.org","@graph":[{"@type":"WebPage","@id":"https:\/\/lunatools.com\/pl\/product\/brzeszczot-do-ciec-wglebnych-slm-32mm-hcs\/","url":"https:\/\/lunatools.com\/pl\/product\/brzeszczot-do-ciec-wglebnych-slm-32mm-hcs\/","name":"BRZESZCZOT DO CI\u0118\u0106 WG\u0141\u0118BNYCH SLM 32MM HCS - Luna tools","isPartOf":{"@id":"https:\/\/lunatools.com\/sv\/#website"},"datePublished":"2023-01-17T12:59:54+00:00","dateModified":"2023-01-17T12:59:54+00:00","breadcrumb":{"@id":"https:\/\/lunatools.com\/pl\/product\/brzeszczot-do-ciec-wglebnych-slm-32mm-hcs\/#breadcrumb"},"inLanguage":"pl-PL","potentialAction":[{"@type":"ReadAction","target":["https:\/\/lunatools.com\/pl\/product\/brzeszczot-do-ciec-wglebnych-slm-32mm-hcs\/"]}]},{"@type":"BreadcrumbList","@id":"https:\/\/lunatools.com\/pl\/product\/brzeszczot-do-ciec-wglebnych-slm-32mm-hcs\/#breadcrumb","itemListElement":[{"@type":"ListItem","position":1,"name":"Home","item":"https:\/\/lunatools.com\/pl\/"},{"@type":"ListItem","position":2,"name":"Produkty","item":"https:\/\/lunatools.com\/pl\/shop\/"},{"@type":"ListItem","position":3,"name":"BRZESZCZOT DO CI\u0118\u0106 WG\u0141\u0118BNYCH SLM 32MM HCS"}]},{"@type":"WebSite","@id":"https:\/\/lunatools.com\/sv\/#website","url":"https:\/\/lunatools.com\/sv\/","name":"Luna tools","description":"","publisher":{"@id":"https:\/\/lunatools.com\/sv\/#organization"},"potentialAction":[{"@type":"SearchAction","target":{"@type":"EntryPoint","urlTemplate":"https:\/\/lunatools.com\/sv\/?s={search_term_string}"},"query-input":{"@type":"PropertyValueSpecification","valueRequired":true,"valueName":"search_term_string"}}],"inLanguage":"pl-PL"},{"@type":"Organization","@id":"https:\/\/lunatools.com\/sv\/#organization","name":"Luna Tools","url":"https:\/\/lunatools.com\/sv\/","logo":{"@type":"ImageObject","inLanguage":"pl-PL","@id":"https:\/\/lunatools.com\/sv\/#\/schema\/logo\/image\/","url":"https:\/\/lunatools.com\/wp-content\/uploads\/2019\/10\/LunaTools-gray-logo.png","contentUrl":"https:\/\/lunatools.com\/wp-content\/uploads\/2019\/10\/LunaTools-gray-logo.png","width":795,"height":309,"caption":"Luna Tools"},"image":{"@id":"https:\/\/lunatools.com\/sv\/#\/schema\/logo\/image\/"}}]}},"_links":{"self":[{"href":"https:\/\/lunatools.com\/pl\/wp-json\/wp\/v2\/product\/61172"}],"collection":[{"href":"https:\/\/lunatools.com\/pl\/wp-json\/wp\/v2\/product"}],"about":[{"href":"https:\/\/lunatools.com\/pl\/wp-json\/wp\/v2\/types\/product"}],"wp:attachment":[{"href":"https:\/\/lunatools.com\/pl\/wp-json\/wp\/v2\/media?parent=61172"}],"wp:term":[{"taxonomy":"product_cat","embeddable":true,"href":"https:\/\/lunatools.com\/pl\/wp-json\/wp\/v2\/product_cat?post=61172"},{"taxonomy":"product_tag","embeddable":true,"href":"https:\/\/lunatools.com\/pl\/wp-json\/wp\/v2\/product_tag?post=61172"}],"curies":[{"name":"wp","href":"https:\/\/api.w.org\/{rel}","templated":true}]}}