{"id":61267,"date":"2022-01-13T07:45:55","date_gmt":"2022-01-13T07:45:55","guid":{"rendered":"https:\/\/lunatools.com\/product\/brzeszczot-bimetalowy-bl150x19x13-8-12-50-sztuk\/"},"modified":"2022-01-13T07:45:55","modified_gmt":"2022-01-13T07:45:55","slug":"brzeszczot-bimetalowy-bl150x19x13-8-12-50-sztuk","status":"publish","type":"product","link":"https:\/\/lunatools.com\/pl\/product\/brzeszczot-bimetalowy-bl150x19x13-8-12-50-sztuk\/","title":{"rendered":"Brzeszczot bimetalowy\u00a0BL150X19X1,3-8\/12 50 sztuk"},"content":{"rendered":"<p>Brzeszczoty bimetalowe do elektrycznych pilarek szablastych. Do ci\u0119cia drewna z gwo\u017adziami oraz wykonywania ci\u0119\u0107 prostych metalu powy\u017cej 5 mm. Dostarczane w opakowaniach blistrowych po 5, 25 lub 50 szt.<\/p>\n","protected":false},"excerpt":{"rendered":"Brzeszczoty bimetalowe do elektrycznych pilarek szablastych. Do ci\u0119cia drewna z gwo\u017adziami oraz wykonywania ci\u0119\u0107 prostych metalu powy\u017cej 5 mm. Dostarczane w opakowaniach blistrowych po 5, 25 lub 50 szt.","protected":false},"featured_media":0,"template":"","meta":{"_acf_changed":false},"product_cat":[3171,3207],"product_tag":[],"class_list":{"0":"post-61267","1":"product","2":"type-product","3":"status-publish","5":"product_cat-brzeszczoty-pl","6":"product_cat-brzeszczoty-szablaste-pl","8":"first","9":"instock","10":"shipping-taxable","11":"product-type-simple"},"acf":[],"yoast_head":"<!-- This site is optimized with the Yoast SEO plugin v23.4 - https:\/\/yoast.com\/wordpress\/plugins\/seo\/ -->\n<title>Brzeszczot bimetalowy\u00a0BL150X19X1,3-8\/12 50 sztuk - Luna tools<\/title>\n<meta name=\"robots\" content=\"index, follow, max-snippet:-1, max-image-preview:large, max-video-preview:-1\" \/>\n<link rel=\"canonical\" href=\"https:\/\/lunatools.com\/pl\/product\/brzeszczot-bimetalowy-bl150x19x13-8-12-50-sztuk\/\" \/>\n<meta property=\"og:locale\" content=\"pl_PL\" \/>\n<meta property=\"og:type\" content=\"article\" \/>\n<meta property=\"og:title\" content=\"Brzeszczot bimetalowy\u00a0BL150X19X1,3-8\/12 50 sztuk - Luna tools\" \/>\n<meta property=\"og:description\" content=\"Brzeszczoty bimetalowe do elektrycznych pilarek szablastych. Do ci\u0119cia drewna z gwo\u017adziami oraz wykonywania ci\u0119\u0107 prostych metalu powy\u017cej 5 mm. Dostarczane w opakowaniach blistrowych po 5, 25 lub 50 szt.\" \/>\n<meta property=\"og:url\" content=\"https:\/\/lunatools.com\/pl\/product\/brzeszczot-bimetalowy-bl150x19x13-8-12-50-sztuk\/\" \/>\n<meta property=\"og:site_name\" content=\"Luna tools\" \/>\n<script type=\"application\/ld+json\" class=\"yoast-schema-graph\">{\"@context\":\"https:\/\/schema.org\",\"@graph\":[{\"@type\":\"WebPage\",\"@id\":\"https:\/\/lunatools.com\/pl\/product\/brzeszczot-bimetalowy-bl150x19x13-8-12-50-sztuk\/\",\"url\":\"https:\/\/lunatools.com\/pl\/product\/brzeszczot-bimetalowy-bl150x19x13-8-12-50-sztuk\/\",\"name\":\"Brzeszczot bimetalowy\u00a0BL150X19X1,3-8\/12 50 sztuk - Luna tools\",\"isPartOf\":{\"@id\":\"https:\/\/lunatools.com\/sv\/#website\"},\"datePublished\":\"2022-01-13T07:45:55+00:00\",\"dateModified\":\"2022-01-13T07:45:55+00:00\",\"breadcrumb\":{\"@id\":\"https:\/\/lunatools.com\/pl\/product\/brzeszczot-bimetalowy-bl150x19x13-8-12-50-sztuk\/#breadcrumb\"},\"inLanguage\":\"pl-PL\",\"potentialAction\":[{\"@type\":\"ReadAction\",\"target\":[\"https:\/\/lunatools.com\/pl\/product\/brzeszczot-bimetalowy-bl150x19x13-8-12-50-sztuk\/\"]}]},{\"@type\":\"BreadcrumbList\",\"@id\":\"https:\/\/lunatools.com\/pl\/product\/brzeszczot-bimetalowy-bl150x19x13-8-12-50-sztuk\/#breadcrumb\",\"itemListElement\":[{\"@type\":\"ListItem\",\"position\":1,\"name\":\"Home\",\"item\":\"https:\/\/lunatools.com\/pl\/\"},{\"@type\":\"ListItem\",\"position\":2,\"name\":\"Produkty\",\"item\":\"https:\/\/lunatools.com\/pl\/shop\/\"},{\"@type\":\"ListItem\",\"position\":3,\"name\":\"Brzeszczot bimetalowy\u00a0BL150X19X1,3-8\/12 50 sztuk\"}]},{\"@type\":\"WebSite\",\"@id\":\"https:\/\/lunatools.com\/sv\/#website\",\"url\":\"https:\/\/lunatools.com\/sv\/\",\"name\":\"Luna tools\",\"description\":\"\",\"publisher\":{\"@id\":\"https:\/\/lunatools.com\/sv\/#organization\"},\"potentialAction\":[{\"@type\":\"SearchAction\",\"target\":{\"@type\":\"EntryPoint\",\"urlTemplate\":\"https:\/\/lunatools.com\/sv\/?s={search_term_string}\"},\"query-input\":{\"@type\":\"PropertyValueSpecification\",\"valueRequired\":true,\"valueName\":\"search_term_string\"}}],\"inLanguage\":\"pl-PL\"},{\"@type\":\"Organization\",\"@id\":\"https:\/\/lunatools.com\/sv\/#organization\",\"name\":\"Luna Tools\",\"url\":\"https:\/\/lunatools.com\/sv\/\",\"logo\":{\"@type\":\"ImageObject\",\"inLanguage\":\"pl-PL\",\"@id\":\"https:\/\/lunatools.com\/sv\/#\/schema\/logo\/image\/\",\"url\":\"https:\/\/lunatools.com\/wp-content\/uploads\/2019\/10\/LunaTools-gray-logo.png\",\"contentUrl\":\"https:\/\/lunatools.com\/wp-content\/uploads\/2019\/10\/LunaTools-gray-logo.png\",\"width\":795,\"height\":309,\"caption\":\"Luna Tools\"},\"image\":{\"@id\":\"https:\/\/lunatools.com\/sv\/#\/schema\/logo\/image\/\"}}]}<\/script>\n<!-- \/ Yoast SEO plugin. -->","yoast_head_json":{"title":"Brzeszczot bimetalowy\u00a0BL150X19X1,3-8\/12 50 sztuk - Luna tools","robots":{"index":"index","follow":"follow","max-snippet":"max-snippet:-1","max-image-preview":"max-image-preview:large","max-video-preview":"max-video-preview:-1"},"canonical":"https:\/\/lunatools.com\/pl\/product\/brzeszczot-bimetalowy-bl150x19x13-8-12-50-sztuk\/","og_locale":"pl_PL","og_type":"article","og_title":"Brzeszczot bimetalowy\u00a0BL150X19X1,3-8\/12 50 sztuk - Luna tools","og_description":"Brzeszczoty bimetalowe do elektrycznych pilarek szablastych. Do ci\u0119cia drewna z gwo\u017adziami oraz wykonywania ci\u0119\u0107 prostych metalu powy\u017cej 5 mm. Dostarczane w opakowaniach blistrowych po 5, 25 lub 50 szt.","og_url":"https:\/\/lunatools.com\/pl\/product\/brzeszczot-bimetalowy-bl150x19x13-8-12-50-sztuk\/","og_site_name":"Luna tools","schema":{"@context":"https:\/\/schema.org","@graph":[{"@type":"WebPage","@id":"https:\/\/lunatools.com\/pl\/product\/brzeszczot-bimetalowy-bl150x19x13-8-12-50-sztuk\/","url":"https:\/\/lunatools.com\/pl\/product\/brzeszczot-bimetalowy-bl150x19x13-8-12-50-sztuk\/","name":"Brzeszczot bimetalowy\u00a0BL150X19X1,3-8\/12 50 sztuk - Luna tools","isPartOf":{"@id":"https:\/\/lunatools.com\/sv\/#website"},"datePublished":"2022-01-13T07:45:55+00:00","dateModified":"2022-01-13T07:45:55+00:00","breadcrumb":{"@id":"https:\/\/lunatools.com\/pl\/product\/brzeszczot-bimetalowy-bl150x19x13-8-12-50-sztuk\/#breadcrumb"},"inLanguage":"pl-PL","potentialAction":[{"@type":"ReadAction","target":["https:\/\/lunatools.com\/pl\/product\/brzeszczot-bimetalowy-bl150x19x13-8-12-50-sztuk\/"]}]},{"@type":"BreadcrumbList","@id":"https:\/\/lunatools.com\/pl\/product\/brzeszczot-bimetalowy-bl150x19x13-8-12-50-sztuk\/#breadcrumb","itemListElement":[{"@type":"ListItem","position":1,"name":"Home","item":"https:\/\/lunatools.com\/pl\/"},{"@type":"ListItem","position":2,"name":"Produkty","item":"https:\/\/lunatools.com\/pl\/shop\/"},{"@type":"ListItem","position":3,"name":"Brzeszczot bimetalowy\u00a0BL150X19X1,3-8\/12 50 sztuk"}]},{"@type":"WebSite","@id":"https:\/\/lunatools.com\/sv\/#website","url":"https:\/\/lunatools.com\/sv\/","name":"Luna tools","description":"","publisher":{"@id":"https:\/\/lunatools.com\/sv\/#organization"},"potentialAction":[{"@type":"SearchAction","target":{"@type":"EntryPoint","urlTemplate":"https:\/\/lunatools.com\/sv\/?s={search_term_string}"},"query-input":{"@type":"PropertyValueSpecification","valueRequired":true,"valueName":"search_term_string"}}],"inLanguage":"pl-PL"},{"@type":"Organization","@id":"https:\/\/lunatools.com\/sv\/#organization","name":"Luna Tools","url":"https:\/\/lunatools.com\/sv\/","logo":{"@type":"ImageObject","inLanguage":"pl-PL","@id":"https:\/\/lunatools.com\/sv\/#\/schema\/logo\/image\/","url":"https:\/\/lunatools.com\/wp-content\/uploads\/2019\/10\/LunaTools-gray-logo.png","contentUrl":"https:\/\/lunatools.com\/wp-content\/uploads\/2019\/10\/LunaTools-gray-logo.png","width":795,"height":309,"caption":"Luna Tools"},"image":{"@id":"https:\/\/lunatools.com\/sv\/#\/schema\/logo\/image\/"}}]}},"_links":{"self":[{"href":"https:\/\/lunatools.com\/pl\/wp-json\/wp\/v2\/product\/61267"}],"collection":[{"href":"https:\/\/lunatools.com\/pl\/wp-json\/wp\/v2\/product"}],"about":[{"href":"https:\/\/lunatools.com\/pl\/wp-json\/wp\/v2\/types\/product"}],"wp:attachment":[{"href":"https:\/\/lunatools.com\/pl\/wp-json\/wp\/v2\/media?parent=61267"}],"wp:term":[{"taxonomy":"product_cat","embeddable":true,"href":"https:\/\/lunatools.com\/pl\/wp-json\/wp\/v2\/product_cat?post=61267"},{"taxonomy":"product_tag","embeddable":true,"href":"https:\/\/lunatools.com\/pl\/wp-json\/wp\/v2\/product_tag?post=61267"}],"curies":[{"name":"wp","href":"https:\/\/api.w.org\/{rel}","templated":true}]}}