{"id":61321,"date":"2024-09-02T13:05:17","date_gmt":"2024-09-02T13:05:17","guid":{"rendered":"https:\/\/lunatools.com\/product\/brzeszczot-tarczowy-160x20-z36\/"},"modified":"2024-09-02T13:05:17","modified_gmt":"2024-09-02T13:05:17","slug":"brzeszczot-tarczowy-160x20-z36-2","status":"publish","type":"product","link":"https:\/\/lunatools.com\/pl\/product\/brzeszczot-tarczowy-160x20-z36-2\/","title":{"rendered":"Brzeszczot tarczowy 160X20 z36"},"content":{"rendered":"<p>Brzeszczot tarczowy Longlife. Brzeszczot tarczowy z w\u0119glik\u00f3w spiekanych do przecinarek r\u0119cznych i stacjonarnych. Do ci\u0119cia materia\u0142\u00f3w o wyj\u0105tkowo silnych w\u0142a\u015bciwo\u015bciach \u015bciernych, jak np. laminaty wysokoci\u015bnieniowe, p\u0142yty wi\u00f3rowe HDF, MDF, blaty laminowane. Cz\u0119ste ostrzenie wyd\u0142u\u017ca \u017cywotno\u015b\u0107 i poprawia jako\u015b\u0107 ci\u0119cia. Brzeszczot ma z\u0119by szlifowane trapezowo; posiada wyci\u0119te laserowo szczeliny t\u0142umi\u0105ce ha\u0142as i wykonany jest z materia\u0142\u00f3w o wyd\u0142u\u017conej \u017cywotno\u015bci.<br \/>\n21256-1005 ma otwory pod ko\u0142ki, dzi\u0119ki czemu brzeszczot pasuje do sprz\u0119t\u00f3w r\u00f3\u017cnych marek.<\/p>\n","protected":false},"excerpt":{"rendered":"Brzeszczot tarczowy Longlife. Brzeszczot tarczowy z w\u0119glik\u00f3w spiekanych do przecinarek r\u0119cznych i stacjonarnych. Do ci\u0119cia materia\u0142\u00f3w o wyj\u0105tkowo silnych w\u0142a\u015bciwo\u015bciach \u015bciernych, jak np. laminaty wysokoci\u015bnieniowe, p\u0142yty wi\u00f3rowe HDF, MDF, blaty laminowane. Cz\u0119ste ostrzenie wyd\u0142u\u017ca \u017cywotno\u015b\u0107 i poprawia jako\u015b\u0107 ci\u0119cia. Brzeszczot ma z\u0119by szlifowane trapezowo; posiada wyci\u0119te laserowo szczeliny t\u0142umi\u0105ce ha\u0142as i wykonany jest z materia\u0142\u00f3w&#8230; <a class=\"view-article\" href=\"https:\/\/lunatools.com\/pl\/product\/brzeszczot-tarczowy-160x20-z36-2\/\">View Article<\/a>","protected":false},"featured_media":0,"template":"","meta":{"_acf_changed":false},"product_cat":[3170,3169],"product_tag":[],"class_list":{"0":"post-61321","1":"product","2":"type-product","3":"status-publish","5":"product_cat-pily-tarczowe-pl-pily-tarczowe-pl","6":"product_cat-pily-tarczowe-pl","8":"first","9":"instock","10":"shipping-taxable","11":"product-type-simple"},"acf":[],"yoast_head":"<!-- This site is optimized with the Yoast SEO plugin v23.4 - https:\/\/yoast.com\/wordpress\/plugins\/seo\/ -->\n<title>Brzeszczot tarczowy 160X20 z36 - Luna tools<\/title>\n<meta name=\"robots\" content=\"index, follow, max-snippet:-1, max-image-preview:large, max-video-preview:-1\" \/>\n<link rel=\"canonical\" href=\"https:\/\/lunatools.com\/pl\/product\/brzeszczot-tarczowy-160x20-z36-2\/\" \/>\n<meta property=\"og:locale\" content=\"pl_PL\" \/>\n<meta property=\"og:type\" content=\"article\" \/>\n<meta property=\"og:title\" content=\"Brzeszczot tarczowy 160X20 z36 - Luna tools\" \/>\n<meta property=\"og:description\" content=\"Brzeszczot tarczowy Longlife. Brzeszczot tarczowy z w\u0119glik\u00f3w spiekanych do przecinarek r\u0119cznych i stacjonarnych. Do ci\u0119cia materia\u0142\u00f3w o wyj\u0105tkowo silnych w\u0142a\u015bciwo\u015bciach \u015bciernych, jak np. laminaty wysokoci\u015bnieniowe, p\u0142yty wi\u00f3rowe HDF, MDF, blaty laminowane. Cz\u0119ste ostrzenie wyd\u0142u\u017ca \u017cywotno\u015b\u0107 i poprawia jako\u015b\u0107 ci\u0119cia. Brzeszczot ma z\u0119by szlifowane trapezowo; posiada wyci\u0119te laserowo szczeliny t\u0142umi\u0105ce ha\u0142as i wykonany jest z materia\u0142\u00f3w... View Article\" \/>\n<meta property=\"og:url\" content=\"https:\/\/lunatools.com\/pl\/product\/brzeszczot-tarczowy-160x20-z36-2\/\" \/>\n<meta property=\"og:site_name\" content=\"Luna tools\" \/>\n<meta name=\"twitter:label1\" content=\"Szacowany czas czytania\" \/>\n\t<meta name=\"twitter:data1\" content=\"1 minuta\" \/>\n<script type=\"application\/ld+json\" class=\"yoast-schema-graph\">{\"@context\":\"https:\/\/schema.org\",\"@graph\":[{\"@type\":\"WebPage\",\"@id\":\"https:\/\/lunatools.com\/pl\/product\/brzeszczot-tarczowy-160x20-z36-2\/\",\"url\":\"https:\/\/lunatools.com\/pl\/product\/brzeszczot-tarczowy-160x20-z36-2\/\",\"name\":\"Brzeszczot tarczowy 160X20 z36 - Luna tools\",\"isPartOf\":{\"@id\":\"https:\/\/lunatools.com\/sv\/#website\"},\"datePublished\":\"2024-09-02T13:05:17+00:00\",\"dateModified\":\"2024-09-02T13:05:17+00:00\",\"breadcrumb\":{\"@id\":\"https:\/\/lunatools.com\/pl\/product\/brzeszczot-tarczowy-160x20-z36-2\/#breadcrumb\"},\"inLanguage\":\"pl-PL\",\"potentialAction\":[{\"@type\":\"ReadAction\",\"target\":[\"https:\/\/lunatools.com\/pl\/product\/brzeszczot-tarczowy-160x20-z36-2\/\"]}]},{\"@type\":\"BreadcrumbList\",\"@id\":\"https:\/\/lunatools.com\/pl\/product\/brzeszczot-tarczowy-160x20-z36-2\/#breadcrumb\",\"itemListElement\":[{\"@type\":\"ListItem\",\"position\":1,\"name\":\"Home\",\"item\":\"https:\/\/lunatools.com\/pl\/\"},{\"@type\":\"ListItem\",\"position\":2,\"name\":\"Produkty\",\"item\":\"https:\/\/lunatools.com\/pl\/shop\/\"},{\"@type\":\"ListItem\",\"position\":3,\"name\":\"Brzeszczot tarczowy 160X20 z36\"}]},{\"@type\":\"WebSite\",\"@id\":\"https:\/\/lunatools.com\/sv\/#website\",\"url\":\"https:\/\/lunatools.com\/sv\/\",\"name\":\"Luna tools\",\"description\":\"\",\"publisher\":{\"@id\":\"https:\/\/lunatools.com\/sv\/#organization\"},\"potentialAction\":[{\"@type\":\"SearchAction\",\"target\":{\"@type\":\"EntryPoint\",\"urlTemplate\":\"https:\/\/lunatools.com\/sv\/?s={search_term_string}\"},\"query-input\":{\"@type\":\"PropertyValueSpecification\",\"valueRequired\":true,\"valueName\":\"search_term_string\"}}],\"inLanguage\":\"pl-PL\"},{\"@type\":\"Organization\",\"@id\":\"https:\/\/lunatools.com\/sv\/#organization\",\"name\":\"Luna Tools\",\"url\":\"https:\/\/lunatools.com\/sv\/\",\"logo\":{\"@type\":\"ImageObject\",\"inLanguage\":\"pl-PL\",\"@id\":\"https:\/\/lunatools.com\/sv\/#\/schema\/logo\/image\/\",\"url\":\"https:\/\/lunatools.com\/wp-content\/uploads\/2019\/10\/LunaTools-gray-logo.png\",\"contentUrl\":\"https:\/\/lunatools.com\/wp-content\/uploads\/2019\/10\/LunaTools-gray-logo.png\",\"width\":795,\"height\":309,\"caption\":\"Luna Tools\"},\"image\":{\"@id\":\"https:\/\/lunatools.com\/sv\/#\/schema\/logo\/image\/\"}}]}<\/script>\n<!-- \/ Yoast SEO plugin. -->","yoast_head_json":{"title":"Brzeszczot tarczowy 160X20 z36 - Luna tools","robots":{"index":"index","follow":"follow","max-snippet":"max-snippet:-1","max-image-preview":"max-image-preview:large","max-video-preview":"max-video-preview:-1"},"canonical":"https:\/\/lunatools.com\/pl\/product\/brzeszczot-tarczowy-160x20-z36-2\/","og_locale":"pl_PL","og_type":"article","og_title":"Brzeszczot tarczowy 160X20 z36 - Luna tools","og_description":"Brzeszczot tarczowy Longlife. Brzeszczot tarczowy z w\u0119glik\u00f3w spiekanych do przecinarek r\u0119cznych i stacjonarnych. Do ci\u0119cia materia\u0142\u00f3w o wyj\u0105tkowo silnych w\u0142a\u015bciwo\u015bciach \u015bciernych, jak np. laminaty wysokoci\u015bnieniowe, p\u0142yty wi\u00f3rowe HDF, MDF, blaty laminowane. Cz\u0119ste ostrzenie wyd\u0142u\u017ca \u017cywotno\u015b\u0107 i poprawia jako\u015b\u0107 ci\u0119cia. Brzeszczot ma z\u0119by szlifowane trapezowo; posiada wyci\u0119te laserowo szczeliny t\u0142umi\u0105ce ha\u0142as i wykonany jest z materia\u0142\u00f3w... View Article","og_url":"https:\/\/lunatools.com\/pl\/product\/brzeszczot-tarczowy-160x20-z36-2\/","og_site_name":"Luna tools","twitter_misc":{"Szacowany czas czytania":"1 minuta"},"schema":{"@context":"https:\/\/schema.org","@graph":[{"@type":"WebPage","@id":"https:\/\/lunatools.com\/pl\/product\/brzeszczot-tarczowy-160x20-z36-2\/","url":"https:\/\/lunatools.com\/pl\/product\/brzeszczot-tarczowy-160x20-z36-2\/","name":"Brzeszczot tarczowy 160X20 z36 - Luna tools","isPartOf":{"@id":"https:\/\/lunatools.com\/sv\/#website"},"datePublished":"2024-09-02T13:05:17+00:00","dateModified":"2024-09-02T13:05:17+00:00","breadcrumb":{"@id":"https:\/\/lunatools.com\/pl\/product\/brzeszczot-tarczowy-160x20-z36-2\/#breadcrumb"},"inLanguage":"pl-PL","potentialAction":[{"@type":"ReadAction","target":["https:\/\/lunatools.com\/pl\/product\/brzeszczot-tarczowy-160x20-z36-2\/"]}]},{"@type":"BreadcrumbList","@id":"https:\/\/lunatools.com\/pl\/product\/brzeszczot-tarczowy-160x20-z36-2\/#breadcrumb","itemListElement":[{"@type":"ListItem","position":1,"name":"Home","item":"https:\/\/lunatools.com\/pl\/"},{"@type":"ListItem","position":2,"name":"Produkty","item":"https:\/\/lunatools.com\/pl\/shop\/"},{"@type":"ListItem","position":3,"name":"Brzeszczot tarczowy 160X20 z36"}]},{"@type":"WebSite","@id":"https:\/\/lunatools.com\/sv\/#website","url":"https:\/\/lunatools.com\/sv\/","name":"Luna tools","description":"","publisher":{"@id":"https:\/\/lunatools.com\/sv\/#organization"},"potentialAction":[{"@type":"SearchAction","target":{"@type":"EntryPoint","urlTemplate":"https:\/\/lunatools.com\/sv\/?s={search_term_string}"},"query-input":{"@type":"PropertyValueSpecification","valueRequired":true,"valueName":"search_term_string"}}],"inLanguage":"pl-PL"},{"@type":"Organization","@id":"https:\/\/lunatools.com\/sv\/#organization","name":"Luna Tools","url":"https:\/\/lunatools.com\/sv\/","logo":{"@type":"ImageObject","inLanguage":"pl-PL","@id":"https:\/\/lunatools.com\/sv\/#\/schema\/logo\/image\/","url":"https:\/\/lunatools.com\/wp-content\/uploads\/2019\/10\/LunaTools-gray-logo.png","contentUrl":"https:\/\/lunatools.com\/wp-content\/uploads\/2019\/10\/LunaTools-gray-logo.png","width":795,"height":309,"caption":"Luna Tools"},"image":{"@id":"https:\/\/lunatools.com\/sv\/#\/schema\/logo\/image\/"}}]}},"_links":{"self":[{"href":"https:\/\/lunatools.com\/pl\/wp-json\/wp\/v2\/product\/61321"}],"collection":[{"href":"https:\/\/lunatools.com\/pl\/wp-json\/wp\/v2\/product"}],"about":[{"href":"https:\/\/lunatools.com\/pl\/wp-json\/wp\/v2\/types\/product"}],"wp:attachment":[{"href":"https:\/\/lunatools.com\/pl\/wp-json\/wp\/v2\/media?parent=61321"}],"wp:term":[{"taxonomy":"product_cat","embeddable":true,"href":"https:\/\/lunatools.com\/pl\/wp-json\/wp\/v2\/product_cat?post=61321"},{"taxonomy":"product_tag","embeddable":true,"href":"https:\/\/lunatools.com\/pl\/wp-json\/wp\/v2\/product_tag?post=61321"}],"curies":[{"name":"wp","href":"https:\/\/api.w.org\/{rel}","templated":true}]}}