{"id":61341,"date":"2024-09-02T13:05:18","date_gmt":"2024-09-02T13:05:18","guid":{"rendered":"https:\/\/lunatools.com\/product\/plytka-scierna-z-rzepem-sl\/"},"modified":"2024-09-02T13:05:18","modified_gmt":"2024-09-02T13:05:18","slug":"plytka-scierna-z-rzepem-sl","status":"publish","type":"product","link":"https:\/\/lunatools.com\/pl\/product\/plytka-scierna-z-rzepem-sl\/","title":{"rendered":"P\u0141YTKA \u015aCIERNA Z RZEPEM SL"},"content":{"rendered":"<p>P\u0142ytka \u015bcierna z mocowaniem rzepowym, pasuje do elektronarz\u0119dzi z mocowaniami Starlock, Starlock Max i Starlock Plus. Zgodno\u015b\u0107 wsteczna z wi\u0119kszo\u015bci\u0105 wielofunkcyjnych narz\u0119dzi typu multi-cutter dost\u0119pnych na rynku. Do szlifowania drewna i malowanych powierzchni. Pasuj\u0105ce arkusze \u015bcierne seria 20106 i 20107.<\/p>\n","protected":false},"excerpt":{"rendered":"P\u0142ytka \u015bcierna z mocowaniem rzepowym, pasuje do elektronarz\u0119dzi z mocowaniami Starlock, Starlock Max i Starlock Plus. Zgodno\u015b\u0107 wsteczna z wi\u0119kszo\u015bci\u0105 wielofunkcyjnych narz\u0119dzi typu multi-cutter dost\u0119pnych na rynku. Do szlifowania drewna i malowanych powierzchni. Pasuj\u0105ce arkusze \u015bcierne seria 20106 i 20107.","protected":false},"featured_media":0,"template":"","meta":{"_acf_changed":false},"product_cat":[3206,3187],"product_tag":[],"class_list":{"0":"post-61341","1":"product","2":"type-product","3":"status-publish","5":"product_cat-arkusze-scierne-pl","6":"product_cat-narzedzia-wielofunkcyjne-pl","8":"first","9":"instock","10":"shipping-taxable","11":"product-type-simple"},"acf":[],"yoast_head":"<!-- This site is optimized with the Yoast SEO plugin v23.4 - https:\/\/yoast.com\/wordpress\/plugins\/seo\/ -->\n<title>P\u0141YTKA \u015aCIERNA Z RZEPEM SL - Luna tools<\/title>\n<meta name=\"robots\" content=\"index, follow, max-snippet:-1, max-image-preview:large, max-video-preview:-1\" \/>\n<link rel=\"canonical\" href=\"https:\/\/lunatools.com\/pl\/product\/plytka-scierna-z-rzepem-sl\/\" \/>\n<meta property=\"og:locale\" content=\"pl_PL\" \/>\n<meta property=\"og:type\" content=\"article\" \/>\n<meta property=\"og:title\" content=\"P\u0141YTKA \u015aCIERNA Z RZEPEM SL - Luna tools\" \/>\n<meta property=\"og:description\" content=\"P\u0142ytka \u015bcierna z mocowaniem rzepowym, pasuje do elektronarz\u0119dzi z mocowaniami Starlock, Starlock Max i Starlock Plus. Zgodno\u015b\u0107 wsteczna z wi\u0119kszo\u015bci\u0105 wielofunkcyjnych narz\u0119dzi typu multi-cutter dost\u0119pnych na rynku. Do szlifowania drewna i malowanych powierzchni. Pasuj\u0105ce arkusze \u015bcierne seria 20106 i 20107.\" \/>\n<meta property=\"og:url\" content=\"https:\/\/lunatools.com\/pl\/product\/plytka-scierna-z-rzepem-sl\/\" \/>\n<meta property=\"og:site_name\" content=\"Luna tools\" \/>\n<script type=\"application\/ld+json\" class=\"yoast-schema-graph\">{\"@context\":\"https:\/\/schema.org\",\"@graph\":[{\"@type\":\"WebPage\",\"@id\":\"https:\/\/lunatools.com\/pl\/product\/plytka-scierna-z-rzepem-sl\/\",\"url\":\"https:\/\/lunatools.com\/pl\/product\/plytka-scierna-z-rzepem-sl\/\",\"name\":\"P\u0141YTKA \u015aCIERNA Z RZEPEM SL - Luna tools\",\"isPartOf\":{\"@id\":\"https:\/\/lunatools.com\/sv\/#website\"},\"datePublished\":\"2024-09-02T13:05:18+00:00\",\"dateModified\":\"2024-09-02T13:05:18+00:00\",\"breadcrumb\":{\"@id\":\"https:\/\/lunatools.com\/pl\/product\/plytka-scierna-z-rzepem-sl\/#breadcrumb\"},\"inLanguage\":\"pl-PL\",\"potentialAction\":[{\"@type\":\"ReadAction\",\"target\":[\"https:\/\/lunatools.com\/pl\/product\/plytka-scierna-z-rzepem-sl\/\"]}]},{\"@type\":\"BreadcrumbList\",\"@id\":\"https:\/\/lunatools.com\/pl\/product\/plytka-scierna-z-rzepem-sl\/#breadcrumb\",\"itemListElement\":[{\"@type\":\"ListItem\",\"position\":1,\"name\":\"Home\",\"item\":\"https:\/\/lunatools.com\/pl\/\"},{\"@type\":\"ListItem\",\"position\":2,\"name\":\"Produkty\",\"item\":\"https:\/\/lunatools.com\/pl\/shop\/\"},{\"@type\":\"ListItem\",\"position\":3,\"name\":\"P\u0141YTKA \u015aCIERNA Z RZEPEM SL\"}]},{\"@type\":\"WebSite\",\"@id\":\"https:\/\/lunatools.com\/sv\/#website\",\"url\":\"https:\/\/lunatools.com\/sv\/\",\"name\":\"Luna tools\",\"description\":\"\",\"publisher\":{\"@id\":\"https:\/\/lunatools.com\/sv\/#organization\"},\"potentialAction\":[{\"@type\":\"SearchAction\",\"target\":{\"@type\":\"EntryPoint\",\"urlTemplate\":\"https:\/\/lunatools.com\/sv\/?s={search_term_string}\"},\"query-input\":{\"@type\":\"PropertyValueSpecification\",\"valueRequired\":true,\"valueName\":\"search_term_string\"}}],\"inLanguage\":\"pl-PL\"},{\"@type\":\"Organization\",\"@id\":\"https:\/\/lunatools.com\/sv\/#organization\",\"name\":\"Luna Tools\",\"url\":\"https:\/\/lunatools.com\/sv\/\",\"logo\":{\"@type\":\"ImageObject\",\"inLanguage\":\"pl-PL\",\"@id\":\"https:\/\/lunatools.com\/sv\/#\/schema\/logo\/image\/\",\"url\":\"https:\/\/lunatools.com\/wp-content\/uploads\/2019\/10\/LunaTools-gray-logo.png\",\"contentUrl\":\"https:\/\/lunatools.com\/wp-content\/uploads\/2019\/10\/LunaTools-gray-logo.png\",\"width\":795,\"height\":309,\"caption\":\"Luna Tools\"},\"image\":{\"@id\":\"https:\/\/lunatools.com\/sv\/#\/schema\/logo\/image\/\"}}]}<\/script>\n<!-- \/ Yoast SEO plugin. -->","yoast_head_json":{"title":"P\u0141YTKA \u015aCIERNA Z RZEPEM SL - Luna tools","robots":{"index":"index","follow":"follow","max-snippet":"max-snippet:-1","max-image-preview":"max-image-preview:large","max-video-preview":"max-video-preview:-1"},"canonical":"https:\/\/lunatools.com\/pl\/product\/plytka-scierna-z-rzepem-sl\/","og_locale":"pl_PL","og_type":"article","og_title":"P\u0141YTKA \u015aCIERNA Z RZEPEM SL - Luna tools","og_description":"P\u0142ytka \u015bcierna z mocowaniem rzepowym, pasuje do elektronarz\u0119dzi z mocowaniami Starlock, Starlock Max i Starlock Plus. Zgodno\u015b\u0107 wsteczna z wi\u0119kszo\u015bci\u0105 wielofunkcyjnych narz\u0119dzi typu multi-cutter dost\u0119pnych na rynku. Do szlifowania drewna i malowanych powierzchni. Pasuj\u0105ce arkusze \u015bcierne seria 20106 i 20107.","og_url":"https:\/\/lunatools.com\/pl\/product\/plytka-scierna-z-rzepem-sl\/","og_site_name":"Luna tools","schema":{"@context":"https:\/\/schema.org","@graph":[{"@type":"WebPage","@id":"https:\/\/lunatools.com\/pl\/product\/plytka-scierna-z-rzepem-sl\/","url":"https:\/\/lunatools.com\/pl\/product\/plytka-scierna-z-rzepem-sl\/","name":"P\u0141YTKA \u015aCIERNA Z RZEPEM SL - Luna tools","isPartOf":{"@id":"https:\/\/lunatools.com\/sv\/#website"},"datePublished":"2024-09-02T13:05:18+00:00","dateModified":"2024-09-02T13:05:18+00:00","breadcrumb":{"@id":"https:\/\/lunatools.com\/pl\/product\/plytka-scierna-z-rzepem-sl\/#breadcrumb"},"inLanguage":"pl-PL","potentialAction":[{"@type":"ReadAction","target":["https:\/\/lunatools.com\/pl\/product\/plytka-scierna-z-rzepem-sl\/"]}]},{"@type":"BreadcrumbList","@id":"https:\/\/lunatools.com\/pl\/product\/plytka-scierna-z-rzepem-sl\/#breadcrumb","itemListElement":[{"@type":"ListItem","position":1,"name":"Home","item":"https:\/\/lunatools.com\/pl\/"},{"@type":"ListItem","position":2,"name":"Produkty","item":"https:\/\/lunatools.com\/pl\/shop\/"},{"@type":"ListItem","position":3,"name":"P\u0141YTKA \u015aCIERNA Z RZEPEM SL"}]},{"@type":"WebSite","@id":"https:\/\/lunatools.com\/sv\/#website","url":"https:\/\/lunatools.com\/sv\/","name":"Luna tools","description":"","publisher":{"@id":"https:\/\/lunatools.com\/sv\/#organization"},"potentialAction":[{"@type":"SearchAction","target":{"@type":"EntryPoint","urlTemplate":"https:\/\/lunatools.com\/sv\/?s={search_term_string}"},"query-input":{"@type":"PropertyValueSpecification","valueRequired":true,"valueName":"search_term_string"}}],"inLanguage":"pl-PL"},{"@type":"Organization","@id":"https:\/\/lunatools.com\/sv\/#organization","name":"Luna Tools","url":"https:\/\/lunatools.com\/sv\/","logo":{"@type":"ImageObject","inLanguage":"pl-PL","@id":"https:\/\/lunatools.com\/sv\/#\/schema\/logo\/image\/","url":"https:\/\/lunatools.com\/wp-content\/uploads\/2019\/10\/LunaTools-gray-logo.png","contentUrl":"https:\/\/lunatools.com\/wp-content\/uploads\/2019\/10\/LunaTools-gray-logo.png","width":795,"height":309,"caption":"Luna Tools"},"image":{"@id":"https:\/\/lunatools.com\/sv\/#\/schema\/logo\/image\/"}}]}},"_links":{"self":[{"href":"https:\/\/lunatools.com\/pl\/wp-json\/wp\/v2\/product\/61341"}],"collection":[{"href":"https:\/\/lunatools.com\/pl\/wp-json\/wp\/v2\/product"}],"about":[{"href":"https:\/\/lunatools.com\/pl\/wp-json\/wp\/v2\/types\/product"}],"wp:attachment":[{"href":"https:\/\/lunatools.com\/pl\/wp-json\/wp\/v2\/media?parent=61341"}],"wp:term":[{"taxonomy":"product_cat","embeddable":true,"href":"https:\/\/lunatools.com\/pl\/wp-json\/wp\/v2\/product_cat?post=61341"},{"taxonomy":"product_tag","embeddable":true,"href":"https:\/\/lunatools.com\/pl\/wp-json\/wp\/v2\/product_tag?post=61341"}],"curies":[{"name":"wp","href":"https:\/\/api.w.org\/{rel}","templated":true}]}}