{"id":61520,"date":"2022-01-13T07:46:27","date_gmt":"2022-01-13T07:46:27","guid":{"rendered":"https:\/\/lunatools.com\/product\/zestaw-wiertel-poglebiacz-11-sztuk\/"},"modified":"2022-01-13T07:46:27","modified_gmt":"2022-01-13T07:46:27","slug":"zestaw-wiertel-poglebiacz-11-sztuk","status":"publish","type":"product","link":"https:\/\/lunatools.com\/pl\/product\/zestaw-wiertel-poglebiacz-11-sztuk\/","title":{"rendered":"Zestaw wierte\u0142\/pog\u0142\u0119biacz 11 sztuk."},"content":{"rendered":"<p>Do drewna. Zestaw z 11 element\u00f3w, wszystkie z chwytem sze\u015bciok\u0105tnym 1\/4&#8243;. Sk\u0142ad zestawu: pog\u0142\u0119biacz 5-ostrzowy 10 mm, wycinacz ko\u0142k\u00f3w 10 mm, wiert\u0142a kr\u0119te 3 i 4 mm, 6 grot\u00f3w wkr\u0119takowych 50 mm oraz oprawka do grot\u00f3w z uchwytem szybkomocuj\u0105cym.Dostarczany w etui z tworzywa.<\/p>\n","protected":false},"excerpt":{"rendered":"Do drewna. Zestaw z 11 element\u00f3w, wszystkie z chwytem sze\u015bciok\u0105tnym 1\/4&#8243;. Sk\u0142ad zestawu: pog\u0142\u0119biacz 5-ostrzowy 10 mm, wycinacz ko\u0142k\u00f3w 10 mm, wiert\u0142a kr\u0119te 3 i 4 mm, 6 grot\u00f3w wkr\u0119takowych 50 mm oraz oprawka do grot\u00f3w z uchwytem szybkomocuj\u0105cym.Dostarczany w etui z tworzywa.","protected":false},"featured_media":0,"template":"","meta":{"_acf_changed":false},"product_cat":[3219,3224],"product_tag":[],"class_list":{"0":"post-61520","1":"product","2":"type-product","3":"status-publish","5":"product_cat-wiertla-pl","6":"product_cat-zestawy-wiertel-pl","8":"first","9":"instock","10":"shipping-taxable","11":"product-type-simple"},"acf":[],"yoast_head":"<!-- This site is optimized with the Yoast SEO plugin v23.4 - https:\/\/yoast.com\/wordpress\/plugins\/seo\/ -->\n<title>Zestaw wierte\u0142\/pog\u0142\u0119biacz 11 sztuk. - Luna tools<\/title>\n<meta name=\"robots\" content=\"index, follow, max-snippet:-1, max-image-preview:large, max-video-preview:-1\" \/>\n<link rel=\"canonical\" href=\"https:\/\/lunatools.com\/pl\/product\/zestaw-wiertel-poglebiacz-11-sztuk\/\" \/>\n<meta property=\"og:locale\" content=\"pl_PL\" \/>\n<meta property=\"og:type\" content=\"article\" \/>\n<meta property=\"og:title\" content=\"Zestaw wierte\u0142\/pog\u0142\u0119biacz 11 sztuk. - Luna tools\" \/>\n<meta property=\"og:description\" content=\"Do drewna. Zestaw z 11 element\u00f3w, wszystkie z chwytem sze\u015bciok\u0105tnym 1\/4&#8243;. Sk\u0142ad zestawu: pog\u0142\u0119biacz 5-ostrzowy 10 mm, wycinacz ko\u0142k\u00f3w 10 mm, wiert\u0142a kr\u0119te 3 i 4 mm, 6 grot\u00f3w wkr\u0119takowych 50 mm oraz oprawka do grot\u00f3w z uchwytem szybkomocuj\u0105cym.Dostarczany w etui z tworzywa.\" \/>\n<meta property=\"og:url\" content=\"https:\/\/lunatools.com\/pl\/product\/zestaw-wiertel-poglebiacz-11-sztuk\/\" \/>\n<meta property=\"og:site_name\" content=\"Luna tools\" \/>\n<script type=\"application\/ld+json\" class=\"yoast-schema-graph\">{\"@context\":\"https:\/\/schema.org\",\"@graph\":[{\"@type\":\"WebPage\",\"@id\":\"https:\/\/lunatools.com\/pl\/product\/zestaw-wiertel-poglebiacz-11-sztuk\/\",\"url\":\"https:\/\/lunatools.com\/pl\/product\/zestaw-wiertel-poglebiacz-11-sztuk\/\",\"name\":\"Zestaw wierte\u0142\/pog\u0142\u0119biacz 11 sztuk. - Luna tools\",\"isPartOf\":{\"@id\":\"https:\/\/lunatools.com\/sv\/#website\"},\"datePublished\":\"2022-01-13T07:46:27+00:00\",\"dateModified\":\"2022-01-13T07:46:27+00:00\",\"breadcrumb\":{\"@id\":\"https:\/\/lunatools.com\/pl\/product\/zestaw-wiertel-poglebiacz-11-sztuk\/#breadcrumb\"},\"inLanguage\":\"pl-PL\",\"potentialAction\":[{\"@type\":\"ReadAction\",\"target\":[\"https:\/\/lunatools.com\/pl\/product\/zestaw-wiertel-poglebiacz-11-sztuk\/\"]}]},{\"@type\":\"BreadcrumbList\",\"@id\":\"https:\/\/lunatools.com\/pl\/product\/zestaw-wiertel-poglebiacz-11-sztuk\/#breadcrumb\",\"itemListElement\":[{\"@type\":\"ListItem\",\"position\":1,\"name\":\"Home\",\"item\":\"https:\/\/lunatools.com\/pl\/\"},{\"@type\":\"ListItem\",\"position\":2,\"name\":\"Produkty\",\"item\":\"https:\/\/lunatools.com\/pl\/shop\/\"},{\"@type\":\"ListItem\",\"position\":3,\"name\":\"Zestaw wierte\u0142\/pog\u0142\u0119biacz 11 sztuk.\"}]},{\"@type\":\"WebSite\",\"@id\":\"https:\/\/lunatools.com\/sv\/#website\",\"url\":\"https:\/\/lunatools.com\/sv\/\",\"name\":\"Luna tools\",\"description\":\"\",\"publisher\":{\"@id\":\"https:\/\/lunatools.com\/sv\/#organization\"},\"potentialAction\":[{\"@type\":\"SearchAction\",\"target\":{\"@type\":\"EntryPoint\",\"urlTemplate\":\"https:\/\/lunatools.com\/sv\/?s={search_term_string}\"},\"query-input\":{\"@type\":\"PropertyValueSpecification\",\"valueRequired\":true,\"valueName\":\"search_term_string\"}}],\"inLanguage\":\"pl-PL\"},{\"@type\":\"Organization\",\"@id\":\"https:\/\/lunatools.com\/sv\/#organization\",\"name\":\"Luna Tools\",\"url\":\"https:\/\/lunatools.com\/sv\/\",\"logo\":{\"@type\":\"ImageObject\",\"inLanguage\":\"pl-PL\",\"@id\":\"https:\/\/lunatools.com\/sv\/#\/schema\/logo\/image\/\",\"url\":\"https:\/\/lunatools.com\/wp-content\/uploads\/2019\/10\/LunaTools-gray-logo.png\",\"contentUrl\":\"https:\/\/lunatools.com\/wp-content\/uploads\/2019\/10\/LunaTools-gray-logo.png\",\"width\":795,\"height\":309,\"caption\":\"Luna Tools\"},\"image\":{\"@id\":\"https:\/\/lunatools.com\/sv\/#\/schema\/logo\/image\/\"}}]}<\/script>\n<!-- \/ Yoast SEO plugin. -->","yoast_head_json":{"title":"Zestaw wierte\u0142\/pog\u0142\u0119biacz 11 sztuk. - Luna tools","robots":{"index":"index","follow":"follow","max-snippet":"max-snippet:-1","max-image-preview":"max-image-preview:large","max-video-preview":"max-video-preview:-1"},"canonical":"https:\/\/lunatools.com\/pl\/product\/zestaw-wiertel-poglebiacz-11-sztuk\/","og_locale":"pl_PL","og_type":"article","og_title":"Zestaw wierte\u0142\/pog\u0142\u0119biacz 11 sztuk. - Luna tools","og_description":"Do drewna. Zestaw z 11 element\u00f3w, wszystkie z chwytem sze\u015bciok\u0105tnym 1\/4&#8243;. Sk\u0142ad zestawu: pog\u0142\u0119biacz 5-ostrzowy 10 mm, wycinacz ko\u0142k\u00f3w 10 mm, wiert\u0142a kr\u0119te 3 i 4 mm, 6 grot\u00f3w wkr\u0119takowych 50 mm oraz oprawka do grot\u00f3w z uchwytem szybkomocuj\u0105cym.Dostarczany w etui z tworzywa.","og_url":"https:\/\/lunatools.com\/pl\/product\/zestaw-wiertel-poglebiacz-11-sztuk\/","og_site_name":"Luna tools","schema":{"@context":"https:\/\/schema.org","@graph":[{"@type":"WebPage","@id":"https:\/\/lunatools.com\/pl\/product\/zestaw-wiertel-poglebiacz-11-sztuk\/","url":"https:\/\/lunatools.com\/pl\/product\/zestaw-wiertel-poglebiacz-11-sztuk\/","name":"Zestaw wierte\u0142\/pog\u0142\u0119biacz 11 sztuk. - Luna tools","isPartOf":{"@id":"https:\/\/lunatools.com\/sv\/#website"},"datePublished":"2022-01-13T07:46:27+00:00","dateModified":"2022-01-13T07:46:27+00:00","breadcrumb":{"@id":"https:\/\/lunatools.com\/pl\/product\/zestaw-wiertel-poglebiacz-11-sztuk\/#breadcrumb"},"inLanguage":"pl-PL","potentialAction":[{"@type":"ReadAction","target":["https:\/\/lunatools.com\/pl\/product\/zestaw-wiertel-poglebiacz-11-sztuk\/"]}]},{"@type":"BreadcrumbList","@id":"https:\/\/lunatools.com\/pl\/product\/zestaw-wiertel-poglebiacz-11-sztuk\/#breadcrumb","itemListElement":[{"@type":"ListItem","position":1,"name":"Home","item":"https:\/\/lunatools.com\/pl\/"},{"@type":"ListItem","position":2,"name":"Produkty","item":"https:\/\/lunatools.com\/pl\/shop\/"},{"@type":"ListItem","position":3,"name":"Zestaw wierte\u0142\/pog\u0142\u0119biacz 11 sztuk."}]},{"@type":"WebSite","@id":"https:\/\/lunatools.com\/sv\/#website","url":"https:\/\/lunatools.com\/sv\/","name":"Luna tools","description":"","publisher":{"@id":"https:\/\/lunatools.com\/sv\/#organization"},"potentialAction":[{"@type":"SearchAction","target":{"@type":"EntryPoint","urlTemplate":"https:\/\/lunatools.com\/sv\/?s={search_term_string}"},"query-input":{"@type":"PropertyValueSpecification","valueRequired":true,"valueName":"search_term_string"}}],"inLanguage":"pl-PL"},{"@type":"Organization","@id":"https:\/\/lunatools.com\/sv\/#organization","name":"Luna Tools","url":"https:\/\/lunatools.com\/sv\/","logo":{"@type":"ImageObject","inLanguage":"pl-PL","@id":"https:\/\/lunatools.com\/sv\/#\/schema\/logo\/image\/","url":"https:\/\/lunatools.com\/wp-content\/uploads\/2019\/10\/LunaTools-gray-logo.png","contentUrl":"https:\/\/lunatools.com\/wp-content\/uploads\/2019\/10\/LunaTools-gray-logo.png","width":795,"height":309,"caption":"Luna Tools"},"image":{"@id":"https:\/\/lunatools.com\/sv\/#\/schema\/logo\/image\/"}}]}},"_links":{"self":[{"href":"https:\/\/lunatools.com\/pl\/wp-json\/wp\/v2\/product\/61520"}],"collection":[{"href":"https:\/\/lunatools.com\/pl\/wp-json\/wp\/v2\/product"}],"about":[{"href":"https:\/\/lunatools.com\/pl\/wp-json\/wp\/v2\/types\/product"}],"wp:attachment":[{"href":"https:\/\/lunatools.com\/pl\/wp-json\/wp\/v2\/media?parent=61520"}],"wp:term":[{"taxonomy":"product_cat","embeddable":true,"href":"https:\/\/lunatools.com\/pl\/wp-json\/wp\/v2\/product_cat?post=61520"},{"taxonomy":"product_tag","embeddable":true,"href":"https:\/\/lunatools.com\/pl\/wp-json\/wp\/v2\/product_tag?post=61520"}],"curies":[{"name":"wp","href":"https:\/\/api.w.org\/{rel}","templated":true}]}}