{"id":61616,"date":"2024-09-02T13:10:19","date_gmt":"2024-09-02T13:10:19","guid":{"rendered":"https:\/\/lunatools.com\/product\/61616\/"},"modified":"2024-09-02T13:10:19","modified_gmt":"2024-09-02T13:10:19","slug":"lom-hakowy-700e","status":"publish","type":"product","link":"https:\/\/lunatools.com\/pl\/product\/lom-hakowy-700e\/","title":{"rendered":"\u0141OM HAKOWY 700E"},"content":{"rendered":"<p>M\u0142otek ciesielski, odkuwany w ca\u0142o\u015bci. Konstrukcja bardzo mocna, zapewniaj\u0105ca komfort pracy. Posiada zakrzywiony, zeszlifowany na cienko pazur, kt\u00f3ry \u0142atwo wchodzi pod gwo\u017adzie lub listwy. Obuch z magnetycznym przytrzymywaczem gwo\u017adzia. Dobrze ukszta\u0142towana r\u0119koje\u015b\u0107 ze specjalnej gumy, zapewniaj\u0105ca dobry chwyt i wygod\u0119 niezale\u017cnie od pogody. Solidna ko\u0144c\u00f3wka trzonka z otworem do do\u0142\u0105czenia zabezpieczenia narz\u0119dzia.<\/p>\n","protected":false},"excerpt":{"rendered":"M\u0142otek ciesielski, odkuwany w ca\u0142o\u015bci. Konstrukcja bardzo mocna, zapewniaj\u0105ca komfort pracy. Posiada zakrzywiony, zeszlifowany na cienko pazur, kt\u00f3ry \u0142atwo wchodzi pod gwo\u017adzie lub listwy. Obuch z magnetycznym przytrzymywaczem gwo\u017adzia. Dobrze ukszta\u0142towana r\u0119koje\u015b\u0107 ze specjalnej gumy, zapewniaj\u0105ca dobry chwyt i wygod\u0119 niezale\u017cnie od pogody. Solidna ko\u0144c\u00f3wka trzonka z otworem do do\u0142\u0105czenia zabezpieczenia narz\u0119dzia.","protected":false},"featured_media":0,"template":"","meta":{"_acf_changed":false},"product_cat":[3384,3383],"product_tag":[],"class_list":{"0":"post-61616","1":"product","2":"type-product","3":"status-publish","5":"product_cat-kute-mlotki-ciesielskie-pl","6":"product_cat-mlotki-ciesielskie-pl","8":"first","9":"instock","10":"shipping-taxable","11":"product-type-simple"},"acf":[],"yoast_head":"<!-- This site is optimized with the Yoast SEO plugin v23.4 - https:\/\/yoast.com\/wordpress\/plugins\/seo\/ -->\n<title>\u0141OM HAKOWY 700E - Luna tools<\/title>\n<meta name=\"robots\" content=\"index, follow, max-snippet:-1, max-image-preview:large, max-video-preview:-1\" \/>\n<link rel=\"canonical\" href=\"https:\/\/lunatools.com\/pl\/product\/lom-hakowy-700e\/\" \/>\n<meta property=\"og:locale\" content=\"pl_PL\" \/>\n<meta property=\"og:type\" content=\"article\" \/>\n<meta property=\"og:title\" content=\"\u0141OM HAKOWY 700E - Luna tools\" \/>\n<meta property=\"og:description\" content=\"M\u0142otek ciesielski, odkuwany w ca\u0142o\u015bci. Konstrukcja bardzo mocna, zapewniaj\u0105ca komfort pracy. Posiada zakrzywiony, zeszlifowany na cienko pazur, kt\u00f3ry \u0142atwo wchodzi pod gwo\u017adzie lub listwy. Obuch z magnetycznym przytrzymywaczem gwo\u017adzia. Dobrze ukszta\u0142towana r\u0119koje\u015b\u0107 ze specjalnej gumy, zapewniaj\u0105ca dobry chwyt i wygod\u0119 niezale\u017cnie od pogody. Solidna ko\u0144c\u00f3wka trzonka z otworem do do\u0142\u0105czenia zabezpieczenia narz\u0119dzia.\" \/>\n<meta property=\"og:url\" content=\"https:\/\/lunatools.com\/pl\/product\/lom-hakowy-700e\/\" \/>\n<meta property=\"og:site_name\" content=\"Luna tools\" \/>\n<script type=\"application\/ld+json\" class=\"yoast-schema-graph\">{\"@context\":\"https:\/\/schema.org\",\"@graph\":[{\"@type\":\"WebPage\",\"@id\":\"https:\/\/lunatools.com\/pl\/product\/lom-hakowy-700e\/\",\"url\":\"https:\/\/lunatools.com\/pl\/product\/lom-hakowy-700e\/\",\"name\":\"\u0141OM HAKOWY 700E - Luna tools\",\"isPartOf\":{\"@id\":\"https:\/\/lunatools.com\/sv\/#website\"},\"datePublished\":\"2024-09-02T13:10:19+00:00\",\"dateModified\":\"2024-09-02T13:10:19+00:00\",\"breadcrumb\":{\"@id\":\"https:\/\/lunatools.com\/pl\/product\/lom-hakowy-700e\/#breadcrumb\"},\"inLanguage\":\"pl-PL\",\"potentialAction\":[{\"@type\":\"ReadAction\",\"target\":[\"https:\/\/lunatools.com\/pl\/product\/lom-hakowy-700e\/\"]}]},{\"@type\":\"BreadcrumbList\",\"@id\":\"https:\/\/lunatools.com\/pl\/product\/lom-hakowy-700e\/#breadcrumb\",\"itemListElement\":[{\"@type\":\"ListItem\",\"position\":1,\"name\":\"Home\",\"item\":\"https:\/\/lunatools.com\/pl\/\"},{\"@type\":\"ListItem\",\"position\":2,\"name\":\"Produkty\",\"item\":\"https:\/\/lunatools.com\/pl\/shop\/\"},{\"@type\":\"ListItem\",\"position\":3,\"name\":\"\u0141OM HAKOWY 700E\"}]},{\"@type\":\"WebSite\",\"@id\":\"https:\/\/lunatools.com\/sv\/#website\",\"url\":\"https:\/\/lunatools.com\/sv\/\",\"name\":\"Luna tools\",\"description\":\"\",\"publisher\":{\"@id\":\"https:\/\/lunatools.com\/sv\/#organization\"},\"potentialAction\":[{\"@type\":\"SearchAction\",\"target\":{\"@type\":\"EntryPoint\",\"urlTemplate\":\"https:\/\/lunatools.com\/sv\/?s={search_term_string}\"},\"query-input\":{\"@type\":\"PropertyValueSpecification\",\"valueRequired\":true,\"valueName\":\"search_term_string\"}}],\"inLanguage\":\"pl-PL\"},{\"@type\":\"Organization\",\"@id\":\"https:\/\/lunatools.com\/sv\/#organization\",\"name\":\"Luna Tools\",\"url\":\"https:\/\/lunatools.com\/sv\/\",\"logo\":{\"@type\":\"ImageObject\",\"inLanguage\":\"pl-PL\",\"@id\":\"https:\/\/lunatools.com\/sv\/#\/schema\/logo\/image\/\",\"url\":\"https:\/\/lunatools.com\/wp-content\/uploads\/2019\/10\/LunaTools-gray-logo.png\",\"contentUrl\":\"https:\/\/lunatools.com\/wp-content\/uploads\/2019\/10\/LunaTools-gray-logo.png\",\"width\":795,\"height\":309,\"caption\":\"Luna Tools\"},\"image\":{\"@id\":\"https:\/\/lunatools.com\/sv\/#\/schema\/logo\/image\/\"}}]}<\/script>\n<!-- \/ Yoast SEO plugin. -->","yoast_head_json":{"title":"\u0141OM HAKOWY 700E - Luna tools","robots":{"index":"index","follow":"follow","max-snippet":"max-snippet:-1","max-image-preview":"max-image-preview:large","max-video-preview":"max-video-preview:-1"},"canonical":"https:\/\/lunatools.com\/pl\/product\/lom-hakowy-700e\/","og_locale":"pl_PL","og_type":"article","og_title":"\u0141OM HAKOWY 700E - Luna tools","og_description":"M\u0142otek ciesielski, odkuwany w ca\u0142o\u015bci. Konstrukcja bardzo mocna, zapewniaj\u0105ca komfort pracy. Posiada zakrzywiony, zeszlifowany na cienko pazur, kt\u00f3ry \u0142atwo wchodzi pod gwo\u017adzie lub listwy. Obuch z magnetycznym przytrzymywaczem gwo\u017adzia. Dobrze ukszta\u0142towana r\u0119koje\u015b\u0107 ze specjalnej gumy, zapewniaj\u0105ca dobry chwyt i wygod\u0119 niezale\u017cnie od pogody. Solidna ko\u0144c\u00f3wka trzonka z otworem do do\u0142\u0105czenia zabezpieczenia narz\u0119dzia.","og_url":"https:\/\/lunatools.com\/pl\/product\/lom-hakowy-700e\/","og_site_name":"Luna tools","schema":{"@context":"https:\/\/schema.org","@graph":[{"@type":"WebPage","@id":"https:\/\/lunatools.com\/pl\/product\/lom-hakowy-700e\/","url":"https:\/\/lunatools.com\/pl\/product\/lom-hakowy-700e\/","name":"\u0141OM HAKOWY 700E - Luna tools","isPartOf":{"@id":"https:\/\/lunatools.com\/sv\/#website"},"datePublished":"2024-09-02T13:10:19+00:00","dateModified":"2024-09-02T13:10:19+00:00","breadcrumb":{"@id":"https:\/\/lunatools.com\/pl\/product\/lom-hakowy-700e\/#breadcrumb"},"inLanguage":"pl-PL","potentialAction":[{"@type":"ReadAction","target":["https:\/\/lunatools.com\/pl\/product\/lom-hakowy-700e\/"]}]},{"@type":"BreadcrumbList","@id":"https:\/\/lunatools.com\/pl\/product\/lom-hakowy-700e\/#breadcrumb","itemListElement":[{"@type":"ListItem","position":1,"name":"Home","item":"https:\/\/lunatools.com\/pl\/"},{"@type":"ListItem","position":2,"name":"Produkty","item":"https:\/\/lunatools.com\/pl\/shop\/"},{"@type":"ListItem","position":3,"name":"\u0141OM HAKOWY 700E"}]},{"@type":"WebSite","@id":"https:\/\/lunatools.com\/sv\/#website","url":"https:\/\/lunatools.com\/sv\/","name":"Luna tools","description":"","publisher":{"@id":"https:\/\/lunatools.com\/sv\/#organization"},"potentialAction":[{"@type":"SearchAction","target":{"@type":"EntryPoint","urlTemplate":"https:\/\/lunatools.com\/sv\/?s={search_term_string}"},"query-input":{"@type":"PropertyValueSpecification","valueRequired":true,"valueName":"search_term_string"}}],"inLanguage":"pl-PL"},{"@type":"Organization","@id":"https:\/\/lunatools.com\/sv\/#organization","name":"Luna Tools","url":"https:\/\/lunatools.com\/sv\/","logo":{"@type":"ImageObject","inLanguage":"pl-PL","@id":"https:\/\/lunatools.com\/sv\/#\/schema\/logo\/image\/","url":"https:\/\/lunatools.com\/wp-content\/uploads\/2019\/10\/LunaTools-gray-logo.png","contentUrl":"https:\/\/lunatools.com\/wp-content\/uploads\/2019\/10\/LunaTools-gray-logo.png","width":795,"height":309,"caption":"Luna Tools"},"image":{"@id":"https:\/\/lunatools.com\/sv\/#\/schema\/logo\/image\/"}}]}},"_links":{"self":[{"href":"https:\/\/lunatools.com\/pl\/wp-json\/wp\/v2\/product\/61616"}],"collection":[{"href":"https:\/\/lunatools.com\/pl\/wp-json\/wp\/v2\/product"}],"about":[{"href":"https:\/\/lunatools.com\/pl\/wp-json\/wp\/v2\/types\/product"}],"wp:attachment":[{"href":"https:\/\/lunatools.com\/pl\/wp-json\/wp\/v2\/media?parent=61616"}],"wp:term":[{"taxonomy":"product_cat","embeddable":true,"href":"https:\/\/lunatools.com\/pl\/wp-json\/wp\/v2\/product_cat?post=61616"},{"taxonomy":"product_tag","embeddable":true,"href":"https:\/\/lunatools.com\/pl\/wp-json\/wp\/v2\/product_tag?post=61616"}],"curies":[{"name":"wp","href":"https:\/\/api.w.org\/{rel}","templated":true}]}}