{"id":61892,"date":"2024-09-02T13:15:20","date_gmt":"2024-09-02T13:15:20","guid":{"rendered":"https:\/\/lunatools.com\/product\/61892\/"},"modified":"2024-09-02T13:15:20","modified_gmt":"2024-09-02T13:15:20","slug":"przymiar-tasmowy-auto-lock-5-5m","status":"publish","type":"product","link":"https:\/\/lunatools.com\/pl\/product\/przymiar-tasmowy-auto-lock-5-5m\/","title":{"rendered":"PRZYMIAR TA\u015aMOWY AUTO LOCK 5.5M"},"content":{"rendered":"<p>Przymiar ta\u015bmowy o bardzo wysokiej jako\u015bci, z funkcj\u0105 &#8221;Auto-lock&#8221;. Obudowa zamkni\u0119ta, z tworzywa ABS odpornego na udary i niskie temperatury. Prosta tylna kraw\u0119d\u017a obudowy, do pomiar\u00f3w wewn\u0119trznych. Gumowe detale zwi\u0119kszaj\u0105 komfort pracy i pewno\u015b\u0107 chwytu. Ta\u015bma stalowa z \u017c\u00f3\u0142t\u0105, bezodblaskow\u0105, podw\u00f3jn\u0105 pow\u0142ok\u0105 poliamidow\u0105, zapewniaj\u0105c\u0105 bardzo dobr\u0105 ochron\u0119 przed zu\u017cyciem. Na odwrotnej stronie ta\u015bmy podzia\u0142ka z kreskami co 30\/45\/60 cm, u\u0142atwiaj\u0105ca rozmieszczanie belek konstrukcyjnych. Ruchomy ko\u0144cowy j\u0119zyczek zaczepowy i zaczep na pas. Najwy\u017csza I klasa tolerancji. Mo\u017cliwo\u015b\u0107 zabezpieczania z wykorzystaniem akcesori\u00f3w.<br \/>\n27074-0301 i 0509 maj\u0105 ruchomy ko\u0144cowy j\u0119zyczek zaczepowy z magnesem.<\/p>\n","protected":false},"excerpt":{"rendered":"Przymiar ta\u015bmowy o bardzo wysokiej jako\u015bci, z funkcj\u0105 &#8221;Auto-lock&#8221;. Obudowa zamkni\u0119ta, z tworzywa ABS odpornego na udary i niskie temperatury. Prosta tylna kraw\u0119d\u017a obudowy, do pomiar\u00f3w wewn\u0119trznych. Gumowe detale zwi\u0119kszaj\u0105 komfort pracy i pewno\u015b\u0107 chwytu. Ta\u015bma stalowa z \u017c\u00f3\u0142t\u0105, bezodblaskow\u0105, podw\u00f3jn\u0105 pow\u0142ok\u0105 poliamidow\u0105, zapewniaj\u0105c\u0105 bardzo dobr\u0105 ochron\u0119 przed zu\u017cyciem. Na odwrotnej stronie ta\u015bmy podzia\u0142ka z&#8230; <a class=\"view-article\" href=\"https:\/\/lunatools.com\/pl\/product\/przymiar-tasmowy-auto-lock-5-5m\/\">View Article<\/a>","protected":false},"featured_media":0,"template":"","meta":{"_acf_changed":false},"product_cat":[3401],"product_tag":[],"class_list":{"0":"post-61892","1":"product","2":"type-product","3":"status-publish","5":"product_cat-tasmy-miernicze-pl","7":"first","8":"instock","9":"shipping-taxable","10":"product-type-simple"},"acf":[],"yoast_head":"<!-- This site is optimized with the Yoast SEO plugin v23.4 - https:\/\/yoast.com\/wordpress\/plugins\/seo\/ -->\n<title>PRZYMIAR TA\u015aMOWY AUTO LOCK 5.5M - Luna tools<\/title>\n<meta name=\"robots\" content=\"index, follow, max-snippet:-1, max-image-preview:large, max-video-preview:-1\" \/>\n<link rel=\"canonical\" href=\"https:\/\/lunatools.com\/pl\/product\/przymiar-tasmowy-auto-lock-5-5m\/\" \/>\n<meta property=\"og:locale\" content=\"pl_PL\" \/>\n<meta property=\"og:type\" content=\"article\" \/>\n<meta property=\"og:title\" content=\"PRZYMIAR TA\u015aMOWY AUTO LOCK 5.5M - Luna tools\" \/>\n<meta property=\"og:description\" content=\"Przymiar ta\u015bmowy o bardzo wysokiej jako\u015bci, z funkcj\u0105 &#8221;Auto-lock&#8221;. Obudowa zamkni\u0119ta, z tworzywa ABS odpornego na udary i niskie temperatury. Prosta tylna kraw\u0119d\u017a obudowy, do pomiar\u00f3w wewn\u0119trznych. Gumowe detale zwi\u0119kszaj\u0105 komfort pracy i pewno\u015b\u0107 chwytu. Ta\u015bma stalowa z \u017c\u00f3\u0142t\u0105, bezodblaskow\u0105, podw\u00f3jn\u0105 pow\u0142ok\u0105 poliamidow\u0105, zapewniaj\u0105c\u0105 bardzo dobr\u0105 ochron\u0119 przed zu\u017cyciem. Na odwrotnej stronie ta\u015bmy podzia\u0142ka z... View Article\" \/>\n<meta property=\"og:url\" content=\"https:\/\/lunatools.com\/pl\/product\/przymiar-tasmowy-auto-lock-5-5m\/\" \/>\n<meta property=\"og:site_name\" content=\"Luna tools\" \/>\n<meta name=\"twitter:label1\" content=\"Szacowany czas czytania\" \/>\n\t<meta name=\"twitter:data1\" content=\"1 minuta\" \/>\n<script type=\"application\/ld+json\" class=\"yoast-schema-graph\">{\"@context\":\"https:\/\/schema.org\",\"@graph\":[{\"@type\":\"WebPage\",\"@id\":\"https:\/\/lunatools.com\/pl\/product\/przymiar-tasmowy-auto-lock-5-5m\/\",\"url\":\"https:\/\/lunatools.com\/pl\/product\/przymiar-tasmowy-auto-lock-5-5m\/\",\"name\":\"PRZYMIAR TA\u015aMOWY AUTO LOCK 5.5M - Luna tools\",\"isPartOf\":{\"@id\":\"https:\/\/lunatools.com\/sv\/#website\"},\"datePublished\":\"2024-09-02T13:15:20+00:00\",\"dateModified\":\"2024-09-02T13:15:20+00:00\",\"breadcrumb\":{\"@id\":\"https:\/\/lunatools.com\/pl\/product\/przymiar-tasmowy-auto-lock-5-5m\/#breadcrumb\"},\"inLanguage\":\"pl-PL\",\"potentialAction\":[{\"@type\":\"ReadAction\",\"target\":[\"https:\/\/lunatools.com\/pl\/product\/przymiar-tasmowy-auto-lock-5-5m\/\"]}]},{\"@type\":\"BreadcrumbList\",\"@id\":\"https:\/\/lunatools.com\/pl\/product\/przymiar-tasmowy-auto-lock-5-5m\/#breadcrumb\",\"itemListElement\":[{\"@type\":\"ListItem\",\"position\":1,\"name\":\"Home\",\"item\":\"https:\/\/lunatools.com\/pl\/\"},{\"@type\":\"ListItem\",\"position\":2,\"name\":\"Produkty\",\"item\":\"https:\/\/lunatools.com\/pl\/shop\/\"},{\"@type\":\"ListItem\",\"position\":3,\"name\":\"PRZYMIAR TA\u015aMOWY AUTO LOCK 5.5M\"}]},{\"@type\":\"WebSite\",\"@id\":\"https:\/\/lunatools.com\/sv\/#website\",\"url\":\"https:\/\/lunatools.com\/sv\/\",\"name\":\"Luna tools\",\"description\":\"\",\"publisher\":{\"@id\":\"https:\/\/lunatools.com\/sv\/#organization\"},\"potentialAction\":[{\"@type\":\"SearchAction\",\"target\":{\"@type\":\"EntryPoint\",\"urlTemplate\":\"https:\/\/lunatools.com\/sv\/?s={search_term_string}\"},\"query-input\":{\"@type\":\"PropertyValueSpecification\",\"valueRequired\":true,\"valueName\":\"search_term_string\"}}],\"inLanguage\":\"pl-PL\"},{\"@type\":\"Organization\",\"@id\":\"https:\/\/lunatools.com\/sv\/#organization\",\"name\":\"Luna Tools\",\"url\":\"https:\/\/lunatools.com\/sv\/\",\"logo\":{\"@type\":\"ImageObject\",\"inLanguage\":\"pl-PL\",\"@id\":\"https:\/\/lunatools.com\/sv\/#\/schema\/logo\/image\/\",\"url\":\"https:\/\/lunatools.com\/wp-content\/uploads\/2019\/10\/LunaTools-gray-logo.png\",\"contentUrl\":\"https:\/\/lunatools.com\/wp-content\/uploads\/2019\/10\/LunaTools-gray-logo.png\",\"width\":795,\"height\":309,\"caption\":\"Luna Tools\"},\"image\":{\"@id\":\"https:\/\/lunatools.com\/sv\/#\/schema\/logo\/image\/\"}}]}<\/script>\n<!-- \/ Yoast SEO plugin. -->","yoast_head_json":{"title":"PRZYMIAR TA\u015aMOWY AUTO LOCK 5.5M - Luna tools","robots":{"index":"index","follow":"follow","max-snippet":"max-snippet:-1","max-image-preview":"max-image-preview:large","max-video-preview":"max-video-preview:-1"},"canonical":"https:\/\/lunatools.com\/pl\/product\/przymiar-tasmowy-auto-lock-5-5m\/","og_locale":"pl_PL","og_type":"article","og_title":"PRZYMIAR TA\u015aMOWY AUTO LOCK 5.5M - Luna tools","og_description":"Przymiar ta\u015bmowy o bardzo wysokiej jako\u015bci, z funkcj\u0105 &#8221;Auto-lock&#8221;. Obudowa zamkni\u0119ta, z tworzywa ABS odpornego na udary i niskie temperatury. Prosta tylna kraw\u0119d\u017a obudowy, do pomiar\u00f3w wewn\u0119trznych. Gumowe detale zwi\u0119kszaj\u0105 komfort pracy i pewno\u015b\u0107 chwytu. Ta\u015bma stalowa z \u017c\u00f3\u0142t\u0105, bezodblaskow\u0105, podw\u00f3jn\u0105 pow\u0142ok\u0105 poliamidow\u0105, zapewniaj\u0105c\u0105 bardzo dobr\u0105 ochron\u0119 przed zu\u017cyciem. Na odwrotnej stronie ta\u015bmy podzia\u0142ka z... View Article","og_url":"https:\/\/lunatools.com\/pl\/product\/przymiar-tasmowy-auto-lock-5-5m\/","og_site_name":"Luna tools","twitter_misc":{"Szacowany czas czytania":"1 minuta"},"schema":{"@context":"https:\/\/schema.org","@graph":[{"@type":"WebPage","@id":"https:\/\/lunatools.com\/pl\/product\/przymiar-tasmowy-auto-lock-5-5m\/","url":"https:\/\/lunatools.com\/pl\/product\/przymiar-tasmowy-auto-lock-5-5m\/","name":"PRZYMIAR TA\u015aMOWY AUTO LOCK 5.5M - Luna tools","isPartOf":{"@id":"https:\/\/lunatools.com\/sv\/#website"},"datePublished":"2024-09-02T13:15:20+00:00","dateModified":"2024-09-02T13:15:20+00:00","breadcrumb":{"@id":"https:\/\/lunatools.com\/pl\/product\/przymiar-tasmowy-auto-lock-5-5m\/#breadcrumb"},"inLanguage":"pl-PL","potentialAction":[{"@type":"ReadAction","target":["https:\/\/lunatools.com\/pl\/product\/przymiar-tasmowy-auto-lock-5-5m\/"]}]},{"@type":"BreadcrumbList","@id":"https:\/\/lunatools.com\/pl\/product\/przymiar-tasmowy-auto-lock-5-5m\/#breadcrumb","itemListElement":[{"@type":"ListItem","position":1,"name":"Home","item":"https:\/\/lunatools.com\/pl\/"},{"@type":"ListItem","position":2,"name":"Produkty","item":"https:\/\/lunatools.com\/pl\/shop\/"},{"@type":"ListItem","position":3,"name":"PRZYMIAR TA\u015aMOWY AUTO LOCK 5.5M"}]},{"@type":"WebSite","@id":"https:\/\/lunatools.com\/sv\/#website","url":"https:\/\/lunatools.com\/sv\/","name":"Luna tools","description":"","publisher":{"@id":"https:\/\/lunatools.com\/sv\/#organization"},"potentialAction":[{"@type":"SearchAction","target":{"@type":"EntryPoint","urlTemplate":"https:\/\/lunatools.com\/sv\/?s={search_term_string}"},"query-input":{"@type":"PropertyValueSpecification","valueRequired":true,"valueName":"search_term_string"}}],"inLanguage":"pl-PL"},{"@type":"Organization","@id":"https:\/\/lunatools.com\/sv\/#organization","name":"Luna Tools","url":"https:\/\/lunatools.com\/sv\/","logo":{"@type":"ImageObject","inLanguage":"pl-PL","@id":"https:\/\/lunatools.com\/sv\/#\/schema\/logo\/image\/","url":"https:\/\/lunatools.com\/wp-content\/uploads\/2019\/10\/LunaTools-gray-logo.png","contentUrl":"https:\/\/lunatools.com\/wp-content\/uploads\/2019\/10\/LunaTools-gray-logo.png","width":795,"height":309,"caption":"Luna Tools"},"image":{"@id":"https:\/\/lunatools.com\/sv\/#\/schema\/logo\/image\/"}}]}},"_links":{"self":[{"href":"https:\/\/lunatools.com\/pl\/wp-json\/wp\/v2\/product\/61892"}],"collection":[{"href":"https:\/\/lunatools.com\/pl\/wp-json\/wp\/v2\/product"}],"about":[{"href":"https:\/\/lunatools.com\/pl\/wp-json\/wp\/v2\/types\/product"}],"wp:attachment":[{"href":"https:\/\/lunatools.com\/pl\/wp-json\/wp\/v2\/media?parent=61892"}],"wp:term":[{"taxonomy":"product_cat","embeddable":true,"href":"https:\/\/lunatools.com\/pl\/wp-json\/wp\/v2\/product_cat?post=61892"},{"taxonomy":"product_tag","embeddable":true,"href":"https:\/\/lunatools.com\/pl\/wp-json\/wp\/v2\/product_tag?post=61892"}],"curies":[{"name":"wp","href":"https:\/\/api.w.org\/{rel}","templated":true}]}}