{"id":62515,"date":"2022-01-13T07:53:52","date_gmt":"2022-01-13T07:53:52","guid":{"rendered":"https:\/\/lunatools.com\/product\/luna-description-210380101\/"},"modified":"2022-01-13T07:53:52","modified_gmt":"2022-01-13T07:53:52","slug":"luna-description-210380101","status":"publish","type":"product","link":"https:\/\/lunatools.com\/pl\/product\/luna-description-210380101\/","title":{"rendered":"Luna description 210380101"},"content":{"rendered":"<p>Frezy fryzowe z ostrzami z w\u0119glik\u00f3w spiekanych. Seria 21034 &#8211; frez \u201ele\u017c\u0105cy\u201d, z \u0142o\u017cyskiem. Serie 21035, 21036 i 21038 &#8211; frezy \u201estoj\u0105ce\u201d, do frezowania kraw\u0119dzi, np. pod wype\u0142nienia lustrowe. Najlepszy rezultat uzyskuje si\u0119 przy wykorzystaniu frezarki pionowej zamocowanej do sto\u0142u frezarskiego.<\/p>\n","protected":false},"excerpt":{"rendered":"Frezy fryzowe z ostrzami z w\u0119glik\u00f3w spiekanych. Seria 21034 &#8211; frez \u201ele\u017c\u0105cy\u201d, z \u0142o\u017cyskiem. Serie 21035, 21036 i 21038 &#8211; frezy \u201estoj\u0105ce\u201d, do frezowania kraw\u0119dzi, np. pod wype\u0142nienia lustrowe. Najlepszy rezultat uzyskuje si\u0119 przy wykorzystaniu frezarki pionowej zamocowanej do sto\u0142u frezarskiego.","protected":false},"featured_media":0,"template":"","meta":{"_acf_changed":false},"product_cat":[3261,3202],"product_tag":[],"class_list":{"0":"post-62515","1":"product","2":"type-product","3":"status-publish","5":"product_cat-frezy-trzpieniowe-pl","6":"product_cat-narzedzia-frezarskie-i-noze-do-strugarek-pl","8":"first","9":"instock","10":"shipping-taxable","11":"product-type-simple"},"acf":[],"yoast_head":"<!-- This site is optimized with the Yoast SEO plugin v23.4 - https:\/\/yoast.com\/wordpress\/plugins\/seo\/ -->\n<title>Luna description 210380101 - Luna tools<\/title>\n<meta name=\"robots\" content=\"index, follow, max-snippet:-1, max-image-preview:large, max-video-preview:-1\" \/>\n<link rel=\"canonical\" href=\"https:\/\/lunatools.com\/pl\/product\/luna-description-210380101\/\" \/>\n<meta property=\"og:locale\" content=\"pl_PL\" \/>\n<meta property=\"og:type\" content=\"article\" \/>\n<meta property=\"og:title\" content=\"Luna description 210380101 - Luna tools\" \/>\n<meta property=\"og:description\" content=\"Frezy fryzowe z ostrzami z w\u0119glik\u00f3w spiekanych. Seria 21034 &#8211; frez \u201ele\u017c\u0105cy\u201d, z \u0142o\u017cyskiem. Serie 21035, 21036 i 21038 &#8211; frezy \u201estoj\u0105ce\u201d, do frezowania kraw\u0119dzi, np. pod wype\u0142nienia lustrowe. Najlepszy rezultat uzyskuje si\u0119 przy wykorzystaniu frezarki pionowej zamocowanej do sto\u0142u frezarskiego.\" \/>\n<meta property=\"og:url\" content=\"https:\/\/lunatools.com\/pl\/product\/luna-description-210380101\/\" \/>\n<meta property=\"og:site_name\" content=\"Luna tools\" \/>\n<script type=\"application\/ld+json\" class=\"yoast-schema-graph\">{\"@context\":\"https:\/\/schema.org\",\"@graph\":[{\"@type\":\"WebPage\",\"@id\":\"https:\/\/lunatools.com\/pl\/product\/luna-description-210380101\/\",\"url\":\"https:\/\/lunatools.com\/pl\/product\/luna-description-210380101\/\",\"name\":\"Luna description 210380101 - Luna tools\",\"isPartOf\":{\"@id\":\"https:\/\/lunatools.com\/sv\/#website\"},\"datePublished\":\"2022-01-13T07:53:52+00:00\",\"dateModified\":\"2022-01-13T07:53:52+00:00\",\"breadcrumb\":{\"@id\":\"https:\/\/lunatools.com\/pl\/product\/luna-description-210380101\/#breadcrumb\"},\"inLanguage\":\"pl-PL\",\"potentialAction\":[{\"@type\":\"ReadAction\",\"target\":[\"https:\/\/lunatools.com\/pl\/product\/luna-description-210380101\/\"]}]},{\"@type\":\"BreadcrumbList\",\"@id\":\"https:\/\/lunatools.com\/pl\/product\/luna-description-210380101\/#breadcrumb\",\"itemListElement\":[{\"@type\":\"ListItem\",\"position\":1,\"name\":\"Home\",\"item\":\"https:\/\/lunatools.com\/pl\/\"},{\"@type\":\"ListItem\",\"position\":2,\"name\":\"Produkty\",\"item\":\"https:\/\/lunatools.com\/pl\/shop\/\"},{\"@type\":\"ListItem\",\"position\":3,\"name\":\"Luna description 210380101\"}]},{\"@type\":\"WebSite\",\"@id\":\"https:\/\/lunatools.com\/sv\/#website\",\"url\":\"https:\/\/lunatools.com\/sv\/\",\"name\":\"Luna tools\",\"description\":\"\",\"publisher\":{\"@id\":\"https:\/\/lunatools.com\/sv\/#organization\"},\"potentialAction\":[{\"@type\":\"SearchAction\",\"target\":{\"@type\":\"EntryPoint\",\"urlTemplate\":\"https:\/\/lunatools.com\/sv\/?s={search_term_string}\"},\"query-input\":{\"@type\":\"PropertyValueSpecification\",\"valueRequired\":true,\"valueName\":\"search_term_string\"}}],\"inLanguage\":\"pl-PL\"},{\"@type\":\"Organization\",\"@id\":\"https:\/\/lunatools.com\/sv\/#organization\",\"name\":\"Luna Tools\",\"url\":\"https:\/\/lunatools.com\/sv\/\",\"logo\":{\"@type\":\"ImageObject\",\"inLanguage\":\"pl-PL\",\"@id\":\"https:\/\/lunatools.com\/sv\/#\/schema\/logo\/image\/\",\"url\":\"https:\/\/lunatools.com\/wp-content\/uploads\/2019\/10\/LunaTools-gray-logo.png\",\"contentUrl\":\"https:\/\/lunatools.com\/wp-content\/uploads\/2019\/10\/LunaTools-gray-logo.png\",\"width\":795,\"height\":309,\"caption\":\"Luna Tools\"},\"image\":{\"@id\":\"https:\/\/lunatools.com\/sv\/#\/schema\/logo\/image\/\"}}]}<\/script>\n<!-- \/ Yoast SEO plugin. -->","yoast_head_json":{"title":"Luna description 210380101 - Luna tools","robots":{"index":"index","follow":"follow","max-snippet":"max-snippet:-1","max-image-preview":"max-image-preview:large","max-video-preview":"max-video-preview:-1"},"canonical":"https:\/\/lunatools.com\/pl\/product\/luna-description-210380101\/","og_locale":"pl_PL","og_type":"article","og_title":"Luna description 210380101 - Luna tools","og_description":"Frezy fryzowe z ostrzami z w\u0119glik\u00f3w spiekanych. Seria 21034 &#8211; frez \u201ele\u017c\u0105cy\u201d, z \u0142o\u017cyskiem. Serie 21035, 21036 i 21038 &#8211; frezy \u201estoj\u0105ce\u201d, do frezowania kraw\u0119dzi, np. pod wype\u0142nienia lustrowe. Najlepszy rezultat uzyskuje si\u0119 przy wykorzystaniu frezarki pionowej zamocowanej do sto\u0142u frezarskiego.","og_url":"https:\/\/lunatools.com\/pl\/product\/luna-description-210380101\/","og_site_name":"Luna tools","schema":{"@context":"https:\/\/schema.org","@graph":[{"@type":"WebPage","@id":"https:\/\/lunatools.com\/pl\/product\/luna-description-210380101\/","url":"https:\/\/lunatools.com\/pl\/product\/luna-description-210380101\/","name":"Luna description 210380101 - Luna tools","isPartOf":{"@id":"https:\/\/lunatools.com\/sv\/#website"},"datePublished":"2022-01-13T07:53:52+00:00","dateModified":"2022-01-13T07:53:52+00:00","breadcrumb":{"@id":"https:\/\/lunatools.com\/pl\/product\/luna-description-210380101\/#breadcrumb"},"inLanguage":"pl-PL","potentialAction":[{"@type":"ReadAction","target":["https:\/\/lunatools.com\/pl\/product\/luna-description-210380101\/"]}]},{"@type":"BreadcrumbList","@id":"https:\/\/lunatools.com\/pl\/product\/luna-description-210380101\/#breadcrumb","itemListElement":[{"@type":"ListItem","position":1,"name":"Home","item":"https:\/\/lunatools.com\/pl\/"},{"@type":"ListItem","position":2,"name":"Produkty","item":"https:\/\/lunatools.com\/pl\/shop\/"},{"@type":"ListItem","position":3,"name":"Luna description 210380101"}]},{"@type":"WebSite","@id":"https:\/\/lunatools.com\/sv\/#website","url":"https:\/\/lunatools.com\/sv\/","name":"Luna tools","description":"","publisher":{"@id":"https:\/\/lunatools.com\/sv\/#organization"},"potentialAction":[{"@type":"SearchAction","target":{"@type":"EntryPoint","urlTemplate":"https:\/\/lunatools.com\/sv\/?s={search_term_string}"},"query-input":{"@type":"PropertyValueSpecification","valueRequired":true,"valueName":"search_term_string"}}],"inLanguage":"pl-PL"},{"@type":"Organization","@id":"https:\/\/lunatools.com\/sv\/#organization","name":"Luna Tools","url":"https:\/\/lunatools.com\/sv\/","logo":{"@type":"ImageObject","inLanguage":"pl-PL","@id":"https:\/\/lunatools.com\/sv\/#\/schema\/logo\/image\/","url":"https:\/\/lunatools.com\/wp-content\/uploads\/2019\/10\/LunaTools-gray-logo.png","contentUrl":"https:\/\/lunatools.com\/wp-content\/uploads\/2019\/10\/LunaTools-gray-logo.png","width":795,"height":309,"caption":"Luna Tools"},"image":{"@id":"https:\/\/lunatools.com\/sv\/#\/schema\/logo\/image\/"}}]}},"_links":{"self":[{"href":"https:\/\/lunatools.com\/pl\/wp-json\/wp\/v2\/product\/62515"}],"collection":[{"href":"https:\/\/lunatools.com\/pl\/wp-json\/wp\/v2\/product"}],"about":[{"href":"https:\/\/lunatools.com\/pl\/wp-json\/wp\/v2\/types\/product"}],"wp:attachment":[{"href":"https:\/\/lunatools.com\/pl\/wp-json\/wp\/v2\/media?parent=62515"}],"wp:term":[{"taxonomy":"product_cat","embeddable":true,"href":"https:\/\/lunatools.com\/pl\/wp-json\/wp\/v2\/product_cat?post=62515"},{"taxonomy":"product_tag","embeddable":true,"href":"https:\/\/lunatools.com\/pl\/wp-json\/wp\/v2\/product_tag?post=62515"}],"curies":[{"name":"wp","href":"https:\/\/api.w.org\/{rel}","templated":true}]}}