{"id":62800,"date":"2023-01-17T13:20:39","date_gmt":"2023-01-17T13:20:39","guid":{"rendered":"https:\/\/lunatools.com\/product\/62800\/"},"modified":"2023-01-17T13:20:39","modified_gmt":"2023-01-17T13:20:39","slug":"62800","status":"publish","type":"product","link":"https:\/\/lunatools.com\/pl\/product\/62800\/","title":{"rendered":""},"content":{"rendered":"<p>Wiert\u0142a udarowe z chwytem SDS-Plus i 4-ostrzow\u0105 koron\u0105 wiert\u0142a oraz korpusem ze szlachetnej stali specjalnej. Ukszta\u0142towanie korony wiert\u0142a zapewnia doskona\u0142y rezultat je\u015bli chodzi o \u015brednic\u0119 otworu, oraz zapewnia d\u0142ug\u0105 \u017cywotno\u015bci\u0105. Budowa wiert\u0142a, dzi\u0119ki 4-ostrzowej geometrii wierzcho\u0142ka, pozwala na wykonywanie otwor\u00f3w w zbrojonym betonie.<br \/>\nWiert\u0142o przecina zbrojenie bez odchylania swego toru. W wyniku otrzymuje si\u0119 prosty, wy\u015brodkowany otw\u00f3r, o zminimalizowanym ryzyku tworzenia si\u0119 p\u0119kni\u0119\u0107, zapewniaj\u0105cy silne i pewne mocowanie. Cztery spiralne rowki wiert\u0142a zapewniaj\u0105 dobre odprowadzanie py\u0142u wiertniczego. Do wiercenia otwor\u00f3w w betonie ze zbrojeniem lub bez, kamieniu naturalnym, cegle i innych podobnych materia\u0142ach.<\/p>\n","protected":false},"excerpt":{"rendered":"Wiert\u0142a udarowe z chwytem SDS-Plus i 4-ostrzow\u0105 koron\u0105 wiert\u0142a oraz korpusem ze szlachetnej stali specjalnej. Ukszta\u0142towanie korony wiert\u0142a zapewnia doskona\u0142y rezultat je\u015bli chodzi o \u015brednic\u0119 otworu, oraz zapewnia d\u0142ug\u0105 \u017cywotno\u015bci\u0105. Budowa wiert\u0142a, dzi\u0119ki 4-ostrzowej geometrii wierzcho\u0142ka, pozwala na wykonywanie otwor\u00f3w w zbrojonym betonie. Wiert\u0142o przecina zbrojenie bez odchylania swego toru. W wyniku otrzymuje si\u0119 prosty,&#8230; <a class=\"view-article\" href=\"https:\/\/lunatools.com\/pl\/product\/62800\/\">View Article<\/a>","protected":false},"featured_media":0,"template":"","meta":{"_acf_changed":false},"product_cat":[3219,3286],"product_tag":[],"class_list":{"0":"post-62800","1":"product","2":"type-product","3":"status-publish","5":"product_cat-wiertla-pl","6":"product_cat-wiertla-udarowe-pl","8":"first","9":"instock","10":"shipping-taxable","11":"product-type-simple"},"acf":[],"yoast_head":"<!-- This site is optimized with the Yoast SEO plugin v23.4 - https:\/\/yoast.com\/wordpress\/plugins\/seo\/ -->\n<title>- Luna tools<\/title>\n<meta name=\"robots\" content=\"index, follow, max-snippet:-1, max-image-preview:large, max-video-preview:-1\" \/>\n<link rel=\"canonical\" href=\"https:\/\/lunatools.com\/pl\/product\/62800\/\" \/>\n<meta property=\"og:locale\" content=\"pl_PL\" \/>\n<meta property=\"og:type\" content=\"article\" \/>\n<meta property=\"og:title\" content=\"- Luna tools\" \/>\n<meta property=\"og:description\" content=\"Wiert\u0142a udarowe z chwytem SDS-Plus i 4-ostrzow\u0105 koron\u0105 wiert\u0142a oraz korpusem ze szlachetnej stali specjalnej. Ukszta\u0142towanie korony wiert\u0142a zapewnia doskona\u0142y rezultat je\u015bli chodzi o \u015brednic\u0119 otworu, oraz zapewnia d\u0142ug\u0105 \u017cywotno\u015bci\u0105. Budowa wiert\u0142a, dzi\u0119ki 4-ostrzowej geometrii wierzcho\u0142ka, pozwala na wykonywanie otwor\u00f3w w zbrojonym betonie. Wiert\u0142o przecina zbrojenie bez odchylania swego toru. W wyniku otrzymuje si\u0119 prosty,... View Article\" \/>\n<meta property=\"og:url\" content=\"https:\/\/lunatools.com\/pl\/product\/62800\/\" \/>\n<meta property=\"og:site_name\" content=\"Luna tools\" \/>\n<meta name=\"twitter:label1\" content=\"Szacowany czas czytania\" \/>\n\t<meta name=\"twitter:data1\" content=\"1 minuta\" \/>\n<script type=\"application\/ld+json\" class=\"yoast-schema-graph\">{\"@context\":\"https:\/\/schema.org\",\"@graph\":[{\"@type\":\"WebPage\",\"@id\":\"https:\/\/lunatools.com\/pl\/product\/62800\/\",\"url\":\"https:\/\/lunatools.com\/pl\/product\/62800\/\",\"name\":\"- Luna tools\",\"isPartOf\":{\"@id\":\"https:\/\/lunatools.com\/sv\/#website\"},\"datePublished\":\"2023-01-17T13:20:39+00:00\",\"dateModified\":\"2023-01-17T13:20:39+00:00\",\"breadcrumb\":{\"@id\":\"https:\/\/lunatools.com\/pl\/product\/62800\/#breadcrumb\"},\"inLanguage\":\"pl-PL\",\"potentialAction\":[{\"@type\":\"ReadAction\",\"target\":[\"https:\/\/lunatools.com\/pl\/product\/62800\/\"]}]},{\"@type\":\"BreadcrumbList\",\"@id\":\"https:\/\/lunatools.com\/pl\/product\/62800\/#breadcrumb\",\"itemListElement\":[{\"@type\":\"ListItem\",\"position\":1,\"name\":\"Home\",\"item\":\"https:\/\/lunatools.com\/pl\/\"},{\"@type\":\"ListItem\",\"position\":2,\"name\":\"Produkty\",\"item\":\"https:\/\/lunatools.com\/pl\/shop\/\"}]},{\"@type\":\"WebSite\",\"@id\":\"https:\/\/lunatools.com\/sv\/#website\",\"url\":\"https:\/\/lunatools.com\/sv\/\",\"name\":\"Luna tools\",\"description\":\"\",\"publisher\":{\"@id\":\"https:\/\/lunatools.com\/sv\/#organization\"},\"potentialAction\":[{\"@type\":\"SearchAction\",\"target\":{\"@type\":\"EntryPoint\",\"urlTemplate\":\"https:\/\/lunatools.com\/sv\/?s={search_term_string}\"},\"query-input\":{\"@type\":\"PropertyValueSpecification\",\"valueRequired\":true,\"valueName\":\"search_term_string\"}}],\"inLanguage\":\"pl-PL\"},{\"@type\":\"Organization\",\"@id\":\"https:\/\/lunatools.com\/sv\/#organization\",\"name\":\"Luna Tools\",\"url\":\"https:\/\/lunatools.com\/sv\/\",\"logo\":{\"@type\":\"ImageObject\",\"inLanguage\":\"pl-PL\",\"@id\":\"https:\/\/lunatools.com\/sv\/#\/schema\/logo\/image\/\",\"url\":\"https:\/\/lunatools.com\/wp-content\/uploads\/2019\/10\/LunaTools-gray-logo.png\",\"contentUrl\":\"https:\/\/lunatools.com\/wp-content\/uploads\/2019\/10\/LunaTools-gray-logo.png\",\"width\":795,\"height\":309,\"caption\":\"Luna Tools\"},\"image\":{\"@id\":\"https:\/\/lunatools.com\/sv\/#\/schema\/logo\/image\/\"}}]}<\/script>\n<!-- \/ Yoast SEO plugin. -->","yoast_head_json":{"title":"- Luna tools","robots":{"index":"index","follow":"follow","max-snippet":"max-snippet:-1","max-image-preview":"max-image-preview:large","max-video-preview":"max-video-preview:-1"},"canonical":"https:\/\/lunatools.com\/pl\/product\/62800\/","og_locale":"pl_PL","og_type":"article","og_title":"- Luna tools","og_description":"Wiert\u0142a udarowe z chwytem SDS-Plus i 4-ostrzow\u0105 koron\u0105 wiert\u0142a oraz korpusem ze szlachetnej stali specjalnej. Ukszta\u0142towanie korony wiert\u0142a zapewnia doskona\u0142y rezultat je\u015bli chodzi o \u015brednic\u0119 otworu, oraz zapewnia d\u0142ug\u0105 \u017cywotno\u015bci\u0105. Budowa wiert\u0142a, dzi\u0119ki 4-ostrzowej geometrii wierzcho\u0142ka, pozwala na wykonywanie otwor\u00f3w w zbrojonym betonie. Wiert\u0142o przecina zbrojenie bez odchylania swego toru. W wyniku otrzymuje si\u0119 prosty,... View Article","og_url":"https:\/\/lunatools.com\/pl\/product\/62800\/","og_site_name":"Luna tools","twitter_misc":{"Szacowany czas czytania":"1 minuta"},"schema":{"@context":"https:\/\/schema.org","@graph":[{"@type":"WebPage","@id":"https:\/\/lunatools.com\/pl\/product\/62800\/","url":"https:\/\/lunatools.com\/pl\/product\/62800\/","name":"- Luna tools","isPartOf":{"@id":"https:\/\/lunatools.com\/sv\/#website"},"datePublished":"2023-01-17T13:20:39+00:00","dateModified":"2023-01-17T13:20:39+00:00","breadcrumb":{"@id":"https:\/\/lunatools.com\/pl\/product\/62800\/#breadcrumb"},"inLanguage":"pl-PL","potentialAction":[{"@type":"ReadAction","target":["https:\/\/lunatools.com\/pl\/product\/62800\/"]}]},{"@type":"BreadcrumbList","@id":"https:\/\/lunatools.com\/pl\/product\/62800\/#breadcrumb","itemListElement":[{"@type":"ListItem","position":1,"name":"Home","item":"https:\/\/lunatools.com\/pl\/"},{"@type":"ListItem","position":2,"name":"Produkty","item":"https:\/\/lunatools.com\/pl\/shop\/"}]},{"@type":"WebSite","@id":"https:\/\/lunatools.com\/sv\/#website","url":"https:\/\/lunatools.com\/sv\/","name":"Luna tools","description":"","publisher":{"@id":"https:\/\/lunatools.com\/sv\/#organization"},"potentialAction":[{"@type":"SearchAction","target":{"@type":"EntryPoint","urlTemplate":"https:\/\/lunatools.com\/sv\/?s={search_term_string}"},"query-input":{"@type":"PropertyValueSpecification","valueRequired":true,"valueName":"search_term_string"}}],"inLanguage":"pl-PL"},{"@type":"Organization","@id":"https:\/\/lunatools.com\/sv\/#organization","name":"Luna Tools","url":"https:\/\/lunatools.com\/sv\/","logo":{"@type":"ImageObject","inLanguage":"pl-PL","@id":"https:\/\/lunatools.com\/sv\/#\/schema\/logo\/image\/","url":"https:\/\/lunatools.com\/wp-content\/uploads\/2019\/10\/LunaTools-gray-logo.png","contentUrl":"https:\/\/lunatools.com\/wp-content\/uploads\/2019\/10\/LunaTools-gray-logo.png","width":795,"height":309,"caption":"Luna Tools"},"image":{"@id":"https:\/\/lunatools.com\/sv\/#\/schema\/logo\/image\/"}}]}},"_links":{"self":[{"href":"https:\/\/lunatools.com\/pl\/wp-json\/wp\/v2\/product\/62800"}],"collection":[{"href":"https:\/\/lunatools.com\/pl\/wp-json\/wp\/v2\/product"}],"about":[{"href":"https:\/\/lunatools.com\/pl\/wp-json\/wp\/v2\/types\/product"}],"wp:attachment":[{"href":"https:\/\/lunatools.com\/pl\/wp-json\/wp\/v2\/media?parent=62800"}],"wp:term":[{"taxonomy":"product_cat","embeddable":true,"href":"https:\/\/lunatools.com\/pl\/wp-json\/wp\/v2\/product_cat?post=62800"},{"taxonomy":"product_tag","embeddable":true,"href":"https:\/\/lunatools.com\/pl\/wp-json\/wp\/v2\/product_tag?post=62800"}],"curies":[{"name":"wp","href":"https:\/\/api.w.org\/{rel}","templated":true}]}}