{"id":62855,"date":"2024-09-02T13:30:18","date_gmt":"2024-09-02T13:30:18","guid":{"rendered":"https:\/\/lunatools.com\/product\/62855\/"},"modified":"2024-09-02T13:30:18","modified_gmt":"2024-09-02T13:30:18","slug":"katownik-abs-250","status":"publish","type":"product","link":"https:\/\/lunatools.com\/pl\/product\/katownik-abs-250\/","title":{"rendered":"K\u0104TOWNIK ABS 250"},"content":{"rendered":"<p>K\u0105townik uniwersalny z p\u0142asko frezowanego aluminium. K\u0105townik ten jest bardzo praktycznym przyrz\u0105dem, o wielu zastosowaniach. Opr\u00f3cz szybkiej funkcji 90\u00b0 i 45\u00b0 posiada r\u00f3wnie\u017c m.in. k\u0105tomierz o zakresie pomiarowym 0-90\u00b0. Ponadto funkcja kre\u015blenia linii r\u00f3wnoleg\u0142ych co 5 mm. Podzia\u0142ki i napisy grawerowane laserowo sprawiaj\u0105, \u017ce k\u0105townik nadaje si\u0119 do u\u017cytkowania w trudnych warunkach. Kilka praktycznych funkcji przydatnych przy budowie konstrukcji dachowych. Otw\u00f3r do do\u0142\u0105czenia zabezpieczenia narz\u0119dzia.<\/p>\n","protected":false},"excerpt":{"rendered":"K\u0105townik uniwersalny z p\u0142asko frezowanego aluminium. K\u0105townik ten jest bardzo praktycznym przyrz\u0105dem, o wielu zastosowaniach. Opr\u00f3cz szybkiej funkcji 90\u00b0 i 45\u00b0 posiada r\u00f3wnie\u017c m.in. k\u0105tomierz o zakresie pomiarowym 0-90\u00b0. Ponadto funkcja kre\u015blenia linii r\u00f3wnoleg\u0142ych co 5 mm. Podzia\u0142ki i napisy grawerowane laserowo sprawiaj\u0105, \u017ce k\u0105townik nadaje si\u0119 do u\u017cytkowania w trudnych warunkach. Kilka praktycznych funkcji&#8230; <a class=\"view-article\" href=\"https:\/\/lunatools.com\/pl\/product\/katownik-abs-250\/\">View Article<\/a>","protected":false},"featured_media":0,"template":"","meta":{"_acf_changed":false},"product_cat":[3216],"product_tag":[],"class_list":{"0":"post-62855","1":"product","2":"type-product","3":"status-publish","5":"product_cat-katowniki-pl","7":"first","8":"instock","9":"shipping-taxable","10":"product-type-simple"},"acf":[],"yoast_head":"<!-- This site is optimized with the Yoast SEO plugin v23.4 - https:\/\/yoast.com\/wordpress\/plugins\/seo\/ -->\n<title>K\u0104TOWNIK ABS 250 - Luna tools<\/title>\n<meta name=\"robots\" content=\"index, follow, max-snippet:-1, max-image-preview:large, max-video-preview:-1\" \/>\n<link rel=\"canonical\" href=\"https:\/\/lunatools.com\/pl\/product\/katownik-abs-250\/\" \/>\n<meta property=\"og:locale\" content=\"pl_PL\" \/>\n<meta property=\"og:type\" content=\"article\" \/>\n<meta property=\"og:title\" content=\"K\u0104TOWNIK ABS 250 - Luna tools\" \/>\n<meta property=\"og:description\" content=\"K\u0105townik uniwersalny z p\u0142asko frezowanego aluminium. K\u0105townik ten jest bardzo praktycznym przyrz\u0105dem, o wielu zastosowaniach. Opr\u00f3cz szybkiej funkcji 90\u00b0 i 45\u00b0 posiada r\u00f3wnie\u017c m.in. k\u0105tomierz o zakresie pomiarowym 0-90\u00b0. Ponadto funkcja kre\u015blenia linii r\u00f3wnoleg\u0142ych co 5 mm. Podzia\u0142ki i napisy grawerowane laserowo sprawiaj\u0105, \u017ce k\u0105townik nadaje si\u0119 do u\u017cytkowania w trudnych warunkach. Kilka praktycznych funkcji... View Article\" \/>\n<meta property=\"og:url\" content=\"https:\/\/lunatools.com\/pl\/product\/katownik-abs-250\/\" \/>\n<meta property=\"og:site_name\" content=\"Luna tools\" \/>\n<script type=\"application\/ld+json\" class=\"yoast-schema-graph\">{\"@context\":\"https:\/\/schema.org\",\"@graph\":[{\"@type\":\"WebPage\",\"@id\":\"https:\/\/lunatools.com\/pl\/product\/katownik-abs-250\/\",\"url\":\"https:\/\/lunatools.com\/pl\/product\/katownik-abs-250\/\",\"name\":\"K\u0104TOWNIK ABS 250 - Luna tools\",\"isPartOf\":{\"@id\":\"https:\/\/lunatools.com\/sv\/#website\"},\"datePublished\":\"2024-09-02T13:30:18+00:00\",\"dateModified\":\"2024-09-02T13:30:18+00:00\",\"breadcrumb\":{\"@id\":\"https:\/\/lunatools.com\/pl\/product\/katownik-abs-250\/#breadcrumb\"},\"inLanguage\":\"pl-PL\",\"potentialAction\":[{\"@type\":\"ReadAction\",\"target\":[\"https:\/\/lunatools.com\/pl\/product\/katownik-abs-250\/\"]}]},{\"@type\":\"BreadcrumbList\",\"@id\":\"https:\/\/lunatools.com\/pl\/product\/katownik-abs-250\/#breadcrumb\",\"itemListElement\":[{\"@type\":\"ListItem\",\"position\":1,\"name\":\"Home\",\"item\":\"https:\/\/lunatools.com\/pl\/\"},{\"@type\":\"ListItem\",\"position\":2,\"name\":\"Produkty\",\"item\":\"https:\/\/lunatools.com\/pl\/shop\/\"},{\"@type\":\"ListItem\",\"position\":3,\"name\":\"K\u0104TOWNIK ABS 250\"}]},{\"@type\":\"WebSite\",\"@id\":\"https:\/\/lunatools.com\/sv\/#website\",\"url\":\"https:\/\/lunatools.com\/sv\/\",\"name\":\"Luna tools\",\"description\":\"\",\"publisher\":{\"@id\":\"https:\/\/lunatools.com\/sv\/#organization\"},\"potentialAction\":[{\"@type\":\"SearchAction\",\"target\":{\"@type\":\"EntryPoint\",\"urlTemplate\":\"https:\/\/lunatools.com\/sv\/?s={search_term_string}\"},\"query-input\":{\"@type\":\"PropertyValueSpecification\",\"valueRequired\":true,\"valueName\":\"search_term_string\"}}],\"inLanguage\":\"pl-PL\"},{\"@type\":\"Organization\",\"@id\":\"https:\/\/lunatools.com\/sv\/#organization\",\"name\":\"Luna Tools\",\"url\":\"https:\/\/lunatools.com\/sv\/\",\"logo\":{\"@type\":\"ImageObject\",\"inLanguage\":\"pl-PL\",\"@id\":\"https:\/\/lunatools.com\/sv\/#\/schema\/logo\/image\/\",\"url\":\"https:\/\/lunatools.com\/wp-content\/uploads\/2019\/10\/LunaTools-gray-logo.png\",\"contentUrl\":\"https:\/\/lunatools.com\/wp-content\/uploads\/2019\/10\/LunaTools-gray-logo.png\",\"width\":795,\"height\":309,\"caption\":\"Luna Tools\"},\"image\":{\"@id\":\"https:\/\/lunatools.com\/sv\/#\/schema\/logo\/image\/\"}}]}<\/script>\n<!-- \/ Yoast SEO plugin. -->","yoast_head_json":{"title":"K\u0104TOWNIK ABS 250 - Luna tools","robots":{"index":"index","follow":"follow","max-snippet":"max-snippet:-1","max-image-preview":"max-image-preview:large","max-video-preview":"max-video-preview:-1"},"canonical":"https:\/\/lunatools.com\/pl\/product\/katownik-abs-250\/","og_locale":"pl_PL","og_type":"article","og_title":"K\u0104TOWNIK ABS 250 - Luna tools","og_description":"K\u0105townik uniwersalny z p\u0142asko frezowanego aluminium. K\u0105townik ten jest bardzo praktycznym przyrz\u0105dem, o wielu zastosowaniach. Opr\u00f3cz szybkiej funkcji 90\u00b0 i 45\u00b0 posiada r\u00f3wnie\u017c m.in. k\u0105tomierz o zakresie pomiarowym 0-90\u00b0. Ponadto funkcja kre\u015blenia linii r\u00f3wnoleg\u0142ych co 5 mm. Podzia\u0142ki i napisy grawerowane laserowo sprawiaj\u0105, \u017ce k\u0105townik nadaje si\u0119 do u\u017cytkowania w trudnych warunkach. Kilka praktycznych funkcji... View Article","og_url":"https:\/\/lunatools.com\/pl\/product\/katownik-abs-250\/","og_site_name":"Luna tools","schema":{"@context":"https:\/\/schema.org","@graph":[{"@type":"WebPage","@id":"https:\/\/lunatools.com\/pl\/product\/katownik-abs-250\/","url":"https:\/\/lunatools.com\/pl\/product\/katownik-abs-250\/","name":"K\u0104TOWNIK ABS 250 - Luna tools","isPartOf":{"@id":"https:\/\/lunatools.com\/sv\/#website"},"datePublished":"2024-09-02T13:30:18+00:00","dateModified":"2024-09-02T13:30:18+00:00","breadcrumb":{"@id":"https:\/\/lunatools.com\/pl\/product\/katownik-abs-250\/#breadcrumb"},"inLanguage":"pl-PL","potentialAction":[{"@type":"ReadAction","target":["https:\/\/lunatools.com\/pl\/product\/katownik-abs-250\/"]}]},{"@type":"BreadcrumbList","@id":"https:\/\/lunatools.com\/pl\/product\/katownik-abs-250\/#breadcrumb","itemListElement":[{"@type":"ListItem","position":1,"name":"Home","item":"https:\/\/lunatools.com\/pl\/"},{"@type":"ListItem","position":2,"name":"Produkty","item":"https:\/\/lunatools.com\/pl\/shop\/"},{"@type":"ListItem","position":3,"name":"K\u0104TOWNIK ABS 250"}]},{"@type":"WebSite","@id":"https:\/\/lunatools.com\/sv\/#website","url":"https:\/\/lunatools.com\/sv\/","name":"Luna tools","description":"","publisher":{"@id":"https:\/\/lunatools.com\/sv\/#organization"},"potentialAction":[{"@type":"SearchAction","target":{"@type":"EntryPoint","urlTemplate":"https:\/\/lunatools.com\/sv\/?s={search_term_string}"},"query-input":{"@type":"PropertyValueSpecification","valueRequired":true,"valueName":"search_term_string"}}],"inLanguage":"pl-PL"},{"@type":"Organization","@id":"https:\/\/lunatools.com\/sv\/#organization","name":"Luna Tools","url":"https:\/\/lunatools.com\/sv\/","logo":{"@type":"ImageObject","inLanguage":"pl-PL","@id":"https:\/\/lunatools.com\/sv\/#\/schema\/logo\/image\/","url":"https:\/\/lunatools.com\/wp-content\/uploads\/2019\/10\/LunaTools-gray-logo.png","contentUrl":"https:\/\/lunatools.com\/wp-content\/uploads\/2019\/10\/LunaTools-gray-logo.png","width":795,"height":309,"caption":"Luna Tools"},"image":{"@id":"https:\/\/lunatools.com\/sv\/#\/schema\/logo\/image\/"}}]}},"_links":{"self":[{"href":"https:\/\/lunatools.com\/pl\/wp-json\/wp\/v2\/product\/62855"}],"collection":[{"href":"https:\/\/lunatools.com\/pl\/wp-json\/wp\/v2\/product"}],"about":[{"href":"https:\/\/lunatools.com\/pl\/wp-json\/wp\/v2\/types\/product"}],"wp:attachment":[{"href":"https:\/\/lunatools.com\/pl\/wp-json\/wp\/v2\/media?parent=62855"}],"wp:term":[{"taxonomy":"product_cat","embeddable":true,"href":"https:\/\/lunatools.com\/pl\/wp-json\/wp\/v2\/product_cat?post=62855"},{"taxonomy":"product_tag","embeddable":true,"href":"https:\/\/lunatools.com\/pl\/wp-json\/wp\/v2\/product_tag?post=62855"}],"curies":[{"name":"wp","href":"https:\/\/api.w.org\/{rel}","templated":true}]}}