{"id":63003,"date":"2022-01-13T07:54:58","date_gmt":"2022-01-13T07:54:58","guid":{"rendered":"https:\/\/lunatools.com\/product\/zestaw-wiertel-luna-go-md30\/"},"modified":"2022-01-13T07:54:58","modified_gmt":"2022-01-13T07:54:58","slug":"zestaw-wiertel-luna-go-md30","status":"publish","type":"product","link":"https:\/\/lunatools.com\/pl\/product\/zestaw-wiertel-luna-go-md30\/","title":{"rendered":"ZESTAW WIERTE\u0141 LUNA GO MD30"},"content":{"rendered":"<p>Zestaw 4-elementowy w uchwycie narz\u0119dziowym systemu Luna GO. Oryginalny uchwyt narz\u0119dziowy z zabezpieczeniem magnetycznym, z miejscem na jedno narz\u0119dzie wk\u0142adane od g\u00f3ry i cztery zawieszane. Do szybkiego i wygodnego u\u017cytkowania i przechowywanie narz\u0119dzi z chwytem sze\u015bciok\u0105tnym 1\/4&#8243;. Uchwyt narz\u0119dziowy ma budow\u0119 przegubow\u0105 i jest \u0142atwo zaczepiany na pas, zapewniaj\u0105c wygod\u0119 pracy i bezpiecze\u0144stwo u\u017cytkowania. Do wiercenia w betonie, kamieniu naturalnym, ceg\u0142ach, marmurze, ceramice itd. Pasuj\u0105cy zaczep na pas 24615-0106.<\/p>\n","protected":false},"excerpt":{"rendered":"Zestaw 4-elementowy w uchwycie narz\u0119dziowym systemu Luna GO. Oryginalny uchwyt narz\u0119dziowy z zabezpieczeniem magnetycznym, z miejscem na jedno narz\u0119dzie wk\u0142adane od g\u00f3ry i cztery zawieszane. Do szybkiego i wygodnego u\u017cytkowania i przechowywanie narz\u0119dzi z chwytem sze\u015bciok\u0105tnym 1\/4&#8243;. Uchwyt narz\u0119dziowy ma budow\u0119 przegubow\u0105 i jest \u0142atwo zaczepiany na pas, zapewniaj\u0105c wygod\u0119 pracy i bezpiecze\u0144stwo u\u017cytkowania. Do&#8230; <a class=\"view-article\" href=\"https:\/\/lunatools.com\/pl\/product\/zestaw-wiertel-luna-go-md30\/\">View Article<\/a>","protected":false},"featured_media":0,"template":"","meta":{"_acf_changed":false},"product_cat":[3219,3224],"product_tag":[],"class_list":{"0":"post-63003","1":"product","2":"type-product","3":"status-publish","5":"product_cat-wiertla-pl","6":"product_cat-zestawy-wiertel-pl","8":"first","9":"instock","10":"shipping-taxable","11":"product-type-simple"},"acf":[],"yoast_head":"<!-- This site is optimized with the Yoast SEO plugin v23.4 - https:\/\/yoast.com\/wordpress\/plugins\/seo\/ -->\n<title>ZESTAW WIERTE\u0141 LUNA GO MD30 - Luna tools<\/title>\n<meta name=\"robots\" content=\"index, follow, max-snippet:-1, max-image-preview:large, max-video-preview:-1\" \/>\n<link rel=\"canonical\" href=\"https:\/\/lunatools.com\/pl\/product\/zestaw-wiertel-luna-go-md30\/\" \/>\n<meta property=\"og:locale\" content=\"pl_PL\" \/>\n<meta property=\"og:type\" content=\"article\" \/>\n<meta property=\"og:title\" content=\"ZESTAW WIERTE\u0141 LUNA GO MD30 - Luna tools\" \/>\n<meta property=\"og:description\" content=\"Zestaw 4-elementowy w uchwycie narz\u0119dziowym systemu Luna GO. Oryginalny uchwyt narz\u0119dziowy z zabezpieczeniem magnetycznym, z miejscem na jedno narz\u0119dzie wk\u0142adane od g\u00f3ry i cztery zawieszane. Do szybkiego i wygodnego u\u017cytkowania i przechowywanie narz\u0119dzi z chwytem sze\u015bciok\u0105tnym 1\/4&#8243;. Uchwyt narz\u0119dziowy ma budow\u0119 przegubow\u0105 i jest \u0142atwo zaczepiany na pas, zapewniaj\u0105c wygod\u0119 pracy i bezpiecze\u0144stwo u\u017cytkowania. Do... View Article\" \/>\n<meta property=\"og:url\" content=\"https:\/\/lunatools.com\/pl\/product\/zestaw-wiertel-luna-go-md30\/\" \/>\n<meta property=\"og:site_name\" content=\"Luna tools\" \/>\n<script type=\"application\/ld+json\" class=\"yoast-schema-graph\">{\"@context\":\"https:\/\/schema.org\",\"@graph\":[{\"@type\":\"WebPage\",\"@id\":\"https:\/\/lunatools.com\/pl\/product\/zestaw-wiertel-luna-go-md30\/\",\"url\":\"https:\/\/lunatools.com\/pl\/product\/zestaw-wiertel-luna-go-md30\/\",\"name\":\"ZESTAW WIERTE\u0141 LUNA GO MD30 - Luna tools\",\"isPartOf\":{\"@id\":\"https:\/\/lunatools.com\/sv\/#website\"},\"datePublished\":\"2022-01-13T07:54:58+00:00\",\"dateModified\":\"2022-01-13T07:54:58+00:00\",\"breadcrumb\":{\"@id\":\"https:\/\/lunatools.com\/pl\/product\/zestaw-wiertel-luna-go-md30\/#breadcrumb\"},\"inLanguage\":\"pl-PL\",\"potentialAction\":[{\"@type\":\"ReadAction\",\"target\":[\"https:\/\/lunatools.com\/pl\/product\/zestaw-wiertel-luna-go-md30\/\"]}]},{\"@type\":\"BreadcrumbList\",\"@id\":\"https:\/\/lunatools.com\/pl\/product\/zestaw-wiertel-luna-go-md30\/#breadcrumb\",\"itemListElement\":[{\"@type\":\"ListItem\",\"position\":1,\"name\":\"Home\",\"item\":\"https:\/\/lunatools.com\/pl\/\"},{\"@type\":\"ListItem\",\"position\":2,\"name\":\"Produkty\",\"item\":\"https:\/\/lunatools.com\/pl\/shop\/\"},{\"@type\":\"ListItem\",\"position\":3,\"name\":\"ZESTAW WIERTE\u0141 LUNA GO MD30\"}]},{\"@type\":\"WebSite\",\"@id\":\"https:\/\/lunatools.com\/sv\/#website\",\"url\":\"https:\/\/lunatools.com\/sv\/\",\"name\":\"Luna tools\",\"description\":\"\",\"publisher\":{\"@id\":\"https:\/\/lunatools.com\/sv\/#organization\"},\"potentialAction\":[{\"@type\":\"SearchAction\",\"target\":{\"@type\":\"EntryPoint\",\"urlTemplate\":\"https:\/\/lunatools.com\/sv\/?s={search_term_string}\"},\"query-input\":{\"@type\":\"PropertyValueSpecification\",\"valueRequired\":true,\"valueName\":\"search_term_string\"}}],\"inLanguage\":\"pl-PL\"},{\"@type\":\"Organization\",\"@id\":\"https:\/\/lunatools.com\/sv\/#organization\",\"name\":\"Luna Tools\",\"url\":\"https:\/\/lunatools.com\/sv\/\",\"logo\":{\"@type\":\"ImageObject\",\"inLanguage\":\"pl-PL\",\"@id\":\"https:\/\/lunatools.com\/sv\/#\/schema\/logo\/image\/\",\"url\":\"https:\/\/lunatools.com\/wp-content\/uploads\/2019\/10\/LunaTools-gray-logo.png\",\"contentUrl\":\"https:\/\/lunatools.com\/wp-content\/uploads\/2019\/10\/LunaTools-gray-logo.png\",\"width\":795,\"height\":309,\"caption\":\"Luna Tools\"},\"image\":{\"@id\":\"https:\/\/lunatools.com\/sv\/#\/schema\/logo\/image\/\"}}]}<\/script>\n<!-- \/ Yoast SEO plugin. -->","yoast_head_json":{"title":"ZESTAW WIERTE\u0141 LUNA GO MD30 - Luna tools","robots":{"index":"index","follow":"follow","max-snippet":"max-snippet:-1","max-image-preview":"max-image-preview:large","max-video-preview":"max-video-preview:-1"},"canonical":"https:\/\/lunatools.com\/pl\/product\/zestaw-wiertel-luna-go-md30\/","og_locale":"pl_PL","og_type":"article","og_title":"ZESTAW WIERTE\u0141 LUNA GO MD30 - Luna tools","og_description":"Zestaw 4-elementowy w uchwycie narz\u0119dziowym systemu Luna GO. Oryginalny uchwyt narz\u0119dziowy z zabezpieczeniem magnetycznym, z miejscem na jedno narz\u0119dzie wk\u0142adane od g\u00f3ry i cztery zawieszane. Do szybkiego i wygodnego u\u017cytkowania i przechowywanie narz\u0119dzi z chwytem sze\u015bciok\u0105tnym 1\/4&#8243;. Uchwyt narz\u0119dziowy ma budow\u0119 przegubow\u0105 i jest \u0142atwo zaczepiany na pas, zapewniaj\u0105c wygod\u0119 pracy i bezpiecze\u0144stwo u\u017cytkowania. Do... View Article","og_url":"https:\/\/lunatools.com\/pl\/product\/zestaw-wiertel-luna-go-md30\/","og_site_name":"Luna tools","schema":{"@context":"https:\/\/schema.org","@graph":[{"@type":"WebPage","@id":"https:\/\/lunatools.com\/pl\/product\/zestaw-wiertel-luna-go-md30\/","url":"https:\/\/lunatools.com\/pl\/product\/zestaw-wiertel-luna-go-md30\/","name":"ZESTAW WIERTE\u0141 LUNA GO MD30 - Luna tools","isPartOf":{"@id":"https:\/\/lunatools.com\/sv\/#website"},"datePublished":"2022-01-13T07:54:58+00:00","dateModified":"2022-01-13T07:54:58+00:00","breadcrumb":{"@id":"https:\/\/lunatools.com\/pl\/product\/zestaw-wiertel-luna-go-md30\/#breadcrumb"},"inLanguage":"pl-PL","potentialAction":[{"@type":"ReadAction","target":["https:\/\/lunatools.com\/pl\/product\/zestaw-wiertel-luna-go-md30\/"]}]},{"@type":"BreadcrumbList","@id":"https:\/\/lunatools.com\/pl\/product\/zestaw-wiertel-luna-go-md30\/#breadcrumb","itemListElement":[{"@type":"ListItem","position":1,"name":"Home","item":"https:\/\/lunatools.com\/pl\/"},{"@type":"ListItem","position":2,"name":"Produkty","item":"https:\/\/lunatools.com\/pl\/shop\/"},{"@type":"ListItem","position":3,"name":"ZESTAW WIERTE\u0141 LUNA GO MD30"}]},{"@type":"WebSite","@id":"https:\/\/lunatools.com\/sv\/#website","url":"https:\/\/lunatools.com\/sv\/","name":"Luna tools","description":"","publisher":{"@id":"https:\/\/lunatools.com\/sv\/#organization"},"potentialAction":[{"@type":"SearchAction","target":{"@type":"EntryPoint","urlTemplate":"https:\/\/lunatools.com\/sv\/?s={search_term_string}"},"query-input":{"@type":"PropertyValueSpecification","valueRequired":true,"valueName":"search_term_string"}}],"inLanguage":"pl-PL"},{"@type":"Organization","@id":"https:\/\/lunatools.com\/sv\/#organization","name":"Luna Tools","url":"https:\/\/lunatools.com\/sv\/","logo":{"@type":"ImageObject","inLanguage":"pl-PL","@id":"https:\/\/lunatools.com\/sv\/#\/schema\/logo\/image\/","url":"https:\/\/lunatools.com\/wp-content\/uploads\/2019\/10\/LunaTools-gray-logo.png","contentUrl":"https:\/\/lunatools.com\/wp-content\/uploads\/2019\/10\/LunaTools-gray-logo.png","width":795,"height":309,"caption":"Luna Tools"},"image":{"@id":"https:\/\/lunatools.com\/sv\/#\/schema\/logo\/image\/"}}]}},"_links":{"self":[{"href":"https:\/\/lunatools.com\/pl\/wp-json\/wp\/v2\/product\/63003"}],"collection":[{"href":"https:\/\/lunatools.com\/pl\/wp-json\/wp\/v2\/product"}],"about":[{"href":"https:\/\/lunatools.com\/pl\/wp-json\/wp\/v2\/types\/product"}],"wp:attachment":[{"href":"https:\/\/lunatools.com\/pl\/wp-json\/wp\/v2\/media?parent=63003"}],"wp:term":[{"taxonomy":"product_cat","embeddable":true,"href":"https:\/\/lunatools.com\/pl\/wp-json\/wp\/v2\/product_cat?post=63003"},{"taxonomy":"product_tag","embeddable":true,"href":"https:\/\/lunatools.com\/pl\/wp-json\/wp\/v2\/product_tag?post=63003"}],"curies":[{"name":"wp","href":"https:\/\/api.w.org\/{rel}","templated":true}]}}