{"id":63086,"date":"2023-01-17T13:24:22","date_gmt":"2023-01-17T13:24:22","guid":{"rendered":"https:\/\/lunatools.com\/product\/pila-reczna-s550mm-11tpi\/"},"modified":"2023-01-17T13:24:22","modified_gmt":"2023-01-17T13:24:22","slug":"pila-reczna-s550mm-11tpi","status":"publish","type":"product","link":"https:\/\/lunatools.com\/pl\/product\/pila-reczna-s550mm-11tpi\/","title":{"rendered":"Pi\u0142a r\u0119czna S550MM 11TPI"},"content":{"rendered":"<p>Model Champion. Pi\u0142a r\u0119czna o uz\u0119bieniu ostrzonym 3-fazowo, z hartowanymi wierzcho\u0142kami. Brzeszczot pokryty lakierem obni\u017caj\u0105cym tarcie. R\u0119koje\u015b\u0107 dwukomponentowa, o kraw\u0119dziach s\u0142u\u017c\u0105cych do odwzorowywania k\u0105t\u00f3w 90\u00b0 i 45\u00b0 wzgl\u0119dem grzbietu brzeszczotu. Wierzcho\u0142ek zbie\u017cny, co u\u0142atwia wprowadzanie pi\u0142y w materia\u0142.<\/p>\n","protected":false},"excerpt":{"rendered":"Model Champion. Pi\u0142a r\u0119czna o uz\u0119bieniu ostrzonym 3-fazowo, z hartowanymi wierzcho\u0142kami. Brzeszczot pokryty lakierem obni\u017caj\u0105cym tarcie. R\u0119koje\u015b\u0107 dwukomponentowa, o kraw\u0119dziach s\u0142u\u017c\u0105cych do odwzorowywania k\u0105t\u00f3w 90\u00b0 i 45\u00b0 wzgl\u0119dem grzbietu brzeszczotu. Wierzcho\u0142ek zbie\u017cny, co u\u0142atwia wprowadzanie pi\u0142y w materia\u0142.","protected":false},"featured_media":0,"template":"","meta":{"_acf_changed":false},"product_cat":[3399,3400],"product_tag":[],"class_list":{"0":"post-63086","1":"product","2":"type-product","3":"status-publish","5":"product_cat-pily-pl","6":"product_cat-pily-reczne-pl","8":"first","9":"instock","10":"shipping-taxable","11":"product-type-simple"},"acf":[],"yoast_head":"<!-- This site is optimized with the Yoast SEO plugin v23.4 - https:\/\/yoast.com\/wordpress\/plugins\/seo\/ -->\n<title>Pi\u0142a r\u0119czna S550MM 11TPI - Luna tools<\/title>\n<meta name=\"robots\" content=\"index, follow, max-snippet:-1, max-image-preview:large, max-video-preview:-1\" \/>\n<link rel=\"canonical\" href=\"https:\/\/lunatools.com\/pl\/product\/pila-reczna-s550mm-11tpi\/\" \/>\n<meta property=\"og:locale\" content=\"pl_PL\" \/>\n<meta property=\"og:type\" content=\"article\" \/>\n<meta property=\"og:title\" content=\"Pi\u0142a r\u0119czna S550MM 11TPI - Luna tools\" \/>\n<meta property=\"og:description\" content=\"Model Champion. Pi\u0142a r\u0119czna o uz\u0119bieniu ostrzonym 3-fazowo, z hartowanymi wierzcho\u0142kami. Brzeszczot pokryty lakierem obni\u017caj\u0105cym tarcie. R\u0119koje\u015b\u0107 dwukomponentowa, o kraw\u0119dziach s\u0142u\u017c\u0105cych do odwzorowywania k\u0105t\u00f3w 90\u00b0 i 45\u00b0 wzgl\u0119dem grzbietu brzeszczotu. Wierzcho\u0142ek zbie\u017cny, co u\u0142atwia wprowadzanie pi\u0142y w materia\u0142.\" \/>\n<meta property=\"og:url\" content=\"https:\/\/lunatools.com\/pl\/product\/pila-reczna-s550mm-11tpi\/\" \/>\n<meta property=\"og:site_name\" content=\"Luna tools\" \/>\n<script type=\"application\/ld+json\" class=\"yoast-schema-graph\">{\"@context\":\"https:\/\/schema.org\",\"@graph\":[{\"@type\":\"WebPage\",\"@id\":\"https:\/\/lunatools.com\/pl\/product\/pila-reczna-s550mm-11tpi\/\",\"url\":\"https:\/\/lunatools.com\/pl\/product\/pila-reczna-s550mm-11tpi\/\",\"name\":\"Pi\u0142a r\u0119czna S550MM 11TPI - Luna tools\",\"isPartOf\":{\"@id\":\"https:\/\/lunatools.com\/sv\/#website\"},\"datePublished\":\"2023-01-17T13:24:22+00:00\",\"dateModified\":\"2023-01-17T13:24:22+00:00\",\"breadcrumb\":{\"@id\":\"https:\/\/lunatools.com\/pl\/product\/pila-reczna-s550mm-11tpi\/#breadcrumb\"},\"inLanguage\":\"pl-PL\",\"potentialAction\":[{\"@type\":\"ReadAction\",\"target\":[\"https:\/\/lunatools.com\/pl\/product\/pila-reczna-s550mm-11tpi\/\"]}]},{\"@type\":\"BreadcrumbList\",\"@id\":\"https:\/\/lunatools.com\/pl\/product\/pila-reczna-s550mm-11tpi\/#breadcrumb\",\"itemListElement\":[{\"@type\":\"ListItem\",\"position\":1,\"name\":\"Home\",\"item\":\"https:\/\/lunatools.com\/pl\/\"},{\"@type\":\"ListItem\",\"position\":2,\"name\":\"Produkty\",\"item\":\"https:\/\/lunatools.com\/pl\/shop\/\"},{\"@type\":\"ListItem\",\"position\":3,\"name\":\"Pi\u0142a r\u0119czna S550MM 11TPI\"}]},{\"@type\":\"WebSite\",\"@id\":\"https:\/\/lunatools.com\/sv\/#website\",\"url\":\"https:\/\/lunatools.com\/sv\/\",\"name\":\"Luna tools\",\"description\":\"\",\"publisher\":{\"@id\":\"https:\/\/lunatools.com\/sv\/#organization\"},\"potentialAction\":[{\"@type\":\"SearchAction\",\"target\":{\"@type\":\"EntryPoint\",\"urlTemplate\":\"https:\/\/lunatools.com\/sv\/?s={search_term_string}\"},\"query-input\":{\"@type\":\"PropertyValueSpecification\",\"valueRequired\":true,\"valueName\":\"search_term_string\"}}],\"inLanguage\":\"pl-PL\"},{\"@type\":\"Organization\",\"@id\":\"https:\/\/lunatools.com\/sv\/#organization\",\"name\":\"Luna Tools\",\"url\":\"https:\/\/lunatools.com\/sv\/\",\"logo\":{\"@type\":\"ImageObject\",\"inLanguage\":\"pl-PL\",\"@id\":\"https:\/\/lunatools.com\/sv\/#\/schema\/logo\/image\/\",\"url\":\"https:\/\/lunatools.com\/wp-content\/uploads\/2019\/10\/LunaTools-gray-logo.png\",\"contentUrl\":\"https:\/\/lunatools.com\/wp-content\/uploads\/2019\/10\/LunaTools-gray-logo.png\",\"width\":795,\"height\":309,\"caption\":\"Luna Tools\"},\"image\":{\"@id\":\"https:\/\/lunatools.com\/sv\/#\/schema\/logo\/image\/\"}}]}<\/script>\n<!-- \/ Yoast SEO plugin. -->","yoast_head_json":{"title":"Pi\u0142a r\u0119czna S550MM 11TPI - Luna tools","robots":{"index":"index","follow":"follow","max-snippet":"max-snippet:-1","max-image-preview":"max-image-preview:large","max-video-preview":"max-video-preview:-1"},"canonical":"https:\/\/lunatools.com\/pl\/product\/pila-reczna-s550mm-11tpi\/","og_locale":"pl_PL","og_type":"article","og_title":"Pi\u0142a r\u0119czna S550MM 11TPI - Luna tools","og_description":"Model Champion. Pi\u0142a r\u0119czna o uz\u0119bieniu ostrzonym 3-fazowo, z hartowanymi wierzcho\u0142kami. Brzeszczot pokryty lakierem obni\u017caj\u0105cym tarcie. R\u0119koje\u015b\u0107 dwukomponentowa, o kraw\u0119dziach s\u0142u\u017c\u0105cych do odwzorowywania k\u0105t\u00f3w 90\u00b0 i 45\u00b0 wzgl\u0119dem grzbietu brzeszczotu. Wierzcho\u0142ek zbie\u017cny, co u\u0142atwia wprowadzanie pi\u0142y w materia\u0142.","og_url":"https:\/\/lunatools.com\/pl\/product\/pila-reczna-s550mm-11tpi\/","og_site_name":"Luna tools","schema":{"@context":"https:\/\/schema.org","@graph":[{"@type":"WebPage","@id":"https:\/\/lunatools.com\/pl\/product\/pila-reczna-s550mm-11tpi\/","url":"https:\/\/lunatools.com\/pl\/product\/pila-reczna-s550mm-11tpi\/","name":"Pi\u0142a r\u0119czna S550MM 11TPI - Luna tools","isPartOf":{"@id":"https:\/\/lunatools.com\/sv\/#website"},"datePublished":"2023-01-17T13:24:22+00:00","dateModified":"2023-01-17T13:24:22+00:00","breadcrumb":{"@id":"https:\/\/lunatools.com\/pl\/product\/pila-reczna-s550mm-11tpi\/#breadcrumb"},"inLanguage":"pl-PL","potentialAction":[{"@type":"ReadAction","target":["https:\/\/lunatools.com\/pl\/product\/pila-reczna-s550mm-11tpi\/"]}]},{"@type":"BreadcrumbList","@id":"https:\/\/lunatools.com\/pl\/product\/pila-reczna-s550mm-11tpi\/#breadcrumb","itemListElement":[{"@type":"ListItem","position":1,"name":"Home","item":"https:\/\/lunatools.com\/pl\/"},{"@type":"ListItem","position":2,"name":"Produkty","item":"https:\/\/lunatools.com\/pl\/shop\/"},{"@type":"ListItem","position":3,"name":"Pi\u0142a r\u0119czna S550MM 11TPI"}]},{"@type":"WebSite","@id":"https:\/\/lunatools.com\/sv\/#website","url":"https:\/\/lunatools.com\/sv\/","name":"Luna tools","description":"","publisher":{"@id":"https:\/\/lunatools.com\/sv\/#organization"},"potentialAction":[{"@type":"SearchAction","target":{"@type":"EntryPoint","urlTemplate":"https:\/\/lunatools.com\/sv\/?s={search_term_string}"},"query-input":{"@type":"PropertyValueSpecification","valueRequired":true,"valueName":"search_term_string"}}],"inLanguage":"pl-PL"},{"@type":"Organization","@id":"https:\/\/lunatools.com\/sv\/#organization","name":"Luna Tools","url":"https:\/\/lunatools.com\/sv\/","logo":{"@type":"ImageObject","inLanguage":"pl-PL","@id":"https:\/\/lunatools.com\/sv\/#\/schema\/logo\/image\/","url":"https:\/\/lunatools.com\/wp-content\/uploads\/2019\/10\/LunaTools-gray-logo.png","contentUrl":"https:\/\/lunatools.com\/wp-content\/uploads\/2019\/10\/LunaTools-gray-logo.png","width":795,"height":309,"caption":"Luna Tools"},"image":{"@id":"https:\/\/lunatools.com\/sv\/#\/schema\/logo\/image\/"}}]}},"_links":{"self":[{"href":"https:\/\/lunatools.com\/pl\/wp-json\/wp\/v2\/product\/63086"}],"collection":[{"href":"https:\/\/lunatools.com\/pl\/wp-json\/wp\/v2\/product"}],"about":[{"href":"https:\/\/lunatools.com\/pl\/wp-json\/wp\/v2\/types\/product"}],"wp:attachment":[{"href":"https:\/\/lunatools.com\/pl\/wp-json\/wp\/v2\/media?parent=63086"}],"wp:term":[{"taxonomy":"product_cat","embeddable":true,"href":"https:\/\/lunatools.com\/pl\/wp-json\/wp\/v2\/product_cat?post=63086"},{"taxonomy":"product_tag","embeddable":true,"href":"https:\/\/lunatools.com\/pl\/wp-json\/wp\/v2\/product_tag?post=63086"}],"curies":[{"name":"wp","href":"https:\/\/api.w.org\/{rel}","templated":true}]}}