{"id":63107,"date":"2024-09-02T13:35:14","date_gmt":"2024-09-02T13:35:14","guid":{"rendered":"https:\/\/lunatools.com\/product\/pila-tasmowa-4x2190\/"},"modified":"2024-09-02T13:35:14","modified_gmt":"2024-09-02T13:35:14","slug":"pila-tasmowa-4x2190","status":"publish","type":"product","link":"https:\/\/lunatools.com\/pl\/product\/pila-tasmowa-4x2190\/","title":{"rendered":"PI\u0141A TA\u015aMOWA 4X2190"},"content":{"rendered":"<p>Z hartowanymi wierzcho\u0142kami z\u0119b\u00f3w, przeznaczona do ci\u0119cia litego drewna, ale tak\u017ce do l\u017cejszych ci\u0119\u0107 mi\u0119kkich metali, p\u0142yt wi\u00f3rowych, tworzyw sztucznych, laminat\u00f3w, buczyny, d\u0119biny i innych twardych gatunk\u00f3w drewna. Dostarczana w stanie gotowym do u\u017cytku, tj. naprostowana, po\u0142\u0105czona w pier\u015bcie\u0144 i z z\u0119bami rozwartymi. Inne rozmiary dostarczane na indywidualne zam\u00f3wienie. UWAGA: minimalna ilo\u015b\u0107 w zam\u00f3wieniu 5 szt. jednego rozmiaru.<\/p>\n","protected":false},"excerpt":{"rendered":"Z hartowanymi wierzcho\u0142kami z\u0119b\u00f3w, przeznaczona do ci\u0119cia litego drewna, ale tak\u017ce do l\u017cejszych ci\u0119\u0107 mi\u0119kkich metali, p\u0142yt wi\u00f3rowych, tworzyw sztucznych, laminat\u00f3w, buczyny, d\u0119biny i innych twardych gatunk\u00f3w drewna. Dostarczana w stanie gotowym do u\u017cytku, tj. naprostowana, po\u0142\u0105czona w pier\u015bcie\u0144 i z z\u0119bami rozwartymi. Inne rozmiary dostarczane na indywidualne zam\u00f3wienie. UWAGA: minimalna ilo\u015b\u0107 w zam\u00f3wieniu 5&#8230; <a class=\"view-article\" href=\"https:\/\/lunatools.com\/pl\/product\/pila-tasmowa-4x2190\/\">View Article<\/a>","protected":false},"featured_media":0,"template":"","meta":{"_acf_changed":false},"product_cat":[3171,3172],"product_tag":[],"class_list":{"0":"post-63107","1":"product","2":"type-product","3":"status-publish","5":"product_cat-brzeszczoty-pl","6":"product_cat-pily-tasmowe-pl","8":"first","9":"instock","10":"shipping-taxable","11":"product-type-simple"},"acf":[],"yoast_head":"<!-- This site is optimized with the Yoast SEO plugin v23.4 - https:\/\/yoast.com\/wordpress\/plugins\/seo\/ -->\n<title>PI\u0141A TA\u015aMOWA 4X2190 - Luna tools<\/title>\n<meta name=\"robots\" content=\"index, follow, max-snippet:-1, max-image-preview:large, max-video-preview:-1\" \/>\n<link rel=\"canonical\" href=\"https:\/\/lunatools.com\/pl\/product\/pila-tasmowa-4x2190\/\" \/>\n<meta property=\"og:locale\" content=\"pl_PL\" \/>\n<meta property=\"og:type\" content=\"article\" \/>\n<meta property=\"og:title\" content=\"PI\u0141A TA\u015aMOWA 4X2190 - Luna tools\" \/>\n<meta property=\"og:description\" content=\"Z hartowanymi wierzcho\u0142kami z\u0119b\u00f3w, przeznaczona do ci\u0119cia litego drewna, ale tak\u017ce do l\u017cejszych ci\u0119\u0107 mi\u0119kkich metali, p\u0142yt wi\u00f3rowych, tworzyw sztucznych, laminat\u00f3w, buczyny, d\u0119biny i innych twardych gatunk\u00f3w drewna. Dostarczana w stanie gotowym do u\u017cytku, tj. naprostowana, po\u0142\u0105czona w pier\u015bcie\u0144 i z z\u0119bami rozwartymi. Inne rozmiary dostarczane na indywidualne zam\u00f3wienie. UWAGA: minimalna ilo\u015b\u0107 w zam\u00f3wieniu 5... View Article\" \/>\n<meta property=\"og:url\" content=\"https:\/\/lunatools.com\/pl\/product\/pila-tasmowa-4x2190\/\" \/>\n<meta property=\"og:site_name\" content=\"Luna tools\" \/>\n<script type=\"application\/ld+json\" class=\"yoast-schema-graph\">{\"@context\":\"https:\/\/schema.org\",\"@graph\":[{\"@type\":\"WebPage\",\"@id\":\"https:\/\/lunatools.com\/pl\/product\/pila-tasmowa-4x2190\/\",\"url\":\"https:\/\/lunatools.com\/pl\/product\/pila-tasmowa-4x2190\/\",\"name\":\"PI\u0141A TA\u015aMOWA 4X2190 - Luna tools\",\"isPartOf\":{\"@id\":\"https:\/\/lunatools.com\/sv\/#website\"},\"datePublished\":\"2024-09-02T13:35:14+00:00\",\"dateModified\":\"2024-09-02T13:35:14+00:00\",\"breadcrumb\":{\"@id\":\"https:\/\/lunatools.com\/pl\/product\/pila-tasmowa-4x2190\/#breadcrumb\"},\"inLanguage\":\"pl-PL\",\"potentialAction\":[{\"@type\":\"ReadAction\",\"target\":[\"https:\/\/lunatools.com\/pl\/product\/pila-tasmowa-4x2190\/\"]}]},{\"@type\":\"BreadcrumbList\",\"@id\":\"https:\/\/lunatools.com\/pl\/product\/pila-tasmowa-4x2190\/#breadcrumb\",\"itemListElement\":[{\"@type\":\"ListItem\",\"position\":1,\"name\":\"Home\",\"item\":\"https:\/\/lunatools.com\/pl\/\"},{\"@type\":\"ListItem\",\"position\":2,\"name\":\"Produkty\",\"item\":\"https:\/\/lunatools.com\/pl\/shop\/\"},{\"@type\":\"ListItem\",\"position\":3,\"name\":\"PI\u0141A TA\u015aMOWA 4X2190\"}]},{\"@type\":\"WebSite\",\"@id\":\"https:\/\/lunatools.com\/sv\/#website\",\"url\":\"https:\/\/lunatools.com\/sv\/\",\"name\":\"Luna tools\",\"description\":\"\",\"publisher\":{\"@id\":\"https:\/\/lunatools.com\/sv\/#organization\"},\"potentialAction\":[{\"@type\":\"SearchAction\",\"target\":{\"@type\":\"EntryPoint\",\"urlTemplate\":\"https:\/\/lunatools.com\/sv\/?s={search_term_string}\"},\"query-input\":{\"@type\":\"PropertyValueSpecification\",\"valueRequired\":true,\"valueName\":\"search_term_string\"}}],\"inLanguage\":\"pl-PL\"},{\"@type\":\"Organization\",\"@id\":\"https:\/\/lunatools.com\/sv\/#organization\",\"name\":\"Luna Tools\",\"url\":\"https:\/\/lunatools.com\/sv\/\",\"logo\":{\"@type\":\"ImageObject\",\"inLanguage\":\"pl-PL\",\"@id\":\"https:\/\/lunatools.com\/sv\/#\/schema\/logo\/image\/\",\"url\":\"https:\/\/lunatools.com\/wp-content\/uploads\/2019\/10\/LunaTools-gray-logo.png\",\"contentUrl\":\"https:\/\/lunatools.com\/wp-content\/uploads\/2019\/10\/LunaTools-gray-logo.png\",\"width\":795,\"height\":309,\"caption\":\"Luna Tools\"},\"image\":{\"@id\":\"https:\/\/lunatools.com\/sv\/#\/schema\/logo\/image\/\"}}]}<\/script>\n<!-- \/ Yoast SEO plugin. -->","yoast_head_json":{"title":"PI\u0141A TA\u015aMOWA 4X2190 - Luna tools","robots":{"index":"index","follow":"follow","max-snippet":"max-snippet:-1","max-image-preview":"max-image-preview:large","max-video-preview":"max-video-preview:-1"},"canonical":"https:\/\/lunatools.com\/pl\/product\/pila-tasmowa-4x2190\/","og_locale":"pl_PL","og_type":"article","og_title":"PI\u0141A TA\u015aMOWA 4X2190 - Luna tools","og_description":"Z hartowanymi wierzcho\u0142kami z\u0119b\u00f3w, przeznaczona do ci\u0119cia litego drewna, ale tak\u017ce do l\u017cejszych ci\u0119\u0107 mi\u0119kkich metali, p\u0142yt wi\u00f3rowych, tworzyw sztucznych, laminat\u00f3w, buczyny, d\u0119biny i innych twardych gatunk\u00f3w drewna. Dostarczana w stanie gotowym do u\u017cytku, tj. naprostowana, po\u0142\u0105czona w pier\u015bcie\u0144 i z z\u0119bami rozwartymi. Inne rozmiary dostarczane na indywidualne zam\u00f3wienie. UWAGA: minimalna ilo\u015b\u0107 w zam\u00f3wieniu 5... View Article","og_url":"https:\/\/lunatools.com\/pl\/product\/pila-tasmowa-4x2190\/","og_site_name":"Luna tools","schema":{"@context":"https:\/\/schema.org","@graph":[{"@type":"WebPage","@id":"https:\/\/lunatools.com\/pl\/product\/pila-tasmowa-4x2190\/","url":"https:\/\/lunatools.com\/pl\/product\/pila-tasmowa-4x2190\/","name":"PI\u0141A TA\u015aMOWA 4X2190 - Luna tools","isPartOf":{"@id":"https:\/\/lunatools.com\/sv\/#website"},"datePublished":"2024-09-02T13:35:14+00:00","dateModified":"2024-09-02T13:35:14+00:00","breadcrumb":{"@id":"https:\/\/lunatools.com\/pl\/product\/pila-tasmowa-4x2190\/#breadcrumb"},"inLanguage":"pl-PL","potentialAction":[{"@type":"ReadAction","target":["https:\/\/lunatools.com\/pl\/product\/pila-tasmowa-4x2190\/"]}]},{"@type":"BreadcrumbList","@id":"https:\/\/lunatools.com\/pl\/product\/pila-tasmowa-4x2190\/#breadcrumb","itemListElement":[{"@type":"ListItem","position":1,"name":"Home","item":"https:\/\/lunatools.com\/pl\/"},{"@type":"ListItem","position":2,"name":"Produkty","item":"https:\/\/lunatools.com\/pl\/shop\/"},{"@type":"ListItem","position":3,"name":"PI\u0141A TA\u015aMOWA 4X2190"}]},{"@type":"WebSite","@id":"https:\/\/lunatools.com\/sv\/#website","url":"https:\/\/lunatools.com\/sv\/","name":"Luna tools","description":"","publisher":{"@id":"https:\/\/lunatools.com\/sv\/#organization"},"potentialAction":[{"@type":"SearchAction","target":{"@type":"EntryPoint","urlTemplate":"https:\/\/lunatools.com\/sv\/?s={search_term_string}"},"query-input":{"@type":"PropertyValueSpecification","valueRequired":true,"valueName":"search_term_string"}}],"inLanguage":"pl-PL"},{"@type":"Organization","@id":"https:\/\/lunatools.com\/sv\/#organization","name":"Luna Tools","url":"https:\/\/lunatools.com\/sv\/","logo":{"@type":"ImageObject","inLanguage":"pl-PL","@id":"https:\/\/lunatools.com\/sv\/#\/schema\/logo\/image\/","url":"https:\/\/lunatools.com\/wp-content\/uploads\/2019\/10\/LunaTools-gray-logo.png","contentUrl":"https:\/\/lunatools.com\/wp-content\/uploads\/2019\/10\/LunaTools-gray-logo.png","width":795,"height":309,"caption":"Luna Tools"},"image":{"@id":"https:\/\/lunatools.com\/sv\/#\/schema\/logo\/image\/"}}]}},"_links":{"self":[{"href":"https:\/\/lunatools.com\/pl\/wp-json\/wp\/v2\/product\/63107"}],"collection":[{"href":"https:\/\/lunatools.com\/pl\/wp-json\/wp\/v2\/product"}],"about":[{"href":"https:\/\/lunatools.com\/pl\/wp-json\/wp\/v2\/types\/product"}],"wp:attachment":[{"href":"https:\/\/lunatools.com\/pl\/wp-json\/wp\/v2\/media?parent=63107"}],"wp:term":[{"taxonomy":"product_cat","embeddable":true,"href":"https:\/\/lunatools.com\/pl\/wp-json\/wp\/v2\/product_cat?post=63107"},{"taxonomy":"product_tag","embeddable":true,"href":"https:\/\/lunatools.com\/pl\/wp-json\/wp\/v2\/product_tag?post=63107"}],"curies":[{"name":"wp","href":"https:\/\/api.w.org\/{rel}","templated":true}]}}