{"id":65700,"date":"2024-09-02T13:45:18","date_gmt":"2024-09-02T13:45:18","guid":{"rendered":"https:\/\/lunatools.com\/product\/mlotek-dla-elektrykow-luna-eth300\/"},"modified":"2024-09-02T13:45:18","modified_gmt":"2024-09-02T13:45:18","slug":"mlotek-dla-elektrykow-luna-eth300","status":"publish","type":"product","link":"https:\/\/lunatools.com\/pl\/product\/mlotek-dla-elektrykow-luna-eth300\/","title":{"rendered":"M\u0141OTEK DLA ELEKTRYK\u00d3W LUNA ETH300"},"content":{"rendered":"<p>M\u0142otek elektromonterski Luna jest specjalnie przystosowany do przybijania uchwyt\u00f3w mocuj\u0105cych kable elektryczne. G\u0142\u00f3wka ma dwie powierzchnie udarowe. Jedna kwadratowa, z hartowanej stali, do wbijania gwo\u017adzi, a druga okr\u0105g\u0142a, z udaroodpornego tworzywa sztucznego, pozwala za pomoc\u0105 lekkich uderze\u0144 kszta\u0142towa\u0107 kabel wok\u00f3\u0142 lub wewn\u0105trz naro\u017cnik\u00f3w, bez uszkadzania izolacji. R\u0119koje\u015b\u0107 wykonana z w\u0142\u00f3kna szklanego jest pokryta mi\u0119kk\u0105, przyjemn\u0105 w dotyku gum\u0105, zapewniaj\u0105c\u0105 pewny chwyt. Zintegrowana podzia\u0142ka po obu stronach trzonka pozwala na \u0142atwy i dok\u0142adny pomiar rozstawienia uchwyt\u00f3w. Przystosowany do zabezpieczenia narz\u0119dzi.<\/p>\n","protected":false},"excerpt":{"rendered":"M\u0142otek elektromonterski Luna jest specjalnie przystosowany do przybijania uchwyt\u00f3w mocuj\u0105cych kable elektryczne. G\u0142\u00f3wka ma dwie powierzchnie udarowe. Jedna kwadratowa, z hartowanej stali, do wbijania gwo\u017adzi, a druga okr\u0105g\u0142a, z udaroodpornego tworzywa sztucznego, pozwala za pomoc\u0105 lekkich uderze\u0144 kszta\u0142towa\u0107 kabel wok\u00f3\u0142 lub wewn\u0105trz naro\u017cnik\u00f3w, bez uszkadzania izolacji. R\u0119koje\u015b\u0107 wykonana z w\u0142\u00f3kna szklanego jest pokryta mi\u0119kk\u0105, przyjemn\u0105&#8230; <a class=\"view-article\" href=\"https:\/\/lunatools.com\/pl\/product\/mlotek-dla-elektrykow-luna-eth300\/\">View Article<\/a>","protected":false},"featured_media":0,"template":"","meta":{"_acf_changed":false},"product_cat":[3373,7687],"product_tag":[],"class_list":{"0":"post-65700","1":"product","2":"type-product","3":"status-publish","5":"product_cat-narzedzia-uderzajace-pl","6":"product_cat-mlotki-elektromonterskie-pl","8":"first","9":"instock","10":"shipping-taxable","11":"product-type-simple"},"acf":[],"yoast_head":"<!-- This site is optimized with the Yoast SEO plugin v23.4 - https:\/\/yoast.com\/wordpress\/plugins\/seo\/ -->\n<title>M\u0141OTEK DLA ELEKTRYK\u00d3W LUNA ETH300 - Luna tools<\/title>\n<meta name=\"robots\" content=\"index, follow, max-snippet:-1, max-image-preview:large, max-video-preview:-1\" \/>\n<link rel=\"canonical\" href=\"https:\/\/lunatools.com\/pl\/product\/mlotek-dla-elektrykow-luna-eth300\/\" \/>\n<meta property=\"og:locale\" content=\"pl_PL\" \/>\n<meta property=\"og:type\" content=\"article\" \/>\n<meta property=\"og:title\" content=\"M\u0141OTEK DLA ELEKTRYK\u00d3W LUNA ETH300 - Luna tools\" \/>\n<meta property=\"og:description\" content=\"M\u0142otek elektromonterski Luna jest specjalnie przystosowany do przybijania uchwyt\u00f3w mocuj\u0105cych kable elektryczne. G\u0142\u00f3wka ma dwie powierzchnie udarowe. Jedna kwadratowa, z hartowanej stali, do wbijania gwo\u017adzi, a druga okr\u0105g\u0142a, z udaroodpornego tworzywa sztucznego, pozwala za pomoc\u0105 lekkich uderze\u0144 kszta\u0142towa\u0107 kabel wok\u00f3\u0142 lub wewn\u0105trz naro\u017cnik\u00f3w, bez uszkadzania izolacji. R\u0119koje\u015b\u0107 wykonana z w\u0142\u00f3kna szklanego jest pokryta mi\u0119kk\u0105, przyjemn\u0105... View Article\" \/>\n<meta property=\"og:url\" content=\"https:\/\/lunatools.com\/pl\/product\/mlotek-dla-elektrykow-luna-eth300\/\" \/>\n<meta property=\"og:site_name\" content=\"Luna tools\" \/>\n<script type=\"application\/ld+json\" class=\"yoast-schema-graph\">{\"@context\":\"https:\/\/schema.org\",\"@graph\":[{\"@type\":\"WebPage\",\"@id\":\"https:\/\/lunatools.com\/pl\/product\/mlotek-dla-elektrykow-luna-eth300\/\",\"url\":\"https:\/\/lunatools.com\/pl\/product\/mlotek-dla-elektrykow-luna-eth300\/\",\"name\":\"M\u0141OTEK DLA ELEKTRYK\u00d3W LUNA ETH300 - Luna tools\",\"isPartOf\":{\"@id\":\"https:\/\/lunatools.com\/sv\/#website\"},\"datePublished\":\"2024-09-02T13:45:18+00:00\",\"dateModified\":\"2024-09-02T13:45:18+00:00\",\"breadcrumb\":{\"@id\":\"https:\/\/lunatools.com\/pl\/product\/mlotek-dla-elektrykow-luna-eth300\/#breadcrumb\"},\"inLanguage\":\"pl-PL\",\"potentialAction\":[{\"@type\":\"ReadAction\",\"target\":[\"https:\/\/lunatools.com\/pl\/product\/mlotek-dla-elektrykow-luna-eth300\/\"]}]},{\"@type\":\"BreadcrumbList\",\"@id\":\"https:\/\/lunatools.com\/pl\/product\/mlotek-dla-elektrykow-luna-eth300\/#breadcrumb\",\"itemListElement\":[{\"@type\":\"ListItem\",\"position\":1,\"name\":\"Home\",\"item\":\"https:\/\/lunatools.com\/pl\/\"},{\"@type\":\"ListItem\",\"position\":2,\"name\":\"Produkty\",\"item\":\"https:\/\/lunatools.com\/pl\/shop\/\"},{\"@type\":\"ListItem\",\"position\":3,\"name\":\"M\u0141OTEK DLA ELEKTRYK\u00d3W LUNA ETH300\"}]},{\"@type\":\"WebSite\",\"@id\":\"https:\/\/lunatools.com\/sv\/#website\",\"url\":\"https:\/\/lunatools.com\/sv\/\",\"name\":\"Luna tools\",\"description\":\"\",\"publisher\":{\"@id\":\"https:\/\/lunatools.com\/sv\/#organization\"},\"potentialAction\":[{\"@type\":\"SearchAction\",\"target\":{\"@type\":\"EntryPoint\",\"urlTemplate\":\"https:\/\/lunatools.com\/sv\/?s={search_term_string}\"},\"query-input\":{\"@type\":\"PropertyValueSpecification\",\"valueRequired\":true,\"valueName\":\"search_term_string\"}}],\"inLanguage\":\"pl-PL\"},{\"@type\":\"Organization\",\"@id\":\"https:\/\/lunatools.com\/sv\/#organization\",\"name\":\"Luna Tools\",\"url\":\"https:\/\/lunatools.com\/sv\/\",\"logo\":{\"@type\":\"ImageObject\",\"inLanguage\":\"pl-PL\",\"@id\":\"https:\/\/lunatools.com\/sv\/#\/schema\/logo\/image\/\",\"url\":\"https:\/\/lunatools.com\/wp-content\/uploads\/2019\/10\/LunaTools-gray-logo.png\",\"contentUrl\":\"https:\/\/lunatools.com\/wp-content\/uploads\/2019\/10\/LunaTools-gray-logo.png\",\"width\":795,\"height\":309,\"caption\":\"Luna Tools\"},\"image\":{\"@id\":\"https:\/\/lunatools.com\/sv\/#\/schema\/logo\/image\/\"}}]}<\/script>\n<!-- \/ Yoast SEO plugin. -->","yoast_head_json":{"title":"M\u0141OTEK DLA ELEKTRYK\u00d3W LUNA ETH300 - Luna tools","robots":{"index":"index","follow":"follow","max-snippet":"max-snippet:-1","max-image-preview":"max-image-preview:large","max-video-preview":"max-video-preview:-1"},"canonical":"https:\/\/lunatools.com\/pl\/product\/mlotek-dla-elektrykow-luna-eth300\/","og_locale":"pl_PL","og_type":"article","og_title":"M\u0141OTEK DLA ELEKTRYK\u00d3W LUNA ETH300 - Luna tools","og_description":"M\u0142otek elektromonterski Luna jest specjalnie przystosowany do przybijania uchwyt\u00f3w mocuj\u0105cych kable elektryczne. G\u0142\u00f3wka ma dwie powierzchnie udarowe. Jedna kwadratowa, z hartowanej stali, do wbijania gwo\u017adzi, a druga okr\u0105g\u0142a, z udaroodpornego tworzywa sztucznego, pozwala za pomoc\u0105 lekkich uderze\u0144 kszta\u0142towa\u0107 kabel wok\u00f3\u0142 lub wewn\u0105trz naro\u017cnik\u00f3w, bez uszkadzania izolacji. R\u0119koje\u015b\u0107 wykonana z w\u0142\u00f3kna szklanego jest pokryta mi\u0119kk\u0105, przyjemn\u0105... View Article","og_url":"https:\/\/lunatools.com\/pl\/product\/mlotek-dla-elektrykow-luna-eth300\/","og_site_name":"Luna tools","schema":{"@context":"https:\/\/schema.org","@graph":[{"@type":"WebPage","@id":"https:\/\/lunatools.com\/pl\/product\/mlotek-dla-elektrykow-luna-eth300\/","url":"https:\/\/lunatools.com\/pl\/product\/mlotek-dla-elektrykow-luna-eth300\/","name":"M\u0141OTEK DLA ELEKTRYK\u00d3W LUNA ETH300 - Luna tools","isPartOf":{"@id":"https:\/\/lunatools.com\/sv\/#website"},"datePublished":"2024-09-02T13:45:18+00:00","dateModified":"2024-09-02T13:45:18+00:00","breadcrumb":{"@id":"https:\/\/lunatools.com\/pl\/product\/mlotek-dla-elektrykow-luna-eth300\/#breadcrumb"},"inLanguage":"pl-PL","potentialAction":[{"@type":"ReadAction","target":["https:\/\/lunatools.com\/pl\/product\/mlotek-dla-elektrykow-luna-eth300\/"]}]},{"@type":"BreadcrumbList","@id":"https:\/\/lunatools.com\/pl\/product\/mlotek-dla-elektrykow-luna-eth300\/#breadcrumb","itemListElement":[{"@type":"ListItem","position":1,"name":"Home","item":"https:\/\/lunatools.com\/pl\/"},{"@type":"ListItem","position":2,"name":"Produkty","item":"https:\/\/lunatools.com\/pl\/shop\/"},{"@type":"ListItem","position":3,"name":"M\u0141OTEK DLA ELEKTRYK\u00d3W LUNA ETH300"}]},{"@type":"WebSite","@id":"https:\/\/lunatools.com\/sv\/#website","url":"https:\/\/lunatools.com\/sv\/","name":"Luna tools","description":"","publisher":{"@id":"https:\/\/lunatools.com\/sv\/#organization"},"potentialAction":[{"@type":"SearchAction","target":{"@type":"EntryPoint","urlTemplate":"https:\/\/lunatools.com\/sv\/?s={search_term_string}"},"query-input":{"@type":"PropertyValueSpecification","valueRequired":true,"valueName":"search_term_string"}}],"inLanguage":"pl-PL"},{"@type":"Organization","@id":"https:\/\/lunatools.com\/sv\/#organization","name":"Luna Tools","url":"https:\/\/lunatools.com\/sv\/","logo":{"@type":"ImageObject","inLanguage":"pl-PL","@id":"https:\/\/lunatools.com\/sv\/#\/schema\/logo\/image\/","url":"https:\/\/lunatools.com\/wp-content\/uploads\/2019\/10\/LunaTools-gray-logo.png","contentUrl":"https:\/\/lunatools.com\/wp-content\/uploads\/2019\/10\/LunaTools-gray-logo.png","width":795,"height":309,"caption":"Luna Tools"},"image":{"@id":"https:\/\/lunatools.com\/sv\/#\/schema\/logo\/image\/"}}]}},"_links":{"self":[{"href":"https:\/\/lunatools.com\/pl\/wp-json\/wp\/v2\/product\/65700"}],"collection":[{"href":"https:\/\/lunatools.com\/pl\/wp-json\/wp\/v2\/product"}],"about":[{"href":"https:\/\/lunatools.com\/pl\/wp-json\/wp\/v2\/types\/product"}],"wp:attachment":[{"href":"https:\/\/lunatools.com\/pl\/wp-json\/wp\/v2\/media?parent=65700"}],"wp:term":[{"taxonomy":"product_cat","embeddable":true,"href":"https:\/\/lunatools.com\/pl\/wp-json\/wp\/v2\/product_cat?post=65700"},{"taxonomy":"product_tag","embeddable":true,"href":"https:\/\/lunatools.com\/pl\/wp-json\/wp\/v2\/product_tag?post=65700"}],"curies":[{"name":"wp","href":"https:\/\/api.w.org\/{rel}","templated":true}]}}