{"id":65703,"date":"2024-09-02T13:45:18","date_gmt":"2024-09-02T13:45:18","guid":{"rendered":"https:\/\/lunatools.com\/product\/mlot-kowalski-miedziany-shcu-4000\/"},"modified":"2024-09-02T13:45:18","modified_gmt":"2024-09-02T13:45:18","slug":"mlot-kowalski-miedziany-shcu-4000","status":"publish","type":"product","link":"https:\/\/lunatools.com\/pl\/product\/mlot-kowalski-miedziany-shcu-4000\/","title":{"rendered":"M\u0141OT KOWALSKI MIEDZIANY SHCU 4000"},"content":{"rendered":"<p>Obuch wykonany z czystej miedzi, dzi\u0119ki czemu mo\u017cliwe jest \u0142agodne uderzanie w materia\u0142y lub powierzchnie wra\u017cliwe. Obuch jest pewnie po\u0142\u0105czony z trzonkiem przy u\u017cyciu miedzianego sztyftu. Mo\u017cna u\u017cywa\u0107 w \u015brodowisku beziskrowym. Trzonek z w\u0142\u00f3kna szklanego z r\u0119koje\u015bci\u0105 ze specjalnej gumy zapewnia doskona\u0142y chwyt niezale\u017cnie od pogody. Z otworem umo\u017cliwiaj\u0105cym zamocowanie zabezpieczenia narz\u0119dzia.<\/p>\n","protected":false},"excerpt":{"rendered":"Obuch wykonany z czystej miedzi, dzi\u0119ki czemu mo\u017cliwe jest \u0142agodne uderzanie w materia\u0142y lub powierzchnie wra\u017cliwe. Obuch jest pewnie po\u0142\u0105czony z trzonkiem przy u\u017cyciu miedzianego sztyftu. Mo\u017cna u\u017cywa\u0107 w \u015brodowisku beziskrowym. Trzonek z w\u0142\u00f3kna szklanego z r\u0119koje\u015bci\u0105 ze specjalnej gumy zapewnia doskona\u0142y chwyt niezale\u017cnie od pogody. Z otworem umo\u017cliwiaj\u0105cym zamocowanie zabezpieczenia narz\u0119dzia.","protected":false},"featured_media":0,"template":"","meta":{"_acf_changed":false},"product_cat":[3373,7668],"product_tag":[],"class_list":{"0":"post-65703","1":"product","2":"type-product","3":"status-publish","5":"product_cat-narzedzia-uderzajace-pl","6":"product_cat-mlot-kowalski-pl","8":"first","9":"instock","10":"shipping-taxable","11":"product-type-simple"},"acf":[],"yoast_head":"<!-- This site is optimized with the Yoast SEO plugin v23.4 - https:\/\/yoast.com\/wordpress\/plugins\/seo\/ -->\n<title>M\u0141OT KOWALSKI MIEDZIANY SHCU 4000 - Luna tools<\/title>\n<meta name=\"robots\" content=\"index, follow, max-snippet:-1, max-image-preview:large, max-video-preview:-1\" \/>\n<link rel=\"canonical\" href=\"https:\/\/lunatools.com\/pl\/product\/mlot-kowalski-miedziany-shcu-4000\/\" \/>\n<meta property=\"og:locale\" content=\"pl_PL\" \/>\n<meta property=\"og:type\" content=\"article\" \/>\n<meta property=\"og:title\" content=\"M\u0141OT KOWALSKI MIEDZIANY SHCU 4000 - Luna tools\" \/>\n<meta property=\"og:description\" content=\"Obuch wykonany z czystej miedzi, dzi\u0119ki czemu mo\u017cliwe jest \u0142agodne uderzanie w materia\u0142y lub powierzchnie wra\u017cliwe. Obuch jest pewnie po\u0142\u0105czony z trzonkiem przy u\u017cyciu miedzianego sztyftu. Mo\u017cna u\u017cywa\u0107 w \u015brodowisku beziskrowym. Trzonek z w\u0142\u00f3kna szklanego z r\u0119koje\u015bci\u0105 ze specjalnej gumy zapewnia doskona\u0142y chwyt niezale\u017cnie od pogody. Z otworem umo\u017cliwiaj\u0105cym zamocowanie zabezpieczenia narz\u0119dzia.\" \/>\n<meta property=\"og:url\" content=\"https:\/\/lunatools.com\/pl\/product\/mlot-kowalski-miedziany-shcu-4000\/\" \/>\n<meta property=\"og:site_name\" content=\"Luna tools\" \/>\n<script type=\"application\/ld+json\" class=\"yoast-schema-graph\">{\"@context\":\"https:\/\/schema.org\",\"@graph\":[{\"@type\":\"WebPage\",\"@id\":\"https:\/\/lunatools.com\/pl\/product\/mlot-kowalski-miedziany-shcu-4000\/\",\"url\":\"https:\/\/lunatools.com\/pl\/product\/mlot-kowalski-miedziany-shcu-4000\/\",\"name\":\"M\u0141OT KOWALSKI MIEDZIANY SHCU 4000 - Luna tools\",\"isPartOf\":{\"@id\":\"https:\/\/lunatools.com\/sv\/#website\"},\"datePublished\":\"2024-09-02T13:45:18+00:00\",\"dateModified\":\"2024-09-02T13:45:18+00:00\",\"breadcrumb\":{\"@id\":\"https:\/\/lunatools.com\/pl\/product\/mlot-kowalski-miedziany-shcu-4000\/#breadcrumb\"},\"inLanguage\":\"pl-PL\",\"potentialAction\":[{\"@type\":\"ReadAction\",\"target\":[\"https:\/\/lunatools.com\/pl\/product\/mlot-kowalski-miedziany-shcu-4000\/\"]}]},{\"@type\":\"BreadcrumbList\",\"@id\":\"https:\/\/lunatools.com\/pl\/product\/mlot-kowalski-miedziany-shcu-4000\/#breadcrumb\",\"itemListElement\":[{\"@type\":\"ListItem\",\"position\":1,\"name\":\"Home\",\"item\":\"https:\/\/lunatools.com\/pl\/\"},{\"@type\":\"ListItem\",\"position\":2,\"name\":\"Produkty\",\"item\":\"https:\/\/lunatools.com\/pl\/shop\/\"},{\"@type\":\"ListItem\",\"position\":3,\"name\":\"M\u0141OT KOWALSKI MIEDZIANY SHCU 4000\"}]},{\"@type\":\"WebSite\",\"@id\":\"https:\/\/lunatools.com\/sv\/#website\",\"url\":\"https:\/\/lunatools.com\/sv\/\",\"name\":\"Luna tools\",\"description\":\"\",\"publisher\":{\"@id\":\"https:\/\/lunatools.com\/sv\/#organization\"},\"potentialAction\":[{\"@type\":\"SearchAction\",\"target\":{\"@type\":\"EntryPoint\",\"urlTemplate\":\"https:\/\/lunatools.com\/sv\/?s={search_term_string}\"},\"query-input\":{\"@type\":\"PropertyValueSpecification\",\"valueRequired\":true,\"valueName\":\"search_term_string\"}}],\"inLanguage\":\"pl-PL\"},{\"@type\":\"Organization\",\"@id\":\"https:\/\/lunatools.com\/sv\/#organization\",\"name\":\"Luna Tools\",\"url\":\"https:\/\/lunatools.com\/sv\/\",\"logo\":{\"@type\":\"ImageObject\",\"inLanguage\":\"pl-PL\",\"@id\":\"https:\/\/lunatools.com\/sv\/#\/schema\/logo\/image\/\",\"url\":\"https:\/\/lunatools.com\/wp-content\/uploads\/2019\/10\/LunaTools-gray-logo.png\",\"contentUrl\":\"https:\/\/lunatools.com\/wp-content\/uploads\/2019\/10\/LunaTools-gray-logo.png\",\"width\":795,\"height\":309,\"caption\":\"Luna Tools\"},\"image\":{\"@id\":\"https:\/\/lunatools.com\/sv\/#\/schema\/logo\/image\/\"}}]}<\/script>\n<!-- \/ Yoast SEO plugin. -->","yoast_head_json":{"title":"M\u0141OT KOWALSKI MIEDZIANY SHCU 4000 - Luna tools","robots":{"index":"index","follow":"follow","max-snippet":"max-snippet:-1","max-image-preview":"max-image-preview:large","max-video-preview":"max-video-preview:-1"},"canonical":"https:\/\/lunatools.com\/pl\/product\/mlot-kowalski-miedziany-shcu-4000\/","og_locale":"pl_PL","og_type":"article","og_title":"M\u0141OT KOWALSKI MIEDZIANY SHCU 4000 - Luna tools","og_description":"Obuch wykonany z czystej miedzi, dzi\u0119ki czemu mo\u017cliwe jest \u0142agodne uderzanie w materia\u0142y lub powierzchnie wra\u017cliwe. Obuch jest pewnie po\u0142\u0105czony z trzonkiem przy u\u017cyciu miedzianego sztyftu. Mo\u017cna u\u017cywa\u0107 w \u015brodowisku beziskrowym. Trzonek z w\u0142\u00f3kna szklanego z r\u0119koje\u015bci\u0105 ze specjalnej gumy zapewnia doskona\u0142y chwyt niezale\u017cnie od pogody. Z otworem umo\u017cliwiaj\u0105cym zamocowanie zabezpieczenia narz\u0119dzia.","og_url":"https:\/\/lunatools.com\/pl\/product\/mlot-kowalski-miedziany-shcu-4000\/","og_site_name":"Luna tools","schema":{"@context":"https:\/\/schema.org","@graph":[{"@type":"WebPage","@id":"https:\/\/lunatools.com\/pl\/product\/mlot-kowalski-miedziany-shcu-4000\/","url":"https:\/\/lunatools.com\/pl\/product\/mlot-kowalski-miedziany-shcu-4000\/","name":"M\u0141OT KOWALSKI MIEDZIANY SHCU 4000 - Luna tools","isPartOf":{"@id":"https:\/\/lunatools.com\/sv\/#website"},"datePublished":"2024-09-02T13:45:18+00:00","dateModified":"2024-09-02T13:45:18+00:00","breadcrumb":{"@id":"https:\/\/lunatools.com\/pl\/product\/mlot-kowalski-miedziany-shcu-4000\/#breadcrumb"},"inLanguage":"pl-PL","potentialAction":[{"@type":"ReadAction","target":["https:\/\/lunatools.com\/pl\/product\/mlot-kowalski-miedziany-shcu-4000\/"]}]},{"@type":"BreadcrumbList","@id":"https:\/\/lunatools.com\/pl\/product\/mlot-kowalski-miedziany-shcu-4000\/#breadcrumb","itemListElement":[{"@type":"ListItem","position":1,"name":"Home","item":"https:\/\/lunatools.com\/pl\/"},{"@type":"ListItem","position":2,"name":"Produkty","item":"https:\/\/lunatools.com\/pl\/shop\/"},{"@type":"ListItem","position":3,"name":"M\u0141OT KOWALSKI MIEDZIANY SHCU 4000"}]},{"@type":"WebSite","@id":"https:\/\/lunatools.com\/sv\/#website","url":"https:\/\/lunatools.com\/sv\/","name":"Luna tools","description":"","publisher":{"@id":"https:\/\/lunatools.com\/sv\/#organization"},"potentialAction":[{"@type":"SearchAction","target":{"@type":"EntryPoint","urlTemplate":"https:\/\/lunatools.com\/sv\/?s={search_term_string}"},"query-input":{"@type":"PropertyValueSpecification","valueRequired":true,"valueName":"search_term_string"}}],"inLanguage":"pl-PL"},{"@type":"Organization","@id":"https:\/\/lunatools.com\/sv\/#organization","name":"Luna Tools","url":"https:\/\/lunatools.com\/sv\/","logo":{"@type":"ImageObject","inLanguage":"pl-PL","@id":"https:\/\/lunatools.com\/sv\/#\/schema\/logo\/image\/","url":"https:\/\/lunatools.com\/wp-content\/uploads\/2019\/10\/LunaTools-gray-logo.png","contentUrl":"https:\/\/lunatools.com\/wp-content\/uploads\/2019\/10\/LunaTools-gray-logo.png","width":795,"height":309,"caption":"Luna Tools"},"image":{"@id":"https:\/\/lunatools.com\/sv\/#\/schema\/logo\/image\/"}}]}},"_links":{"self":[{"href":"https:\/\/lunatools.com\/pl\/wp-json\/wp\/v2\/product\/65703"}],"collection":[{"href":"https:\/\/lunatools.com\/pl\/wp-json\/wp\/v2\/product"}],"about":[{"href":"https:\/\/lunatools.com\/pl\/wp-json\/wp\/v2\/types\/product"}],"wp:attachment":[{"href":"https:\/\/lunatools.com\/pl\/wp-json\/wp\/v2\/media?parent=65703"}],"wp:term":[{"taxonomy":"product_cat","embeddable":true,"href":"https:\/\/lunatools.com\/pl\/wp-json\/wp\/v2\/product_cat?post=65703"},{"taxonomy":"product_tag","embeddable":true,"href":"https:\/\/lunatools.com\/pl\/wp-json\/wp\/v2\/product_tag?post=65703"}],"curies":[{"name":"wp","href":"https:\/\/api.w.org\/{rel}","templated":true}]}}