{"id":65716,"date":"2024-09-02T13:45:19","date_gmt":"2024-09-02T13:45:19","guid":{"rendered":"https:\/\/lunatools.com\/product\/65716\/"},"modified":"2024-09-02T13:45:19","modified_gmt":"2024-09-02T13:45:19","slug":"65716","status":"publish","type":"product","link":"https:\/\/lunatools.com\/pl\/product\/65716\/","title":{"rendered":""},"content":{"rendered":"<p>Stalowa ta\u015bma miernicza z otwart\u0105 obudow\u0105 z odpornego na uderzenia i zimno tworzywa ABS. Gumowy detal w r\u0119koje\u015bci dla wi\u0119kszego komfortu i przyczepno\u015bci. Podw\u00f3jna pow\u0142oka nylonowa na \u017c\u00f3\u0142tej ta\u015bmie zapewnia najlepsz\u0105 ochron\u0119 przed zu\u017cyciem. Odporna na wod\u0119, \u017cwir, kurz i wi\u0119kszo\u015b\u0107 chemikali\u00f3w. Wysuwana korba z biegiem 3:1 do szybkiego powrotu. Zaczep zar\u00f3wno z pier\u015bcieniem, jak i haczykiem. Klasa tolerancji II. Pocz\u0105tek ta\u015bmy od punktu zerowego 100 mm cala. Mo\u017cliwo\u015b\u0107 mocowania zabezpieczenia.<\/p>\n","protected":false},"excerpt":{"rendered":"Stalowa ta\u015bma miernicza z otwart\u0105 obudow\u0105 z odpornego na uderzenia i zimno tworzywa ABS. Gumowy detal w r\u0119koje\u015bci dla wi\u0119kszego komfortu i przyczepno\u015bci. Podw\u00f3jna pow\u0142oka nylonowa na \u017c\u00f3\u0142tej ta\u015bmie zapewnia najlepsz\u0105 ochron\u0119 przed zu\u017cyciem. Odporna na wod\u0119, \u017cwir, kurz i wi\u0119kszo\u015b\u0107 chemikali\u00f3w. Wysuwana korba z biegiem 3:1 do szybkiego powrotu. Zaczep zar\u00f3wno z pier\u015bcieniem, jak&#8230; <a class=\"view-article\" href=\"https:\/\/lunatools.com\/pl\/product\/65716\/\">View Article<\/a>","protected":false},"featured_media":0,"template":"","meta":{"_acf_changed":false},"product_cat":[3401],"product_tag":[],"class_list":{"0":"post-65716","1":"product","2":"type-product","3":"status-publish","5":"product_cat-tasmy-miernicze-pl","7":"first","8":"instock","9":"shipping-taxable","10":"product-type-simple"},"acf":[],"yoast_head":"<!-- This site is optimized with the Yoast SEO plugin v23.4 - https:\/\/yoast.com\/wordpress\/plugins\/seo\/ -->\n<title>- Luna tools<\/title>\n<meta name=\"robots\" content=\"index, follow, max-snippet:-1, max-image-preview:large, max-video-preview:-1\" \/>\n<link rel=\"canonical\" href=\"https:\/\/lunatools.com\/pl\/product\/65716\/\" \/>\n<meta property=\"og:locale\" content=\"pl_PL\" \/>\n<meta property=\"og:type\" content=\"article\" \/>\n<meta property=\"og:title\" content=\"- Luna tools\" \/>\n<meta property=\"og:description\" content=\"Stalowa ta\u015bma miernicza z otwart\u0105 obudow\u0105 z odpornego na uderzenia i zimno tworzywa ABS. Gumowy detal w r\u0119koje\u015bci dla wi\u0119kszego komfortu i przyczepno\u015bci. Podw\u00f3jna pow\u0142oka nylonowa na \u017c\u00f3\u0142tej ta\u015bmie zapewnia najlepsz\u0105 ochron\u0119 przed zu\u017cyciem. Odporna na wod\u0119, \u017cwir, kurz i wi\u0119kszo\u015b\u0107 chemikali\u00f3w. Wysuwana korba z biegiem 3:1 do szybkiego powrotu. Zaczep zar\u00f3wno z pier\u015bcieniem, jak... View Article\" \/>\n<meta property=\"og:url\" content=\"https:\/\/lunatools.com\/pl\/product\/65716\/\" \/>\n<meta property=\"og:site_name\" content=\"Luna tools\" \/>\n<script type=\"application\/ld+json\" class=\"yoast-schema-graph\">{\"@context\":\"https:\/\/schema.org\",\"@graph\":[{\"@type\":\"WebPage\",\"@id\":\"https:\/\/lunatools.com\/pl\/product\/65716\/\",\"url\":\"https:\/\/lunatools.com\/pl\/product\/65716\/\",\"name\":\"- Luna tools\",\"isPartOf\":{\"@id\":\"https:\/\/lunatools.com\/sv\/#website\"},\"datePublished\":\"2024-09-02T13:45:19+00:00\",\"dateModified\":\"2024-09-02T13:45:19+00:00\",\"breadcrumb\":{\"@id\":\"https:\/\/lunatools.com\/pl\/product\/65716\/#breadcrumb\"},\"inLanguage\":\"pl-PL\",\"potentialAction\":[{\"@type\":\"ReadAction\",\"target\":[\"https:\/\/lunatools.com\/pl\/product\/65716\/\"]}]},{\"@type\":\"BreadcrumbList\",\"@id\":\"https:\/\/lunatools.com\/pl\/product\/65716\/#breadcrumb\",\"itemListElement\":[{\"@type\":\"ListItem\",\"position\":1,\"name\":\"Home\",\"item\":\"https:\/\/lunatools.com\/pl\/\"},{\"@type\":\"ListItem\",\"position\":2,\"name\":\"Produkty\",\"item\":\"https:\/\/lunatools.com\/pl\/shop\/\"}]},{\"@type\":\"WebSite\",\"@id\":\"https:\/\/lunatools.com\/sv\/#website\",\"url\":\"https:\/\/lunatools.com\/sv\/\",\"name\":\"Luna tools\",\"description\":\"\",\"publisher\":{\"@id\":\"https:\/\/lunatools.com\/sv\/#organization\"},\"potentialAction\":[{\"@type\":\"SearchAction\",\"target\":{\"@type\":\"EntryPoint\",\"urlTemplate\":\"https:\/\/lunatools.com\/sv\/?s={search_term_string}\"},\"query-input\":{\"@type\":\"PropertyValueSpecification\",\"valueRequired\":true,\"valueName\":\"search_term_string\"}}],\"inLanguage\":\"pl-PL\"},{\"@type\":\"Organization\",\"@id\":\"https:\/\/lunatools.com\/sv\/#organization\",\"name\":\"Luna Tools\",\"url\":\"https:\/\/lunatools.com\/sv\/\",\"logo\":{\"@type\":\"ImageObject\",\"inLanguage\":\"pl-PL\",\"@id\":\"https:\/\/lunatools.com\/sv\/#\/schema\/logo\/image\/\",\"url\":\"https:\/\/lunatools.com\/wp-content\/uploads\/2019\/10\/LunaTools-gray-logo.png\",\"contentUrl\":\"https:\/\/lunatools.com\/wp-content\/uploads\/2019\/10\/LunaTools-gray-logo.png\",\"width\":795,\"height\":309,\"caption\":\"Luna Tools\"},\"image\":{\"@id\":\"https:\/\/lunatools.com\/sv\/#\/schema\/logo\/image\/\"}}]}<\/script>\n<!-- \/ Yoast SEO plugin. -->","yoast_head_json":{"title":"- Luna tools","robots":{"index":"index","follow":"follow","max-snippet":"max-snippet:-1","max-image-preview":"max-image-preview:large","max-video-preview":"max-video-preview:-1"},"canonical":"https:\/\/lunatools.com\/pl\/product\/65716\/","og_locale":"pl_PL","og_type":"article","og_title":"- Luna tools","og_description":"Stalowa ta\u015bma miernicza z otwart\u0105 obudow\u0105 z odpornego na uderzenia i zimno tworzywa ABS. Gumowy detal w r\u0119koje\u015bci dla wi\u0119kszego komfortu i przyczepno\u015bci. Podw\u00f3jna pow\u0142oka nylonowa na \u017c\u00f3\u0142tej ta\u015bmie zapewnia najlepsz\u0105 ochron\u0119 przed zu\u017cyciem. Odporna na wod\u0119, \u017cwir, kurz i wi\u0119kszo\u015b\u0107 chemikali\u00f3w. Wysuwana korba z biegiem 3:1 do szybkiego powrotu. Zaczep zar\u00f3wno z pier\u015bcieniem, jak... View Article","og_url":"https:\/\/lunatools.com\/pl\/product\/65716\/","og_site_name":"Luna tools","schema":{"@context":"https:\/\/schema.org","@graph":[{"@type":"WebPage","@id":"https:\/\/lunatools.com\/pl\/product\/65716\/","url":"https:\/\/lunatools.com\/pl\/product\/65716\/","name":"- Luna tools","isPartOf":{"@id":"https:\/\/lunatools.com\/sv\/#website"},"datePublished":"2024-09-02T13:45:19+00:00","dateModified":"2024-09-02T13:45:19+00:00","breadcrumb":{"@id":"https:\/\/lunatools.com\/pl\/product\/65716\/#breadcrumb"},"inLanguage":"pl-PL","potentialAction":[{"@type":"ReadAction","target":["https:\/\/lunatools.com\/pl\/product\/65716\/"]}]},{"@type":"BreadcrumbList","@id":"https:\/\/lunatools.com\/pl\/product\/65716\/#breadcrumb","itemListElement":[{"@type":"ListItem","position":1,"name":"Home","item":"https:\/\/lunatools.com\/pl\/"},{"@type":"ListItem","position":2,"name":"Produkty","item":"https:\/\/lunatools.com\/pl\/shop\/"}]},{"@type":"WebSite","@id":"https:\/\/lunatools.com\/sv\/#website","url":"https:\/\/lunatools.com\/sv\/","name":"Luna tools","description":"","publisher":{"@id":"https:\/\/lunatools.com\/sv\/#organization"},"potentialAction":[{"@type":"SearchAction","target":{"@type":"EntryPoint","urlTemplate":"https:\/\/lunatools.com\/sv\/?s={search_term_string}"},"query-input":{"@type":"PropertyValueSpecification","valueRequired":true,"valueName":"search_term_string"}}],"inLanguage":"pl-PL"},{"@type":"Organization","@id":"https:\/\/lunatools.com\/sv\/#organization","name":"Luna Tools","url":"https:\/\/lunatools.com\/sv\/","logo":{"@type":"ImageObject","inLanguage":"pl-PL","@id":"https:\/\/lunatools.com\/sv\/#\/schema\/logo\/image\/","url":"https:\/\/lunatools.com\/wp-content\/uploads\/2019\/10\/LunaTools-gray-logo.png","contentUrl":"https:\/\/lunatools.com\/wp-content\/uploads\/2019\/10\/LunaTools-gray-logo.png","width":795,"height":309,"caption":"Luna Tools"},"image":{"@id":"https:\/\/lunatools.com\/sv\/#\/schema\/logo\/image\/"}}]}},"_links":{"self":[{"href":"https:\/\/lunatools.com\/pl\/wp-json\/wp\/v2\/product\/65716"}],"collection":[{"href":"https:\/\/lunatools.com\/pl\/wp-json\/wp\/v2\/product"}],"about":[{"href":"https:\/\/lunatools.com\/pl\/wp-json\/wp\/v2\/types\/product"}],"wp:attachment":[{"href":"https:\/\/lunatools.com\/pl\/wp-json\/wp\/v2\/media?parent=65716"}],"wp:term":[{"taxonomy":"product_cat","embeddable":true,"href":"https:\/\/lunatools.com\/pl\/wp-json\/wp\/v2\/product_cat?post=65716"},{"taxonomy":"product_tag","embeddable":true,"href":"https:\/\/lunatools.com\/pl\/wp-json\/wp\/v2\/product_tag?post=65716"}],"curies":[{"name":"wp","href":"https:\/\/api.w.org\/{rel}","templated":true}]}}