{"id":65731,"date":"2024-09-02T13:45:20","date_gmt":"2024-09-02T13:45:20","guid":{"rendered":"https:\/\/lunatools.com\/product\/miarka-plaska-5m-prawa-lewa\/"},"modified":"2024-09-02T13:45:20","modified_gmt":"2024-09-02T13:45:20","slug":"miarka-plaska-5m-prawa-lewa","status":"publish","type":"product","link":"https:\/\/lunatools.com\/pl\/product\/miarka-plaska-5m-prawa-lewa\/","title":{"rendered":"MIARKA P\u0141ASKA 5M PRAWA-LEWA"},"content":{"rendered":"<p>Przymiar ta\u015bmowy stalowy, p\u0142aski, przeznaczony do sto\u0142\u00f3w do przecinarek. Od spodu mocna warstwa samoprzylepna, umo\u017cliwiaj\u0105ca przymocowanie ta\u015bmy do r\u00f3\u017cnych powierzchni. Otwory co 50 cm pozwalaj\u0105 wzmocni\u0107 zamocowanie ta\u015bmy przy u\u017cyciu gwo\u017adzi lub wkr\u0119t\u00f3w.\u00a0<\/p>\n","protected":false},"excerpt":{"rendered":"Przymiar ta\u015bmowy stalowy, p\u0142aski, przeznaczony do sto\u0142\u00f3w do przecinarek. Od spodu mocna warstwa samoprzylepna, umo\u017cliwiaj\u0105ca przymocowanie ta\u015bmy do r\u00f3\u017cnych powierzchni. Otwory co 50 cm pozwalaj\u0105 wzmocni\u0107 zamocowanie ta\u015bmy przy u\u017cyciu gwo\u017adzi lub wkr\u0119t\u00f3w.\u00a0","protected":false},"featured_media":0,"template":"","meta":{"_acf_changed":false},"product_cat":[3401],"product_tag":[],"class_list":{"0":"post-65731","1":"product","2":"type-product","3":"status-publish","5":"product_cat-tasmy-miernicze-pl","7":"first","8":"instock","9":"shipping-taxable","10":"product-type-simple"},"acf":[],"yoast_head":"<!-- This site is optimized with the Yoast SEO plugin v23.4 - https:\/\/yoast.com\/wordpress\/plugins\/seo\/ -->\n<title>MIARKA P\u0141ASKA 5M PRAWA-LEWA - Luna tools<\/title>\n<meta name=\"robots\" content=\"index, follow, max-snippet:-1, max-image-preview:large, max-video-preview:-1\" \/>\n<link rel=\"canonical\" href=\"https:\/\/lunatools.com\/pl\/product\/miarka-plaska-5m-prawa-lewa\/\" \/>\n<meta property=\"og:locale\" content=\"pl_PL\" \/>\n<meta property=\"og:type\" content=\"article\" \/>\n<meta property=\"og:title\" content=\"MIARKA P\u0141ASKA 5M PRAWA-LEWA - Luna tools\" \/>\n<meta property=\"og:description\" content=\"Przymiar ta\u015bmowy stalowy, p\u0142aski, przeznaczony do sto\u0142\u00f3w do przecinarek. Od spodu mocna warstwa samoprzylepna, umo\u017cliwiaj\u0105ca przymocowanie ta\u015bmy do r\u00f3\u017cnych powierzchni. Otwory co 50 cm pozwalaj\u0105 wzmocni\u0107 zamocowanie ta\u015bmy przy u\u017cyciu gwo\u017adzi lub wkr\u0119t\u00f3w.\u00a0\" \/>\n<meta property=\"og:url\" content=\"https:\/\/lunatools.com\/pl\/product\/miarka-plaska-5m-prawa-lewa\/\" \/>\n<meta property=\"og:site_name\" content=\"Luna tools\" \/>\n<script type=\"application\/ld+json\" class=\"yoast-schema-graph\">{\"@context\":\"https:\/\/schema.org\",\"@graph\":[{\"@type\":\"WebPage\",\"@id\":\"https:\/\/lunatools.com\/pl\/product\/miarka-plaska-5m-prawa-lewa\/\",\"url\":\"https:\/\/lunatools.com\/pl\/product\/miarka-plaska-5m-prawa-lewa\/\",\"name\":\"MIARKA P\u0141ASKA 5M PRAWA-LEWA - Luna tools\",\"isPartOf\":{\"@id\":\"https:\/\/lunatools.com\/sv\/#website\"},\"datePublished\":\"2024-09-02T13:45:20+00:00\",\"dateModified\":\"2024-09-02T13:45:20+00:00\",\"breadcrumb\":{\"@id\":\"https:\/\/lunatools.com\/pl\/product\/miarka-plaska-5m-prawa-lewa\/#breadcrumb\"},\"inLanguage\":\"pl-PL\",\"potentialAction\":[{\"@type\":\"ReadAction\",\"target\":[\"https:\/\/lunatools.com\/pl\/product\/miarka-plaska-5m-prawa-lewa\/\"]}]},{\"@type\":\"BreadcrumbList\",\"@id\":\"https:\/\/lunatools.com\/pl\/product\/miarka-plaska-5m-prawa-lewa\/#breadcrumb\",\"itemListElement\":[{\"@type\":\"ListItem\",\"position\":1,\"name\":\"Home\",\"item\":\"https:\/\/lunatools.com\/pl\/\"},{\"@type\":\"ListItem\",\"position\":2,\"name\":\"Produkty\",\"item\":\"https:\/\/lunatools.com\/pl\/shop\/\"},{\"@type\":\"ListItem\",\"position\":3,\"name\":\"MIARKA P\u0141ASKA 5M PRAWA-LEWA\"}]},{\"@type\":\"WebSite\",\"@id\":\"https:\/\/lunatools.com\/sv\/#website\",\"url\":\"https:\/\/lunatools.com\/sv\/\",\"name\":\"Luna tools\",\"description\":\"\",\"publisher\":{\"@id\":\"https:\/\/lunatools.com\/sv\/#organization\"},\"potentialAction\":[{\"@type\":\"SearchAction\",\"target\":{\"@type\":\"EntryPoint\",\"urlTemplate\":\"https:\/\/lunatools.com\/sv\/?s={search_term_string}\"},\"query-input\":{\"@type\":\"PropertyValueSpecification\",\"valueRequired\":true,\"valueName\":\"search_term_string\"}}],\"inLanguage\":\"pl-PL\"},{\"@type\":\"Organization\",\"@id\":\"https:\/\/lunatools.com\/sv\/#organization\",\"name\":\"Luna Tools\",\"url\":\"https:\/\/lunatools.com\/sv\/\",\"logo\":{\"@type\":\"ImageObject\",\"inLanguage\":\"pl-PL\",\"@id\":\"https:\/\/lunatools.com\/sv\/#\/schema\/logo\/image\/\",\"url\":\"https:\/\/lunatools.com\/wp-content\/uploads\/2019\/10\/LunaTools-gray-logo.png\",\"contentUrl\":\"https:\/\/lunatools.com\/wp-content\/uploads\/2019\/10\/LunaTools-gray-logo.png\",\"width\":795,\"height\":309,\"caption\":\"Luna Tools\"},\"image\":{\"@id\":\"https:\/\/lunatools.com\/sv\/#\/schema\/logo\/image\/\"}}]}<\/script>\n<!-- \/ Yoast SEO plugin. -->","yoast_head_json":{"title":"MIARKA P\u0141ASKA 5M PRAWA-LEWA - Luna tools","robots":{"index":"index","follow":"follow","max-snippet":"max-snippet:-1","max-image-preview":"max-image-preview:large","max-video-preview":"max-video-preview:-1"},"canonical":"https:\/\/lunatools.com\/pl\/product\/miarka-plaska-5m-prawa-lewa\/","og_locale":"pl_PL","og_type":"article","og_title":"MIARKA P\u0141ASKA 5M PRAWA-LEWA - Luna tools","og_description":"Przymiar ta\u015bmowy stalowy, p\u0142aski, przeznaczony do sto\u0142\u00f3w do przecinarek. Od spodu mocna warstwa samoprzylepna, umo\u017cliwiaj\u0105ca przymocowanie ta\u015bmy do r\u00f3\u017cnych powierzchni. Otwory co 50 cm pozwalaj\u0105 wzmocni\u0107 zamocowanie ta\u015bmy przy u\u017cyciu gwo\u017adzi lub wkr\u0119t\u00f3w.\u00a0","og_url":"https:\/\/lunatools.com\/pl\/product\/miarka-plaska-5m-prawa-lewa\/","og_site_name":"Luna tools","schema":{"@context":"https:\/\/schema.org","@graph":[{"@type":"WebPage","@id":"https:\/\/lunatools.com\/pl\/product\/miarka-plaska-5m-prawa-lewa\/","url":"https:\/\/lunatools.com\/pl\/product\/miarka-plaska-5m-prawa-lewa\/","name":"MIARKA P\u0141ASKA 5M PRAWA-LEWA - Luna tools","isPartOf":{"@id":"https:\/\/lunatools.com\/sv\/#website"},"datePublished":"2024-09-02T13:45:20+00:00","dateModified":"2024-09-02T13:45:20+00:00","breadcrumb":{"@id":"https:\/\/lunatools.com\/pl\/product\/miarka-plaska-5m-prawa-lewa\/#breadcrumb"},"inLanguage":"pl-PL","potentialAction":[{"@type":"ReadAction","target":["https:\/\/lunatools.com\/pl\/product\/miarka-plaska-5m-prawa-lewa\/"]}]},{"@type":"BreadcrumbList","@id":"https:\/\/lunatools.com\/pl\/product\/miarka-plaska-5m-prawa-lewa\/#breadcrumb","itemListElement":[{"@type":"ListItem","position":1,"name":"Home","item":"https:\/\/lunatools.com\/pl\/"},{"@type":"ListItem","position":2,"name":"Produkty","item":"https:\/\/lunatools.com\/pl\/shop\/"},{"@type":"ListItem","position":3,"name":"MIARKA P\u0141ASKA 5M PRAWA-LEWA"}]},{"@type":"WebSite","@id":"https:\/\/lunatools.com\/sv\/#website","url":"https:\/\/lunatools.com\/sv\/","name":"Luna tools","description":"","publisher":{"@id":"https:\/\/lunatools.com\/sv\/#organization"},"potentialAction":[{"@type":"SearchAction","target":{"@type":"EntryPoint","urlTemplate":"https:\/\/lunatools.com\/sv\/?s={search_term_string}"},"query-input":{"@type":"PropertyValueSpecification","valueRequired":true,"valueName":"search_term_string"}}],"inLanguage":"pl-PL"},{"@type":"Organization","@id":"https:\/\/lunatools.com\/sv\/#organization","name":"Luna Tools","url":"https:\/\/lunatools.com\/sv\/","logo":{"@type":"ImageObject","inLanguage":"pl-PL","@id":"https:\/\/lunatools.com\/sv\/#\/schema\/logo\/image\/","url":"https:\/\/lunatools.com\/wp-content\/uploads\/2019\/10\/LunaTools-gray-logo.png","contentUrl":"https:\/\/lunatools.com\/wp-content\/uploads\/2019\/10\/LunaTools-gray-logo.png","width":795,"height":309,"caption":"Luna Tools"},"image":{"@id":"https:\/\/lunatools.com\/sv\/#\/schema\/logo\/image\/"}}]}},"_links":{"self":[{"href":"https:\/\/lunatools.com\/pl\/wp-json\/wp\/v2\/product\/65731"}],"collection":[{"href":"https:\/\/lunatools.com\/pl\/wp-json\/wp\/v2\/product"}],"about":[{"href":"https:\/\/lunatools.com\/pl\/wp-json\/wp\/v2\/types\/product"}],"wp:attachment":[{"href":"https:\/\/lunatools.com\/pl\/wp-json\/wp\/v2\/media?parent=65731"}],"wp:term":[{"taxonomy":"product_cat","embeddable":true,"href":"https:\/\/lunatools.com\/pl\/wp-json\/wp\/v2\/product_cat?post=65731"},{"taxonomy":"product_tag","embeddable":true,"href":"https:\/\/lunatools.com\/pl\/wp-json\/wp\/v2\/product_tag?post=65731"}],"curies":[{"name":"wp","href":"https:\/\/api.w.org\/{rel}","templated":true}]}}