{"id":65762,"date":"2024-09-02T13:45:22","date_gmt":"2024-09-02T13:45:22","guid":{"rendered":"https:\/\/lunatools.com\/product\/65762\/"},"modified":"2024-09-02T13:45:22","modified_gmt":"2024-09-02T13:45:22","slug":"65762","status":"publish","type":"product","link":"https:\/\/lunatools.com\/pl\/product\/65762\/","title":{"rendered":""},"content":{"rendered":"<p>Klasyczna sk\u0142adana metr\u00f3wka o skandynawskim wzornictwie i wykonaniu. Wykonana z cienkich, elastycznych segment\u00f3w z jasnego drewna brzozowego, pozyskiwanego ze zr\u00f3wnowa\u017conej gospodarki le\u015bnej. Bardzo czytelna, czarna czcionka (decymetry w kolorze czerwonym) zapewnia \u0142atwo\u015b\u0107 odczytu. Precyzyjnie wykonane metalowe elementy przegub\u00f3w zapewniaj\u0105 g\u0142adkie dzia\u0142anie, z wyczuwalnymi ustalonymi pozycjami. Z metalowymi okuciami, chroni\u0105cymi ko\u0144c\u00f3wki przed zu\u017cyciem oraz otworem do zabezpieczenia narz\u0119dzia.\u00a0<\/p>\n","protected":false},"excerpt":{"rendered":"Klasyczna sk\u0142adana metr\u00f3wka o skandynawskim wzornictwie i wykonaniu. Wykonana z cienkich, elastycznych segment\u00f3w z jasnego drewna brzozowego, pozyskiwanego ze zr\u00f3wnowa\u017conej gospodarki le\u015bnej. Bardzo czytelna, czarna czcionka (decymetry w kolorze czerwonym) zapewnia \u0142atwo\u015b\u0107 odczytu. Precyzyjnie wykonane metalowe elementy przegub\u00f3w zapewniaj\u0105 g\u0142adkie dzia\u0142anie, z wyczuwalnymi ustalonymi pozycjami. Z metalowymi okuciami, chroni\u0105cymi ko\u0144c\u00f3wki przed zu\u017cyciem oraz otworem do&#8230; <a class=\"view-article\" href=\"https:\/\/lunatools.com\/pl\/product\/65762\/\">View Article<\/a>","protected":false},"featured_media":0,"template":"","meta":{"_acf_changed":false},"product_cat":[7690,7691],"product_tag":[],"class_list":{"0":"post-65762","1":"product","2":"type-product","3":"status-publish","5":"product_cat-handverktyg-pl","6":"product_cat-mattstockar-pl","8":"first","9":"instock","10":"shipping-taxable","11":"product-type-simple"},"acf":[],"yoast_head":"<!-- This site is optimized with the Yoast SEO plugin v23.4 - https:\/\/yoast.com\/wordpress\/plugins\/seo\/ -->\n<title>- Luna tools<\/title>\n<meta name=\"robots\" content=\"index, follow, max-snippet:-1, max-image-preview:large, max-video-preview:-1\" \/>\n<link rel=\"canonical\" href=\"https:\/\/lunatools.com\/pl\/product\/65762\/\" \/>\n<meta property=\"og:locale\" content=\"pl_PL\" \/>\n<meta property=\"og:type\" content=\"article\" \/>\n<meta property=\"og:title\" content=\"- Luna tools\" \/>\n<meta property=\"og:description\" content=\"Klasyczna sk\u0142adana metr\u00f3wka o skandynawskim wzornictwie i wykonaniu. Wykonana z cienkich, elastycznych segment\u00f3w z jasnego drewna brzozowego, pozyskiwanego ze zr\u00f3wnowa\u017conej gospodarki le\u015bnej. Bardzo czytelna, czarna czcionka (decymetry w kolorze czerwonym) zapewnia \u0142atwo\u015b\u0107 odczytu. Precyzyjnie wykonane metalowe elementy przegub\u00f3w zapewniaj\u0105 g\u0142adkie dzia\u0142anie, z wyczuwalnymi ustalonymi pozycjami. Z metalowymi okuciami, chroni\u0105cymi ko\u0144c\u00f3wki przed zu\u017cyciem oraz otworem do... View Article\" \/>\n<meta property=\"og:url\" content=\"https:\/\/lunatools.com\/pl\/product\/65762\/\" \/>\n<meta property=\"og:site_name\" content=\"Luna tools\" \/>\n<script type=\"application\/ld+json\" class=\"yoast-schema-graph\">{\"@context\":\"https:\/\/schema.org\",\"@graph\":[{\"@type\":\"WebPage\",\"@id\":\"https:\/\/lunatools.com\/pl\/product\/65762\/\",\"url\":\"https:\/\/lunatools.com\/pl\/product\/65762\/\",\"name\":\"- Luna tools\",\"isPartOf\":{\"@id\":\"https:\/\/lunatools.com\/sv\/#website\"},\"datePublished\":\"2024-09-02T13:45:22+00:00\",\"dateModified\":\"2024-09-02T13:45:22+00:00\",\"breadcrumb\":{\"@id\":\"https:\/\/lunatools.com\/pl\/product\/65762\/#breadcrumb\"},\"inLanguage\":\"pl-PL\",\"potentialAction\":[{\"@type\":\"ReadAction\",\"target\":[\"https:\/\/lunatools.com\/pl\/product\/65762\/\"]}]},{\"@type\":\"BreadcrumbList\",\"@id\":\"https:\/\/lunatools.com\/pl\/product\/65762\/#breadcrumb\",\"itemListElement\":[{\"@type\":\"ListItem\",\"position\":1,\"name\":\"Home\",\"item\":\"https:\/\/lunatools.com\/pl\/\"},{\"@type\":\"ListItem\",\"position\":2,\"name\":\"Produkty\",\"item\":\"https:\/\/lunatools.com\/pl\/shop\/\"}]},{\"@type\":\"WebSite\",\"@id\":\"https:\/\/lunatools.com\/sv\/#website\",\"url\":\"https:\/\/lunatools.com\/sv\/\",\"name\":\"Luna tools\",\"description\":\"\",\"publisher\":{\"@id\":\"https:\/\/lunatools.com\/sv\/#organization\"},\"potentialAction\":[{\"@type\":\"SearchAction\",\"target\":{\"@type\":\"EntryPoint\",\"urlTemplate\":\"https:\/\/lunatools.com\/sv\/?s={search_term_string}\"},\"query-input\":{\"@type\":\"PropertyValueSpecification\",\"valueRequired\":true,\"valueName\":\"search_term_string\"}}],\"inLanguage\":\"pl-PL\"},{\"@type\":\"Organization\",\"@id\":\"https:\/\/lunatools.com\/sv\/#organization\",\"name\":\"Luna Tools\",\"url\":\"https:\/\/lunatools.com\/sv\/\",\"logo\":{\"@type\":\"ImageObject\",\"inLanguage\":\"pl-PL\",\"@id\":\"https:\/\/lunatools.com\/sv\/#\/schema\/logo\/image\/\",\"url\":\"https:\/\/lunatools.com\/wp-content\/uploads\/2019\/10\/LunaTools-gray-logo.png\",\"contentUrl\":\"https:\/\/lunatools.com\/wp-content\/uploads\/2019\/10\/LunaTools-gray-logo.png\",\"width\":795,\"height\":309,\"caption\":\"Luna Tools\"},\"image\":{\"@id\":\"https:\/\/lunatools.com\/sv\/#\/schema\/logo\/image\/\"}}]}<\/script>\n<!-- \/ Yoast SEO plugin. -->","yoast_head_json":{"title":"- Luna tools","robots":{"index":"index","follow":"follow","max-snippet":"max-snippet:-1","max-image-preview":"max-image-preview:large","max-video-preview":"max-video-preview:-1"},"canonical":"https:\/\/lunatools.com\/pl\/product\/65762\/","og_locale":"pl_PL","og_type":"article","og_title":"- Luna tools","og_description":"Klasyczna sk\u0142adana metr\u00f3wka o skandynawskim wzornictwie i wykonaniu. Wykonana z cienkich, elastycznych segment\u00f3w z jasnego drewna brzozowego, pozyskiwanego ze zr\u00f3wnowa\u017conej gospodarki le\u015bnej. Bardzo czytelna, czarna czcionka (decymetry w kolorze czerwonym) zapewnia \u0142atwo\u015b\u0107 odczytu. Precyzyjnie wykonane metalowe elementy przegub\u00f3w zapewniaj\u0105 g\u0142adkie dzia\u0142anie, z wyczuwalnymi ustalonymi pozycjami. Z metalowymi okuciami, chroni\u0105cymi ko\u0144c\u00f3wki przed zu\u017cyciem oraz otworem do... View Article","og_url":"https:\/\/lunatools.com\/pl\/product\/65762\/","og_site_name":"Luna tools","schema":{"@context":"https:\/\/schema.org","@graph":[{"@type":"WebPage","@id":"https:\/\/lunatools.com\/pl\/product\/65762\/","url":"https:\/\/lunatools.com\/pl\/product\/65762\/","name":"- Luna tools","isPartOf":{"@id":"https:\/\/lunatools.com\/sv\/#website"},"datePublished":"2024-09-02T13:45:22+00:00","dateModified":"2024-09-02T13:45:22+00:00","breadcrumb":{"@id":"https:\/\/lunatools.com\/pl\/product\/65762\/#breadcrumb"},"inLanguage":"pl-PL","potentialAction":[{"@type":"ReadAction","target":["https:\/\/lunatools.com\/pl\/product\/65762\/"]}]},{"@type":"BreadcrumbList","@id":"https:\/\/lunatools.com\/pl\/product\/65762\/#breadcrumb","itemListElement":[{"@type":"ListItem","position":1,"name":"Home","item":"https:\/\/lunatools.com\/pl\/"},{"@type":"ListItem","position":2,"name":"Produkty","item":"https:\/\/lunatools.com\/pl\/shop\/"}]},{"@type":"WebSite","@id":"https:\/\/lunatools.com\/sv\/#website","url":"https:\/\/lunatools.com\/sv\/","name":"Luna tools","description":"","publisher":{"@id":"https:\/\/lunatools.com\/sv\/#organization"},"potentialAction":[{"@type":"SearchAction","target":{"@type":"EntryPoint","urlTemplate":"https:\/\/lunatools.com\/sv\/?s={search_term_string}"},"query-input":{"@type":"PropertyValueSpecification","valueRequired":true,"valueName":"search_term_string"}}],"inLanguage":"pl-PL"},{"@type":"Organization","@id":"https:\/\/lunatools.com\/sv\/#organization","name":"Luna Tools","url":"https:\/\/lunatools.com\/sv\/","logo":{"@type":"ImageObject","inLanguage":"pl-PL","@id":"https:\/\/lunatools.com\/sv\/#\/schema\/logo\/image\/","url":"https:\/\/lunatools.com\/wp-content\/uploads\/2019\/10\/LunaTools-gray-logo.png","contentUrl":"https:\/\/lunatools.com\/wp-content\/uploads\/2019\/10\/LunaTools-gray-logo.png","width":795,"height":309,"caption":"Luna Tools"},"image":{"@id":"https:\/\/lunatools.com\/sv\/#\/schema\/logo\/image\/"}}]}},"_links":{"self":[{"href":"https:\/\/lunatools.com\/pl\/wp-json\/wp\/v2\/product\/65762"}],"collection":[{"href":"https:\/\/lunatools.com\/pl\/wp-json\/wp\/v2\/product"}],"about":[{"href":"https:\/\/lunatools.com\/pl\/wp-json\/wp\/v2\/types\/product"}],"wp:attachment":[{"href":"https:\/\/lunatools.com\/pl\/wp-json\/wp\/v2\/media?parent=65762"}],"wp:term":[{"taxonomy":"product_cat","embeddable":true,"href":"https:\/\/lunatools.com\/pl\/wp-json\/wp\/v2\/product_cat?post=65762"},{"taxonomy":"product_tag","embeddable":true,"href":"https:\/\/lunatools.com\/pl\/wp-json\/wp\/v2\/product_tag?post=65762"}],"curies":[{"name":"wp","href":"https:\/\/api.w.org\/{rel}","templated":true}]}}