{"id":66173,"date":"2024-09-02T13:15:08","date_gmt":"2024-09-02T13:15:08","guid":{"rendered":"https:\/\/lunatools.com\/product\/66173\/"},"modified":"2024-09-02T13:15:08","modified_gmt":"2024-09-02T13:15:08","slug":"66173","status":"publish","type":"product","link":"https:\/\/lunatools.com\/pl\/product\/66173\/","title":{"rendered":""},"content":{"rendered":"<p>\u0141om prosty aluminiowy wykonany z jednolitego materia\u0142u. Mo\u017ce by\u0107 u\u017cywany jako szpikulec lub \u0142om, ale w l\u017cejszym wykonaniu. Cz\u0119\u015b\u0107 chwytowa rade\u0142kowana, o zwi\u0119kszonym tarciu, dla zwi\u0119kszenia bezpiecze\u0144stwa. Przystosowany do do\u0142\u0105czenia zabezpieczenia narz\u0119dzia.<\/p>\n","protected":false},"excerpt":{"rendered":"\u0141om prosty aluminiowy wykonany z jednolitego materia\u0142u. Mo\u017ce by\u0107 u\u017cywany jako szpikulec lub \u0142om, ale w l\u017cejszym wykonaniu. Cz\u0119\u015b\u0107 chwytowa rade\u0142kowana, o zwi\u0119kszonym tarciu, dla zwi\u0119kszenia bezpiecze\u0144stwa. Przystosowany do do\u0142\u0105czenia zabezpieczenia narz\u0119dzia.","protected":false},"featured_media":0,"template":"","meta":{"_acf_changed":false},"product_cat":[3385,3392],"product_tag":[],"class_list":{"0":"post-66173","1":"product","2":"type-product","3":"status-publish","5":"product_cat-lomy-pl","6":"product_cat-lomy-budowlane-pl","8":"first","9":"instock","10":"shipping-taxable","11":"product-type-simple"},"acf":[],"yoast_head":"<!-- This site is optimized with the Yoast SEO plugin v23.4 - https:\/\/yoast.com\/wordpress\/plugins\/seo\/ -->\n<title>- Luna tools<\/title>\n<meta name=\"robots\" content=\"index, follow, max-snippet:-1, max-image-preview:large, max-video-preview:-1\" \/>\n<link rel=\"canonical\" href=\"https:\/\/lunatools.com\/en\/product\/66173\/\" \/>\n<meta property=\"og:locale\" content=\"pl_PL\" \/>\n<meta property=\"og:type\" content=\"article\" \/>\n<meta property=\"og:title\" content=\"- Luna tools\" \/>\n<meta property=\"og:description\" content=\"\u0141om prosty aluminiowy wykonany z jednolitego materia\u0142u. Mo\u017ce by\u0107 u\u017cywany jako szpikulec lub \u0142om, ale w l\u017cejszym wykonaniu. Cz\u0119\u015b\u0107 chwytowa rade\u0142kowana, o zwi\u0119kszonym tarciu, dla zwi\u0119kszenia bezpiecze\u0144stwa. Przystosowany do do\u0142\u0105czenia zabezpieczenia narz\u0119dzia.\" \/>\n<meta property=\"og:url\" content=\"https:\/\/lunatools.com\/en\/product\/66173\/\" \/>\n<meta property=\"og:site_name\" content=\"Luna tools\" \/>\n<script type=\"application\/ld+json\" class=\"yoast-schema-graph\">{\"@context\":\"https:\/\/schema.org\",\"@graph\":[{\"@type\":\"WebPage\",\"@id\":\"https:\/\/lunatools.com\/en\/product\/66173\/\",\"url\":\"https:\/\/lunatools.com\/en\/product\/66173\/\",\"name\":\"- Luna tools\",\"isPartOf\":{\"@id\":\"https:\/\/lunatools.com\/sv\/#website\"},\"datePublished\":\"2024-09-02T13:15:08+00:00\",\"dateModified\":\"2024-09-02T13:15:08+00:00\",\"breadcrumb\":{\"@id\":\"https:\/\/lunatools.com\/en\/product\/66173\/#breadcrumb\"},\"inLanguage\":\"pl-PL\",\"potentialAction\":[{\"@type\":\"ReadAction\",\"target\":[\"https:\/\/lunatools.com\/en\/product\/66173\/\"]}]},{\"@type\":\"BreadcrumbList\",\"@id\":\"https:\/\/lunatools.com\/en\/product\/66173\/#breadcrumb\",\"itemListElement\":[{\"@type\":\"ListItem\",\"position\":1,\"name\":\"Home\",\"item\":\"https:\/\/lunatools.com\/pl\/\"},{\"@type\":\"ListItem\",\"position\":2,\"name\":\"Produkty\",\"item\":\"https:\/\/lunatools.com\/pl\/shop\/\"}]},{\"@type\":\"WebSite\",\"@id\":\"https:\/\/lunatools.com\/sv\/#website\",\"url\":\"https:\/\/lunatools.com\/sv\/\",\"name\":\"Luna tools\",\"description\":\"\",\"publisher\":{\"@id\":\"https:\/\/lunatools.com\/sv\/#organization\"},\"potentialAction\":[{\"@type\":\"SearchAction\",\"target\":{\"@type\":\"EntryPoint\",\"urlTemplate\":\"https:\/\/lunatools.com\/sv\/?s={search_term_string}\"},\"query-input\":{\"@type\":\"PropertyValueSpecification\",\"valueRequired\":true,\"valueName\":\"search_term_string\"}}],\"inLanguage\":\"pl-PL\"},{\"@type\":\"Organization\",\"@id\":\"https:\/\/lunatools.com\/sv\/#organization\",\"name\":\"Luna Tools\",\"url\":\"https:\/\/lunatools.com\/sv\/\",\"logo\":{\"@type\":\"ImageObject\",\"inLanguage\":\"pl-PL\",\"@id\":\"https:\/\/lunatools.com\/sv\/#\/schema\/logo\/image\/\",\"url\":\"https:\/\/lunatools.com\/wp-content\/uploads\/2019\/10\/LunaTools-gray-logo.png\",\"contentUrl\":\"https:\/\/lunatools.com\/wp-content\/uploads\/2019\/10\/LunaTools-gray-logo.png\",\"width\":795,\"height\":309,\"caption\":\"Luna Tools\"},\"image\":{\"@id\":\"https:\/\/lunatools.com\/sv\/#\/schema\/logo\/image\/\"}}]}<\/script>\n<!-- \/ Yoast SEO plugin. -->","yoast_head_json":{"title":"- Luna tools","robots":{"index":"index","follow":"follow","max-snippet":"max-snippet:-1","max-image-preview":"max-image-preview:large","max-video-preview":"max-video-preview:-1"},"canonical":"https:\/\/lunatools.com\/en\/product\/66173\/","og_locale":"pl_PL","og_type":"article","og_title":"- Luna tools","og_description":"\u0141om prosty aluminiowy wykonany z jednolitego materia\u0142u. Mo\u017ce by\u0107 u\u017cywany jako szpikulec lub \u0142om, ale w l\u017cejszym wykonaniu. Cz\u0119\u015b\u0107 chwytowa rade\u0142kowana, o zwi\u0119kszonym tarciu, dla zwi\u0119kszenia bezpiecze\u0144stwa. Przystosowany do do\u0142\u0105czenia zabezpieczenia narz\u0119dzia.","og_url":"https:\/\/lunatools.com\/en\/product\/66173\/","og_site_name":"Luna tools","schema":{"@context":"https:\/\/schema.org","@graph":[{"@type":"WebPage","@id":"https:\/\/lunatools.com\/en\/product\/66173\/","url":"https:\/\/lunatools.com\/en\/product\/66173\/","name":"- Luna tools","isPartOf":{"@id":"https:\/\/lunatools.com\/sv\/#website"},"datePublished":"2024-09-02T13:15:08+00:00","dateModified":"2024-09-02T13:15:08+00:00","breadcrumb":{"@id":"https:\/\/lunatools.com\/en\/product\/66173\/#breadcrumb"},"inLanguage":"pl-PL","potentialAction":[{"@type":"ReadAction","target":["https:\/\/lunatools.com\/en\/product\/66173\/"]}]},{"@type":"BreadcrumbList","@id":"https:\/\/lunatools.com\/en\/product\/66173\/#breadcrumb","itemListElement":[{"@type":"ListItem","position":1,"name":"Home","item":"https:\/\/lunatools.com\/pl\/"},{"@type":"ListItem","position":2,"name":"Produkty","item":"https:\/\/lunatools.com\/pl\/shop\/"}]},{"@type":"WebSite","@id":"https:\/\/lunatools.com\/sv\/#website","url":"https:\/\/lunatools.com\/sv\/","name":"Luna tools","description":"","publisher":{"@id":"https:\/\/lunatools.com\/sv\/#organization"},"potentialAction":[{"@type":"SearchAction","target":{"@type":"EntryPoint","urlTemplate":"https:\/\/lunatools.com\/sv\/?s={search_term_string}"},"query-input":{"@type":"PropertyValueSpecification","valueRequired":true,"valueName":"search_term_string"}}],"inLanguage":"pl-PL"},{"@type":"Organization","@id":"https:\/\/lunatools.com\/sv\/#organization","name":"Luna Tools","url":"https:\/\/lunatools.com\/sv\/","logo":{"@type":"ImageObject","inLanguage":"pl-PL","@id":"https:\/\/lunatools.com\/sv\/#\/schema\/logo\/image\/","url":"https:\/\/lunatools.com\/wp-content\/uploads\/2019\/10\/LunaTools-gray-logo.png","contentUrl":"https:\/\/lunatools.com\/wp-content\/uploads\/2019\/10\/LunaTools-gray-logo.png","width":795,"height":309,"caption":"Luna Tools"},"image":{"@id":"https:\/\/lunatools.com\/sv\/#\/schema\/logo\/image\/"}}]}},"_links":{"self":[{"href":"https:\/\/lunatools.com\/pl\/wp-json\/wp\/v2\/product\/66173"}],"collection":[{"href":"https:\/\/lunatools.com\/pl\/wp-json\/wp\/v2\/product"}],"about":[{"href":"https:\/\/lunatools.com\/pl\/wp-json\/wp\/v2\/types\/product"}],"wp:attachment":[{"href":"https:\/\/lunatools.com\/pl\/wp-json\/wp\/v2\/media?parent=66173"}],"wp:term":[{"taxonomy":"product_cat","embeddable":true,"href":"https:\/\/lunatools.com\/pl\/wp-json\/wp\/v2\/product_cat?post=66173"},{"taxonomy":"product_tag","embeddable":true,"href":"https:\/\/lunatools.com\/pl\/wp-json\/wp\/v2\/product_tag?post=66173"}],"curies":[{"name":"wp","href":"https:\/\/api.w.org\/{rel}","templated":true}]}}