{"id":66187,"date":"2024-09-02T13:50:04","date_gmt":"2024-09-02T13:50:04","guid":{"rendered":"https:\/\/lunatools.com\/product\/66187\/"},"modified":"2024-09-02T13:50:04","modified_gmt":"2024-09-02T13:50:04","slug":"66187","status":"publish","type":"product","link":"https:\/\/lunatools.com\/pl\/product\/66187\/","title":{"rendered":""},"content":{"rendered":"<p>Pi\u0142a r\u0119czna PRIME. Najlepsza pi\u0142a z asortymentu Luna Tools. R\u0119koje\u015b\u0107 wykonana z BioComp, nowoczesnego tworzywa sztucznego z domieszk\u0105 w\u0142\u00f3kna drzewnego, kt\u00f3re zapewnia odpowiedni\u0105 wytrzyma\u0142o\u015b\u0107 i jednocze\u015bnie obni\u017cenie emisji CO2 nawet o 60%. Powierzchnia chwytowa r\u0119koje\u015bci stanowi mieszank\u0119 naturalnego korka i TPE, zapewniaj\u0105c wygodny chwyt niezale\u017cnie od pogody i wiatru. Uz\u0119bienie szlifowane 3-fazowo zapewnia szybkie i wydajne pi\u0142owanie. Powierzchnia brzeszczotu pi\u0142y jest lakierowana celem obni\u017cenia tarcia. Brzeszczot ma naniesion\u0105 podzia\u0142k\u0119 pomiarow\u0105, a r\u0119koje\u015b\u0107 posiada powierzchnie przyk\u0142adniowe ustawione pod k\u0105tem 90\u00b0 i 45\u00b0. Wierzcho\u0142ek brzeszczotu jest zbie\u017cny, co u\u0142atwia wprowadzanie pi\u0142y w otw\u00f3r w materiale.<\/p>\n","protected":false},"excerpt":{"rendered":"Pi\u0142a r\u0119czna PRIME. Najlepsza pi\u0142a z asortymentu Luna Tools. R\u0119koje\u015b\u0107 wykonana z BioComp, nowoczesnego tworzywa sztucznego z domieszk\u0105 w\u0142\u00f3kna drzewnego, kt\u00f3re zapewnia odpowiedni\u0105 wytrzyma\u0142o\u015b\u0107 i jednocze\u015bnie obni\u017cenie emisji CO2 nawet o 60%. Powierzchnia chwytowa r\u0119koje\u015bci stanowi mieszank\u0119 naturalnego korka i TPE, zapewniaj\u0105c wygodny chwyt niezale\u017cnie od pogody i wiatru. Uz\u0119bienie szlifowane 3-fazowo zapewnia szybkie i&#8230; <a class=\"view-article\" href=\"https:\/\/lunatools.com\/pl\/product\/66187\/\">View Article<\/a>","protected":false},"featured_media":0,"template":"","meta":{"_acf_changed":false},"product_cat":[3399,3400],"product_tag":[],"class_list":{"0":"post-66187","1":"product","2":"type-product","3":"status-publish","5":"product_cat-pily-pl","6":"product_cat-pily-reczne-pl","8":"first","9":"instock","10":"shipping-taxable","11":"product-type-simple"},"acf":[],"yoast_head":"<!-- This site is optimized with the Yoast SEO plugin v23.4 - https:\/\/yoast.com\/wordpress\/plugins\/seo\/ -->\n<title>- Luna tools<\/title>\n<meta name=\"robots\" content=\"index, follow, max-snippet:-1, max-image-preview:large, max-video-preview:-1\" \/>\n<link rel=\"canonical\" href=\"https:\/\/lunatools.com\/en\/product\/66187\/\" \/>\n<meta property=\"og:locale\" content=\"pl_PL\" \/>\n<meta property=\"og:type\" content=\"article\" \/>\n<meta property=\"og:title\" content=\"- Luna tools\" \/>\n<meta property=\"og:description\" content=\"Pi\u0142a r\u0119czna PRIME. Najlepsza pi\u0142a z asortymentu Luna Tools. R\u0119koje\u015b\u0107 wykonana z BioComp, nowoczesnego tworzywa sztucznego z domieszk\u0105 w\u0142\u00f3kna drzewnego, kt\u00f3re zapewnia odpowiedni\u0105 wytrzyma\u0142o\u015b\u0107 i jednocze\u015bnie obni\u017cenie emisji CO2 nawet o 60%. Powierzchnia chwytowa r\u0119koje\u015bci stanowi mieszank\u0119 naturalnego korka i TPE, zapewniaj\u0105c wygodny chwyt niezale\u017cnie od pogody i wiatru. Uz\u0119bienie szlifowane 3-fazowo zapewnia szybkie i... View Article\" \/>\n<meta property=\"og:url\" content=\"https:\/\/lunatools.com\/en\/product\/66187\/\" \/>\n<meta property=\"og:site_name\" content=\"Luna tools\" \/>\n<meta name=\"twitter:label1\" content=\"Szacowany czas czytania\" \/>\n\t<meta name=\"twitter:data1\" content=\"1 minuta\" \/>\n<script type=\"application\/ld+json\" class=\"yoast-schema-graph\">{\"@context\":\"https:\/\/schema.org\",\"@graph\":[{\"@type\":\"WebPage\",\"@id\":\"https:\/\/lunatools.com\/en\/product\/66187\/\",\"url\":\"https:\/\/lunatools.com\/en\/product\/66187\/\",\"name\":\"- Luna tools\",\"isPartOf\":{\"@id\":\"https:\/\/lunatools.com\/sv\/#website\"},\"datePublished\":\"2024-09-02T13:50:04+00:00\",\"dateModified\":\"2024-09-02T13:50:04+00:00\",\"breadcrumb\":{\"@id\":\"https:\/\/lunatools.com\/en\/product\/66187\/#breadcrumb\"},\"inLanguage\":\"pl-PL\",\"potentialAction\":[{\"@type\":\"ReadAction\",\"target\":[\"https:\/\/lunatools.com\/en\/product\/66187\/\"]}]},{\"@type\":\"BreadcrumbList\",\"@id\":\"https:\/\/lunatools.com\/en\/product\/66187\/#breadcrumb\",\"itemListElement\":[{\"@type\":\"ListItem\",\"position\":1,\"name\":\"Home\",\"item\":\"https:\/\/lunatools.com\/pl\/\"},{\"@type\":\"ListItem\",\"position\":2,\"name\":\"Produkty\",\"item\":\"https:\/\/lunatools.com\/pl\/shop\/\"}]},{\"@type\":\"WebSite\",\"@id\":\"https:\/\/lunatools.com\/sv\/#website\",\"url\":\"https:\/\/lunatools.com\/sv\/\",\"name\":\"Luna tools\",\"description\":\"\",\"publisher\":{\"@id\":\"https:\/\/lunatools.com\/sv\/#organization\"},\"potentialAction\":[{\"@type\":\"SearchAction\",\"target\":{\"@type\":\"EntryPoint\",\"urlTemplate\":\"https:\/\/lunatools.com\/sv\/?s={search_term_string}\"},\"query-input\":{\"@type\":\"PropertyValueSpecification\",\"valueRequired\":true,\"valueName\":\"search_term_string\"}}],\"inLanguage\":\"pl-PL\"},{\"@type\":\"Organization\",\"@id\":\"https:\/\/lunatools.com\/sv\/#organization\",\"name\":\"Luna Tools\",\"url\":\"https:\/\/lunatools.com\/sv\/\",\"logo\":{\"@type\":\"ImageObject\",\"inLanguage\":\"pl-PL\",\"@id\":\"https:\/\/lunatools.com\/sv\/#\/schema\/logo\/image\/\",\"url\":\"https:\/\/lunatools.com\/wp-content\/uploads\/2019\/10\/LunaTools-gray-logo.png\",\"contentUrl\":\"https:\/\/lunatools.com\/wp-content\/uploads\/2019\/10\/LunaTools-gray-logo.png\",\"width\":795,\"height\":309,\"caption\":\"Luna Tools\"},\"image\":{\"@id\":\"https:\/\/lunatools.com\/sv\/#\/schema\/logo\/image\/\"}}]}<\/script>\n<!-- \/ Yoast SEO plugin. -->","yoast_head_json":{"title":"- Luna tools","robots":{"index":"index","follow":"follow","max-snippet":"max-snippet:-1","max-image-preview":"max-image-preview:large","max-video-preview":"max-video-preview:-1"},"canonical":"https:\/\/lunatools.com\/en\/product\/66187\/","og_locale":"pl_PL","og_type":"article","og_title":"- Luna tools","og_description":"Pi\u0142a r\u0119czna PRIME. Najlepsza pi\u0142a z asortymentu Luna Tools. R\u0119koje\u015b\u0107 wykonana z BioComp, nowoczesnego tworzywa sztucznego z domieszk\u0105 w\u0142\u00f3kna drzewnego, kt\u00f3re zapewnia odpowiedni\u0105 wytrzyma\u0142o\u015b\u0107 i jednocze\u015bnie obni\u017cenie emisji CO2 nawet o 60%. Powierzchnia chwytowa r\u0119koje\u015bci stanowi mieszank\u0119 naturalnego korka i TPE, zapewniaj\u0105c wygodny chwyt niezale\u017cnie od pogody i wiatru. Uz\u0119bienie szlifowane 3-fazowo zapewnia szybkie i... View Article","og_url":"https:\/\/lunatools.com\/en\/product\/66187\/","og_site_name":"Luna tools","twitter_misc":{"Szacowany czas czytania":"1 minuta"},"schema":{"@context":"https:\/\/schema.org","@graph":[{"@type":"WebPage","@id":"https:\/\/lunatools.com\/en\/product\/66187\/","url":"https:\/\/lunatools.com\/en\/product\/66187\/","name":"- Luna tools","isPartOf":{"@id":"https:\/\/lunatools.com\/sv\/#website"},"datePublished":"2024-09-02T13:50:04+00:00","dateModified":"2024-09-02T13:50:04+00:00","breadcrumb":{"@id":"https:\/\/lunatools.com\/en\/product\/66187\/#breadcrumb"},"inLanguage":"pl-PL","potentialAction":[{"@type":"ReadAction","target":["https:\/\/lunatools.com\/en\/product\/66187\/"]}]},{"@type":"BreadcrumbList","@id":"https:\/\/lunatools.com\/en\/product\/66187\/#breadcrumb","itemListElement":[{"@type":"ListItem","position":1,"name":"Home","item":"https:\/\/lunatools.com\/pl\/"},{"@type":"ListItem","position":2,"name":"Produkty","item":"https:\/\/lunatools.com\/pl\/shop\/"}]},{"@type":"WebSite","@id":"https:\/\/lunatools.com\/sv\/#website","url":"https:\/\/lunatools.com\/sv\/","name":"Luna tools","description":"","publisher":{"@id":"https:\/\/lunatools.com\/sv\/#organization"},"potentialAction":[{"@type":"SearchAction","target":{"@type":"EntryPoint","urlTemplate":"https:\/\/lunatools.com\/sv\/?s={search_term_string}"},"query-input":{"@type":"PropertyValueSpecification","valueRequired":true,"valueName":"search_term_string"}}],"inLanguage":"pl-PL"},{"@type":"Organization","@id":"https:\/\/lunatools.com\/sv\/#organization","name":"Luna Tools","url":"https:\/\/lunatools.com\/sv\/","logo":{"@type":"ImageObject","inLanguage":"pl-PL","@id":"https:\/\/lunatools.com\/sv\/#\/schema\/logo\/image\/","url":"https:\/\/lunatools.com\/wp-content\/uploads\/2019\/10\/LunaTools-gray-logo.png","contentUrl":"https:\/\/lunatools.com\/wp-content\/uploads\/2019\/10\/LunaTools-gray-logo.png","width":795,"height":309,"caption":"Luna Tools"},"image":{"@id":"https:\/\/lunatools.com\/sv\/#\/schema\/logo\/image\/"}}]}},"_links":{"self":[{"href":"https:\/\/lunatools.com\/pl\/wp-json\/wp\/v2\/product\/66187"}],"collection":[{"href":"https:\/\/lunatools.com\/pl\/wp-json\/wp\/v2\/product"}],"about":[{"href":"https:\/\/lunatools.com\/pl\/wp-json\/wp\/v2\/types\/product"}],"wp:attachment":[{"href":"https:\/\/lunatools.com\/pl\/wp-json\/wp\/v2\/media?parent=66187"}],"wp:term":[{"taxonomy":"product_cat","embeddable":true,"href":"https:\/\/lunatools.com\/pl\/wp-json\/wp\/v2\/product_cat?post=66187"},{"taxonomy":"product_tag","embeddable":true,"href":"https:\/\/lunatools.com\/pl\/wp-json\/wp\/v2\/product_tag?post=66187"}],"curies":[{"name":"wp","href":"https:\/\/api.w.org\/{rel}","templated":true}]}}