{"id":66218,"date":"2024-09-02T13:50:08","date_gmt":"2024-09-02T13:50:08","guid":{"rendered":"https:\/\/lunatools.com\/product\/66218\/"},"modified":"2024-09-02T13:50:08","modified_gmt":"2024-09-02T13:50:08","slug":"66218","status":"publish","type":"product","link":"https:\/\/lunatools.com\/pl\/product\/66218\/","title":{"rendered":""},"content":{"rendered":"<p>N\u00f3\u017c d\u0142utowy stworzony z my\u015bl\u0105 o skandynawskich warunkach. Solidna r\u0119koje\u015b\u0107 o starannie dopasowanym kszta\u0142cie.<br \/>\nDwustronny jelec zmniejsza ryzyko po\u015blizgu r\u0119ki. Klinga jest pogrubiona i zaostrzona z jednej strony na ca\u0142ej d\u0142ugo\u015bci, kszta\u0142tem przypomina d\u0142uto w stylu skandynawskim. Bardzo mocne osadzenie klingi w r\u0119koje\u015bci. Z ty\u0142u r\u0119koje\u015bci powierzchnia do uderzania. Otw\u00f3r do do\u0142\u0105czania linki zabezpieczaj\u0105cej na tylnej kraw\u0119dzi r\u0119koje\u015bci zapewnia \u0142atwo\u015b\u0107 mocowania linki w spos\u00f3b nie przeszkadzaj\u0105cy w pracy. Pochw\u0119 mo\u017cna zawiesi\u0107 na pasku lub na guziku.<\/p>\n","protected":false},"excerpt":{"rendered":"N\u00f3\u017c d\u0142utowy stworzony z my\u015bl\u0105 o skandynawskich warunkach. Solidna r\u0119koje\u015b\u0107 o starannie dopasowanym kszta\u0142cie. Dwustronny jelec zmniejsza ryzyko po\u015blizgu r\u0119ki. Klinga jest pogrubiona i zaostrzona z jednej strony na ca\u0142ej d\u0142ugo\u015bci, kszta\u0142tem przypomina d\u0142uto w stylu skandynawskim. Bardzo mocne osadzenie klingi w r\u0119koje\u015bci. Z ty\u0142u r\u0119koje\u015bci powierzchnia do uderzania. Otw\u00f3r do do\u0142\u0105czania linki zabezpieczaj\u0105cej na&#8230; <a class=\"view-article\" href=\"https:\/\/lunatools.com\/pl\/product\/66218\/\">View Article<\/a>","protected":false},"featured_media":0,"template":"","meta":{"_acf_changed":false},"product_cat":[3209,3438],"product_tag":[],"class_list":{"0":"post-66218","1":"product","2":"type-product","3":"status-publish","5":"product_cat-noze-pl","6":"product_cat-noze-uzytkowe-pl","8":"first","9":"instock","10":"shipping-taxable","11":"product-type-simple"},"acf":[],"yoast_head":"<!-- This site is optimized with the Yoast SEO plugin v23.4 - https:\/\/yoast.com\/wordpress\/plugins\/seo\/ -->\n<title>- Luna tools<\/title>\n<meta name=\"robots\" content=\"index, follow, max-snippet:-1, max-image-preview:large, max-video-preview:-1\" \/>\n<link rel=\"canonical\" href=\"https:\/\/lunatools.com\/en\/product\/66218\/\" \/>\n<meta property=\"og:locale\" content=\"pl_PL\" \/>\n<meta property=\"og:type\" content=\"article\" \/>\n<meta property=\"og:title\" content=\"- Luna tools\" \/>\n<meta property=\"og:description\" content=\"N\u00f3\u017c d\u0142utowy stworzony z my\u015bl\u0105 o skandynawskich warunkach. Solidna r\u0119koje\u015b\u0107 o starannie dopasowanym kszta\u0142cie. Dwustronny jelec zmniejsza ryzyko po\u015blizgu r\u0119ki. Klinga jest pogrubiona i zaostrzona z jednej strony na ca\u0142ej d\u0142ugo\u015bci, kszta\u0142tem przypomina d\u0142uto w stylu skandynawskim. Bardzo mocne osadzenie klingi w r\u0119koje\u015bci. Z ty\u0142u r\u0119koje\u015bci powierzchnia do uderzania. Otw\u00f3r do do\u0142\u0105czania linki zabezpieczaj\u0105cej na... View Article\" \/>\n<meta property=\"og:url\" content=\"https:\/\/lunatools.com\/en\/product\/66218\/\" \/>\n<meta property=\"og:site_name\" content=\"Luna tools\" \/>\n<meta name=\"twitter:label1\" content=\"Szacowany czas czytania\" \/>\n\t<meta name=\"twitter:data1\" content=\"1 minuta\" \/>\n<script type=\"application\/ld+json\" class=\"yoast-schema-graph\">{\"@context\":\"https:\/\/schema.org\",\"@graph\":[{\"@type\":\"WebPage\",\"@id\":\"https:\/\/lunatools.com\/en\/product\/66218\/\",\"url\":\"https:\/\/lunatools.com\/en\/product\/66218\/\",\"name\":\"- Luna tools\",\"isPartOf\":{\"@id\":\"https:\/\/lunatools.com\/sv\/#website\"},\"datePublished\":\"2024-09-02T13:50:08+00:00\",\"dateModified\":\"2024-09-02T13:50:08+00:00\",\"breadcrumb\":{\"@id\":\"https:\/\/lunatools.com\/en\/product\/66218\/#breadcrumb\"},\"inLanguage\":\"pl-PL\",\"potentialAction\":[{\"@type\":\"ReadAction\",\"target\":[\"https:\/\/lunatools.com\/en\/product\/66218\/\"]}]},{\"@type\":\"BreadcrumbList\",\"@id\":\"https:\/\/lunatools.com\/en\/product\/66218\/#breadcrumb\",\"itemListElement\":[{\"@type\":\"ListItem\",\"position\":1,\"name\":\"Home\",\"item\":\"https:\/\/lunatools.com\/pl\/\"},{\"@type\":\"ListItem\",\"position\":2,\"name\":\"Produkty\",\"item\":\"https:\/\/lunatools.com\/pl\/shop\/\"}]},{\"@type\":\"WebSite\",\"@id\":\"https:\/\/lunatools.com\/sv\/#website\",\"url\":\"https:\/\/lunatools.com\/sv\/\",\"name\":\"Luna tools\",\"description\":\"\",\"publisher\":{\"@id\":\"https:\/\/lunatools.com\/sv\/#organization\"},\"potentialAction\":[{\"@type\":\"SearchAction\",\"target\":{\"@type\":\"EntryPoint\",\"urlTemplate\":\"https:\/\/lunatools.com\/sv\/?s={search_term_string}\"},\"query-input\":{\"@type\":\"PropertyValueSpecification\",\"valueRequired\":true,\"valueName\":\"search_term_string\"}}],\"inLanguage\":\"pl-PL\"},{\"@type\":\"Organization\",\"@id\":\"https:\/\/lunatools.com\/sv\/#organization\",\"name\":\"Luna Tools\",\"url\":\"https:\/\/lunatools.com\/sv\/\",\"logo\":{\"@type\":\"ImageObject\",\"inLanguage\":\"pl-PL\",\"@id\":\"https:\/\/lunatools.com\/sv\/#\/schema\/logo\/image\/\",\"url\":\"https:\/\/lunatools.com\/wp-content\/uploads\/2019\/10\/LunaTools-gray-logo.png\",\"contentUrl\":\"https:\/\/lunatools.com\/wp-content\/uploads\/2019\/10\/LunaTools-gray-logo.png\",\"width\":795,\"height\":309,\"caption\":\"Luna Tools\"},\"image\":{\"@id\":\"https:\/\/lunatools.com\/sv\/#\/schema\/logo\/image\/\"}}]}<\/script>\n<!-- \/ Yoast SEO plugin. -->","yoast_head_json":{"title":"- Luna tools","robots":{"index":"index","follow":"follow","max-snippet":"max-snippet:-1","max-image-preview":"max-image-preview:large","max-video-preview":"max-video-preview:-1"},"canonical":"https:\/\/lunatools.com\/en\/product\/66218\/","og_locale":"pl_PL","og_type":"article","og_title":"- Luna tools","og_description":"N\u00f3\u017c d\u0142utowy stworzony z my\u015bl\u0105 o skandynawskich warunkach. Solidna r\u0119koje\u015b\u0107 o starannie dopasowanym kszta\u0142cie. Dwustronny jelec zmniejsza ryzyko po\u015blizgu r\u0119ki. Klinga jest pogrubiona i zaostrzona z jednej strony na ca\u0142ej d\u0142ugo\u015bci, kszta\u0142tem przypomina d\u0142uto w stylu skandynawskim. Bardzo mocne osadzenie klingi w r\u0119koje\u015bci. Z ty\u0142u r\u0119koje\u015bci powierzchnia do uderzania. Otw\u00f3r do do\u0142\u0105czania linki zabezpieczaj\u0105cej na... View Article","og_url":"https:\/\/lunatools.com\/en\/product\/66218\/","og_site_name":"Luna tools","twitter_misc":{"Szacowany czas czytania":"1 minuta"},"schema":{"@context":"https:\/\/schema.org","@graph":[{"@type":"WebPage","@id":"https:\/\/lunatools.com\/en\/product\/66218\/","url":"https:\/\/lunatools.com\/en\/product\/66218\/","name":"- Luna tools","isPartOf":{"@id":"https:\/\/lunatools.com\/sv\/#website"},"datePublished":"2024-09-02T13:50:08+00:00","dateModified":"2024-09-02T13:50:08+00:00","breadcrumb":{"@id":"https:\/\/lunatools.com\/en\/product\/66218\/#breadcrumb"},"inLanguage":"pl-PL","potentialAction":[{"@type":"ReadAction","target":["https:\/\/lunatools.com\/en\/product\/66218\/"]}]},{"@type":"BreadcrumbList","@id":"https:\/\/lunatools.com\/en\/product\/66218\/#breadcrumb","itemListElement":[{"@type":"ListItem","position":1,"name":"Home","item":"https:\/\/lunatools.com\/pl\/"},{"@type":"ListItem","position":2,"name":"Produkty","item":"https:\/\/lunatools.com\/pl\/shop\/"}]},{"@type":"WebSite","@id":"https:\/\/lunatools.com\/sv\/#website","url":"https:\/\/lunatools.com\/sv\/","name":"Luna tools","description":"","publisher":{"@id":"https:\/\/lunatools.com\/sv\/#organization"},"potentialAction":[{"@type":"SearchAction","target":{"@type":"EntryPoint","urlTemplate":"https:\/\/lunatools.com\/sv\/?s={search_term_string}"},"query-input":{"@type":"PropertyValueSpecification","valueRequired":true,"valueName":"search_term_string"}}],"inLanguage":"pl-PL"},{"@type":"Organization","@id":"https:\/\/lunatools.com\/sv\/#organization","name":"Luna Tools","url":"https:\/\/lunatools.com\/sv\/","logo":{"@type":"ImageObject","inLanguage":"pl-PL","@id":"https:\/\/lunatools.com\/sv\/#\/schema\/logo\/image\/","url":"https:\/\/lunatools.com\/wp-content\/uploads\/2019\/10\/LunaTools-gray-logo.png","contentUrl":"https:\/\/lunatools.com\/wp-content\/uploads\/2019\/10\/LunaTools-gray-logo.png","width":795,"height":309,"caption":"Luna Tools"},"image":{"@id":"https:\/\/lunatools.com\/sv\/#\/schema\/logo\/image\/"}}]}},"_links":{"self":[{"href":"https:\/\/lunatools.com\/pl\/wp-json\/wp\/v2\/product\/66218"}],"collection":[{"href":"https:\/\/lunatools.com\/pl\/wp-json\/wp\/v2\/product"}],"about":[{"href":"https:\/\/lunatools.com\/pl\/wp-json\/wp\/v2\/types\/product"}],"wp:attachment":[{"href":"https:\/\/lunatools.com\/pl\/wp-json\/wp\/v2\/media?parent=66218"}],"wp:term":[{"taxonomy":"product_cat","embeddable":true,"href":"https:\/\/lunatools.com\/pl\/wp-json\/wp\/v2\/product_cat?post=66218"},{"taxonomy":"product_tag","embeddable":true,"href":"https:\/\/lunatools.com\/pl\/wp-json\/wp\/v2\/product_tag?post=66218"}],"curies":[{"name":"wp","href":"https:\/\/api.w.org\/{rel}","templated":true}]}}