{"id":10386,"date":"2019-05-17T11:18:18","date_gmt":"2019-05-17T11:18:18","guid":{"rendered":"https:\/\/lunatools.com\/?page_id=10386"},"modified":"2019-10-29T14:38:03","modified_gmt":"2019-10-29T14:38:03","slug":"anvand-ratt-verktyg","status":"publish","type":"page","link":"https:\/\/lunatools.com\/sv\/anvand-ratt-verktyg\/","title":{"rendered":"Tips p\u00e5 hur du anv\u00e4nder Lunas verktyg p\u00e5 r\u00e4tt s\u00e4tt"},"content":{"rendered":"<div class=\"wpb-content-wrapper\"><p>[vc_row][vc_column]\n        <div class=\"block--playlist\">\n            <div class=\"playlist\" data-playlist=\"PLZMTmb_hoppUUgR8w7XRh162m8ecwSU9P\">\n                <div class=\"playlist__video\">\n                <\/div>\n\n                <div class=\"playlist__thumbnails\">\n\n                <\/div>\n            <\/div>\n        <\/div>[\/vc_column][\/vc_row]<\/p>\n<\/div>","protected":false},"excerpt":{"rendered":"[vc_row][vc_column][\/vc_column][\/vc_row]","protected":false},"author":2,"featured_media":10396,"parent":0,"menu_order":0,"comment_status":"closed","ping_status":"closed","template":"","meta":{"_acf_changed":false,"footnotes":""},"class_list":["post-10386","page","type-page","status-publish","has-post-thumbnail","hentry"],"acf":[],"yoast_head":"<!-- This site is optimized with the Yoast SEO plugin v23.4 - https:\/\/yoast.com\/wordpress\/plugins\/seo\/ -->\n<title>Tips p\u00e5 hur du anv\u00e4nder Lunas verktyg p\u00e5 r\u00e4tt s\u00e4tt - Luna tools<\/title>\n<meta name=\"robots\" content=\"index, follow, max-snippet:-1, max-image-preview:large, max-video-preview:-1\" \/>\n<link rel=\"canonical\" href=\"https:\/\/lunatools.com\/sv\/anvand-ratt-verktyg\/\" \/>\n<meta property=\"og:locale\" content=\"sv_SE\" \/>\n<meta property=\"og:type\" content=\"article\" \/>\n<meta property=\"og:title\" content=\"Tips p\u00e5 hur du anv\u00e4nder Lunas verktyg p\u00e5 r\u00e4tt s\u00e4tt - Luna tools\" \/>\n<meta property=\"og:description\" content=\"[vc_row][vc_column][\/vc_column][\/vc_row]\" \/>\n<meta property=\"og:url\" content=\"https:\/\/lunatools.com\/sv\/anvand-ratt-verktyg\/\" \/>\n<meta property=\"og:site_name\" content=\"Luna tools\" \/>\n<meta property=\"article:modified_time\" content=\"2019-10-29T14:38:03+00:00\" \/>\n<meta property=\"og:image\" content=\"http:\/\/lunatools.com\/wp-content\/uploads\/2019\/05\/B2A6736-kopia.jpg\" \/>\n\t<meta property=\"og:image:width\" content=\"1200\" \/>\n\t<meta property=\"og:image:height\" content=\"800\" \/>\n\t<meta property=\"og:image:type\" content=\"image\/jpeg\" \/>\n<script type=\"application\/ld+json\" class=\"yoast-schema-graph\">{\"@context\":\"https:\/\/schema.org\",\"@graph\":[{\"@type\":\"WebPage\",\"@id\":\"https:\/\/lunatools.com\/sv\/anvand-ratt-verktyg\/\",\"url\":\"https:\/\/lunatools.com\/sv\/anvand-ratt-verktyg\/\",\"name\":\"Tips p\u00e5 hur du anv\u00e4nder Lunas verktyg p\u00e5 r\u00e4tt s\u00e4tt - Luna tools\",\"isPartOf\":{\"@id\":\"https:\/\/lunatools.com\/sv\/#website\"},\"primaryImageOfPage\":{\"@id\":\"https:\/\/lunatools.com\/sv\/anvand-ratt-verktyg\/#primaryimage\"},\"image\":{\"@id\":\"https:\/\/lunatools.com\/sv\/anvand-ratt-verktyg\/#primaryimage\"},\"thumbnailUrl\":\"https:\/\/lunatools.com\/wp-content\/uploads\/2019\/05\/B2A6736-kopia.jpg\",\"datePublished\":\"2019-05-17T11:18:18+00:00\",\"dateModified\":\"2019-10-29T14:38:03+00:00\",\"breadcrumb\":{\"@id\":\"https:\/\/lunatools.com\/sv\/anvand-ratt-verktyg\/#breadcrumb\"},\"inLanguage\":\"sv-SE\",\"potentialAction\":[{\"@type\":\"ReadAction\",\"target\":[\"https:\/\/lunatools.com\/sv\/anvand-ratt-verktyg\/\"]}]},{\"@type\":\"ImageObject\",\"inLanguage\":\"sv-SE\",\"@id\":\"https:\/\/lunatools.com\/sv\/anvand-ratt-verktyg\/#primaryimage\",\"url\":\"https:\/\/lunatools.com\/wp-content\/uploads\/2019\/05\/B2A6736-kopia.jpg\",\"contentUrl\":\"https:\/\/lunatools.com\/wp-content\/uploads\/2019\/05\/B2A6736-kopia.jpg\",\"width\":1200,\"height\":800,\"caption\":\"Luna Tools demolition tigers\u00e5gsblad\"},{\"@type\":\"BreadcrumbList\",\"@id\":\"https:\/\/lunatools.com\/sv\/anvand-ratt-verktyg\/#breadcrumb\",\"itemListElement\":[{\"@type\":\"ListItem\",\"position\":1,\"name\":\"Home\",\"item\":\"https:\/\/lunatools.com\/sv\/\"},{\"@type\":\"ListItem\",\"position\":2,\"name\":\"Tips p\u00e5 hur du anv\u00e4nder Lunas verktyg p\u00e5 r\u00e4tt s\u00e4tt\"}]},{\"@type\":\"WebSite\",\"@id\":\"https:\/\/lunatools.com\/sv\/#website\",\"url\":\"https:\/\/lunatools.com\/sv\/\",\"name\":\"Luna tools\",\"description\":\"\",\"publisher\":{\"@id\":\"https:\/\/lunatools.com\/sv\/#organization\"},\"potentialAction\":[{\"@type\":\"SearchAction\",\"target\":{\"@type\":\"EntryPoint\",\"urlTemplate\":\"https:\/\/lunatools.com\/sv\/?s={search_term_string}\"},\"query-input\":{\"@type\":\"PropertyValueSpecification\",\"valueRequired\":true,\"valueName\":\"search_term_string\"}}],\"inLanguage\":\"sv-SE\"},{\"@type\":\"Organization\",\"@id\":\"https:\/\/lunatools.com\/sv\/#organization\",\"name\":\"Luna Tools\",\"url\":\"https:\/\/lunatools.com\/sv\/\",\"logo\":{\"@type\":\"ImageObject\",\"inLanguage\":\"sv-SE\",\"@id\":\"https:\/\/lunatools.com\/sv\/#\/schema\/logo\/image\/\",\"url\":\"https:\/\/lunatools.com\/wp-content\/uploads\/2019\/10\/LunaTools-gray-logo.png\",\"contentUrl\":\"https:\/\/lunatools.com\/wp-content\/uploads\/2019\/10\/LunaTools-gray-logo.png\",\"width\":795,\"height\":309,\"caption\":\"Luna Tools\"},\"image\":{\"@id\":\"https:\/\/lunatools.com\/sv\/#\/schema\/logo\/image\/\"}}]}<\/script>\n<!-- \/ Yoast SEO plugin. -->","yoast_head_json":{"title":"Tips p\u00e5 hur du anv\u00e4nder Lunas verktyg p\u00e5 r\u00e4tt s\u00e4tt - Luna tools","robots":{"index":"index","follow":"follow","max-snippet":"max-snippet:-1","max-image-preview":"max-image-preview:large","max-video-preview":"max-video-preview:-1"},"canonical":"https:\/\/lunatools.com\/sv\/anvand-ratt-verktyg\/","og_locale":"sv_SE","og_type":"article","og_title":"Tips p\u00e5 hur du anv\u00e4nder Lunas verktyg p\u00e5 r\u00e4tt s\u00e4tt - Luna tools","og_description":"[vc_row][vc_column][\/vc_column][\/vc_row]","og_url":"https:\/\/lunatools.com\/sv\/anvand-ratt-verktyg\/","og_site_name":"Luna tools","article_modified_time":"2019-10-29T14:38:03+00:00","og_image":[{"width":1200,"height":800,"url":"http:\/\/lunatools.com\/wp-content\/uploads\/2019\/05\/B2A6736-kopia.jpg","type":"image\/jpeg"}],"schema":{"@context":"https:\/\/schema.org","@graph":[{"@type":"WebPage","@id":"https:\/\/lunatools.com\/sv\/anvand-ratt-verktyg\/","url":"https:\/\/lunatools.com\/sv\/anvand-ratt-verktyg\/","name":"Tips p\u00e5 hur du anv\u00e4nder Lunas verktyg p\u00e5 r\u00e4tt s\u00e4tt - Luna tools","isPartOf":{"@id":"https:\/\/lunatools.com\/sv\/#website"},"primaryImageOfPage":{"@id":"https:\/\/lunatools.com\/sv\/anvand-ratt-verktyg\/#primaryimage"},"image":{"@id":"https:\/\/lunatools.com\/sv\/anvand-ratt-verktyg\/#primaryimage"},"thumbnailUrl":"https:\/\/lunatools.com\/wp-content\/uploads\/2019\/05\/B2A6736-kopia.jpg","datePublished":"2019-05-17T11:18:18+00:00","dateModified":"2019-10-29T14:38:03+00:00","breadcrumb":{"@id":"https:\/\/lunatools.com\/sv\/anvand-ratt-verktyg\/#breadcrumb"},"inLanguage":"sv-SE","potentialAction":[{"@type":"ReadAction","target":["https:\/\/lunatools.com\/sv\/anvand-ratt-verktyg\/"]}]},{"@type":"ImageObject","inLanguage":"sv-SE","@id":"https:\/\/lunatools.com\/sv\/anvand-ratt-verktyg\/#primaryimage","url":"https:\/\/lunatools.com\/wp-content\/uploads\/2019\/05\/B2A6736-kopia.jpg","contentUrl":"https:\/\/lunatools.com\/wp-content\/uploads\/2019\/05\/B2A6736-kopia.jpg","width":1200,"height":800,"caption":"Luna Tools demolition tigers\u00e5gsblad"},{"@type":"BreadcrumbList","@id":"https:\/\/lunatools.com\/sv\/anvand-ratt-verktyg\/#breadcrumb","itemListElement":[{"@type":"ListItem","position":1,"name":"Home","item":"https:\/\/lunatools.com\/sv\/"},{"@type":"ListItem","position":2,"name":"Tips p\u00e5 hur du anv\u00e4nder Lunas verktyg p\u00e5 r\u00e4tt s\u00e4tt"}]},{"@type":"WebSite","@id":"https:\/\/lunatools.com\/sv\/#website","url":"https:\/\/lunatools.com\/sv\/","name":"Luna tools","description":"","publisher":{"@id":"https:\/\/lunatools.com\/sv\/#organization"},"potentialAction":[{"@type":"SearchAction","target":{"@type":"EntryPoint","urlTemplate":"https:\/\/lunatools.com\/sv\/?s={search_term_string}"},"query-input":{"@type":"PropertyValueSpecification","valueRequired":true,"valueName":"search_term_string"}}],"inLanguage":"sv-SE"},{"@type":"Organization","@id":"https:\/\/lunatools.com\/sv\/#organization","name":"Luna Tools","url":"https:\/\/lunatools.com\/sv\/","logo":{"@type":"ImageObject","inLanguage":"sv-SE","@id":"https:\/\/lunatools.com\/sv\/#\/schema\/logo\/image\/","url":"https:\/\/lunatools.com\/wp-content\/uploads\/2019\/10\/LunaTools-gray-logo.png","contentUrl":"https:\/\/lunatools.com\/wp-content\/uploads\/2019\/10\/LunaTools-gray-logo.png","width":795,"height":309,"caption":"Luna Tools"},"image":{"@id":"https:\/\/lunatools.com\/sv\/#\/schema\/logo\/image\/"}}]}},"_links":{"self":[{"href":"https:\/\/lunatools.com\/sv\/wp-json\/wp\/v2\/pages\/10386"}],"collection":[{"href":"https:\/\/lunatools.com\/sv\/wp-json\/wp\/v2\/pages"}],"about":[{"href":"https:\/\/lunatools.com\/sv\/wp-json\/wp\/v2\/types\/page"}],"author":[{"embeddable":true,"href":"https:\/\/lunatools.com\/sv\/wp-json\/wp\/v2\/users\/2"}],"replies":[{"embeddable":true,"href":"https:\/\/lunatools.com\/sv\/wp-json\/wp\/v2\/comments?post=10386"}],"version-history":[{"count":12,"href":"https:\/\/lunatools.com\/sv\/wp-json\/wp\/v2\/pages\/10386\/revisions"}],"predecessor-version":[{"id":12258,"href":"https:\/\/lunatools.com\/sv\/wp-json\/wp\/v2\/pages\/10386\/revisions\/12258"}],"wp:featuredmedia":[{"embeddable":true,"href":"https:\/\/lunatools.com\/sv\/wp-json\/wp\/v2\/media\/10396"}],"wp:attachment":[{"href":"https:\/\/lunatools.com\/sv\/wp-json\/wp\/v2\/media?parent=10386"}],"curies":[{"name":"wp","href":"https:\/\/api.w.org\/{rel}","templated":true}]}}