{"id":12675,"date":"2020-03-09T14:54:52","date_gmt":"2020-03-09T14:54:52","guid":{"rendered":"http:\/\/lunatools.com\/?page_id=12675"},"modified":"2021-06-07T06:19:06","modified_gmt":"2021-06-07T06:19:06","slug":"sa-borrar-man-ventilationshal-i-betong","status":"publish","type":"page","link":"https:\/\/lunatools.com\/sv\/sa-borrar-man-ventilationshal-i-betong\/","title":{"rendered":"S\u00e5 borrar man ventilationsh\u00e5l i betong"},"content":{"rendered":"<div class=\"wpb-content-wrapper\"><p>[vc_row][vc_column][vc_column_text]<\/p>\n<h4><strong>Anv\u00e4nd ett betongborr f\u00f6rst och sedan en h\u00e5ls\u00e5g i r\u00e4tt diameter som klarar av tuffa material s\u00e5 \u00e4r halva jobbet gjort. Det \u00e4r en f\u00f6rh\u00e5llandevis enkel process om man anv\u00e4nder r\u00e4tt borr. <a href=\"https:\/\/lunatools.com\/sv\/professional-guidance\/elverktygstillbehor\/betong\/sa-borrar-och-pluggar-man-i-hard-betong-betongborr\/\">Se borra h\u00e5l i betong h\u00e4r.<\/a><\/strong><\/h4>\n<p>[\/vc_column_text][vc_column_text]<\/p>\n<h4>Best\u00e4m vart ventilationsh\u00e5let ska borras<\/h4>\n<p>Beroende p\u00e5 vilken typ av ventilation du ska installera brukar man g\u00f6ra ventilationsh\u00e5l p\u00e5 olika st\u00e4llen. Det \u00e4r viktigt att veta vart man ska borra s\u00e5 man kan planera f\u00f6r eventuella ledningar som g\u00e5r i v\u00e4ggen samt om n\u00e5got annat p\u00e5 v\u00e4ggen \u00e4r i v\u00e4gen f\u00f6r h\u00e5let som ska borras.[\/vc_column_text][vc_column_text]<\/p>\n<h4>Innan man borrar man\u00a0h\u00e5ls\u00e5g<\/h4>\n<p><span data-contrast=\"auto\">Markera vart ventilen ska placeras f\u00f6r att l\u00e4ttare justera om h\u00e5let inte kommer ut r\u00e4tt p\u00e5 utsidan. Anv\u00e4nd en tunn\u00a0<\/span><span data-contrast=\"auto\">betongborr<\/span><span data-contrast=\"auto\">\u00a0som \u00e4r minst lika l\u00e5ng, eller helst lite l\u00e4ngre \u00e4n ytan som ska borras igenom. <a href=\"https:\/\/lunatools.com\/sv\/product-category\/borr-sv\/betongborr-sv\/\">Se v\u00e5rt utbud av betongborrar h\u00e4r<\/a>. Kom ih\u00e5g att luta h\u00e5let lite ut\u00e5t ned\u00e5t s\u00e5 att kondens inte rinner in i fastigheten, utan rinner ut fr\u00e5n\u00a0<\/span><span data-contrast=\"auto\">innemilj\u00f6n.<\/span>[\/vc_column_text][vc_column_text]<\/p>\n<h4>Borra med h\u00e5ls\u00e5g<\/h4>\n<p>N\u00e4r h\u00e5let ska slutf\u00f6ras ska man anv\u00e4nda en h\u00e5ls\u00e5g med \u00f6nskad diameter och djup som klarar av det material man ska g\u00f6ra h\u00e5l i. Vi har ett brett utbud av h\u00e5ls\u00e5gar f\u00f6r att borra i betong, klicka h\u00e4r. Det kan g\u00e5 tr\u00f6gt efter ett tag n\u00e4r man kommit en bit med h\u00e5ls\u00e5gen, d\u00e5 kan man beh\u00f6va knacka ut borrk\u00e4rnan med en mejsel och hammare, se utbud v\u00e5rt utbud av mejslar h\u00e4r. Sl\u00e5 av hammarfunktionen p\u00e5 maskinen f\u00f6r att inte riskera f\u00f6rst\u00f6ra taggarna p\u00e5 h\u00e5ls\u00e5gen. H\u00e5ll ett j\u00e4mt och fint tryck p\u00e5 borret genom hela processen.[\/vc_column_text][vc_column_text]<\/p>\n<h4>G\u00f6r ventilationsh\u00e5l i betong steg f\u00f6r steg<\/h4>\n<ul>\n<li>Unders\u00f6k vilken typ av ventill\u00f6sning som ska anv\u00e4ndas och vart den i s\u00e5 fall ska sitta.<\/li>\n<li>Borra ett litet h\u00e5l f\u00f6rst med ett betongborr, se till att borret \u00e4r lite l\u00e4ngre \u00e4n ytan som ska borras i.<\/li>\n<li>Se till att skapa en liten lutning p\u00e5 h\u00e5let ut\u00e5t ned\u00e5t s\u00e5 att kondens rinner ut.<\/li>\n<li>V\u00e4lj en h\u00e5ls\u00e5g som matchar innerdiametern p\u00e5 ventilen och som klarar av betong.<\/li>\n<li>Vid borrning ska slagfunktionen vara avst\u00e4ngd p\u00e5 borrmaskinen.<br \/>\nOm det b\u00f6rjar g\u00e5 tr\u00f6gt kan du knacka bort borrk\u00e4rnan med en mejsel och hammare.<\/li>\n<\/ul>\n<p>[\/vc_column_text][\/vc_column][\/vc_row]<\/p>\n<\/div>","protected":false},"excerpt":{"rendered":"[vc_row][vc_column][vc_column_text] Anv\u00e4nd ett betongborr f\u00f6rst och sedan en h\u00e5ls\u00e5g i r\u00e4tt diameter som klarar av tuffa material s\u00e5 \u00e4r halva jobbet gjort. Det \u00e4r en f\u00f6rh\u00e5llandevis enkel process om man anv\u00e4nder r\u00e4tt borr. Se borra h\u00e5l i betong h\u00e4r. [\/vc_column_text][vc_column_text] Best\u00e4m vart ventilationsh\u00e5let ska borras Beroende p\u00e5 vilken typ av ventilation du ska installera brukar&#8230; <a class=\"view-article\" href=\"https:\/\/lunatools.com\/sv\/sa-borrar-man-ventilationshal-i-betong\/\">View Article<\/a>","protected":false},"author":2,"featured_media":4049,"parent":0,"menu_order":0,"comment_status":"closed","ping_status":"closed","template":"","meta":{"_acf_changed":false,"footnotes":""},"class_list":["post-12675","page","type-page","status-publish","has-post-thumbnail","hentry"],"acf":[],"yoast_head":"<!-- This site is optimized with the Yoast SEO plugin v23.4 - https:\/\/yoast.com\/wordpress\/plugins\/seo\/ -->\n<title>Betongborr | S\u00e5 borrar man ventilationsh\u00e5l i betong - Luna tools<\/title>\n<meta name=\"description\" content=\"Ventilationsh\u00e5l. Anv\u00e4nd ett betongborr f\u00f6rst och sedan en h\u00e5ls\u00e5g i r\u00e4tt diameter som klarar av tuffa material s\u00e5 \u00e4r halva jobbet gjort.\" \/>\n<meta name=\"robots\" content=\"index, follow, max-snippet:-1, max-image-preview:large, max-video-preview:-1\" \/>\n<link rel=\"canonical\" href=\"https:\/\/lunatools.com\/sv\/sa-borrar-man-ventilationshal-i-betong\/\" \/>\n<meta property=\"og:locale\" content=\"sv_SE\" \/>\n<meta property=\"og:type\" content=\"article\" \/>\n<meta property=\"og:title\" content=\"Betongborr | S\u00e5 borrar man ventilationsh\u00e5l i betong - Luna tools\" \/>\n<meta property=\"og:description\" content=\"Ventilationsh\u00e5l. Anv\u00e4nd ett betongborr f\u00f6rst och sedan en h\u00e5ls\u00e5g i r\u00e4tt diameter som klarar av tuffa material s\u00e5 \u00e4r halva jobbet gjort.\" \/>\n<meta property=\"og:url\" content=\"https:\/\/lunatools.com\/sv\/sa-borrar-man-ventilationshal-i-betong\/\" \/>\n<meta property=\"og:site_name\" content=\"Luna tools\" \/>\n<meta property=\"article:modified_time\" content=\"2021-06-07T06:19:06+00:00\" \/>\n<meta property=\"og:image\" content=\"http:\/\/lunatools.com\/wp-content\/uploads\/2019\/01\/Borr_kategoribild.jpg\" \/>\n\t<meta property=\"og:image:width\" content=\"1500\" \/>\n\t<meta property=\"og:image:height\" content=\"910\" \/>\n\t<meta property=\"og:image:type\" content=\"image\/jpeg\" \/>\n<meta name=\"twitter:label1\" content=\"Ber\u00e4knad l\u00e4stid\" \/>\n\t<meta name=\"twitter:data1\" content=\"2 minuter\" \/>\n<script type=\"application\/ld+json\" class=\"yoast-schema-graph\">{\"@context\":\"https:\/\/schema.org\",\"@graph\":[{\"@type\":\"WebPage\",\"@id\":\"https:\/\/lunatools.com\/sv\/sa-borrar-man-ventilationshal-i-betong\/\",\"url\":\"https:\/\/lunatools.com\/sv\/sa-borrar-man-ventilationshal-i-betong\/\",\"name\":\"Betongborr | S\u00e5 borrar man ventilationsh\u00e5l i betong - Luna tools\",\"isPartOf\":{\"@id\":\"https:\/\/lunatools.com\/sv\/#website\"},\"primaryImageOfPage\":{\"@id\":\"https:\/\/lunatools.com\/sv\/sa-borrar-man-ventilationshal-i-betong\/#primaryimage\"},\"image\":{\"@id\":\"https:\/\/lunatools.com\/sv\/sa-borrar-man-ventilationshal-i-betong\/#primaryimage\"},\"thumbnailUrl\":\"https:\/\/lunatools.com\/wp-content\/uploads\/2019\/01\/Borr_kategoribild.jpg\",\"datePublished\":\"2020-03-09T14:54:52+00:00\",\"dateModified\":\"2021-06-07T06:19:06+00:00\",\"description\":\"Ventilationsh\u00e5l. Anv\u00e4nd ett betongborr f\u00f6rst och sedan en h\u00e5ls\u00e5g i r\u00e4tt diameter som klarar av tuffa material s\u00e5 \u00e4r halva jobbet gjort.\",\"breadcrumb\":{\"@id\":\"https:\/\/lunatools.com\/sv\/sa-borrar-man-ventilationshal-i-betong\/#breadcrumb\"},\"inLanguage\":\"sv-SE\",\"potentialAction\":[{\"@type\":\"ReadAction\",\"target\":[\"https:\/\/lunatools.com\/sv\/sa-borrar-man-ventilationshal-i-betong\/\"]}]},{\"@type\":\"ImageObject\",\"inLanguage\":\"sv-SE\",\"@id\":\"https:\/\/lunatools.com\/sv\/sa-borrar-man-ventilationshal-i-betong\/#primaryimage\",\"url\":\"https:\/\/lunatools.com\/wp-content\/uploads\/2019\/01\/Borr_kategoribild.jpg\",\"contentUrl\":\"https:\/\/lunatools.com\/wp-content\/uploads\/2019\/01\/Borr_kategoribild.jpg\",\"width\":1500,\"height\":910,\"caption\":\"I Lunas sortiment av borr finns allt fr\u00e5n kakelborr och metallborr till diamantborr f\u00f6r att kunna borra i kakel, borra i glas eller borra i metall.\"},{\"@type\":\"BreadcrumbList\",\"@id\":\"https:\/\/lunatools.com\/sv\/sa-borrar-man-ventilationshal-i-betong\/#breadcrumb\",\"itemListElement\":[{\"@type\":\"ListItem\",\"position\":1,\"name\":\"Home\",\"item\":\"https:\/\/lunatools.com\/sv\/\"},{\"@type\":\"ListItem\",\"position\":2,\"name\":\"S\u00e5 borrar man ventilationsh\u00e5l i betong\"}]},{\"@type\":\"WebSite\",\"@id\":\"https:\/\/lunatools.com\/sv\/#website\",\"url\":\"https:\/\/lunatools.com\/sv\/\",\"name\":\"Luna tools\",\"description\":\"\",\"publisher\":{\"@id\":\"https:\/\/lunatools.com\/sv\/#organization\"},\"potentialAction\":[{\"@type\":\"SearchAction\",\"target\":{\"@type\":\"EntryPoint\",\"urlTemplate\":\"https:\/\/lunatools.com\/sv\/?s={search_term_string}\"},\"query-input\":{\"@type\":\"PropertyValueSpecification\",\"valueRequired\":true,\"valueName\":\"search_term_string\"}}],\"inLanguage\":\"sv-SE\"},{\"@type\":\"Organization\",\"@id\":\"https:\/\/lunatools.com\/sv\/#organization\",\"name\":\"Luna Tools\",\"url\":\"https:\/\/lunatools.com\/sv\/\",\"logo\":{\"@type\":\"ImageObject\",\"inLanguage\":\"sv-SE\",\"@id\":\"https:\/\/lunatools.com\/sv\/#\/schema\/logo\/image\/\",\"url\":\"https:\/\/lunatools.com\/wp-content\/uploads\/2019\/10\/LunaTools-gray-logo.png\",\"contentUrl\":\"https:\/\/lunatools.com\/wp-content\/uploads\/2019\/10\/LunaTools-gray-logo.png\",\"width\":795,\"height\":309,\"caption\":\"Luna Tools\"},\"image\":{\"@id\":\"https:\/\/lunatools.com\/sv\/#\/schema\/logo\/image\/\"}}]}<\/script>\n<!-- \/ Yoast SEO plugin. -->","yoast_head_json":{"title":"Betongborr | S\u00e5 borrar man ventilationsh\u00e5l i betong - Luna tools","description":"Ventilationsh\u00e5l. Anv\u00e4nd ett betongborr f\u00f6rst och sedan en h\u00e5ls\u00e5g i r\u00e4tt diameter som klarar av tuffa material s\u00e5 \u00e4r halva jobbet gjort.","robots":{"index":"index","follow":"follow","max-snippet":"max-snippet:-1","max-image-preview":"max-image-preview:large","max-video-preview":"max-video-preview:-1"},"canonical":"https:\/\/lunatools.com\/sv\/sa-borrar-man-ventilationshal-i-betong\/","og_locale":"sv_SE","og_type":"article","og_title":"Betongborr | S\u00e5 borrar man ventilationsh\u00e5l i betong - Luna tools","og_description":"Ventilationsh\u00e5l. Anv\u00e4nd ett betongborr f\u00f6rst och sedan en h\u00e5ls\u00e5g i r\u00e4tt diameter som klarar av tuffa material s\u00e5 \u00e4r halva jobbet gjort.","og_url":"https:\/\/lunatools.com\/sv\/sa-borrar-man-ventilationshal-i-betong\/","og_site_name":"Luna tools","article_modified_time":"2021-06-07T06:19:06+00:00","og_image":[{"width":1500,"height":910,"url":"http:\/\/lunatools.com\/wp-content\/uploads\/2019\/01\/Borr_kategoribild.jpg","type":"image\/jpeg"}],"twitter_misc":{"Ber\u00e4knad l\u00e4stid":"2 minuter"},"schema":{"@context":"https:\/\/schema.org","@graph":[{"@type":"WebPage","@id":"https:\/\/lunatools.com\/sv\/sa-borrar-man-ventilationshal-i-betong\/","url":"https:\/\/lunatools.com\/sv\/sa-borrar-man-ventilationshal-i-betong\/","name":"Betongborr | S\u00e5 borrar man ventilationsh\u00e5l i betong - Luna tools","isPartOf":{"@id":"https:\/\/lunatools.com\/sv\/#website"},"primaryImageOfPage":{"@id":"https:\/\/lunatools.com\/sv\/sa-borrar-man-ventilationshal-i-betong\/#primaryimage"},"image":{"@id":"https:\/\/lunatools.com\/sv\/sa-borrar-man-ventilationshal-i-betong\/#primaryimage"},"thumbnailUrl":"https:\/\/lunatools.com\/wp-content\/uploads\/2019\/01\/Borr_kategoribild.jpg","datePublished":"2020-03-09T14:54:52+00:00","dateModified":"2021-06-07T06:19:06+00:00","description":"Ventilationsh\u00e5l. Anv\u00e4nd ett betongborr f\u00f6rst och sedan en h\u00e5ls\u00e5g i r\u00e4tt diameter som klarar av tuffa material s\u00e5 \u00e4r halva jobbet gjort.","breadcrumb":{"@id":"https:\/\/lunatools.com\/sv\/sa-borrar-man-ventilationshal-i-betong\/#breadcrumb"},"inLanguage":"sv-SE","potentialAction":[{"@type":"ReadAction","target":["https:\/\/lunatools.com\/sv\/sa-borrar-man-ventilationshal-i-betong\/"]}]},{"@type":"ImageObject","inLanguage":"sv-SE","@id":"https:\/\/lunatools.com\/sv\/sa-borrar-man-ventilationshal-i-betong\/#primaryimage","url":"https:\/\/lunatools.com\/wp-content\/uploads\/2019\/01\/Borr_kategoribild.jpg","contentUrl":"https:\/\/lunatools.com\/wp-content\/uploads\/2019\/01\/Borr_kategoribild.jpg","width":1500,"height":910,"caption":"I Lunas sortiment av borr finns allt fr\u00e5n kakelborr och metallborr till diamantborr f\u00f6r att kunna borra i kakel, borra i glas eller borra i metall."},{"@type":"BreadcrumbList","@id":"https:\/\/lunatools.com\/sv\/sa-borrar-man-ventilationshal-i-betong\/#breadcrumb","itemListElement":[{"@type":"ListItem","position":1,"name":"Home","item":"https:\/\/lunatools.com\/sv\/"},{"@type":"ListItem","position":2,"name":"S\u00e5 borrar man ventilationsh\u00e5l i betong"}]},{"@type":"WebSite","@id":"https:\/\/lunatools.com\/sv\/#website","url":"https:\/\/lunatools.com\/sv\/","name":"Luna tools","description":"","publisher":{"@id":"https:\/\/lunatools.com\/sv\/#organization"},"potentialAction":[{"@type":"SearchAction","target":{"@type":"EntryPoint","urlTemplate":"https:\/\/lunatools.com\/sv\/?s={search_term_string}"},"query-input":{"@type":"PropertyValueSpecification","valueRequired":true,"valueName":"search_term_string"}}],"inLanguage":"sv-SE"},{"@type":"Organization","@id":"https:\/\/lunatools.com\/sv\/#organization","name":"Luna Tools","url":"https:\/\/lunatools.com\/sv\/","logo":{"@type":"ImageObject","inLanguage":"sv-SE","@id":"https:\/\/lunatools.com\/sv\/#\/schema\/logo\/image\/","url":"https:\/\/lunatools.com\/wp-content\/uploads\/2019\/10\/LunaTools-gray-logo.png","contentUrl":"https:\/\/lunatools.com\/wp-content\/uploads\/2019\/10\/LunaTools-gray-logo.png","width":795,"height":309,"caption":"Luna Tools"},"image":{"@id":"https:\/\/lunatools.com\/sv\/#\/schema\/logo\/image\/"}}]}},"_links":{"self":[{"href":"https:\/\/lunatools.com\/sv\/wp-json\/wp\/v2\/pages\/12675"}],"collection":[{"href":"https:\/\/lunatools.com\/sv\/wp-json\/wp\/v2\/pages"}],"about":[{"href":"https:\/\/lunatools.com\/sv\/wp-json\/wp\/v2\/types\/page"}],"author":[{"embeddable":true,"href":"https:\/\/lunatools.com\/sv\/wp-json\/wp\/v2\/users\/2"}],"replies":[{"embeddable":true,"href":"https:\/\/lunatools.com\/sv\/wp-json\/wp\/v2\/comments?post=12675"}],"version-history":[{"count":9,"href":"https:\/\/lunatools.com\/sv\/wp-json\/wp\/v2\/pages\/12675\/revisions"}],"predecessor-version":[{"id":12776,"href":"https:\/\/lunatools.com\/sv\/wp-json\/wp\/v2\/pages\/12675\/revisions\/12776"}],"wp:featuredmedia":[{"embeddable":true,"href":"https:\/\/lunatools.com\/sv\/wp-json\/wp\/v2\/media\/4049"}],"wp:attachment":[{"href":"https:\/\/lunatools.com\/sv\/wp-json\/wp\/v2\/media?parent=12675"}],"curies":[{"name":"wp","href":"https:\/\/api.w.org\/{rel}","templated":true}]}}