{"id":13284,"date":"2020-10-23T09:28:16","date_gmt":"2020-10-23T09:28:16","guid":{"rendered":"http:\/\/lunatools.com\/?page_id=13284"},"modified":"2020-11-24T12:56:31","modified_gmt":"2020-11-24T12:56:31","slug":"elverktygstillbehor-drive","status":"publish","type":"page","link":"https:\/\/lunatools.com\/sv\/elverktygstillbehor-drive\/","title":{"rendered":"Elverktygstillbeh\u00f6r Drive"},"content":{"rendered":"<div class=\"wpb-content-wrapper\"><p>[vc_row][vc_column]\n        <div class=\"block block--promo with-image valign--top text--white  align-left\">\n            <div class=\"promo\">\n                <div class=\"promo__image\">\n                    <img loading=\"lazy\" decoding=\"async\" width=\"1200\" height=\"800\" src=\"https:\/\/lunatools.com\/wp-content\/uploads\/2019\/02\/B2A6604.jpg\" class=\"attachment-full size-full\" alt=\"Tigers\u00e5gsblad Luna\" srcset=\"https:\/\/lunatools.com\/wp-content\/uploads\/2019\/02\/B2A6604.jpg 1200w, https:\/\/lunatools.com\/wp-content\/uploads\/2019\/02\/B2A6604-250x167.jpg 250w, https:\/\/lunatools.com\/wp-content\/uploads\/2019\/02\/B2A6604-768x512.jpg 768w, https:\/\/lunatools.com\/wp-content\/uploads\/2019\/02\/B2A6604-700x467.jpg 700w, https:\/\/lunatools.com\/wp-content\/uploads\/2019\/02\/B2A6604-120x80.jpg 120w, https:\/\/lunatools.com\/wp-content\/uploads\/2019\/02\/B2A6604-600x400.jpg 600w\" sizes=\"(max-width: 1200px) 100vw, 1200px\" \/>\n                <\/div>\n                <div class=\"promo__content block__col\">\n                    <div class=\"promo__content__inner\">\n                        <h3 class=\"promo__subtitle\">Specialisten p\u00e5<\/h3><h2 class=\"promo__title\">Kapning, borrning, slipning<\/h2>\n                        <p class=\"promo__text\">Vi \u00e4r en specialist p\u00e5 elverktygstillbeh\u00f6r. F\u00f6r oss inneb\u00e4r det att vi fokuserar 100% p\u00e5 att utveckla produkter som passar alla proffsmaskiner. Andra leverant\u00f6rer av elverktygstillbeh\u00f6r fokuserar prim\u00e4rt p\u00e5 sina elverktyg och s\u00e4ljer tillbeh\u00f6ren som en merk\u00f6psprodukt. Vi tycker att tillbeh\u00f6ren \u00e4r minst lika viktiga som elverktygen i sig och d\u00e4rf\u00f6r fokuserar vi som oberoende akt\u00f6r p\u00e5 att driva kategorin fram\u00e5t.<\/p>\n                        \n                    <\/div>\n                <\/div>\n            <\/div>\n        <\/div>[\/vc_column][\/vc_row][vc_row][vc_column]\n        <div class=\"block block--promo with-image valign--top bg--white  align-right\">\n            <div class=\"promo\">\n                <div class=\"promo__image\">\n                    <img loading=\"lazy\" decoding=\"async\" width=\"1200\" height=\"800\" src=\"https:\/\/lunatools.com\/wp-content\/uploads\/2020\/11\/201104_Luna0160-1-kopia.jpg\" class=\"attachment-full size-full\" alt=\"H\u00e5ls\u00e5g Luna Tools\" srcset=\"https:\/\/lunatools.com\/wp-content\/uploads\/2020\/11\/201104_Luna0160-1-kopia.jpg 1200w, https:\/\/lunatools.com\/wp-content\/uploads\/2020\/11\/201104_Luna0160-1-kopia-250x167.jpg 250w, https:\/\/lunatools.com\/wp-content\/uploads\/2020\/11\/201104_Luna0160-1-kopia-700x467.jpg 700w, https:\/\/lunatools.com\/wp-content\/uploads\/2020\/11\/201104_Luna0160-1-kopia-768x512.jpg 768w, https:\/\/lunatools.com\/wp-content\/uploads\/2020\/11\/201104_Luna0160-1-kopia-120x80.jpg 120w, https:\/\/lunatools.com\/wp-content\/uploads\/2020\/11\/201104_Luna0160-1-kopia-400x267.jpg 400w, https:\/\/lunatools.com\/wp-content\/uploads\/2020\/11\/201104_Luna0160-1-kopia-600x400.jpg 600w\" sizes=\"(max-width: 1200px) 100vw, 1200px\" \/>\n                <\/div>\n                <div class=\"promo__content block__col\">\n                    <div class=\"promo__content__inner\">\n                        <h3 class=\"promo__subtitle\">Nordens ledande producent<\/h3><h2 class=\"promo__title\">Lokal f\u00f6rankring<\/h2>\n                        <p class=\"promo__text\">Dagens hantverkare blir alltmer medvetna om kvalitet, milj\u00f6p\u00e5verkan och arbetsf\u00f6rh\u00e5llanden. D\u00e4rf\u00f6r utg\u00e5r vi alltid ifr\u00e5n anv\u00e4ndaren, de nordiska f\u00f6rh\u00e5llandena och den senaste teknologin vid framtagning av produkter.<\/p>\n<p>Som Nordens ledande producent av elverktygstillbeh\u00f6r kan vi erbjuda tillf\u00f6rlitliga leveranser med mindre milj\u00f6p\u00e5verkan och h\u00f6g tillg\u00e4nglighet.<\/p>\n                        \n                    <\/div>\n                <\/div>\n            <\/div>\n        <\/div>[\/vc_column][\/vc_row]<\/p>\n<\/div>","protected":false},"excerpt":{"rendered":"[vc_row][vc_column][\/vc_column][\/vc_row][vc_row][vc_column][\/vc_column][\/vc_row]","protected":false},"author":2,"featured_media":0,"parent":0,"menu_order":0,"comment_status":"closed","ping_status":"closed","template":"","meta":{"_acf_changed":false,"footnotes":""},"class_list":["post-13284","page","type-page","status-publish","hentry"],"acf":[],"yoast_head":"<!-- This site is optimized with the Yoast SEO plugin v23.4 - https:\/\/yoast.com\/wordpress\/plugins\/seo\/ -->\n<title>Elverktygstillbeh\u00f6r Drive - Luna tools<\/title>\n<meta name=\"robots\" content=\"index, nofollow, max-snippet:-1, max-image-preview:large, max-video-preview:-1\" \/>\n<link rel=\"canonical\" href=\"https:\/\/lunatools.com\/sv\/elverktygstillbehor-drive\/\" \/>\n<meta property=\"og:locale\" content=\"sv_SE\" \/>\n<meta property=\"og:type\" content=\"article\" \/>\n<meta property=\"og:title\" content=\"Elverktygstillbeh\u00f6r Drive - Luna tools\" \/>\n<meta property=\"og:description\" content=\"[vc_row][vc_column][\/vc_column][\/vc_row][vc_row][vc_column][\/vc_column][\/vc_row]\" \/>\n<meta property=\"og:url\" content=\"https:\/\/lunatools.com\/sv\/elverktygstillbehor-drive\/\" \/>\n<meta property=\"og:site_name\" content=\"Luna tools\" \/>\n<meta property=\"article:modified_time\" content=\"2020-11-24T12:56:31+00:00\" \/>\n<meta name=\"twitter:label1\" content=\"Ber\u00e4knad l\u00e4stid\" \/>\n\t<meta name=\"twitter:data1\" content=\"1 minut\" \/>\n<script type=\"application\/ld+json\" class=\"yoast-schema-graph\">{\"@context\":\"https:\/\/schema.org\",\"@graph\":[{\"@type\":\"WebPage\",\"@id\":\"https:\/\/lunatools.com\/sv\/elverktygstillbehor-drive\/\",\"url\":\"https:\/\/lunatools.com\/sv\/elverktygstillbehor-drive\/\",\"name\":\"Elverktygstillbeh\u00f6r Drive - Luna tools\",\"isPartOf\":{\"@id\":\"https:\/\/lunatools.com\/sv\/#website\"},\"datePublished\":\"2020-10-23T09:28:16+00:00\",\"dateModified\":\"2020-11-24T12:56:31+00:00\",\"breadcrumb\":{\"@id\":\"https:\/\/lunatools.com\/sv\/elverktygstillbehor-drive\/#breadcrumb\"},\"inLanguage\":\"sv-SE\",\"potentialAction\":[{\"@type\":\"ReadAction\",\"target\":[\"https:\/\/lunatools.com\/sv\/elverktygstillbehor-drive\/\"]}]},{\"@type\":\"BreadcrumbList\",\"@id\":\"https:\/\/lunatools.com\/sv\/elverktygstillbehor-drive\/#breadcrumb\",\"itemListElement\":[{\"@type\":\"ListItem\",\"position\":1,\"name\":\"Home\",\"item\":\"https:\/\/lunatools.com\/sv\/\"},{\"@type\":\"ListItem\",\"position\":2,\"name\":\"Elverktygstillbeh\u00f6r Drive\"}]},{\"@type\":\"WebSite\",\"@id\":\"https:\/\/lunatools.com\/sv\/#website\",\"url\":\"https:\/\/lunatools.com\/sv\/\",\"name\":\"Luna tools\",\"description\":\"\",\"publisher\":{\"@id\":\"https:\/\/lunatools.com\/sv\/#organization\"},\"potentialAction\":[{\"@type\":\"SearchAction\",\"target\":{\"@type\":\"EntryPoint\",\"urlTemplate\":\"https:\/\/lunatools.com\/sv\/?s={search_term_string}\"},\"query-input\":{\"@type\":\"PropertyValueSpecification\",\"valueRequired\":true,\"valueName\":\"search_term_string\"}}],\"inLanguage\":\"sv-SE\"},{\"@type\":\"Organization\",\"@id\":\"https:\/\/lunatools.com\/sv\/#organization\",\"name\":\"Luna Tools\",\"url\":\"https:\/\/lunatools.com\/sv\/\",\"logo\":{\"@type\":\"ImageObject\",\"inLanguage\":\"sv-SE\",\"@id\":\"https:\/\/lunatools.com\/sv\/#\/schema\/logo\/image\/\",\"url\":\"https:\/\/lunatools.com\/wp-content\/uploads\/2019\/10\/LunaTools-gray-logo.png\",\"contentUrl\":\"https:\/\/lunatools.com\/wp-content\/uploads\/2019\/10\/LunaTools-gray-logo.png\",\"width\":795,\"height\":309,\"caption\":\"Luna Tools\"},\"image\":{\"@id\":\"https:\/\/lunatools.com\/sv\/#\/schema\/logo\/image\/\"}}]}<\/script>\n<!-- \/ Yoast SEO plugin. -->","yoast_head_json":{"title":"Elverktygstillbeh\u00f6r Drive - Luna tools","robots":{"index":"index","follow":"nofollow","max-snippet":"max-snippet:-1","max-image-preview":"max-image-preview:large","max-video-preview":"max-video-preview:-1"},"canonical":"https:\/\/lunatools.com\/sv\/elverktygstillbehor-drive\/","og_locale":"sv_SE","og_type":"article","og_title":"Elverktygstillbeh\u00f6r Drive - Luna tools","og_description":"[vc_row][vc_column][\/vc_column][\/vc_row][vc_row][vc_column][\/vc_column][\/vc_row]","og_url":"https:\/\/lunatools.com\/sv\/elverktygstillbehor-drive\/","og_site_name":"Luna tools","article_modified_time":"2020-11-24T12:56:31+00:00","twitter_misc":{"Ber\u00e4knad l\u00e4stid":"1 minut"},"schema":{"@context":"https:\/\/schema.org","@graph":[{"@type":"WebPage","@id":"https:\/\/lunatools.com\/sv\/elverktygstillbehor-drive\/","url":"https:\/\/lunatools.com\/sv\/elverktygstillbehor-drive\/","name":"Elverktygstillbeh\u00f6r Drive - Luna tools","isPartOf":{"@id":"https:\/\/lunatools.com\/sv\/#website"},"datePublished":"2020-10-23T09:28:16+00:00","dateModified":"2020-11-24T12:56:31+00:00","breadcrumb":{"@id":"https:\/\/lunatools.com\/sv\/elverktygstillbehor-drive\/#breadcrumb"},"inLanguage":"sv-SE","potentialAction":[{"@type":"ReadAction","target":["https:\/\/lunatools.com\/sv\/elverktygstillbehor-drive\/"]}]},{"@type":"BreadcrumbList","@id":"https:\/\/lunatools.com\/sv\/elverktygstillbehor-drive\/#breadcrumb","itemListElement":[{"@type":"ListItem","position":1,"name":"Home","item":"https:\/\/lunatools.com\/sv\/"},{"@type":"ListItem","position":2,"name":"Elverktygstillbeh\u00f6r Drive"}]},{"@type":"WebSite","@id":"https:\/\/lunatools.com\/sv\/#website","url":"https:\/\/lunatools.com\/sv\/","name":"Luna tools","description":"","publisher":{"@id":"https:\/\/lunatools.com\/sv\/#organization"},"potentialAction":[{"@type":"SearchAction","target":{"@type":"EntryPoint","urlTemplate":"https:\/\/lunatools.com\/sv\/?s={search_term_string}"},"query-input":{"@type":"PropertyValueSpecification","valueRequired":true,"valueName":"search_term_string"}}],"inLanguage":"sv-SE"},{"@type":"Organization","@id":"https:\/\/lunatools.com\/sv\/#organization","name":"Luna Tools","url":"https:\/\/lunatools.com\/sv\/","logo":{"@type":"ImageObject","inLanguage":"sv-SE","@id":"https:\/\/lunatools.com\/sv\/#\/schema\/logo\/image\/","url":"https:\/\/lunatools.com\/wp-content\/uploads\/2019\/10\/LunaTools-gray-logo.png","contentUrl":"https:\/\/lunatools.com\/wp-content\/uploads\/2019\/10\/LunaTools-gray-logo.png","width":795,"height":309,"caption":"Luna Tools"},"image":{"@id":"https:\/\/lunatools.com\/sv\/#\/schema\/logo\/image\/"}}]}},"_links":{"self":[{"href":"https:\/\/lunatools.com\/sv\/wp-json\/wp\/v2\/pages\/13284"}],"collection":[{"href":"https:\/\/lunatools.com\/sv\/wp-json\/wp\/v2\/pages"}],"about":[{"href":"https:\/\/lunatools.com\/sv\/wp-json\/wp\/v2\/types\/page"}],"author":[{"embeddable":true,"href":"https:\/\/lunatools.com\/sv\/wp-json\/wp\/v2\/users\/2"}],"replies":[{"embeddable":true,"href":"https:\/\/lunatools.com\/sv\/wp-json\/wp\/v2\/comments?post=13284"}],"version-history":[{"count":46,"href":"https:\/\/lunatools.com\/sv\/wp-json\/wp\/v2\/pages\/13284\/revisions"}],"predecessor-version":[{"id":14004,"href":"https:\/\/lunatools.com\/sv\/wp-json\/wp\/v2\/pages\/13284\/revisions\/14004"}],"wp:attachment":[{"href":"https:\/\/lunatools.com\/sv\/wp-json\/wp\/v2\/media?parent=13284"}],"curies":[{"name":"wp","href":"https:\/\/api.w.org\/{rel}","templated":true}]}}