{"id":4094,"date":"2019-02-05T13:29:34","date_gmt":"2019-02-05T13:29:34","guid":{"rendered":"https:\/\/lunatools.com\/?page_id=4094"},"modified":"2022-10-06T11:44:40","modified_gmt":"2022-10-06T11:44:40","slug":"om-oss","status":"publish","type":"page","link":"https:\/\/lunatools.com\/sv\/om-oss\/","title":{"rendered":"Om oss"},"content":{"rendered":"<div class=\"wpb-content-wrapper\"><p>[vc_row][vc_column]\n        <div class=\"block block--promo with-image valign--center text--white bg--image align-left\">\n            <div class=\"promo\">\n                <div class=\"promo__image\">\n                    <img loading=\"lazy\" decoding=\"async\" width=\"1920\" height=\"623\" src=\"https:\/\/lunatools.com\/wp-content\/uploads\/2019\/02\/luna25542-1.jpg\" class=\"attachment-square size-square\" alt=\"Luna elverkt\u00f8ytilbeh\u00f8r\" srcset=\"https:\/\/lunatools.com\/wp-content\/uploads\/2019\/02\/luna25542-1.jpg 1920w, https:\/\/lunatools.com\/wp-content\/uploads\/2019\/02\/luna25542-1-250x81.jpg 250w, https:\/\/lunatools.com\/wp-content\/uploads\/2019\/02\/luna25542-1-768x249.jpg 768w, https:\/\/lunatools.com\/wp-content\/uploads\/2019\/02\/luna25542-1-700x227.jpg 700w, https:\/\/lunatools.com\/wp-content\/uploads\/2019\/02\/luna25542-1-120x39.jpg 120w, https:\/\/lunatools.com\/wp-content\/uploads\/2019\/02\/luna25542-1-600x195.jpg 600w\" sizes=\"(max-width: 1920px) 100vw, 1920px\" \/>\n                <\/div>\n                <div class=\"promo__content block__col\">\n                    <div class=\"promo__content__inner\">\n                        <h2 class=\"promo__title\">Luna Tools<\/h2>\n                        <p class=\"promo__text\">\u00e4r en svensk producent som utvecklar elverktygstillbeh\u00f6r, handverktyg och verktygss\u00e4kring f\u00f6r professionella hantverkare. \u202fVi arbetar med kunddriven produktinnovation och utvecklar l\u00f6sningar som \u00e4r anpassade f\u00f6r nordiska f\u00f6rh\u00e5llanden och anv\u00e4ndarens arbetsmilj\u00f6 och verkliga behov. All f\u00f6rs\u00e4ljning sker genom \u00e5terf\u00f6rs\u00e4ljare inom bygg- och industrifackhandeln.<\/p>\n<p><span data-contrast=\"auto\">Luna Tools har arbetat med verktyg i \u00f6ver 100 \u00e5r<\/span><span data-contrast=\"auto\">.<\/span><span data-contrast=\"auto\">\u00a0Genom fokus p\u00e5 s\u00e4kerhet, kvalitet och anv\u00e4ndarv\u00e4nlighet \u00e4r Luna Tools idag en av ledarna i branschen.<\/span><span data-contrast=\"auto\">\u00a0<\/span><\/p>\n                        \n                    <\/div>\n                <\/div>\n            <\/div>\n        <\/div>[vc_column_text]<\/p>\n<h2><b><span data-contrast=\"auto\">Vi<\/span><\/b><b><span data-contrast=\"auto\">\u00a0bidrar till samverkan f\u00f6r noll olyckor i byggbranschen<\/span><\/b><span data-ccp-props=\"{&quot;134233279&quot;:true,&quot;201341983&quot;:0,&quot;335559739&quot;:160,&quot;335559740&quot;:259}\">\u00a0<\/span><\/h2>\n<p><span data-contrast=\"auto\">S\u00e4kerhet \u00e4r ett av v\u00e5ra\u00a0<\/span><span data-contrast=\"auto\">k\u00e4rnv\u00e4rden.\u00a0<\/span><span data-contrast=\"auto\">Arbete p\u00e5 h\u00f6g h\u00f6jd \u00e4r en del av vardagen f\u00f6r nordiska hantverkare<\/span><span data-contrast=\"auto\">\u00a0och m<\/span><span data-contrast=\"auto\">ajoriteten arbetar dagligen eller varje vecka p\u00e5 tak, stegar och byggst\u00e4llningar.\u00a0<\/span><span data-contrast=\"auto\">\u00a0D\u00e4rf\u00f6r\u00a0<\/span><span data-contrast=\"auto\">vill vi<\/span><span data-contrast=\"auto\">\u00a0bidra med kunskap om risker med fallande f\u00f6rem\u00e5l och vilka m\u00f6jligheter som finns kring verktygss\u00e4kring<\/span><span data-contrast=\"auto\">.<\/span><span data-contrast=\"auto\">\u00a0<\/span><span data-contrast=\"auto\">Genom att engagera oss i organisationer och projekt som syftar till att \u00f6ka s\u00e4kerheten p\u00e5 byggarbetsplatser f\u00e5r vi en st\u00f6rre m\u00f6jlighet att f\u00e5 ut budskapet<\/span><span data-contrast=\"auto\">. Samtidigt \u00f6kar<\/span><span data-contrast=\"auto\">\u00a0<\/span><span data-contrast=\"auto\">vi\u00a0<\/span><span data-contrast=\"auto\">v\u00e5r egen kunskap om branschens utmaningar och behov.\u00a0<\/span><span data-contrast=\"auto\">2020 gick Luna Tools (om f\u00f6rsta producent av handverktyg och verktygss\u00e4kring) med som medlem i H\u00e5ll Nollan.<\/span><span data-contrast=\"auto\">\u00a0<\/span><span data-ccp-props=\"{&quot;201341983&quot;:0,&quot;335559739&quot;:160,&quot;335559740&quot;:259}\">\u00a0<\/span><\/p>\n<p><span data-contrast=\"auto\">Vi \u00e4r ocks\u00e5 engagerade i S\u00e4kerhetsparken samt norska motsvarigheten till H\u00e5ll Nollan \u2013\u00a0<\/span><span data-contrast=\"auto\">Samarbeid<\/span><span data-contrast=\"auto\">\u00a0for\u00a0<\/span><span data-contrast=\"auto\">Sikkerhet<\/span><span data-contrast=\"auto\">\u00a0i Bygg\u00a0<\/span><span data-contrast=\"auto\">og<\/span><span data-contrast=\"auto\">\u00a0<\/span><span data-contrast=\"auto\">Anlegg<\/span><span data-contrast=\"auto\">.<\/span>[\/vc_column_text]\n        <div class=\"block block--promo with-image valign--top text--white  align-right\">\n            <div class=\"promo\">\n                <div class=\"promo__image\">\n                    <img loading=\"lazy\" decoding=\"async\" width=\"3210\" height=\"2830\" src=\"https:\/\/lunatools.com\/wp-content\/uploads\/2020\/10\/HallNollan_logo_black.png\" class=\"attachment-full size-full\" alt=\"H\u00e5ll Nollan Logotype\" srcset=\"https:\/\/lunatools.com\/wp-content\/uploads\/2020\/10\/HallNollan_logo_black.png 3210w, https:\/\/lunatools.com\/wp-content\/uploads\/2020\/10\/HallNollan_logo_black-250x220.png 250w, https:\/\/lunatools.com\/wp-content\/uploads\/2020\/10\/HallNollan_logo_black-700x617.png 700w, https:\/\/lunatools.com\/wp-content\/uploads\/2020\/10\/HallNollan_logo_black-768x677.png 768w, https:\/\/lunatools.com\/wp-content\/uploads\/2020\/10\/HallNollan_logo_black-1536x1354.png 1536w, https:\/\/lunatools.com\/wp-content\/uploads\/2020\/10\/HallNollan_logo_black-2048x1806.png 2048w, https:\/\/lunatools.com\/wp-content\/uploads\/2020\/10\/HallNollan_logo_black-120x106.png 120w, https:\/\/lunatools.com\/wp-content\/uploads\/2020\/10\/HallNollan_logo_black-600x529.png 600w\" sizes=\"(max-width: 3210px) 100vw, 3210px\" \/>\n                <\/div>\n                <div class=\"promo__content block__col\">\n                    <div class=\"promo__content__inner\">\n                        <h2 class=\"promo__title\">H\u00e5ll Nollan<\/h2>\n                        <p class=\"promo__text\"><span data-contrast=\"auto\">\u00e4r en organisation med en vision om att ingen ska skada sig p\u00e5 v\u00e5ra byggarbetsplatser. Initiativet startades 2017 av f\u00f6reningen Samverkan f\u00f6r noll olyckor i <\/span><span data-contrast=\"auto\">byggbranschen. Idag har\u00a0<\/span><span data-contrast=\"auto\">organisationen ett\u00a0<\/span><span data-contrast=\"auto\">80-tal medlemmar och omfattar inte bara byggf\u00f6retag utan alla f\u00f6retag och organisationer som best\u00e4ller, planerar och genomf\u00f6r byggprojekt.<\/span><\/p>\n                        <a href=\"https:\/\/www.hallnollan.se\/\" class=\"promo__action btn\">Bes\u00f6k H\u00e5ll Nollan<i><\/i><\/a>\n                    <\/div>\n                <\/div>\n            <\/div>\n        <\/div>[vc_column_text]<\/p>\n<h2><span data-contrast=\"none\">Byggbranschens s\u00e4kerhetspark<\/span><span data-contrast=\"auto\">\u00a0<\/span><\/h2>\n<p><span data-contrast=\"auto\">drivs av en ekonomisk f\u00f6rening, d\u00e4r medlemmarna beslutar om inriktning, utveckling och framtid.<\/span><span data-ccp-props=\"{&quot;134233117&quot;:true,&quot;201341983&quot;:0,&quot;335559739&quot;:240,&quot;335559740&quot;:240}\">\u00a0<\/span><\/p>\n<p><span data-contrast=\"auto\">S\u00e4kerhetsparken\u202f\u00e4r en fysisk tr\u00e4ningsanl\u00e4ggning d\u00e4r m\u00e4nniskor som arbetar i byggbranschen ges m\u00f6jlighet att i grupp praktisera s\u00e4kerhet och reflektera kring beteende och attityder.\u202fVi \u00f6kar f\u00f6rst\u00e5elsen f\u00f6r hur beteenden p\u00e5verkar de beslut som fattas p\u00e5 arbetsplatsen individuellt och i grupp. Vi rekommenderar \u00e4ven best\u00e4llare och BAS-P att g\u00e5 utbildningen d\u00e5 mycket kan undvikas redan i projektens tidiga skeden.<\/span><\/p>\n<p><a href=\"https:\/\/buc.se\/utbildningar\/byggbranschens-sakerhetspark\/\">Bes\u00f6k byggbranschens s\u00e4kerhetspark<\/a>[\/vc_column_text][\/vc_column][\/vc_row]<\/p>\n<\/div>","protected":false},"excerpt":{"rendered":"[vc_row][vc_column][vc_column_text] Vi\u00a0bidrar till samverkan f\u00f6r noll olyckor i byggbranschen\u00a0 S\u00e4kerhet \u00e4r ett av v\u00e5ra\u00a0k\u00e4rnv\u00e4rden.\u00a0Arbete p\u00e5 h\u00f6g h\u00f6jd \u00e4r en del av vardagen f\u00f6r nordiska hantverkare\u00a0och majoriteten arbetar dagligen eller varje vecka p\u00e5 tak, stegar och byggst\u00e4llningar.\u00a0\u00a0D\u00e4rf\u00f6r\u00a0vill vi\u00a0bidra med kunskap om risker med fallande f\u00f6rem\u00e5l och vilka m\u00f6jligheter som finns kring verktygss\u00e4kring.\u00a0Genom att engagera oss i&#8230; <a class=\"view-article\" href=\"https:\/\/lunatools.com\/sv\/om-oss\/\">View Article<\/a>","protected":false},"author":1,"featured_media":0,"parent":0,"menu_order":0,"comment_status":"closed","ping_status":"closed","template":"","meta":{"_acf_changed":false,"footnotes":""},"class_list":["post-4094","page","type-page","status-publish","hentry"],"acf":[],"yoast_head":"<!-- This site is optimized with the Yoast SEO plugin v23.4 - https:\/\/yoast.com\/wordpress\/plugins\/seo\/ -->\n<title>Om oss | Luna tools<\/title>\n<meta name=\"description\" content=\"Om oss: t\u00e4nk, vad du kan \u00e5stadkomma med att alltid ha r\u00e4tt verktyg till varje uppgift. Verktyg som motsvarar dina professionella krav...\" \/>\n<meta name=\"robots\" content=\"index, follow, max-snippet:-1, max-image-preview:large, max-video-preview:-1\" \/>\n<link rel=\"canonical\" href=\"https:\/\/lunatools.com\/sv\/om-oss\/\" \/>\n<meta property=\"og:locale\" content=\"sv_SE\" \/>\n<meta property=\"og:type\" content=\"article\" \/>\n<meta property=\"og:title\" content=\"Om oss | Luna tools\" \/>\n<meta property=\"og:description\" content=\"Om oss: t\u00e4nk, vad du kan \u00e5stadkomma med att alltid ha r\u00e4tt verktyg till varje uppgift. Verktyg som motsvarar dina professionella krav...\" \/>\n<meta property=\"og:url\" content=\"https:\/\/lunatools.com\/sv\/om-oss\/\" \/>\n<meta property=\"og:site_name\" content=\"Luna tools\" \/>\n<meta property=\"article:modified_time\" content=\"2022-10-06T11:44:40+00:00\" \/>\n<meta name=\"twitter:label1\" content=\"Ber\u00e4knad l\u00e4stid\" \/>\n\t<meta name=\"twitter:data1\" content=\"2 minuter\" \/>\n<script type=\"application\/ld+json\" class=\"yoast-schema-graph\">{\"@context\":\"https:\/\/schema.org\",\"@graph\":[{\"@type\":\"WebPage\",\"@id\":\"https:\/\/lunatools.com\/sv\/om-oss\/\",\"url\":\"https:\/\/lunatools.com\/sv\/om-oss\/\",\"name\":\"Om oss | Luna tools\",\"isPartOf\":{\"@id\":\"https:\/\/lunatools.com\/sv\/#website\"},\"datePublished\":\"2019-02-05T13:29:34+00:00\",\"dateModified\":\"2022-10-06T11:44:40+00:00\",\"description\":\"Om oss: t\u00e4nk, vad du kan \u00e5stadkomma med att alltid ha r\u00e4tt verktyg till varje uppgift. Verktyg som motsvarar dina professionella krav...\",\"breadcrumb\":{\"@id\":\"https:\/\/lunatools.com\/sv\/om-oss\/#breadcrumb\"},\"inLanguage\":\"sv-SE\",\"potentialAction\":[{\"@type\":\"ReadAction\",\"target\":[\"https:\/\/lunatools.com\/sv\/om-oss\/\"]}]},{\"@type\":\"BreadcrumbList\",\"@id\":\"https:\/\/lunatools.com\/sv\/om-oss\/#breadcrumb\",\"itemListElement\":[{\"@type\":\"ListItem\",\"position\":1,\"name\":\"Home\",\"item\":\"https:\/\/lunatools.com\/sv\/\"},{\"@type\":\"ListItem\",\"position\":2,\"name\":\"Om oss\"}]},{\"@type\":\"WebSite\",\"@id\":\"https:\/\/lunatools.com\/sv\/#website\",\"url\":\"https:\/\/lunatools.com\/sv\/\",\"name\":\"Luna tools\",\"description\":\"\",\"publisher\":{\"@id\":\"https:\/\/lunatools.com\/sv\/#organization\"},\"potentialAction\":[{\"@type\":\"SearchAction\",\"target\":{\"@type\":\"EntryPoint\",\"urlTemplate\":\"https:\/\/lunatools.com\/sv\/?s={search_term_string}\"},\"query-input\":{\"@type\":\"PropertyValueSpecification\",\"valueRequired\":true,\"valueName\":\"search_term_string\"}}],\"inLanguage\":\"sv-SE\"},{\"@type\":\"Organization\",\"@id\":\"https:\/\/lunatools.com\/sv\/#organization\",\"name\":\"Luna Tools\",\"url\":\"https:\/\/lunatools.com\/sv\/\",\"logo\":{\"@type\":\"ImageObject\",\"inLanguage\":\"sv-SE\",\"@id\":\"https:\/\/lunatools.com\/sv\/#\/schema\/logo\/image\/\",\"url\":\"https:\/\/lunatools.com\/wp-content\/uploads\/2019\/10\/LunaTools-gray-logo.png\",\"contentUrl\":\"https:\/\/lunatools.com\/wp-content\/uploads\/2019\/10\/LunaTools-gray-logo.png\",\"width\":795,\"height\":309,\"caption\":\"Luna Tools\"},\"image\":{\"@id\":\"https:\/\/lunatools.com\/sv\/#\/schema\/logo\/image\/\"}}]}<\/script>\n<!-- \/ Yoast SEO plugin. -->","yoast_head_json":{"title":"Om oss | Luna tools","description":"Om oss: t\u00e4nk, vad du kan \u00e5stadkomma med att alltid ha r\u00e4tt verktyg till varje uppgift. Verktyg som motsvarar dina professionella krav...","robots":{"index":"index","follow":"follow","max-snippet":"max-snippet:-1","max-image-preview":"max-image-preview:large","max-video-preview":"max-video-preview:-1"},"canonical":"https:\/\/lunatools.com\/sv\/om-oss\/","og_locale":"sv_SE","og_type":"article","og_title":"Om oss | Luna tools","og_description":"Om oss: t\u00e4nk, vad du kan \u00e5stadkomma med att alltid ha r\u00e4tt verktyg till varje uppgift. Verktyg som motsvarar dina professionella krav...","og_url":"https:\/\/lunatools.com\/sv\/om-oss\/","og_site_name":"Luna tools","article_modified_time":"2022-10-06T11:44:40+00:00","twitter_misc":{"Ber\u00e4knad l\u00e4stid":"2 minuter"},"schema":{"@context":"https:\/\/schema.org","@graph":[{"@type":"WebPage","@id":"https:\/\/lunatools.com\/sv\/om-oss\/","url":"https:\/\/lunatools.com\/sv\/om-oss\/","name":"Om oss | Luna tools","isPartOf":{"@id":"https:\/\/lunatools.com\/sv\/#website"},"datePublished":"2019-02-05T13:29:34+00:00","dateModified":"2022-10-06T11:44:40+00:00","description":"Om oss: t\u00e4nk, vad du kan \u00e5stadkomma med att alltid ha r\u00e4tt verktyg till varje uppgift. Verktyg som motsvarar dina professionella krav...","breadcrumb":{"@id":"https:\/\/lunatools.com\/sv\/om-oss\/#breadcrumb"},"inLanguage":"sv-SE","potentialAction":[{"@type":"ReadAction","target":["https:\/\/lunatools.com\/sv\/om-oss\/"]}]},{"@type":"BreadcrumbList","@id":"https:\/\/lunatools.com\/sv\/om-oss\/#breadcrumb","itemListElement":[{"@type":"ListItem","position":1,"name":"Home","item":"https:\/\/lunatools.com\/sv\/"},{"@type":"ListItem","position":2,"name":"Om oss"}]},{"@type":"WebSite","@id":"https:\/\/lunatools.com\/sv\/#website","url":"https:\/\/lunatools.com\/sv\/","name":"Luna tools","description":"","publisher":{"@id":"https:\/\/lunatools.com\/sv\/#organization"},"potentialAction":[{"@type":"SearchAction","target":{"@type":"EntryPoint","urlTemplate":"https:\/\/lunatools.com\/sv\/?s={search_term_string}"},"query-input":{"@type":"PropertyValueSpecification","valueRequired":true,"valueName":"search_term_string"}}],"inLanguage":"sv-SE"},{"@type":"Organization","@id":"https:\/\/lunatools.com\/sv\/#organization","name":"Luna Tools","url":"https:\/\/lunatools.com\/sv\/","logo":{"@type":"ImageObject","inLanguage":"sv-SE","@id":"https:\/\/lunatools.com\/sv\/#\/schema\/logo\/image\/","url":"https:\/\/lunatools.com\/wp-content\/uploads\/2019\/10\/LunaTools-gray-logo.png","contentUrl":"https:\/\/lunatools.com\/wp-content\/uploads\/2019\/10\/LunaTools-gray-logo.png","width":795,"height":309,"caption":"Luna Tools"},"image":{"@id":"https:\/\/lunatools.com\/sv\/#\/schema\/logo\/image\/"}}]}},"_links":{"self":[{"href":"https:\/\/lunatools.com\/sv\/wp-json\/wp\/v2\/pages\/4094"}],"collection":[{"href":"https:\/\/lunatools.com\/sv\/wp-json\/wp\/v2\/pages"}],"about":[{"href":"https:\/\/lunatools.com\/sv\/wp-json\/wp\/v2\/types\/page"}],"author":[{"embeddable":true,"href":"https:\/\/lunatools.com\/sv\/wp-json\/wp\/v2\/users\/1"}],"replies":[{"embeddable":true,"href":"https:\/\/lunatools.com\/sv\/wp-json\/wp\/v2\/comments?post=4094"}],"version-history":[{"count":16,"href":"https:\/\/lunatools.com\/sv\/wp-json\/wp\/v2\/pages\/4094\/revisions"}],"predecessor-version":[{"id":65533,"href":"https:\/\/lunatools.com\/sv\/wp-json\/wp\/v2\/pages\/4094\/revisions\/65533"}],"wp:attachment":[{"href":"https:\/\/lunatools.com\/sv\/wp-json\/wp\/v2\/media?parent=4094"}],"curies":[{"name":"wp","href":"https:\/\/api.w.org\/{rel}","templated":true}]}}