{"id":5,"date":"2018-12-14T14:37:06","date_gmt":"2018-12-14T14:37:06","guid":{"rendered":"https:\/\/lunatools.com\/shop\/"},"modified":"2024-10-15T06:39:27","modified_gmt":"2024-10-15T06:39:27","slug":"handverktyg","status":"publish","type":"page","link":"https:\/\/lunatools.com\/sv\/handverktyg\/","title":{"rendered":"Handverktyg f\u00f6r professionella hantverkare och snickare"},"content":{"rendered":"<div class=\"wpb-content-wrapper\"><p>[vc_row content_placement=&#8221;bottom&#8221; css=&#8221;.vc_custom_1579872364043{margin-bottom: -60px !important;}&#8221;][vc_column]\n        <div class=\"block block--promo with-image valign--bottom bg--white  align-left\">\n            <div class=\"promo\">\n                <div class=\"promo__image\">\n                    <img loading=\"lazy\" decoding=\"async\" width=\"1152\" height=\"648\" src=\"https:\/\/lunatools.com\/wp-content\/uploads\/2019\/08\/Vergtygssa\u0308kring_lowres.jpg\" class=\"attachment-full size-full\" alt=\"I Lunas sortiment av verktygss\u00e4kring hittar du produkter f\u00f6r att kunna hantera verktyg s\u00e4kert p\u00e5 h\u00f6g h\u00f6jd. I sortimentet hittar du vulktejp, s\u00e4kerhetslinor, karbinhakar m m.\" srcset=\"https:\/\/lunatools.com\/wp-content\/uploads\/2019\/08\/Vergtygssa\u0308kring_lowres.jpg 1152w, https:\/\/lunatools.com\/wp-content\/uploads\/2019\/08\/Vergtygssa\u0308kring_lowres-250x141.jpg 250w, https:\/\/lunatools.com\/wp-content\/uploads\/2019\/08\/Vergtygssa\u0308kring_lowres-768x432.jpg 768w, https:\/\/lunatools.com\/wp-content\/uploads\/2019\/08\/Vergtygssa\u0308kring_lowres-700x394.jpg 700w, https:\/\/lunatools.com\/wp-content\/uploads\/2019\/08\/Vergtygssa\u0308kring_lowres-120x68.jpg 120w, https:\/\/lunatools.com\/wp-content\/uploads\/2019\/08\/Vergtygssa\u0308kring_lowres-600x338.jpg 600w\" sizes=\"(max-width: 1152px) 100vw, 1152px\" \/>\n                <\/div>\n                <div class=\"promo__content block__col\">\n                    <div class=\"promo__content__inner\">\n                        <h3 class=\"promo__subtitle\">ZeroDrop<\/h3><h2 class=\"promo__title\">S\u00e4kra dina handverktyg<\/h2>\n                        <p class=\"promo__text\">Med ZeroDrop kr\u00e4vs det bara tre steg &#8211; sen \u00e4r du redo att arbeta p\u00e5 h\u00f6g h\u00f6jd.<\/p>\n                        <a href=\"https:\/\/lunatools.com\/sv\/professional-guidance\/verktygssakra-genom-tre-enkla-steg\/\" class=\"promo__action btn\">L\u00e4s mer<i><\/i><\/a>\n                    <\/div>\n                <\/div>\n            <\/div>\n        <\/div>[\/vc_column][\/vc_row]<\/p>\n<\/div>","protected":false},"excerpt":{"rendered":"[vc_row content_placement=&#8221;bottom&#8221; css=&#8221;.vc_custom_1579872364043{margin-bottom: -60px !important;}&#8221;][vc_column][\/vc_column][\/vc_row]","protected":false},"author":1,"featured_media":0,"parent":0,"menu_order":0,"comment_status":"closed","ping_status":"closed","template":"template-product_type_landing_page.php","meta":{"_acf_changed":false,"footnotes":""},"class_list":["post-5","page","type-page","status-publish","hentry"],"acf":[],"yoast_head":"<!-- This site is optimized with the Yoast SEO plugin v23.4 - https:\/\/yoast.com\/wordpress\/plugins\/seo\/ -->\n<title>Handverktyg f\u00f6r professionella hantverkare och snickare - Luna tools<\/title>\n<meta name=\"description\" content=\"Vi har ett brett sortiment av handverktyg. I sortimentet ing\u00e5r: S\u00e5gar, hammare, yxor, tvingar, m\u00e4tband, slagverktyg och knivar\" \/>\n<meta name=\"robots\" content=\"index, follow, max-snippet:-1, max-image-preview:large, max-video-preview:-1\" \/>\n<link rel=\"canonical\" href=\"https:\/\/lunatools.com\/sv\/handverktyg\/\" \/>\n<meta property=\"og:locale\" content=\"sv_SE\" \/>\n<meta property=\"og:type\" content=\"article\" \/>\n<meta property=\"og:title\" content=\"Handverktyg f\u00f6r professionella hantverkare och snickare - Luna tools\" \/>\n<meta property=\"og:description\" content=\"Vi har ett brett sortiment av handverktyg. I sortimentet ing\u00e5r: S\u00e5gar, hammare, yxor, tvingar, m\u00e4tband, slagverktyg och knivar\" \/>\n<meta property=\"og:url\" content=\"https:\/\/lunatools.com\/sv\/handverktyg\/\" \/>\n<meta property=\"og:site_name\" content=\"Luna tools\" \/>\n<meta property=\"article:modified_time\" content=\"2024-10-15T06:39:27+00:00\" \/>\n<meta name=\"twitter:label1\" content=\"Ber\u00e4knad l\u00e4stid\" \/>\n\t<meta name=\"twitter:data1\" content=\"1 minut\" \/>\n<script type=\"application\/ld+json\" class=\"yoast-schema-graph\">{\"@context\":\"https:\/\/schema.org\",\"@graph\":[{\"@type\":\"WebPage\",\"@id\":\"https:\/\/lunatools.com\/sv\/handverktyg\/\",\"url\":\"https:\/\/lunatools.com\/sv\/handverktyg\/\",\"name\":\"Handverktyg f\u00f6r professionella hantverkare och snickare - Luna tools\",\"isPartOf\":{\"@id\":\"https:\/\/lunatools.com\/sv\/#website\"},\"datePublished\":\"2018-12-14T14:37:06+00:00\",\"dateModified\":\"2024-10-15T06:39:27+00:00\",\"description\":\"Vi har ett brett sortiment av handverktyg. I sortimentet ing\u00e5r: S\u00e5gar, hammare, yxor, tvingar, m\u00e4tband, slagverktyg och knivar\",\"breadcrumb\":{\"@id\":\"https:\/\/lunatools.com\/sv\/handverktyg\/#breadcrumb\"},\"inLanguage\":\"sv-SE\",\"potentialAction\":[{\"@type\":\"ReadAction\",\"target\":[\"https:\/\/lunatools.com\/sv\/handverktyg\/\"]}]},{\"@type\":\"BreadcrumbList\",\"@id\":\"https:\/\/lunatools.com\/sv\/handverktyg\/#breadcrumb\",\"itemListElement\":[{\"@type\":\"ListItem\",\"position\":1,\"name\":\"Home\",\"item\":\"https:\/\/lunatools.com\/sv\/\"},{\"@type\":\"ListItem\",\"position\":2,\"name\":\"Handverktyg f\u00f6r professionella hantverkare och snickare\"}]},{\"@type\":\"WebSite\",\"@id\":\"https:\/\/lunatools.com\/sv\/#website\",\"url\":\"https:\/\/lunatools.com\/sv\/\",\"name\":\"Luna tools\",\"description\":\"\",\"publisher\":{\"@id\":\"https:\/\/lunatools.com\/sv\/#organization\"},\"potentialAction\":[{\"@type\":\"SearchAction\",\"target\":{\"@type\":\"EntryPoint\",\"urlTemplate\":\"https:\/\/lunatools.com\/sv\/?s={search_term_string}\"},\"query-input\":{\"@type\":\"PropertyValueSpecification\",\"valueRequired\":true,\"valueName\":\"search_term_string\"}}],\"inLanguage\":\"sv-SE\"},{\"@type\":\"Organization\",\"@id\":\"https:\/\/lunatools.com\/sv\/#organization\",\"name\":\"Luna Tools\",\"url\":\"https:\/\/lunatools.com\/sv\/\",\"logo\":{\"@type\":\"ImageObject\",\"inLanguage\":\"sv-SE\",\"@id\":\"https:\/\/lunatools.com\/sv\/#\/schema\/logo\/image\/\",\"url\":\"https:\/\/lunatools.com\/wp-content\/uploads\/2019\/10\/LunaTools-gray-logo.png\",\"contentUrl\":\"https:\/\/lunatools.com\/wp-content\/uploads\/2019\/10\/LunaTools-gray-logo.png\",\"width\":795,\"height\":309,\"caption\":\"Luna Tools\"},\"image\":{\"@id\":\"https:\/\/lunatools.com\/sv\/#\/schema\/logo\/image\/\"}}]}<\/script>\n<!-- \/ Yoast SEO plugin. -->","yoast_head_json":{"title":"Handverktyg f\u00f6r professionella hantverkare och snickare - Luna tools","description":"Vi har ett brett sortiment av handverktyg. I sortimentet ing\u00e5r: S\u00e5gar, hammare, yxor, tvingar, m\u00e4tband, slagverktyg och knivar","robots":{"index":"index","follow":"follow","max-snippet":"max-snippet:-1","max-image-preview":"max-image-preview:large","max-video-preview":"max-video-preview:-1"},"canonical":"https:\/\/lunatools.com\/sv\/handverktyg\/","og_locale":"sv_SE","og_type":"article","og_title":"Handverktyg f\u00f6r professionella hantverkare och snickare - Luna tools","og_description":"Vi har ett brett sortiment av handverktyg. I sortimentet ing\u00e5r: S\u00e5gar, hammare, yxor, tvingar, m\u00e4tband, slagverktyg och knivar","og_url":"https:\/\/lunatools.com\/sv\/handverktyg\/","og_site_name":"Luna tools","article_modified_time":"2024-10-15T06:39:27+00:00","twitter_misc":{"Ber\u00e4knad l\u00e4stid":"1 minut"},"schema":{"@context":"https:\/\/schema.org","@graph":[{"@type":"WebPage","@id":"https:\/\/lunatools.com\/sv\/handverktyg\/","url":"https:\/\/lunatools.com\/sv\/handverktyg\/","name":"Handverktyg f\u00f6r professionella hantverkare och snickare - Luna tools","isPartOf":{"@id":"https:\/\/lunatools.com\/sv\/#website"},"datePublished":"2018-12-14T14:37:06+00:00","dateModified":"2024-10-15T06:39:27+00:00","description":"Vi har ett brett sortiment av handverktyg. I sortimentet ing\u00e5r: S\u00e5gar, hammare, yxor, tvingar, m\u00e4tband, slagverktyg och knivar","breadcrumb":{"@id":"https:\/\/lunatools.com\/sv\/handverktyg\/#breadcrumb"},"inLanguage":"sv-SE","potentialAction":[{"@type":"ReadAction","target":["https:\/\/lunatools.com\/sv\/handverktyg\/"]}]},{"@type":"BreadcrumbList","@id":"https:\/\/lunatools.com\/sv\/handverktyg\/#breadcrumb","itemListElement":[{"@type":"ListItem","position":1,"name":"Home","item":"https:\/\/lunatools.com\/sv\/"},{"@type":"ListItem","position":2,"name":"Handverktyg f\u00f6r professionella hantverkare och snickare"}]},{"@type":"WebSite","@id":"https:\/\/lunatools.com\/sv\/#website","url":"https:\/\/lunatools.com\/sv\/","name":"Luna tools","description":"","publisher":{"@id":"https:\/\/lunatools.com\/sv\/#organization"},"potentialAction":[{"@type":"SearchAction","target":{"@type":"EntryPoint","urlTemplate":"https:\/\/lunatools.com\/sv\/?s={search_term_string}"},"query-input":{"@type":"PropertyValueSpecification","valueRequired":true,"valueName":"search_term_string"}}],"inLanguage":"sv-SE"},{"@type":"Organization","@id":"https:\/\/lunatools.com\/sv\/#organization","name":"Luna Tools","url":"https:\/\/lunatools.com\/sv\/","logo":{"@type":"ImageObject","inLanguage":"sv-SE","@id":"https:\/\/lunatools.com\/sv\/#\/schema\/logo\/image\/","url":"https:\/\/lunatools.com\/wp-content\/uploads\/2019\/10\/LunaTools-gray-logo.png","contentUrl":"https:\/\/lunatools.com\/wp-content\/uploads\/2019\/10\/LunaTools-gray-logo.png","width":795,"height":309,"caption":"Luna Tools"},"image":{"@id":"https:\/\/lunatools.com\/sv\/#\/schema\/logo\/image\/"}}]}},"_links":{"self":[{"href":"https:\/\/lunatools.com\/sv\/wp-json\/wp\/v2\/pages\/5"}],"collection":[{"href":"https:\/\/lunatools.com\/sv\/wp-json\/wp\/v2\/pages"}],"about":[{"href":"https:\/\/lunatools.com\/sv\/wp-json\/wp\/v2\/types\/page"}],"author":[{"embeddable":true,"href":"https:\/\/lunatools.com\/sv\/wp-json\/wp\/v2\/users\/1"}],"replies":[{"embeddable":true,"href":"https:\/\/lunatools.com\/sv\/wp-json\/wp\/v2\/comments?post=5"}],"version-history":[{"count":22,"href":"https:\/\/lunatools.com\/sv\/wp-json\/wp\/v2\/pages\/5\/revisions"}],"predecessor-version":[{"id":66352,"href":"https:\/\/lunatools.com\/sv\/wp-json\/wp\/v2\/pages\/5\/revisions\/66352"}],"wp:attachment":[{"href":"https:\/\/lunatools.com\/sv\/wp-json\/wp\/v2\/media?parent=5"}],"curies":[{"name":"wp","href":"https:\/\/api.w.org\/{rel}","templated":true}]}}