{"id":65363,"date":"2022-06-21T09:30:57","date_gmt":"2022-06-21T09:30:57","guid":{"rendered":"https:\/\/lunatools.com\/?page_id=65363"},"modified":"2022-06-21T09:31:39","modified_gmt":"2022-06-21T09:31:39","slug":"handverktyg","status":"publish","type":"page","link":"https:\/\/lunatools.com\/sv\/professional-guidance\/handverktyg\/","title":{"rendered":"Handverktyg"},"content":{"rendered":"<div class=\"wpb-content-wrapper\"><p>[vc_row][vc_column]\n        <div class=\"block block--chapter\">\n            <div class=\"chapters\">\n                \n                    <div class=\"chapter\"><div class=\"chapter__image\"><a href=\"https:\/\/lunatools.com\/sv\/professional-guidance\/handverktyg\/sa-valjer-du-ratt-hammare\/\"><img decoding=\"async\" src=\"https:\/\/lunatools.com\/wp-content\/uploads\/2021\/11\/Snickarhammare_lowres-700x394.jpg\" alt=\"S\u00e5 v\u00e4ljer du r\u00e4tt hammare\" \/><\/a><\/div><h4 class=\"chapter__title small\">\n                            <a href=\"https:\/\/lunatools.com\/sv\/professional-guidance\/handverktyg\/sa-valjer-du-ratt-hammare\/\">S\u00e5 v\u00e4ljer du r\u00e4tt hammare<\/a>\n                        <\/h4><a href=\"https:\/\/lunatools.com\/sv\/professional-guidance\/handverktyg\/sa-valjer-du-ratt-hammare\/\">L\u00e4s mer<\/a><\/div>\n            <\/div>\n        <\/div>[\/vc_column][\/vc_row]<\/p>\n<\/div>","protected":false},"excerpt":{"rendered":"[vc_row][vc_column][\/vc_column][\/vc_row]","protected":false},"author":2,"featured_media":11672,"parent":3863,"menu_order":0,"comment_status":"closed","ping_status":"closed","template":"","meta":{"_acf_changed":false,"footnotes":""},"class_list":["post-65363","page","type-page","status-publish","has-post-thumbnail","hentry"],"acf":[],"yoast_head":"<!-- This site is optimized with the Yoast SEO plugin v23.4 - https:\/\/yoast.com\/wordpress\/plugins\/seo\/ -->\n<title>Effektiva tips kring Handverktyg - Luna tools | V\u00e4lj r\u00e4tt Handverktyg<\/title>\n<meta name=\"description\" content=\"Ta del av de b\u00e4sta tipsen kring handverktyg. V\u00e4lj r\u00e4tt och g\u00f6r r\u00e4tt f\u00f6r att uppn\u00e5 full potential. Vi har ett brett sortiment av handverktyg\" \/>\n<meta name=\"robots\" content=\"index, follow, max-snippet:-1, max-image-preview:large, max-video-preview:-1\" \/>\n<link rel=\"canonical\" href=\"https:\/\/lunatools.com\/sv\/professional-guidance\/handverktyg\/\" \/>\n<meta property=\"og:locale\" content=\"sv_SE\" \/>\n<meta property=\"og:type\" content=\"article\" \/>\n<meta property=\"og:title\" content=\"Effektiva tips kring Handverktyg - Luna tools | V\u00e4lj r\u00e4tt Handverktyg\" \/>\n<meta property=\"og:description\" content=\"Ta del av de b\u00e4sta tipsen kring handverktyg. V\u00e4lj r\u00e4tt och g\u00f6r r\u00e4tt f\u00f6r att uppn\u00e5 full potential. Vi har ett brett sortiment av handverktyg\" \/>\n<meta property=\"og:url\" content=\"https:\/\/lunatools.com\/sv\/professional-guidance\/handverktyg\/\" \/>\n<meta property=\"og:site_name\" content=\"Luna tools\" \/>\n<meta property=\"article:modified_time\" content=\"2022-06-21T09:31:39+00:00\" \/>\n<meta property=\"og:image\" content=\"http:\/\/lunatools.com\/wp-content\/uploads\/2019\/08\/Handverktyg_samlingsbild.jpg\" \/>\n\t<meta property=\"og:image:width\" content=\"1152\" \/>\n\t<meta property=\"og:image:height\" content=\"695\" \/>\n\t<meta property=\"og:image:type\" content=\"image\/jpeg\" \/>\n<script type=\"application\/ld+json\" class=\"yoast-schema-graph\">{\"@context\":\"https:\/\/schema.org\",\"@graph\":[{\"@type\":\"WebPage\",\"@id\":\"https:\/\/lunatools.com\/sv\/professional-guidance\/handverktyg\/\",\"url\":\"https:\/\/lunatools.com\/sv\/professional-guidance\/handverktyg\/\",\"name\":\"Effektiva tips kring Handverktyg - Luna tools | V\u00e4lj r\u00e4tt Handverktyg\",\"isPartOf\":{\"@id\":\"https:\/\/lunatools.com\/sv\/#website\"},\"primaryImageOfPage\":{\"@id\":\"https:\/\/lunatools.com\/sv\/professional-guidance\/handverktyg\/#primaryimage\"},\"image\":{\"@id\":\"https:\/\/lunatools.com\/sv\/professional-guidance\/handverktyg\/#primaryimage\"},\"thumbnailUrl\":\"https:\/\/lunatools.com\/wp-content\/uploads\/2019\/08\/Handverktyg_samlingsbild.jpg\",\"datePublished\":\"2022-06-21T09:30:57+00:00\",\"dateModified\":\"2022-06-21T09:31:39+00:00\",\"description\":\"Ta del av de b\u00e4sta tipsen kring handverktyg. V\u00e4lj r\u00e4tt och g\u00f6r r\u00e4tt f\u00f6r att uppn\u00e5 full potential. Vi har ett brett sortiment av handverktyg\",\"breadcrumb\":{\"@id\":\"https:\/\/lunatools.com\/sv\/professional-guidance\/handverktyg\/#breadcrumb\"},\"inLanguage\":\"sv-SE\",\"potentialAction\":[{\"@type\":\"ReadAction\",\"target\":[\"https:\/\/lunatools.com\/sv\/professional-guidance\/handverktyg\/\"]}]},{\"@type\":\"ImageObject\",\"inLanguage\":\"sv-SE\",\"@id\":\"https:\/\/lunatools.com\/sv\/professional-guidance\/handverktyg\/#primaryimage\",\"url\":\"https:\/\/lunatools.com\/wp-content\/uploads\/2019\/08\/Handverktyg_samlingsbild.jpg\",\"contentUrl\":\"https:\/\/lunatools.com\/wp-content\/uploads\/2019\/08\/Handverktyg_samlingsbild.jpg\",\"width\":1152,\"height\":695,\"caption\":\"I Lunas sortiment av handverktyg hittar du hammare, slagverktyg, s\u00e5gar, yxor, m\u00e4tband, tvingar och knivar\"},{\"@type\":\"BreadcrumbList\",\"@id\":\"https:\/\/lunatools.com\/sv\/professional-guidance\/handverktyg\/#breadcrumb\",\"itemListElement\":[{\"@type\":\"ListItem\",\"position\":1,\"name\":\"Home\",\"item\":\"https:\/\/lunatools.com\/sv\/\"},{\"@type\":\"ListItem\",\"position\":2,\"name\":\"Professional guidance | R\u00e4tt verktyg f\u00f6r jobbet\",\"item\":\"https:\/\/lunatools.com\/sv\/professional-guidance\/\"},{\"@type\":\"ListItem\",\"position\":3,\"name\":\"Handverktyg\"}]},{\"@type\":\"WebSite\",\"@id\":\"https:\/\/lunatools.com\/sv\/#website\",\"url\":\"https:\/\/lunatools.com\/sv\/\",\"name\":\"Luna tools\",\"description\":\"\",\"publisher\":{\"@id\":\"https:\/\/lunatools.com\/sv\/#organization\"},\"potentialAction\":[{\"@type\":\"SearchAction\",\"target\":{\"@type\":\"EntryPoint\",\"urlTemplate\":\"https:\/\/lunatools.com\/sv\/?s={search_term_string}\"},\"query-input\":{\"@type\":\"PropertyValueSpecification\",\"valueRequired\":true,\"valueName\":\"search_term_string\"}}],\"inLanguage\":\"sv-SE\"},{\"@type\":\"Organization\",\"@id\":\"https:\/\/lunatools.com\/sv\/#organization\",\"name\":\"Luna Tools\",\"url\":\"https:\/\/lunatools.com\/sv\/\",\"logo\":{\"@type\":\"ImageObject\",\"inLanguage\":\"sv-SE\",\"@id\":\"https:\/\/lunatools.com\/sv\/#\/schema\/logo\/image\/\",\"url\":\"https:\/\/lunatools.com\/wp-content\/uploads\/2019\/10\/LunaTools-gray-logo.png\",\"contentUrl\":\"https:\/\/lunatools.com\/wp-content\/uploads\/2019\/10\/LunaTools-gray-logo.png\",\"width\":795,\"height\":309,\"caption\":\"Luna Tools\"},\"image\":{\"@id\":\"https:\/\/lunatools.com\/sv\/#\/schema\/logo\/image\/\"}}]}<\/script>\n<!-- \/ Yoast SEO plugin. -->","yoast_head_json":{"title":"Effektiva tips kring Handverktyg - Luna tools | V\u00e4lj r\u00e4tt Handverktyg","description":"Ta del av de b\u00e4sta tipsen kring handverktyg. V\u00e4lj r\u00e4tt och g\u00f6r r\u00e4tt f\u00f6r att uppn\u00e5 full potential. Vi har ett brett sortiment av handverktyg","robots":{"index":"index","follow":"follow","max-snippet":"max-snippet:-1","max-image-preview":"max-image-preview:large","max-video-preview":"max-video-preview:-1"},"canonical":"https:\/\/lunatools.com\/sv\/professional-guidance\/handverktyg\/","og_locale":"sv_SE","og_type":"article","og_title":"Effektiva tips kring Handverktyg - Luna tools | V\u00e4lj r\u00e4tt Handverktyg","og_description":"Ta del av de b\u00e4sta tipsen kring handverktyg. V\u00e4lj r\u00e4tt och g\u00f6r r\u00e4tt f\u00f6r att uppn\u00e5 full potential. Vi har ett brett sortiment av handverktyg","og_url":"https:\/\/lunatools.com\/sv\/professional-guidance\/handverktyg\/","og_site_name":"Luna tools","article_modified_time":"2022-06-21T09:31:39+00:00","og_image":[{"width":1152,"height":695,"url":"http:\/\/lunatools.com\/wp-content\/uploads\/2019\/08\/Handverktyg_samlingsbild.jpg","type":"image\/jpeg"}],"schema":{"@context":"https:\/\/schema.org","@graph":[{"@type":"WebPage","@id":"https:\/\/lunatools.com\/sv\/professional-guidance\/handverktyg\/","url":"https:\/\/lunatools.com\/sv\/professional-guidance\/handverktyg\/","name":"Effektiva tips kring Handverktyg - Luna tools | V\u00e4lj r\u00e4tt Handverktyg","isPartOf":{"@id":"https:\/\/lunatools.com\/sv\/#website"},"primaryImageOfPage":{"@id":"https:\/\/lunatools.com\/sv\/professional-guidance\/handverktyg\/#primaryimage"},"image":{"@id":"https:\/\/lunatools.com\/sv\/professional-guidance\/handverktyg\/#primaryimage"},"thumbnailUrl":"https:\/\/lunatools.com\/wp-content\/uploads\/2019\/08\/Handverktyg_samlingsbild.jpg","datePublished":"2022-06-21T09:30:57+00:00","dateModified":"2022-06-21T09:31:39+00:00","description":"Ta del av de b\u00e4sta tipsen kring handverktyg. V\u00e4lj r\u00e4tt och g\u00f6r r\u00e4tt f\u00f6r att uppn\u00e5 full potential. Vi har ett brett sortiment av handverktyg","breadcrumb":{"@id":"https:\/\/lunatools.com\/sv\/professional-guidance\/handverktyg\/#breadcrumb"},"inLanguage":"sv-SE","potentialAction":[{"@type":"ReadAction","target":["https:\/\/lunatools.com\/sv\/professional-guidance\/handverktyg\/"]}]},{"@type":"ImageObject","inLanguage":"sv-SE","@id":"https:\/\/lunatools.com\/sv\/professional-guidance\/handverktyg\/#primaryimage","url":"https:\/\/lunatools.com\/wp-content\/uploads\/2019\/08\/Handverktyg_samlingsbild.jpg","contentUrl":"https:\/\/lunatools.com\/wp-content\/uploads\/2019\/08\/Handverktyg_samlingsbild.jpg","width":1152,"height":695,"caption":"I Lunas sortiment av handverktyg hittar du hammare, slagverktyg, s\u00e5gar, yxor, m\u00e4tband, tvingar och knivar"},{"@type":"BreadcrumbList","@id":"https:\/\/lunatools.com\/sv\/professional-guidance\/handverktyg\/#breadcrumb","itemListElement":[{"@type":"ListItem","position":1,"name":"Home","item":"https:\/\/lunatools.com\/sv\/"},{"@type":"ListItem","position":2,"name":"Professional guidance | R\u00e4tt verktyg f\u00f6r jobbet","item":"https:\/\/lunatools.com\/sv\/professional-guidance\/"},{"@type":"ListItem","position":3,"name":"Handverktyg"}]},{"@type":"WebSite","@id":"https:\/\/lunatools.com\/sv\/#website","url":"https:\/\/lunatools.com\/sv\/","name":"Luna tools","description":"","publisher":{"@id":"https:\/\/lunatools.com\/sv\/#organization"},"potentialAction":[{"@type":"SearchAction","target":{"@type":"EntryPoint","urlTemplate":"https:\/\/lunatools.com\/sv\/?s={search_term_string}"},"query-input":{"@type":"PropertyValueSpecification","valueRequired":true,"valueName":"search_term_string"}}],"inLanguage":"sv-SE"},{"@type":"Organization","@id":"https:\/\/lunatools.com\/sv\/#organization","name":"Luna Tools","url":"https:\/\/lunatools.com\/sv\/","logo":{"@type":"ImageObject","inLanguage":"sv-SE","@id":"https:\/\/lunatools.com\/sv\/#\/schema\/logo\/image\/","url":"https:\/\/lunatools.com\/wp-content\/uploads\/2019\/10\/LunaTools-gray-logo.png","contentUrl":"https:\/\/lunatools.com\/wp-content\/uploads\/2019\/10\/LunaTools-gray-logo.png","width":795,"height":309,"caption":"Luna Tools"},"image":{"@id":"https:\/\/lunatools.com\/sv\/#\/schema\/logo\/image\/"}}]}},"_links":{"self":[{"href":"https:\/\/lunatools.com\/sv\/wp-json\/wp\/v2\/pages\/65363"}],"collection":[{"href":"https:\/\/lunatools.com\/sv\/wp-json\/wp\/v2\/pages"}],"about":[{"href":"https:\/\/lunatools.com\/sv\/wp-json\/wp\/v2\/types\/page"}],"author":[{"embeddable":true,"href":"https:\/\/lunatools.com\/sv\/wp-json\/wp\/v2\/users\/2"}],"replies":[{"embeddable":true,"href":"https:\/\/lunatools.com\/sv\/wp-json\/wp\/v2\/comments?post=65363"}],"version-history":[{"count":1,"href":"https:\/\/lunatools.com\/sv\/wp-json\/wp\/v2\/pages\/65363\/revisions"}],"predecessor-version":[{"id":65364,"href":"https:\/\/lunatools.com\/sv\/wp-json\/wp\/v2\/pages\/65363\/revisions\/65364"}],"up":[{"embeddable":true,"href":"https:\/\/lunatools.com\/sv\/wp-json\/wp\/v2\/pages\/3863"}],"wp:featuredmedia":[{"embeddable":true,"href":"https:\/\/lunatools.com\/sv\/wp-json\/wp\/v2\/media\/11672"}],"wp:attachment":[{"href":"https:\/\/lunatools.com\/sv\/wp-json\/wp\/v2\/media?parent=65363"}],"curies":[{"name":"wp","href":"https:\/\/api.w.org\/{rel}","templated":true}]}}