{"id":65365,"date":"2022-06-21T09:44:29","date_gmt":"2022-06-21T09:44:29","guid":{"rendered":"https:\/\/lunatools.com\/?page_id=65365"},"modified":"2022-06-23T09:28:06","modified_gmt":"2022-06-23T09:28:06","slug":"sa-valjer-du-ratt-hammare","status":"publish","type":"page","link":"https:\/\/lunatools.com\/sv\/professional-guidance\/handverktyg\/sa-valjer-du-ratt-hammare\/","title":{"rendered":"S\u00e5 v\u00e4ljer du r\u00e4tt hammare"},"content":{"rendered":"<div class=\"wpb-content-wrapper\"><p>[vc_row][vc_column][vc_column_text]<strong>Det finns m\u00e5nga olika typer av hammare, bland dessa \u00e4r snickarhammaren den vanligaste. R\u00e4tt val kan g\u00f6ra stor skillnad i ergonomi, resultat och prestation. Den h\u00e4r guiden hj\u00e4lper dig att f\u00f6rst\u00e5 vilken snickarhammare du skall v\u00e4lja f\u00f6r ditt jobb.<\/strong>[\/vc_column_text][vc_column_text]<\/p>\n<h4><strong>Olika hammare<\/strong><\/h4>\n<p>Hammaren \u00e4r utformad p\u00e5 ett speciellt s\u00e4tt f\u00f6r att ge dig b\u00e4st resultat f\u00f6r ditt jobb. Beroende p\u00e5 vad du skall g\u00f6ra s\u00e5 beh\u00f6ver du en anpassad produkt efter behovet, dvs g\u00f6r du m\u00e5nga olika uppgifter s\u00e5 beh\u00f6ver du m\u00e5nga olika hammare. <a href=\"https:\/\/lunatools.com\/sv\/product-category\/snickarhammare-sv\/\">Se v\u00e5rt sortiment av hammare<\/a>[\/vc_column_text][vc_column_text]<\/p>\n<h4>Snickarhammare<\/h4>\n<p>Det finns flera olika typer av snickarhammare vilket har sin grund i vilket byggmaterial man har tillg\u00e4ngligt. I Sverige har vi mycket skog och med det \u00e4r tr\u00e4 det viktigaste materialet medan i grannlandet Danmark anv\u00e4nder man mer tegel och sten.[\/vc_column_text][vc_column_text]<\/p>\n<h4>Storlekar och material p\u00e5 snickarhammaren<\/h4>\n<p>Det finns olika storlekar p\u00e5 snickarhammare och dessa anges i viktenheten ounce (OZ). 16 eller 20 \u00e4r vanligast.<\/p>\n<p>Man kan dela upp snickarhammare i fyra olika grupper:<\/p>\n<ul>\n<li>Helsmidda hammare d\u00e4r skalle och skaft \u00e4r tillverkat i ett stycke vilket ger en mycket stark och bra konstruktion med god balans.<\/li>\n<li>St\u00e5lr\u00f6rshammare d\u00e4r skallen \u00e4r smidd och monterad p\u00e5 ett st\u00e5lr\u00f6rsskaft.<\/li>\n<li>Tr\u00e4skafthammare d\u00e4r skallen \u00e4r smidd och monterad p\u00e5 ett skaft av tr\u00e4, helst hickory som \u00e4r mycket slagt\u00e5ligt.<\/li>\n<li>Glasfiberskaftad hammare d\u00e4r skallen \u00e4r smidd och monterad p\u00e5 ett glasfiberskaft. T\u00e5lig men inte s\u00e5 god balans.<\/li>\n<\/ul>\n<p>[\/vc_column_text][vc_column_text]<\/p>\n<h4>\u00d6vrigt kring hammare<\/h4>\n<p>Gemensamt f\u00f6r alla snickarhammare \u00e4r att klysen (spikurdragaren) skall ha tunnslipade \u00e4ndar s\u00e5 att man l\u00e4tt kommer under spikhuvuden eller lister som skall brytas loss utan att skada materialet i on\u00f6dan. Det finns ocks\u00e5 olika vinkel \u201db\u00f6j\u201d p\u00e5 klysen. Med en rundad utformning, vilket ocks\u00e5 \u00e4r den vanligaste utformningen, blir det l\u00e4ttare att dra ut spik eller bryta mindre lister och br\u00e4dor. Det finns vissa modeller med \u201drak\u201d klys vilket anv\u00e4nds till formhammare eller stomspikningshammare av lite st\u00f6rre modeller.<\/p>\n<p>En del hammare har \u201dspikf\u00e4ste\u201d i skallen. Det \u00e4r en smart anordning som h\u00e5ller fast spiken i f\u00f6rsta f\u00e4st-slaget. Perfekt om du med ena handen h\u00e5ller till exempel en br\u00e4da och med andra handen h\u00e5ller b\u00e5de hammare och spik.[\/vc_column_text][vc_column_text]<\/p>\n<h4>Handtagsgrepp<\/h4>\n<p>Det finns m\u00e5nga olika typer av handtagsgrepp mestadels i gummimaterial. K\u00e4nn efter hur handtaget passar din hand s\u00e5 att resultat blir sk\u00f6nt och att du har ett s\u00e4kert grepp. Slutligen vill vi s\u00e4ga att var noga n\u00e4r du v\u00e4ljer hammare. Det p\u00e5verkar din ergonomi och ditt byggresultat mer \u00e4n du tror.[\/vc_column_text][vc_column_text]<\/p>\n<h4>Checklista: S\u00e5 v\u00e4ljer du r\u00e4tt snickarhammare steg f\u00f6r steg<\/h4>\n<ul>\n<li>Kolla vilken teknisk konstruktion som passar dig b\u00e4st, helsmidd, st\u00e5lr\u00f6r, tr\u00e4 eller glasfiber.<\/li>\n<li>V\u00e4lj storlek, vikt p\u00e5 skalle som anges i ounce (OZ)<\/li>\n<li>Inspektera hur klysen (spikurdragaren) \u00e4r slipad.<\/li>\n<li>V\u00e4lj b\u00f6jd eller rak klys.<\/li>\n<li>V\u00e4lj mellan skalle med eller utan spikh\u00e5llare.<\/li>\n<li>K\u00e4nn hur handtaget passar din hand.<\/li>\n<\/ul>\n<p>[\/vc_column_text][\/vc_column][\/vc_row]<\/p>\n<\/div>","protected":false},"excerpt":{"rendered":"[vc_row][vc_column][vc_column_text]Det finns m\u00e5nga olika typer av hammare, bland dessa \u00e4r snickarhammaren den vanligaste. R\u00e4tt val kan g\u00f6ra stor skillnad i ergonomi, resultat och prestation. Den h\u00e4r guiden hj\u00e4lper dig att f\u00f6rst\u00e5 vilken snickarhammare du skall v\u00e4lja f\u00f6r ditt jobb.[\/vc_column_text][vc_column_text] Olika hammare Hammaren \u00e4r utformad p\u00e5 ett speciellt s\u00e4tt f\u00f6r att ge dig b\u00e4st resultat f\u00f6r&#8230; <a class=\"view-article\" href=\"https:\/\/lunatools.com\/sv\/professional-guidance\/handverktyg\/sa-valjer-du-ratt-hammare\/\">View Article<\/a>","protected":false},"author":2,"featured_media":64182,"parent":65363,"menu_order":0,"comment_status":"closed","ping_status":"closed","template":"","meta":{"_acf_changed":false,"footnotes":""},"class_list":["post-65365","page","type-page","status-publish","has-post-thumbnail","hentry"],"acf":[],"yoast_head":"<!-- This site is optimized with the Yoast SEO plugin v23.4 - https:\/\/yoast.com\/wordpress\/plugins\/seo\/ -->\n<title>Betongborr | S\u00e5 v\u00e4ljer du r\u00e4tt hammare - Luna tools<\/title>\n<meta name=\"description\" content=\"Det finns m\u00e5nga olika typer av hammare, bland dessa \u00e4r snickarhammaren den vanligaste. R\u00e4tt val kan g\u00f6ra stor skillnad i ergonomi, resul\" \/>\n<meta name=\"robots\" content=\"index, follow, max-snippet:-1, max-image-preview:large, max-video-preview:-1\" \/>\n<link rel=\"canonical\" href=\"https:\/\/lunatools.com\/sv\/professional-guidance\/handverktyg\/sa-valjer-du-ratt-hammare\/\" \/>\n<meta property=\"og:locale\" content=\"sv_SE\" \/>\n<meta property=\"og:type\" content=\"article\" \/>\n<meta property=\"og:title\" content=\"Betongborr | S\u00e5 v\u00e4ljer du r\u00e4tt hammare - Luna tools\" \/>\n<meta property=\"og:description\" content=\"Det finns m\u00e5nga olika typer av hammare, bland dessa \u00e4r snickarhammaren den vanligaste. R\u00e4tt val kan g\u00f6ra stor skillnad i ergonomi, resul\" \/>\n<meta property=\"og:url\" content=\"https:\/\/lunatools.com\/sv\/professional-guidance\/handverktyg\/sa-valjer-du-ratt-hammare\/\" \/>\n<meta property=\"og:site_name\" content=\"Luna tools\" \/>\n<meta property=\"article:modified_time\" content=\"2022-06-23T09:28:06+00:00\" \/>\n<meta property=\"og:image\" content=\"http:\/\/lunatools.com\/wp-content\/uploads\/2021\/11\/Snickarhammare_lowres.jpg\" \/>\n\t<meta property=\"og:image:width\" content=\"1152\" \/>\n\t<meta property=\"og:image:height\" content=\"648\" \/>\n\t<meta property=\"og:image:type\" content=\"image\/jpeg\" \/>\n<meta name=\"twitter:label1\" content=\"Ber\u00e4knad l\u00e4stid\" \/>\n\t<meta name=\"twitter:data1\" content=\"3 minuter\" \/>\n<script type=\"application\/ld+json\" class=\"yoast-schema-graph\">{\"@context\":\"https:\/\/schema.org\",\"@graph\":[{\"@type\":\"WebPage\",\"@id\":\"https:\/\/lunatools.com\/sv\/professional-guidance\/handverktyg\/sa-valjer-du-ratt-hammare\/\",\"url\":\"https:\/\/lunatools.com\/sv\/professional-guidance\/handverktyg\/sa-valjer-du-ratt-hammare\/\",\"name\":\"Betongborr | S\u00e5 v\u00e4ljer du r\u00e4tt hammare - Luna tools\",\"isPartOf\":{\"@id\":\"https:\/\/lunatools.com\/sv\/#website\"},\"primaryImageOfPage\":{\"@id\":\"https:\/\/lunatools.com\/sv\/professional-guidance\/handverktyg\/sa-valjer-du-ratt-hammare\/#primaryimage\"},\"image\":{\"@id\":\"https:\/\/lunatools.com\/sv\/professional-guidance\/handverktyg\/sa-valjer-du-ratt-hammare\/#primaryimage\"},\"thumbnailUrl\":\"https:\/\/lunatools.com\/wp-content\/uploads\/2021\/11\/Snickarhammare_lowres.jpg\",\"datePublished\":\"2022-06-21T09:44:29+00:00\",\"dateModified\":\"2022-06-23T09:28:06+00:00\",\"description\":\"Det finns m\u00e5nga olika typer av hammare, bland dessa \u00e4r snickarhammaren den vanligaste. R\u00e4tt val kan g\u00f6ra stor skillnad i ergonomi, resul\",\"breadcrumb\":{\"@id\":\"https:\/\/lunatools.com\/sv\/professional-guidance\/handverktyg\/sa-valjer-du-ratt-hammare\/#breadcrumb\"},\"inLanguage\":\"sv-SE\",\"potentialAction\":[{\"@type\":\"ReadAction\",\"target\":[\"https:\/\/lunatools.com\/sv\/professional-guidance\/handverktyg\/sa-valjer-du-ratt-hammare\/\"]}]},{\"@type\":\"ImageObject\",\"inLanguage\":\"sv-SE\",\"@id\":\"https:\/\/lunatools.com\/sv\/professional-guidance\/handverktyg\/sa-valjer-du-ratt-hammare\/#primaryimage\",\"url\":\"https:\/\/lunatools.com\/wp-content\/uploads\/2021\/11\/Snickarhammare_lowres.jpg\",\"contentUrl\":\"https:\/\/lunatools.com\/wp-content\/uploads\/2021\/11\/Snickarhammare_lowres.jpg\",\"width\":1152,\"height\":648},{\"@type\":\"BreadcrumbList\",\"@id\":\"https:\/\/lunatools.com\/sv\/professional-guidance\/handverktyg\/sa-valjer-du-ratt-hammare\/#breadcrumb\",\"itemListElement\":[{\"@type\":\"ListItem\",\"position\":1,\"name\":\"Home\",\"item\":\"https:\/\/lunatools.com\/sv\/\"},{\"@type\":\"ListItem\",\"position\":2,\"name\":\"Professional guidance | R\u00e4tt verktyg f\u00f6r jobbet\",\"item\":\"https:\/\/lunatools.com\/sv\/professional-guidance\/\"},{\"@type\":\"ListItem\",\"position\":3,\"name\":\"Handverktyg\",\"item\":\"https:\/\/lunatools.com\/sv\/professional-guidance\/handverktyg\/\"},{\"@type\":\"ListItem\",\"position\":4,\"name\":\"S\u00e5 v\u00e4ljer du r\u00e4tt hammare\"}]},{\"@type\":\"WebSite\",\"@id\":\"https:\/\/lunatools.com\/sv\/#website\",\"url\":\"https:\/\/lunatools.com\/sv\/\",\"name\":\"Luna tools\",\"description\":\"\",\"publisher\":{\"@id\":\"https:\/\/lunatools.com\/sv\/#organization\"},\"potentialAction\":[{\"@type\":\"SearchAction\",\"target\":{\"@type\":\"EntryPoint\",\"urlTemplate\":\"https:\/\/lunatools.com\/sv\/?s={search_term_string}\"},\"query-input\":{\"@type\":\"PropertyValueSpecification\",\"valueRequired\":true,\"valueName\":\"search_term_string\"}}],\"inLanguage\":\"sv-SE\"},{\"@type\":\"Organization\",\"@id\":\"https:\/\/lunatools.com\/sv\/#organization\",\"name\":\"Luna Tools\",\"url\":\"https:\/\/lunatools.com\/sv\/\",\"logo\":{\"@type\":\"ImageObject\",\"inLanguage\":\"sv-SE\",\"@id\":\"https:\/\/lunatools.com\/sv\/#\/schema\/logo\/image\/\",\"url\":\"https:\/\/lunatools.com\/wp-content\/uploads\/2019\/10\/LunaTools-gray-logo.png\",\"contentUrl\":\"https:\/\/lunatools.com\/wp-content\/uploads\/2019\/10\/LunaTools-gray-logo.png\",\"width\":795,\"height\":309,\"caption\":\"Luna Tools\"},\"image\":{\"@id\":\"https:\/\/lunatools.com\/sv\/#\/schema\/logo\/image\/\"}}]}<\/script>\n<!-- \/ Yoast SEO plugin. -->","yoast_head_json":{"title":"Betongborr | S\u00e5 v\u00e4ljer du r\u00e4tt hammare - Luna tools","description":"Det finns m\u00e5nga olika typer av hammare, bland dessa \u00e4r snickarhammaren den vanligaste. R\u00e4tt val kan g\u00f6ra stor skillnad i ergonomi, resul","robots":{"index":"index","follow":"follow","max-snippet":"max-snippet:-1","max-image-preview":"max-image-preview:large","max-video-preview":"max-video-preview:-1"},"canonical":"https:\/\/lunatools.com\/sv\/professional-guidance\/handverktyg\/sa-valjer-du-ratt-hammare\/","og_locale":"sv_SE","og_type":"article","og_title":"Betongborr | S\u00e5 v\u00e4ljer du r\u00e4tt hammare - Luna tools","og_description":"Det finns m\u00e5nga olika typer av hammare, bland dessa \u00e4r snickarhammaren den vanligaste. R\u00e4tt val kan g\u00f6ra stor skillnad i ergonomi, resul","og_url":"https:\/\/lunatools.com\/sv\/professional-guidance\/handverktyg\/sa-valjer-du-ratt-hammare\/","og_site_name":"Luna tools","article_modified_time":"2022-06-23T09:28:06+00:00","og_image":[{"width":1152,"height":648,"url":"http:\/\/lunatools.com\/wp-content\/uploads\/2021\/11\/Snickarhammare_lowres.jpg","type":"image\/jpeg"}],"twitter_misc":{"Ber\u00e4knad l\u00e4stid":"3 minuter"},"schema":{"@context":"https:\/\/schema.org","@graph":[{"@type":"WebPage","@id":"https:\/\/lunatools.com\/sv\/professional-guidance\/handverktyg\/sa-valjer-du-ratt-hammare\/","url":"https:\/\/lunatools.com\/sv\/professional-guidance\/handverktyg\/sa-valjer-du-ratt-hammare\/","name":"Betongborr | S\u00e5 v\u00e4ljer du r\u00e4tt hammare - Luna tools","isPartOf":{"@id":"https:\/\/lunatools.com\/sv\/#website"},"primaryImageOfPage":{"@id":"https:\/\/lunatools.com\/sv\/professional-guidance\/handverktyg\/sa-valjer-du-ratt-hammare\/#primaryimage"},"image":{"@id":"https:\/\/lunatools.com\/sv\/professional-guidance\/handverktyg\/sa-valjer-du-ratt-hammare\/#primaryimage"},"thumbnailUrl":"https:\/\/lunatools.com\/wp-content\/uploads\/2021\/11\/Snickarhammare_lowres.jpg","datePublished":"2022-06-21T09:44:29+00:00","dateModified":"2022-06-23T09:28:06+00:00","description":"Det finns m\u00e5nga olika typer av hammare, bland dessa \u00e4r snickarhammaren den vanligaste. R\u00e4tt val kan g\u00f6ra stor skillnad i ergonomi, resul","breadcrumb":{"@id":"https:\/\/lunatools.com\/sv\/professional-guidance\/handverktyg\/sa-valjer-du-ratt-hammare\/#breadcrumb"},"inLanguage":"sv-SE","potentialAction":[{"@type":"ReadAction","target":["https:\/\/lunatools.com\/sv\/professional-guidance\/handverktyg\/sa-valjer-du-ratt-hammare\/"]}]},{"@type":"ImageObject","inLanguage":"sv-SE","@id":"https:\/\/lunatools.com\/sv\/professional-guidance\/handverktyg\/sa-valjer-du-ratt-hammare\/#primaryimage","url":"https:\/\/lunatools.com\/wp-content\/uploads\/2021\/11\/Snickarhammare_lowres.jpg","contentUrl":"https:\/\/lunatools.com\/wp-content\/uploads\/2021\/11\/Snickarhammare_lowres.jpg","width":1152,"height":648},{"@type":"BreadcrumbList","@id":"https:\/\/lunatools.com\/sv\/professional-guidance\/handverktyg\/sa-valjer-du-ratt-hammare\/#breadcrumb","itemListElement":[{"@type":"ListItem","position":1,"name":"Home","item":"https:\/\/lunatools.com\/sv\/"},{"@type":"ListItem","position":2,"name":"Professional guidance | R\u00e4tt verktyg f\u00f6r jobbet","item":"https:\/\/lunatools.com\/sv\/professional-guidance\/"},{"@type":"ListItem","position":3,"name":"Handverktyg","item":"https:\/\/lunatools.com\/sv\/professional-guidance\/handverktyg\/"},{"@type":"ListItem","position":4,"name":"S\u00e5 v\u00e4ljer du r\u00e4tt hammare"}]},{"@type":"WebSite","@id":"https:\/\/lunatools.com\/sv\/#website","url":"https:\/\/lunatools.com\/sv\/","name":"Luna tools","description":"","publisher":{"@id":"https:\/\/lunatools.com\/sv\/#organization"},"potentialAction":[{"@type":"SearchAction","target":{"@type":"EntryPoint","urlTemplate":"https:\/\/lunatools.com\/sv\/?s={search_term_string}"},"query-input":{"@type":"PropertyValueSpecification","valueRequired":true,"valueName":"search_term_string"}}],"inLanguage":"sv-SE"},{"@type":"Organization","@id":"https:\/\/lunatools.com\/sv\/#organization","name":"Luna Tools","url":"https:\/\/lunatools.com\/sv\/","logo":{"@type":"ImageObject","inLanguage":"sv-SE","@id":"https:\/\/lunatools.com\/sv\/#\/schema\/logo\/image\/","url":"https:\/\/lunatools.com\/wp-content\/uploads\/2019\/10\/LunaTools-gray-logo.png","contentUrl":"https:\/\/lunatools.com\/wp-content\/uploads\/2019\/10\/LunaTools-gray-logo.png","width":795,"height":309,"caption":"Luna Tools"},"image":{"@id":"https:\/\/lunatools.com\/sv\/#\/schema\/logo\/image\/"}}]}},"_links":{"self":[{"href":"https:\/\/lunatools.com\/sv\/wp-json\/wp\/v2\/pages\/65365"}],"collection":[{"href":"https:\/\/lunatools.com\/sv\/wp-json\/wp\/v2\/pages"}],"about":[{"href":"https:\/\/lunatools.com\/sv\/wp-json\/wp\/v2\/types\/page"}],"author":[{"embeddable":true,"href":"https:\/\/lunatools.com\/sv\/wp-json\/wp\/v2\/users\/2"}],"replies":[{"embeddable":true,"href":"https:\/\/lunatools.com\/sv\/wp-json\/wp\/v2\/comments?post=65365"}],"version-history":[{"count":2,"href":"https:\/\/lunatools.com\/sv\/wp-json\/wp\/v2\/pages\/65365\/revisions"}],"predecessor-version":[{"id":65367,"href":"https:\/\/lunatools.com\/sv\/wp-json\/wp\/v2\/pages\/65365\/revisions\/65367"}],"up":[{"embeddable":true,"href":"https:\/\/lunatools.com\/sv\/wp-json\/wp\/v2\/pages\/65363"}],"wp:featuredmedia":[{"embeddable":true,"href":"https:\/\/lunatools.com\/sv\/wp-json\/wp\/v2\/media\/64182"}],"wp:attachment":[{"href":"https:\/\/lunatools.com\/sv\/wp-json\/wp\/v2\/media?parent=65365"}],"curies":[{"name":"wp","href":"https:\/\/api.w.org\/{rel}","templated":true}]}}