{"id":1172,"date":"2025-11-14T00:30:04","date_gmt":"2025-11-14T00:30:04","guid":{"rendered":"https:\/\/lunatools.com\/product\/sticksagblad-t125x9x13-6t-5\/"},"modified":"2025-11-14T00:30:04","modified_gmt":"2025-11-14T00:30:04","slug":"sticksagblad-t125x9x13-6t-5","status":"publish","type":"product","link":"https:\/\/lunatools.com\/sv\/product\/sticksagblad-t125x9x13-6t-5\/","title":{"rendered":"STICKS\u00c5GBLAD T125X9X1,3 6T (5)"},"content":{"rendered":"<p>S\u00e5gblad f\u00f6r elektriska sticks\u00e5gar. Tillverkade av verktygsst\u00e5l med slipade skr\u00e4nkta t\u00e4nder.<br \/>\nLevereras i SB-f\u00f6rpackning om 2, 5, 50 eller 100 blad.<br \/>\nAnv\u00e4ndningsomr\u00e5de\/Egenskaper: Tr\u00e4, plywood, sp\u00e5nskiva. Snabba, grova snitt.<\/p>\n","protected":false},"excerpt":{"rendered":"S\u00e5gblad f\u00f6r elektriska sticks\u00e5gar. Tillverkade av verktygsst\u00e5l med slipade skr\u00e4nkta t\u00e4nder. Levereras i SB-f\u00f6rpackning om 2, 5, 50 eller 100 blad. Anv\u00e4ndningsomr\u00e5de\/Egenskaper: Tr\u00e4, plywood, sp\u00e5nskiva. Snabba, grova snitt.","protected":false},"featured_media":39991,"template":"","meta":{"_acf_changed":false},"product_cat":[395,396],"product_tag":[],"class_list":{"0":"post-1172","1":"product","2":"type-product","3":"status-publish","4":"has-post-thumbnail","6":"product_cat-sagblad-sv","7":"product_cat-sticksagblad-sv","9":"first","10":"instock","11":"shipping-taxable","12":"product-type-simple"},"acf":[],"yoast_head":"<!-- This site is optimized with the Yoast SEO plugin v23.4 - https:\/\/yoast.com\/wordpress\/plugins\/seo\/ -->\n<title>STICKS\u00c5GBLAD T125X9X1,3 6T (5) - Luna tools<\/title>\n<meta name=\"robots\" content=\"index, follow, max-snippet:-1, max-image-preview:large, max-video-preview:-1\" \/>\n<link rel=\"canonical\" href=\"https:\/\/lunatools.com\/sv\/product\/sticksagblad-t125x9x13-6t-5\/\" \/>\n<meta property=\"og:locale\" content=\"sv_SE\" \/>\n<meta property=\"og:type\" content=\"article\" \/>\n<meta property=\"og:title\" content=\"STICKS\u00c5GBLAD T125X9X1,3 6T (5) - Luna tools\" \/>\n<meta property=\"og:description\" content=\"S\u00e5gblad f\u00f6r elektriska sticks\u00e5gar. Tillverkade av verktygsst\u00e5l med slipade skr\u00e4nkta t\u00e4nder. Levereras i SB-f\u00f6rpackning om 2, 5, 50 eller 100 blad. Anv\u00e4ndningsomr\u00e5de\/Egenskaper: Tr\u00e4, plywood, sp\u00e5nskiva. Snabba, grova snitt.\" \/>\n<meta property=\"og:url\" content=\"https:\/\/lunatools.com\/sv\/product\/sticksagblad-t125x9x13-6t-5\/\" \/>\n<meta property=\"og:site_name\" content=\"Luna tools\" \/>\n<meta property=\"og:image\" content=\"https:\/\/lunatools.com\/wp-content\/uploads\/2021\/03\/864257-65.jpg\" \/>\n\t<meta property=\"og:image:width\" content=\"1400\" \/>\n\t<meta property=\"og:image:height\" content=\"500\" \/>\n\t<meta property=\"og:image:type\" content=\"image\/jpeg\" \/>\n<script type=\"application\/ld+json\" class=\"yoast-schema-graph\">{\"@context\":\"https:\/\/schema.org\",\"@graph\":[{\"@type\":\"WebPage\",\"@id\":\"https:\/\/lunatools.com\/sv\/product\/sticksagblad-t125x9x13-6t-5\/\",\"url\":\"https:\/\/lunatools.com\/sv\/product\/sticksagblad-t125x9x13-6t-5\/\",\"name\":\"STICKS\u00c5GBLAD T125X9X1,3 6T (5) - Luna tools\",\"isPartOf\":{\"@id\":\"https:\/\/lunatools.com\/sv\/#website\"},\"primaryImageOfPage\":{\"@id\":\"https:\/\/lunatools.com\/sv\/product\/sticksagblad-t125x9x13-6t-5\/#primaryimage\"},\"image\":{\"@id\":\"https:\/\/lunatools.com\/sv\/product\/sticksagblad-t125x9x13-6t-5\/#primaryimage\"},\"thumbnailUrl\":\"https:\/\/lunatools.com\/wp-content\/uploads\/2021\/03\/864257-65.jpg\",\"datePublished\":\"2025-11-14T00:30:04+00:00\",\"dateModified\":\"2025-11-14T00:30:04+00:00\",\"breadcrumb\":{\"@id\":\"https:\/\/lunatools.com\/sv\/product\/sticksagblad-t125x9x13-6t-5\/#breadcrumb\"},\"inLanguage\":\"sv-SE\",\"potentialAction\":[{\"@type\":\"ReadAction\",\"target\":[\"https:\/\/lunatools.com\/sv\/product\/sticksagblad-t125x9x13-6t-5\/\"]}]},{\"@type\":\"ImageObject\",\"inLanguage\":\"sv-SE\",\"@id\":\"https:\/\/lunatools.com\/sv\/product\/sticksagblad-t125x9x13-6t-5\/#primaryimage\",\"url\":\"https:\/\/lunatools.com\/wp-content\/uploads\/2021\/03\/864257-65.jpg\",\"contentUrl\":\"https:\/\/lunatools.com\/wp-content\/uploads\/2021\/03\/864257-65.jpg\",\"width\":1400,\"height\":500},{\"@type\":\"BreadcrumbList\",\"@id\":\"https:\/\/lunatools.com\/sv\/product\/sticksagblad-t125x9x13-6t-5\/#breadcrumb\",\"itemListElement\":[{\"@type\":\"ListItem\",\"position\":1,\"name\":\"Home\",\"item\":\"https:\/\/lunatools.com\/sv\/\"},{\"@type\":\"ListItem\",\"position\":2,\"name\":\"Produkty\",\"item\":\"https:\/\/lunatools.com\/pl\/shop\/\"},{\"@type\":\"ListItem\",\"position\":3,\"name\":\"STICKS\u00c5GBLAD T125X9X1,3 6T (5)\"}]},{\"@type\":\"WebSite\",\"@id\":\"https:\/\/lunatools.com\/sv\/#website\",\"url\":\"https:\/\/lunatools.com\/sv\/\",\"name\":\"Luna tools\",\"description\":\"\",\"publisher\":{\"@id\":\"https:\/\/lunatools.com\/sv\/#organization\"},\"potentialAction\":[{\"@type\":\"SearchAction\",\"target\":{\"@type\":\"EntryPoint\",\"urlTemplate\":\"https:\/\/lunatools.com\/sv\/?s={search_term_string}\"},\"query-input\":{\"@type\":\"PropertyValueSpecification\",\"valueRequired\":true,\"valueName\":\"search_term_string\"}}],\"inLanguage\":\"sv-SE\"},{\"@type\":\"Organization\",\"@id\":\"https:\/\/lunatools.com\/sv\/#organization\",\"name\":\"Luna Tools\",\"url\":\"https:\/\/lunatools.com\/sv\/\",\"logo\":{\"@type\":\"ImageObject\",\"inLanguage\":\"sv-SE\",\"@id\":\"https:\/\/lunatools.com\/sv\/#\/schema\/logo\/image\/\",\"url\":\"https:\/\/lunatools.com\/wp-content\/uploads\/2019\/10\/LunaTools-gray-logo.png\",\"contentUrl\":\"https:\/\/lunatools.com\/wp-content\/uploads\/2019\/10\/LunaTools-gray-logo.png\",\"width\":795,\"height\":309,\"caption\":\"Luna Tools\"},\"image\":{\"@id\":\"https:\/\/lunatools.com\/sv\/#\/schema\/logo\/image\/\"}}]}<\/script>\n<!-- \/ Yoast SEO plugin. -->","yoast_head_json":{"title":"STICKS\u00c5GBLAD T125X9X1,3 6T (5) - Luna tools","robots":{"index":"index","follow":"follow","max-snippet":"max-snippet:-1","max-image-preview":"max-image-preview:large","max-video-preview":"max-video-preview:-1"},"canonical":"https:\/\/lunatools.com\/sv\/product\/sticksagblad-t125x9x13-6t-5\/","og_locale":"sv_SE","og_type":"article","og_title":"STICKS\u00c5GBLAD T125X9X1,3 6T (5) - Luna tools","og_description":"S\u00e5gblad f\u00f6r elektriska sticks\u00e5gar. Tillverkade av verktygsst\u00e5l med slipade skr\u00e4nkta t\u00e4nder. Levereras i SB-f\u00f6rpackning om 2, 5, 50 eller 100 blad. Anv\u00e4ndningsomr\u00e5de\/Egenskaper: Tr\u00e4, plywood, sp\u00e5nskiva. Snabba, grova snitt.","og_url":"https:\/\/lunatools.com\/sv\/product\/sticksagblad-t125x9x13-6t-5\/","og_site_name":"Luna tools","og_image":[{"width":1400,"height":500,"url":"https:\/\/lunatools.com\/wp-content\/uploads\/2021\/03\/864257-65.jpg","type":"image\/jpeg"}],"schema":{"@context":"https:\/\/schema.org","@graph":[{"@type":"WebPage","@id":"https:\/\/lunatools.com\/sv\/product\/sticksagblad-t125x9x13-6t-5\/","url":"https:\/\/lunatools.com\/sv\/product\/sticksagblad-t125x9x13-6t-5\/","name":"STICKS\u00c5GBLAD T125X9X1,3 6T (5) - Luna tools","isPartOf":{"@id":"https:\/\/lunatools.com\/sv\/#website"},"primaryImageOfPage":{"@id":"https:\/\/lunatools.com\/sv\/product\/sticksagblad-t125x9x13-6t-5\/#primaryimage"},"image":{"@id":"https:\/\/lunatools.com\/sv\/product\/sticksagblad-t125x9x13-6t-5\/#primaryimage"},"thumbnailUrl":"https:\/\/lunatools.com\/wp-content\/uploads\/2021\/03\/864257-65.jpg","datePublished":"2025-11-14T00:30:04+00:00","dateModified":"2025-11-14T00:30:04+00:00","breadcrumb":{"@id":"https:\/\/lunatools.com\/sv\/product\/sticksagblad-t125x9x13-6t-5\/#breadcrumb"},"inLanguage":"sv-SE","potentialAction":[{"@type":"ReadAction","target":["https:\/\/lunatools.com\/sv\/product\/sticksagblad-t125x9x13-6t-5\/"]}]},{"@type":"ImageObject","inLanguage":"sv-SE","@id":"https:\/\/lunatools.com\/sv\/product\/sticksagblad-t125x9x13-6t-5\/#primaryimage","url":"https:\/\/lunatools.com\/wp-content\/uploads\/2021\/03\/864257-65.jpg","contentUrl":"https:\/\/lunatools.com\/wp-content\/uploads\/2021\/03\/864257-65.jpg","width":1400,"height":500},{"@type":"BreadcrumbList","@id":"https:\/\/lunatools.com\/sv\/product\/sticksagblad-t125x9x13-6t-5\/#breadcrumb","itemListElement":[{"@type":"ListItem","position":1,"name":"Home","item":"https:\/\/lunatools.com\/sv\/"},{"@type":"ListItem","position":2,"name":"Produkty","item":"https:\/\/lunatools.com\/pl\/shop\/"},{"@type":"ListItem","position":3,"name":"STICKS\u00c5GBLAD T125X9X1,3 6T (5)"}]},{"@type":"WebSite","@id":"https:\/\/lunatools.com\/sv\/#website","url":"https:\/\/lunatools.com\/sv\/","name":"Luna tools","description":"","publisher":{"@id":"https:\/\/lunatools.com\/sv\/#organization"},"potentialAction":[{"@type":"SearchAction","target":{"@type":"EntryPoint","urlTemplate":"https:\/\/lunatools.com\/sv\/?s={search_term_string}"},"query-input":{"@type":"PropertyValueSpecification","valueRequired":true,"valueName":"search_term_string"}}],"inLanguage":"sv-SE"},{"@type":"Organization","@id":"https:\/\/lunatools.com\/sv\/#organization","name":"Luna Tools","url":"https:\/\/lunatools.com\/sv\/","logo":{"@type":"ImageObject","inLanguage":"sv-SE","@id":"https:\/\/lunatools.com\/sv\/#\/schema\/logo\/image\/","url":"https:\/\/lunatools.com\/wp-content\/uploads\/2019\/10\/LunaTools-gray-logo.png","contentUrl":"https:\/\/lunatools.com\/wp-content\/uploads\/2019\/10\/LunaTools-gray-logo.png","width":795,"height":309,"caption":"Luna Tools"},"image":{"@id":"https:\/\/lunatools.com\/sv\/#\/schema\/logo\/image\/"}}]}},"_links":{"self":[{"href":"https:\/\/lunatools.com\/sv\/wp-json\/wp\/v2\/product\/1172"}],"collection":[{"href":"https:\/\/lunatools.com\/sv\/wp-json\/wp\/v2\/product"}],"about":[{"href":"https:\/\/lunatools.com\/sv\/wp-json\/wp\/v2\/types\/product"}],"wp:featuredmedia":[{"embeddable":true,"href":"https:\/\/lunatools.com\/sv\/wp-json\/wp\/v2\/media\/39991"}],"wp:attachment":[{"href":"https:\/\/lunatools.com\/sv\/wp-json\/wp\/v2\/media?parent=1172"}],"wp:term":[{"taxonomy":"product_cat","embeddable":true,"href":"https:\/\/lunatools.com\/sv\/wp-json\/wp\/v2\/product_cat?post=1172"},{"taxonomy":"product_tag","embeddable":true,"href":"https:\/\/lunatools.com\/sv\/wp-json\/wp\/v2\/product_tag?post=1172"}],"curies":[{"name":"wp","href":"https:\/\/api.w.org\/{rel}","templated":true}]}}