{"id":12321,"date":"2026-05-07T01:50:16","date_gmt":"2026-05-07T01:50:16","guid":{"rendered":"http:\/\/lunatools.com\/product\/stropp-elastisk-3-karbinhakar\/"},"modified":"2026-05-07T01:50:16","modified_gmt":"2026-05-07T01:50:16","slug":"stropp-elastisk-3-karbinhakar","status":"publish","type":"product","link":"https:\/\/lunatools.com\/sv\/product\/stropp-elastisk-3-karbinhakar\/","title":{"rendered":"STROPP ELASTISK 3 KARBINHAKAR"},"content":{"rendered":"<p>Dubbelt inf\u00e4stningsband f\u00f6r verktygss\u00e4kring. Av polyester med elastisk energid\u00e4mpande funktion. L\u00e5sbara svivlande karbinhakar av aluminium i b\u00e5da \u00e4ndar, krok\u00f6ppning 12 mm.<br \/>\nTestad enligt standarden ANSI\/ISEA 121-2018.<\/p>\n","protected":false},"excerpt":{"rendered":"Dubbelt inf\u00e4stningsband f\u00f6r verktygss\u00e4kring. Av polyester med elastisk energid\u00e4mpande funktion. L\u00e5sbara svivlande karbinhakar av aluminium i b\u00e5da \u00e4ndar, krok\u00f6ppning 12 mm. Testad enligt standarden ANSI\/ISEA 121-2018.","protected":false},"featured_media":0,"template":"","meta":{"_acf_changed":false},"product_cat":[985,988],"product_tag":[],"class_list":{"0":"post-12321","1":"product","2":"type-product","3":"status-publish","5":"product_cat-linor-och-vajers-for-verktygssakring-sv","6":"product_cat-stroppar-sv","8":"first","9":"instock","10":"shipping-taxable","11":"product-type-simple"},"acf":[],"yoast_head":"<!-- This site is optimized with the Yoast SEO plugin v23.4 - https:\/\/yoast.com\/wordpress\/plugins\/seo\/ -->\n<title>STROPP ELASTISK 3 KARBINHAKAR - Luna tools<\/title>\n<meta name=\"robots\" content=\"index, follow, max-snippet:-1, max-image-preview:large, max-video-preview:-1\" \/>\n<link rel=\"canonical\" href=\"https:\/\/lunatools.com\/sv\/product\/stropp-elastisk-3-karbinhakar\/\" \/>\n<meta property=\"og:locale\" content=\"sv_SE\" \/>\n<meta property=\"og:type\" content=\"article\" \/>\n<meta property=\"og:title\" content=\"STROPP ELASTISK 3 KARBINHAKAR - Luna tools\" \/>\n<meta property=\"og:description\" content=\"Dubbelt inf\u00e4stningsband f\u00f6r verktygss\u00e4kring. Av polyester med elastisk energid\u00e4mpande funktion. L\u00e5sbara svivlande karbinhakar av aluminium i b\u00e5da \u00e4ndar, krok\u00f6ppning 12 mm. Testad enligt standarden ANSI\/ISEA 121-2018.\" \/>\n<meta property=\"og:url\" content=\"https:\/\/lunatools.com\/sv\/product\/stropp-elastisk-3-karbinhakar\/\" \/>\n<meta property=\"og:site_name\" content=\"Luna tools\" \/>\n<script type=\"application\/ld+json\" class=\"yoast-schema-graph\">{\"@context\":\"https:\/\/schema.org\",\"@graph\":[{\"@type\":\"WebPage\",\"@id\":\"https:\/\/lunatools.com\/sv\/product\/stropp-elastisk-3-karbinhakar\/\",\"url\":\"https:\/\/lunatools.com\/sv\/product\/stropp-elastisk-3-karbinhakar\/\",\"name\":\"STROPP ELASTISK 3 KARBINHAKAR - Luna tools\",\"isPartOf\":{\"@id\":\"https:\/\/lunatools.com\/sv\/#website\"},\"datePublished\":\"2026-05-07T01:50:16+00:00\",\"dateModified\":\"2026-05-07T01:50:16+00:00\",\"breadcrumb\":{\"@id\":\"https:\/\/lunatools.com\/sv\/product\/stropp-elastisk-3-karbinhakar\/#breadcrumb\"},\"inLanguage\":\"sv-SE\",\"potentialAction\":[{\"@type\":\"ReadAction\",\"target\":[\"https:\/\/lunatools.com\/sv\/product\/stropp-elastisk-3-karbinhakar\/\"]}]},{\"@type\":\"BreadcrumbList\",\"@id\":\"https:\/\/lunatools.com\/sv\/product\/stropp-elastisk-3-karbinhakar\/#breadcrumb\",\"itemListElement\":[{\"@type\":\"ListItem\",\"position\":1,\"name\":\"Home\",\"item\":\"https:\/\/lunatools.com\/sv\/\"},{\"@type\":\"ListItem\",\"position\":2,\"name\":\"Produkty\",\"item\":\"https:\/\/lunatools.com\/pl\/shop\/\"},{\"@type\":\"ListItem\",\"position\":3,\"name\":\"STROPP ELASTISK 3 KARBINHAKAR\"}]},{\"@type\":\"WebSite\",\"@id\":\"https:\/\/lunatools.com\/sv\/#website\",\"url\":\"https:\/\/lunatools.com\/sv\/\",\"name\":\"Luna tools\",\"description\":\"\",\"publisher\":{\"@id\":\"https:\/\/lunatools.com\/sv\/#organization\"},\"potentialAction\":[{\"@type\":\"SearchAction\",\"target\":{\"@type\":\"EntryPoint\",\"urlTemplate\":\"https:\/\/lunatools.com\/sv\/?s={search_term_string}\"},\"query-input\":{\"@type\":\"PropertyValueSpecification\",\"valueRequired\":true,\"valueName\":\"search_term_string\"}}],\"inLanguage\":\"sv-SE\"},{\"@type\":\"Organization\",\"@id\":\"https:\/\/lunatools.com\/sv\/#organization\",\"name\":\"Luna Tools\",\"url\":\"https:\/\/lunatools.com\/sv\/\",\"logo\":{\"@type\":\"ImageObject\",\"inLanguage\":\"sv-SE\",\"@id\":\"https:\/\/lunatools.com\/sv\/#\/schema\/logo\/image\/\",\"url\":\"https:\/\/lunatools.com\/wp-content\/uploads\/2019\/10\/LunaTools-gray-logo.png\",\"contentUrl\":\"https:\/\/lunatools.com\/wp-content\/uploads\/2019\/10\/LunaTools-gray-logo.png\",\"width\":795,\"height\":309,\"caption\":\"Luna Tools\"},\"image\":{\"@id\":\"https:\/\/lunatools.com\/sv\/#\/schema\/logo\/image\/\"}}]}<\/script>\n<!-- \/ Yoast SEO plugin. -->","yoast_head_json":{"title":"STROPP ELASTISK 3 KARBINHAKAR - Luna tools","robots":{"index":"index","follow":"follow","max-snippet":"max-snippet:-1","max-image-preview":"max-image-preview:large","max-video-preview":"max-video-preview:-1"},"canonical":"https:\/\/lunatools.com\/sv\/product\/stropp-elastisk-3-karbinhakar\/","og_locale":"sv_SE","og_type":"article","og_title":"STROPP ELASTISK 3 KARBINHAKAR - Luna tools","og_description":"Dubbelt inf\u00e4stningsband f\u00f6r verktygss\u00e4kring. Av polyester med elastisk energid\u00e4mpande funktion. L\u00e5sbara svivlande karbinhakar av aluminium i b\u00e5da \u00e4ndar, krok\u00f6ppning 12 mm. Testad enligt standarden ANSI\/ISEA 121-2018.","og_url":"https:\/\/lunatools.com\/sv\/product\/stropp-elastisk-3-karbinhakar\/","og_site_name":"Luna tools","schema":{"@context":"https:\/\/schema.org","@graph":[{"@type":"WebPage","@id":"https:\/\/lunatools.com\/sv\/product\/stropp-elastisk-3-karbinhakar\/","url":"https:\/\/lunatools.com\/sv\/product\/stropp-elastisk-3-karbinhakar\/","name":"STROPP ELASTISK 3 KARBINHAKAR - Luna tools","isPartOf":{"@id":"https:\/\/lunatools.com\/sv\/#website"},"datePublished":"2026-05-07T01:50:16+00:00","dateModified":"2026-05-07T01:50:16+00:00","breadcrumb":{"@id":"https:\/\/lunatools.com\/sv\/product\/stropp-elastisk-3-karbinhakar\/#breadcrumb"},"inLanguage":"sv-SE","potentialAction":[{"@type":"ReadAction","target":["https:\/\/lunatools.com\/sv\/product\/stropp-elastisk-3-karbinhakar\/"]}]},{"@type":"BreadcrumbList","@id":"https:\/\/lunatools.com\/sv\/product\/stropp-elastisk-3-karbinhakar\/#breadcrumb","itemListElement":[{"@type":"ListItem","position":1,"name":"Home","item":"https:\/\/lunatools.com\/sv\/"},{"@type":"ListItem","position":2,"name":"Produkty","item":"https:\/\/lunatools.com\/pl\/shop\/"},{"@type":"ListItem","position":3,"name":"STROPP ELASTISK 3 KARBINHAKAR"}]},{"@type":"WebSite","@id":"https:\/\/lunatools.com\/sv\/#website","url":"https:\/\/lunatools.com\/sv\/","name":"Luna tools","description":"","publisher":{"@id":"https:\/\/lunatools.com\/sv\/#organization"},"potentialAction":[{"@type":"SearchAction","target":{"@type":"EntryPoint","urlTemplate":"https:\/\/lunatools.com\/sv\/?s={search_term_string}"},"query-input":{"@type":"PropertyValueSpecification","valueRequired":true,"valueName":"search_term_string"}}],"inLanguage":"sv-SE"},{"@type":"Organization","@id":"https:\/\/lunatools.com\/sv\/#organization","name":"Luna Tools","url":"https:\/\/lunatools.com\/sv\/","logo":{"@type":"ImageObject","inLanguage":"sv-SE","@id":"https:\/\/lunatools.com\/sv\/#\/schema\/logo\/image\/","url":"https:\/\/lunatools.com\/wp-content\/uploads\/2019\/10\/LunaTools-gray-logo.png","contentUrl":"https:\/\/lunatools.com\/wp-content\/uploads\/2019\/10\/LunaTools-gray-logo.png","width":795,"height":309,"caption":"Luna Tools"},"image":{"@id":"https:\/\/lunatools.com\/sv\/#\/schema\/logo\/image\/"}}]}},"_links":{"self":[{"href":"https:\/\/lunatools.com\/sv\/wp-json\/wp\/v2\/product\/12321"}],"collection":[{"href":"https:\/\/lunatools.com\/sv\/wp-json\/wp\/v2\/product"}],"about":[{"href":"https:\/\/lunatools.com\/sv\/wp-json\/wp\/v2\/types\/product"}],"wp:attachment":[{"href":"https:\/\/lunatools.com\/sv\/wp-json\/wp\/v2\/media?parent=12321"}],"wp:term":[{"taxonomy":"product_cat","embeddable":true,"href":"https:\/\/lunatools.com\/sv\/wp-json\/wp\/v2\/product_cat?post=12321"},{"taxonomy":"product_tag","embeddable":true,"href":"https:\/\/lunatools.com\/sv\/wp-json\/wp\/v2\/product_tag?post=12321"}],"curies":[{"name":"wp","href":"https:\/\/api.w.org\/{rel}","templated":true}]}}