{"id":1285,"date":"2019-03-07T12:17:03","date_gmt":"2019-03-07T12:17:03","guid":{"rendered":"https:\/\/lunatools.com\/product\/metallsvarv-frasm-mlf-1022\/"},"modified":"2019-03-07T12:17:03","modified_gmt":"2019-03-07T12:17:03","slug":"metallsvarv-frasm-mlf-1022","status":"publish","type":"product","link":"https:\/\/lunatools.com\/sv\/product\/metallsvarv-frasm-mlf-1022\/","title":{"rendered":"METALLSVARV &#038; FR\u00c4SM. MLF 1022"},"content":{"rendered":"<p>ML 714. En supportsvarv l\u00e4mplig f\u00f6r modellbyggare, verktygsmakare, finmekaniska verkst\u00e4der, service- och reparationsarbeten. F\u00f6r bearbetning i metall, plast etc. Vridstyv f\u00f6rst\u00e4rkt b\u00e4dd med v-prisma som ger exakt styrning av support och dubbdocka. Huvudspindeln \u00e4r lagrad i kraftiga precisionskullager. Variator f\u00f6r stegl\u00f6s hastighetsreglering.<br \/>\nLevereras komplett med 1-hastighetsmotor &#8211; kapslingsklass IP 54, svarvchuck med 2&#215;3 backar \u00d8 80 mm och mellanfl\u00e4ns, fasta dubbar, 4-v\u00e4gs verktygsh\u00e5llare f\u00f6r 15 mm verktyg. Digital avl\u00e4sning av varvtal, tv\u00e4rslid och toppslid.<br \/>\nMLF 1022. En robust verktygsmaskin l\u00e4mplig f\u00f6r verktygsmakare, finmekaniska verkst\u00e4der, skolor, bilverkst\u00e4der, hobby-, service- och reparationsarbeten. Perfekt f\u00f6r komplicerade delar, enstycks- eller serieproduktion av sm\u00e5 detaljer. Vridstyv f\u00f6rst\u00e4rkt b\u00e4dd med v-prisma som ger exakt styrning av support och dubbdocka. Huvudspindeln \u00e4r lagrad i kraftiga precisionsrullager. Kuggremsdrift ger s\u00e4ker kraft\u00f6verf\u00f6ring fr\u00e5n motor till huvudspindel. V\u00e4xling av varvtal sker via kilrem. Tv\u00e4rsliden har dubbla T-sp\u00e5r f\u00f6r montering av olika tillbeh\u00f6r.<br \/>\nLevereras komplett med 1-hastighetsmotor, svarvchuck med 2&#215;3 backar \u00d8 125 mm, toppslid som \u00e4r vridbar 360\u00b0, fasta dubbar, snabbv\u00e4xelf\u00e4ste f\u00f6r 20 mm verktyg, v\u00e4xeldrev och chuckskydd.<br \/>\nMaskinen \u00e4r dessutom utrustad med ett fr\u00e4shuvud.<\/p>\n","protected":false},"excerpt":{"rendered":"ML 714. En supportsvarv l\u00e4mplig f\u00f6r modellbyggare, verktygsmakare, finmekaniska verkst\u00e4der, service- och reparationsarbeten. F\u00f6r bearbetning i metall, plast etc. Vridstyv f\u00f6rst\u00e4rkt b\u00e4dd med v-prisma som ger exakt styrning av support och dubbdocka. Huvudspindeln \u00e4r lagrad i kraftiga precisionskullager. Variator f\u00f6r stegl\u00f6s hastighetsreglering. Levereras komplett med 1-hastighetsmotor &#8211; kapslingsklass IP 54, svarvchuck med 2&#215;3 backar \u00d8&#8230; <a class=\"view-article\" href=\"https:\/\/lunatools.com\/sv\/product\/metallsvarv-frasm-mlf-1022\/\">View Article<\/a>","protected":false},"featured_media":0,"template":"","meta":{"_acf_changed":false},"product_cat":[15],"product_tag":[],"class_list":{"0":"post-1285","1":"product","2":"type-product","3":"status-publish","5":"product_cat-uncategorized","7":"first","8":"instock","9":"shipping-taxable","10":"product-type-simple"},"acf":[],"yoast_head":"<!-- This site is optimized with the Yoast SEO plugin v23.4 - https:\/\/yoast.com\/wordpress\/plugins\/seo\/ -->\n<title>METALLSVARV &amp; FR\u00c4SM. MLF 1022 - Luna tools<\/title>\n<meta name=\"robots\" content=\"index, follow, max-snippet:-1, max-image-preview:large, max-video-preview:-1\" \/>\n<link rel=\"canonical\" href=\"https:\/\/lunatools.com\/sv\/product\/metallsvarv-frasm-mlf-1022\/\" \/>\n<meta property=\"og:locale\" content=\"sv_SE\" \/>\n<meta property=\"og:type\" content=\"article\" \/>\n<meta property=\"og:title\" content=\"METALLSVARV &amp; FR\u00c4SM. MLF 1022 - Luna tools\" \/>\n<meta property=\"og:description\" content=\"ML 714. En supportsvarv l\u00e4mplig f\u00f6r modellbyggare, verktygsmakare, finmekaniska verkst\u00e4der, service- och reparationsarbeten. F\u00f6r bearbetning i metall, plast etc. Vridstyv f\u00f6rst\u00e4rkt b\u00e4dd med v-prisma som ger exakt styrning av support och dubbdocka. Huvudspindeln \u00e4r lagrad i kraftiga precisionskullager. Variator f\u00f6r stegl\u00f6s hastighetsreglering. Levereras komplett med 1-hastighetsmotor &#8211; kapslingsklass IP 54, svarvchuck med 2&#215;3 backar \u00d8... View Article\" \/>\n<meta property=\"og:url\" content=\"https:\/\/lunatools.com\/sv\/product\/metallsvarv-frasm-mlf-1022\/\" \/>\n<meta property=\"og:site_name\" content=\"Luna tools\" \/>\n<meta name=\"twitter:label1\" content=\"Ber\u00e4knad l\u00e4stid\" \/>\n\t<meta name=\"twitter:data1\" content=\"1 minut\" \/>\n<script type=\"application\/ld+json\" class=\"yoast-schema-graph\">{\"@context\":\"https:\/\/schema.org\",\"@graph\":[{\"@type\":\"WebPage\",\"@id\":\"https:\/\/lunatools.com\/sv\/product\/metallsvarv-frasm-mlf-1022\/\",\"url\":\"https:\/\/lunatools.com\/sv\/product\/metallsvarv-frasm-mlf-1022\/\",\"name\":\"METALLSVARV & FR\u00c4SM. MLF 1022 - Luna tools\",\"isPartOf\":{\"@id\":\"https:\/\/lunatools.com\/sv\/#website\"},\"datePublished\":\"2019-03-07T12:17:03+00:00\",\"dateModified\":\"2019-03-07T12:17:03+00:00\",\"breadcrumb\":{\"@id\":\"https:\/\/lunatools.com\/sv\/product\/metallsvarv-frasm-mlf-1022\/#breadcrumb\"},\"inLanguage\":\"sv-SE\",\"potentialAction\":[{\"@type\":\"ReadAction\",\"target\":[\"https:\/\/lunatools.com\/sv\/product\/metallsvarv-frasm-mlf-1022\/\"]}]},{\"@type\":\"BreadcrumbList\",\"@id\":\"https:\/\/lunatools.com\/sv\/product\/metallsvarv-frasm-mlf-1022\/#breadcrumb\",\"itemListElement\":[{\"@type\":\"ListItem\",\"position\":1,\"name\":\"Home\",\"item\":\"https:\/\/lunatools.com\/sv\/\"},{\"@type\":\"ListItem\",\"position\":2,\"name\":\"Produkty\",\"item\":\"https:\/\/lunatools.com\/pl\/shop\/\"},{\"@type\":\"ListItem\",\"position\":3,\"name\":\"METALLSVARV &#038; FR\u00c4SM. MLF 1022\"}]},{\"@type\":\"WebSite\",\"@id\":\"https:\/\/lunatools.com\/sv\/#website\",\"url\":\"https:\/\/lunatools.com\/sv\/\",\"name\":\"Luna tools\",\"description\":\"\",\"publisher\":{\"@id\":\"https:\/\/lunatools.com\/sv\/#organization\"},\"potentialAction\":[{\"@type\":\"SearchAction\",\"target\":{\"@type\":\"EntryPoint\",\"urlTemplate\":\"https:\/\/lunatools.com\/sv\/?s={search_term_string}\"},\"query-input\":{\"@type\":\"PropertyValueSpecification\",\"valueRequired\":true,\"valueName\":\"search_term_string\"}}],\"inLanguage\":\"sv-SE\"},{\"@type\":\"Organization\",\"@id\":\"https:\/\/lunatools.com\/sv\/#organization\",\"name\":\"Luna Tools\",\"url\":\"https:\/\/lunatools.com\/sv\/\",\"logo\":{\"@type\":\"ImageObject\",\"inLanguage\":\"sv-SE\",\"@id\":\"https:\/\/lunatools.com\/sv\/#\/schema\/logo\/image\/\",\"url\":\"https:\/\/lunatools.com\/wp-content\/uploads\/2019\/10\/LunaTools-gray-logo.png\",\"contentUrl\":\"https:\/\/lunatools.com\/wp-content\/uploads\/2019\/10\/LunaTools-gray-logo.png\",\"width\":795,\"height\":309,\"caption\":\"Luna Tools\"},\"image\":{\"@id\":\"https:\/\/lunatools.com\/sv\/#\/schema\/logo\/image\/\"}}]}<\/script>\n<!-- \/ Yoast SEO plugin. -->","yoast_head_json":{"title":"METALLSVARV & FR\u00c4SM. MLF 1022 - Luna tools","robots":{"index":"index","follow":"follow","max-snippet":"max-snippet:-1","max-image-preview":"max-image-preview:large","max-video-preview":"max-video-preview:-1"},"canonical":"https:\/\/lunatools.com\/sv\/product\/metallsvarv-frasm-mlf-1022\/","og_locale":"sv_SE","og_type":"article","og_title":"METALLSVARV & FR\u00c4SM. MLF 1022 - Luna tools","og_description":"ML 714. En supportsvarv l\u00e4mplig f\u00f6r modellbyggare, verktygsmakare, finmekaniska verkst\u00e4der, service- och reparationsarbeten. F\u00f6r bearbetning i metall, plast etc. Vridstyv f\u00f6rst\u00e4rkt b\u00e4dd med v-prisma som ger exakt styrning av support och dubbdocka. Huvudspindeln \u00e4r lagrad i kraftiga precisionskullager. Variator f\u00f6r stegl\u00f6s hastighetsreglering. Levereras komplett med 1-hastighetsmotor &#8211; kapslingsklass IP 54, svarvchuck med 2&#215;3 backar \u00d8... View Article","og_url":"https:\/\/lunatools.com\/sv\/product\/metallsvarv-frasm-mlf-1022\/","og_site_name":"Luna tools","twitter_misc":{"Ber\u00e4knad l\u00e4stid":"1 minut"},"schema":{"@context":"https:\/\/schema.org","@graph":[{"@type":"WebPage","@id":"https:\/\/lunatools.com\/sv\/product\/metallsvarv-frasm-mlf-1022\/","url":"https:\/\/lunatools.com\/sv\/product\/metallsvarv-frasm-mlf-1022\/","name":"METALLSVARV & FR\u00c4SM. MLF 1022 - Luna tools","isPartOf":{"@id":"https:\/\/lunatools.com\/sv\/#website"},"datePublished":"2019-03-07T12:17:03+00:00","dateModified":"2019-03-07T12:17:03+00:00","breadcrumb":{"@id":"https:\/\/lunatools.com\/sv\/product\/metallsvarv-frasm-mlf-1022\/#breadcrumb"},"inLanguage":"sv-SE","potentialAction":[{"@type":"ReadAction","target":["https:\/\/lunatools.com\/sv\/product\/metallsvarv-frasm-mlf-1022\/"]}]},{"@type":"BreadcrumbList","@id":"https:\/\/lunatools.com\/sv\/product\/metallsvarv-frasm-mlf-1022\/#breadcrumb","itemListElement":[{"@type":"ListItem","position":1,"name":"Home","item":"https:\/\/lunatools.com\/sv\/"},{"@type":"ListItem","position":2,"name":"Produkty","item":"https:\/\/lunatools.com\/pl\/shop\/"},{"@type":"ListItem","position":3,"name":"METALLSVARV &#038; FR\u00c4SM. MLF 1022"}]},{"@type":"WebSite","@id":"https:\/\/lunatools.com\/sv\/#website","url":"https:\/\/lunatools.com\/sv\/","name":"Luna tools","description":"","publisher":{"@id":"https:\/\/lunatools.com\/sv\/#organization"},"potentialAction":[{"@type":"SearchAction","target":{"@type":"EntryPoint","urlTemplate":"https:\/\/lunatools.com\/sv\/?s={search_term_string}"},"query-input":{"@type":"PropertyValueSpecification","valueRequired":true,"valueName":"search_term_string"}}],"inLanguage":"sv-SE"},{"@type":"Organization","@id":"https:\/\/lunatools.com\/sv\/#organization","name":"Luna Tools","url":"https:\/\/lunatools.com\/sv\/","logo":{"@type":"ImageObject","inLanguage":"sv-SE","@id":"https:\/\/lunatools.com\/sv\/#\/schema\/logo\/image\/","url":"https:\/\/lunatools.com\/wp-content\/uploads\/2019\/10\/LunaTools-gray-logo.png","contentUrl":"https:\/\/lunatools.com\/wp-content\/uploads\/2019\/10\/LunaTools-gray-logo.png","width":795,"height":309,"caption":"Luna Tools"},"image":{"@id":"https:\/\/lunatools.com\/sv\/#\/schema\/logo\/image\/"}}]}},"_links":{"self":[{"href":"https:\/\/lunatools.com\/sv\/wp-json\/wp\/v2\/product\/1285"}],"collection":[{"href":"https:\/\/lunatools.com\/sv\/wp-json\/wp\/v2\/product"}],"about":[{"href":"https:\/\/lunatools.com\/sv\/wp-json\/wp\/v2\/types\/product"}],"wp:attachment":[{"href":"https:\/\/lunatools.com\/sv\/wp-json\/wp\/v2\/media?parent=1285"}],"wp:term":[{"taxonomy":"product_cat","embeddable":true,"href":"https:\/\/lunatools.com\/sv\/wp-json\/wp\/v2\/product_cat?post=1285"},{"taxonomy":"product_tag","embeddable":true,"href":"https:\/\/lunatools.com\/sv\/wp-json\/wp\/v2\/product_tag?post=1285"}],"curies":[{"name":"wp","href":"https:\/\/api.w.org\/{rel}","templated":true}]}}