{"id":1336,"date":"2026-02-09T00:35:29","date_gmt":"2026-02-09T00:35:29","guid":{"rendered":"https:\/\/lunatools.com\/product\/snabbchuck-till-bits-med-hals\/"},"modified":"2026-02-09T00:35:29","modified_gmt":"2026-02-09T00:35:29","slug":"snabbchuck-till-bits-med-hals","status":"publish","type":"product","link":"https:\/\/lunatools.com\/sv\/product\/snabbchuck-till-bits-med-hals\/","title":{"rendered":"SNABBCHUCK TILL BITS MED HALS"},"content":{"rendered":"<p>Snabbchucksh\u00e5llare med kull\u00e5sning. F\u00f6r bits med hals och vanliga bits. 1\/4&#8221;-sexkantsf\u00e4ste.<\/p>\n","protected":false},"excerpt":{"rendered":"Snabbchucksh\u00e5llare med kull\u00e5sning. F\u00f6r bits med hals och vanliga bits. 1\/4&#8221;-sexkantsf\u00e4ste.","protected":false},"featured_media":44291,"template":"","meta":{"_acf_changed":false},"product_cat":[398,444],"product_tag":[],"class_list":{"0":"post-1336","1":"product","2":"type-product","3":"status-publish","4":"has-post-thumbnail","6":"product_cat-bits-sv","7":"product_cat-bitshallare-sv","9":"first","10":"instock","11":"shipping-taxable","12":"product-type-simple"},"acf":[],"yoast_head":"<!-- This site is optimized with the Yoast SEO plugin v23.4 - https:\/\/yoast.com\/wordpress\/plugins\/seo\/ -->\n<title>SNABBCHUCK TILL BITS MED HALS - Luna tools<\/title>\n<meta name=\"robots\" content=\"index, follow, max-snippet:-1, max-image-preview:large, max-video-preview:-1\" \/>\n<link rel=\"canonical\" href=\"https:\/\/lunatools.com\/sv\/product\/snabbchuck-till-bits-med-hals\/\" \/>\n<meta property=\"og:locale\" content=\"sv_SE\" \/>\n<meta property=\"og:type\" content=\"article\" \/>\n<meta property=\"og:title\" content=\"SNABBCHUCK TILL BITS MED HALS - Luna tools\" \/>\n<meta property=\"og:description\" content=\"Snabbchucksh\u00e5llare med kull\u00e5sning. F\u00f6r bits med hals och vanliga bits. 1\/4&#8221;-sexkantsf\u00e4ste.\" \/>\n<meta property=\"og:url\" content=\"https:\/\/lunatools.com\/sv\/product\/snabbchuck-till-bits-med-hals\/\" \/>\n<meta property=\"og:site_name\" content=\"Luna tools\" \/>\n<meta property=\"og:image\" content=\"https:\/\/lunatools.com\/wp-content\/uploads\/2021\/03\/873848-4.jpg\" \/>\n\t<meta property=\"og:image:width\" content=\"1400\" \/>\n\t<meta property=\"og:image:height\" content=\"500\" \/>\n\t<meta property=\"og:image:type\" content=\"image\/jpeg\" \/>\n<script type=\"application\/ld+json\" class=\"yoast-schema-graph\">{\"@context\":\"https:\/\/schema.org\",\"@graph\":[{\"@type\":\"WebPage\",\"@id\":\"https:\/\/lunatools.com\/sv\/product\/snabbchuck-till-bits-med-hals\/\",\"url\":\"https:\/\/lunatools.com\/sv\/product\/snabbchuck-till-bits-med-hals\/\",\"name\":\"SNABBCHUCK TILL BITS MED HALS - Luna tools\",\"isPartOf\":{\"@id\":\"https:\/\/lunatools.com\/sv\/#website\"},\"primaryImageOfPage\":{\"@id\":\"https:\/\/lunatools.com\/sv\/product\/snabbchuck-till-bits-med-hals\/#primaryimage\"},\"image\":{\"@id\":\"https:\/\/lunatools.com\/sv\/product\/snabbchuck-till-bits-med-hals\/#primaryimage\"},\"thumbnailUrl\":\"https:\/\/lunatools.com\/wp-content\/uploads\/2021\/03\/873848-4.jpg\",\"datePublished\":\"2026-02-09T00:35:29+00:00\",\"dateModified\":\"2026-02-09T00:35:29+00:00\",\"breadcrumb\":{\"@id\":\"https:\/\/lunatools.com\/sv\/product\/snabbchuck-till-bits-med-hals\/#breadcrumb\"},\"inLanguage\":\"sv-SE\",\"potentialAction\":[{\"@type\":\"ReadAction\",\"target\":[\"https:\/\/lunatools.com\/sv\/product\/snabbchuck-till-bits-med-hals\/\"]}]},{\"@type\":\"ImageObject\",\"inLanguage\":\"sv-SE\",\"@id\":\"https:\/\/lunatools.com\/sv\/product\/snabbchuck-till-bits-med-hals\/#primaryimage\",\"url\":\"https:\/\/lunatools.com\/wp-content\/uploads\/2021\/03\/873848-4.jpg\",\"contentUrl\":\"https:\/\/lunatools.com\/wp-content\/uploads\/2021\/03\/873848-4.jpg\",\"width\":1400,\"height\":500},{\"@type\":\"BreadcrumbList\",\"@id\":\"https:\/\/lunatools.com\/sv\/product\/snabbchuck-till-bits-med-hals\/#breadcrumb\",\"itemListElement\":[{\"@type\":\"ListItem\",\"position\":1,\"name\":\"Home\",\"item\":\"https:\/\/lunatools.com\/sv\/\"},{\"@type\":\"ListItem\",\"position\":2,\"name\":\"Produkty\",\"item\":\"https:\/\/lunatools.com\/pl\/shop\/\"},{\"@type\":\"ListItem\",\"position\":3,\"name\":\"SNABBCHUCK TILL BITS MED HALS\"}]},{\"@type\":\"WebSite\",\"@id\":\"https:\/\/lunatools.com\/sv\/#website\",\"url\":\"https:\/\/lunatools.com\/sv\/\",\"name\":\"Luna tools\",\"description\":\"\",\"publisher\":{\"@id\":\"https:\/\/lunatools.com\/sv\/#organization\"},\"potentialAction\":[{\"@type\":\"SearchAction\",\"target\":{\"@type\":\"EntryPoint\",\"urlTemplate\":\"https:\/\/lunatools.com\/sv\/?s={search_term_string}\"},\"query-input\":{\"@type\":\"PropertyValueSpecification\",\"valueRequired\":true,\"valueName\":\"search_term_string\"}}],\"inLanguage\":\"sv-SE\"},{\"@type\":\"Organization\",\"@id\":\"https:\/\/lunatools.com\/sv\/#organization\",\"name\":\"Luna Tools\",\"url\":\"https:\/\/lunatools.com\/sv\/\",\"logo\":{\"@type\":\"ImageObject\",\"inLanguage\":\"sv-SE\",\"@id\":\"https:\/\/lunatools.com\/sv\/#\/schema\/logo\/image\/\",\"url\":\"https:\/\/lunatools.com\/wp-content\/uploads\/2019\/10\/LunaTools-gray-logo.png\",\"contentUrl\":\"https:\/\/lunatools.com\/wp-content\/uploads\/2019\/10\/LunaTools-gray-logo.png\",\"width\":795,\"height\":309,\"caption\":\"Luna Tools\"},\"image\":{\"@id\":\"https:\/\/lunatools.com\/sv\/#\/schema\/logo\/image\/\"}}]}<\/script>\n<!-- \/ Yoast SEO plugin. -->","yoast_head_json":{"title":"SNABBCHUCK TILL BITS MED HALS - Luna tools","robots":{"index":"index","follow":"follow","max-snippet":"max-snippet:-1","max-image-preview":"max-image-preview:large","max-video-preview":"max-video-preview:-1"},"canonical":"https:\/\/lunatools.com\/sv\/product\/snabbchuck-till-bits-med-hals\/","og_locale":"sv_SE","og_type":"article","og_title":"SNABBCHUCK TILL BITS MED HALS - Luna tools","og_description":"Snabbchucksh\u00e5llare med kull\u00e5sning. F\u00f6r bits med hals och vanliga bits. 1\/4&#8221;-sexkantsf\u00e4ste.","og_url":"https:\/\/lunatools.com\/sv\/product\/snabbchuck-till-bits-med-hals\/","og_site_name":"Luna tools","og_image":[{"width":1400,"height":500,"url":"https:\/\/lunatools.com\/wp-content\/uploads\/2021\/03\/873848-4.jpg","type":"image\/jpeg"}],"schema":{"@context":"https:\/\/schema.org","@graph":[{"@type":"WebPage","@id":"https:\/\/lunatools.com\/sv\/product\/snabbchuck-till-bits-med-hals\/","url":"https:\/\/lunatools.com\/sv\/product\/snabbchuck-till-bits-med-hals\/","name":"SNABBCHUCK TILL BITS MED HALS - Luna tools","isPartOf":{"@id":"https:\/\/lunatools.com\/sv\/#website"},"primaryImageOfPage":{"@id":"https:\/\/lunatools.com\/sv\/product\/snabbchuck-till-bits-med-hals\/#primaryimage"},"image":{"@id":"https:\/\/lunatools.com\/sv\/product\/snabbchuck-till-bits-med-hals\/#primaryimage"},"thumbnailUrl":"https:\/\/lunatools.com\/wp-content\/uploads\/2021\/03\/873848-4.jpg","datePublished":"2026-02-09T00:35:29+00:00","dateModified":"2026-02-09T00:35:29+00:00","breadcrumb":{"@id":"https:\/\/lunatools.com\/sv\/product\/snabbchuck-till-bits-med-hals\/#breadcrumb"},"inLanguage":"sv-SE","potentialAction":[{"@type":"ReadAction","target":["https:\/\/lunatools.com\/sv\/product\/snabbchuck-till-bits-med-hals\/"]}]},{"@type":"ImageObject","inLanguage":"sv-SE","@id":"https:\/\/lunatools.com\/sv\/product\/snabbchuck-till-bits-med-hals\/#primaryimage","url":"https:\/\/lunatools.com\/wp-content\/uploads\/2021\/03\/873848-4.jpg","contentUrl":"https:\/\/lunatools.com\/wp-content\/uploads\/2021\/03\/873848-4.jpg","width":1400,"height":500},{"@type":"BreadcrumbList","@id":"https:\/\/lunatools.com\/sv\/product\/snabbchuck-till-bits-med-hals\/#breadcrumb","itemListElement":[{"@type":"ListItem","position":1,"name":"Home","item":"https:\/\/lunatools.com\/sv\/"},{"@type":"ListItem","position":2,"name":"Produkty","item":"https:\/\/lunatools.com\/pl\/shop\/"},{"@type":"ListItem","position":3,"name":"SNABBCHUCK TILL BITS MED HALS"}]},{"@type":"WebSite","@id":"https:\/\/lunatools.com\/sv\/#website","url":"https:\/\/lunatools.com\/sv\/","name":"Luna tools","description":"","publisher":{"@id":"https:\/\/lunatools.com\/sv\/#organization"},"potentialAction":[{"@type":"SearchAction","target":{"@type":"EntryPoint","urlTemplate":"https:\/\/lunatools.com\/sv\/?s={search_term_string}"},"query-input":{"@type":"PropertyValueSpecification","valueRequired":true,"valueName":"search_term_string"}}],"inLanguage":"sv-SE"},{"@type":"Organization","@id":"https:\/\/lunatools.com\/sv\/#organization","name":"Luna Tools","url":"https:\/\/lunatools.com\/sv\/","logo":{"@type":"ImageObject","inLanguage":"sv-SE","@id":"https:\/\/lunatools.com\/sv\/#\/schema\/logo\/image\/","url":"https:\/\/lunatools.com\/wp-content\/uploads\/2019\/10\/LunaTools-gray-logo.png","contentUrl":"https:\/\/lunatools.com\/wp-content\/uploads\/2019\/10\/LunaTools-gray-logo.png","width":795,"height":309,"caption":"Luna Tools"},"image":{"@id":"https:\/\/lunatools.com\/sv\/#\/schema\/logo\/image\/"}}]}},"_links":{"self":[{"href":"https:\/\/lunatools.com\/sv\/wp-json\/wp\/v2\/product\/1336"}],"collection":[{"href":"https:\/\/lunatools.com\/sv\/wp-json\/wp\/v2\/product"}],"about":[{"href":"https:\/\/lunatools.com\/sv\/wp-json\/wp\/v2\/types\/product"}],"wp:featuredmedia":[{"embeddable":true,"href":"https:\/\/lunatools.com\/sv\/wp-json\/wp\/v2\/media\/44291"}],"wp:attachment":[{"href":"https:\/\/lunatools.com\/sv\/wp-json\/wp\/v2\/media?parent=1336"}],"wp:term":[{"taxonomy":"product_cat","embeddable":true,"href":"https:\/\/lunatools.com\/sv\/wp-json\/wp\/v2\/product_cat?post=1336"},{"taxonomy":"product_tag","embeddable":true,"href":"https:\/\/lunatools.com\/sv\/wp-json\/wp\/v2\/product_tag?post=1336"}],"curies":[{"name":"wp","href":"https:\/\/api.w.org\/{rel}","templated":true}]}}