{"id":1399,"date":"2019-03-07T10:53:06","date_gmt":"2019-03-07T10:53:06","guid":{"rendered":"https:\/\/lunatools.com\/product\/trasvarv-bwl-950-230v-1fas\/"},"modified":"2019-03-07T10:53:06","modified_gmt":"2019-03-07T10:53:06","slug":"trasvarv-bwl-950-230v-1fas","status":"publish","type":"product","link":"https:\/\/lunatools.com\/sv\/product\/trasvarv-bwl-950-230v-1fas\/","title":{"rendered":"TR\u00c4SVARV BWL 950 230V 1FAS"},"content":{"rendered":"<p>Tr\u00e4svarv med elektronisk variabel hastighet 50-3850 r\/min och vridbar spindeldocka. Stativ och svarvb\u00e4dd i stabil gjuten st\u00e5lkonstruktion. Genomborrad spindel, 12 mm, med morsekona och utv\u00e4ndig g\u00e4nga f\u00f6r chuck, planskiva etc. Stort 250 mm anh\u00e5ll som \u00e4r vrid-, h\u00f6j- och skjutbart.<br \/>\nLevereras komplett med motor, 250 mm anh\u00e5ll, tillbeh\u00f6r f\u00f6r sk\u00e5lsvarvning, utst\u00f6tarst\u00e5ng, drivdubb, planskiva och roterande dubb. Kapslingsklass IP 54.<\/p>\n","protected":false},"excerpt":{"rendered":"Tr\u00e4svarv med elektronisk variabel hastighet 50-3850 r\/min och vridbar spindeldocka. Stativ och svarvb\u00e4dd i stabil gjuten st\u00e5lkonstruktion. Genomborrad spindel, 12 mm, med morsekona och utv\u00e4ndig g\u00e4nga f\u00f6r chuck, planskiva etc. Stort 250 mm anh\u00e5ll som \u00e4r vrid-, h\u00f6j- och skjutbart. Levereras komplett med motor, 250 mm anh\u00e5ll, tillbeh\u00f6r f\u00f6r sk\u00e5lsvarvning, utst\u00f6tarst\u00e5ng, drivdubb, planskiva och roterande&#8230; <a class=\"view-article\" href=\"https:\/\/lunatools.com\/sv\/product\/trasvarv-bwl-950-230v-1fas\/\">View Article<\/a>","protected":false},"featured_media":0,"template":"","meta":{"_acf_changed":false},"product_cat":[15],"product_tag":[],"class_list":{"0":"post-1399","1":"product","2":"type-product","3":"status-publish","5":"product_cat-uncategorized","7":"first","8":"instock","9":"shipping-taxable","10":"product-type-simple"},"acf":[],"yoast_head":"<!-- This site is optimized with the Yoast SEO plugin v23.4 - https:\/\/yoast.com\/wordpress\/plugins\/seo\/ -->\n<title>TR\u00c4SVARV BWL 950 230V 1FAS - Luna tools<\/title>\n<meta name=\"robots\" content=\"index, follow, max-snippet:-1, max-image-preview:large, max-video-preview:-1\" \/>\n<link rel=\"canonical\" href=\"https:\/\/lunatools.com\/sv\/product\/trasvarv-bwl-950-230v-1fas\/\" \/>\n<meta property=\"og:locale\" content=\"sv_SE\" \/>\n<meta property=\"og:type\" content=\"article\" \/>\n<meta property=\"og:title\" content=\"TR\u00c4SVARV BWL 950 230V 1FAS - Luna tools\" \/>\n<meta property=\"og:description\" content=\"Tr\u00e4svarv med elektronisk variabel hastighet 50-3850 r\/min och vridbar spindeldocka. Stativ och svarvb\u00e4dd i stabil gjuten st\u00e5lkonstruktion. Genomborrad spindel, 12 mm, med morsekona och utv\u00e4ndig g\u00e4nga f\u00f6r chuck, planskiva etc. Stort 250 mm anh\u00e5ll som \u00e4r vrid-, h\u00f6j- och skjutbart. Levereras komplett med motor, 250 mm anh\u00e5ll, tillbeh\u00f6r f\u00f6r sk\u00e5lsvarvning, utst\u00f6tarst\u00e5ng, drivdubb, planskiva och roterande... View Article\" \/>\n<meta property=\"og:url\" content=\"https:\/\/lunatools.com\/sv\/product\/trasvarv-bwl-950-230v-1fas\/\" \/>\n<meta property=\"og:site_name\" content=\"Luna tools\" \/>\n<script type=\"application\/ld+json\" class=\"yoast-schema-graph\">{\"@context\":\"https:\/\/schema.org\",\"@graph\":[{\"@type\":\"WebPage\",\"@id\":\"https:\/\/lunatools.com\/sv\/product\/trasvarv-bwl-950-230v-1fas\/\",\"url\":\"https:\/\/lunatools.com\/sv\/product\/trasvarv-bwl-950-230v-1fas\/\",\"name\":\"TR\u00c4SVARV BWL 950 230V 1FAS - Luna tools\",\"isPartOf\":{\"@id\":\"https:\/\/lunatools.com\/sv\/#website\"},\"datePublished\":\"2019-03-07T10:53:06+00:00\",\"dateModified\":\"2019-03-07T10:53:06+00:00\",\"breadcrumb\":{\"@id\":\"https:\/\/lunatools.com\/sv\/product\/trasvarv-bwl-950-230v-1fas\/#breadcrumb\"},\"inLanguage\":\"sv-SE\",\"potentialAction\":[{\"@type\":\"ReadAction\",\"target\":[\"https:\/\/lunatools.com\/sv\/product\/trasvarv-bwl-950-230v-1fas\/\"]}]},{\"@type\":\"BreadcrumbList\",\"@id\":\"https:\/\/lunatools.com\/sv\/product\/trasvarv-bwl-950-230v-1fas\/#breadcrumb\",\"itemListElement\":[{\"@type\":\"ListItem\",\"position\":1,\"name\":\"Home\",\"item\":\"https:\/\/lunatools.com\/sv\/\"},{\"@type\":\"ListItem\",\"position\":2,\"name\":\"Produkty\",\"item\":\"https:\/\/lunatools.com\/pl\/shop\/\"},{\"@type\":\"ListItem\",\"position\":3,\"name\":\"TR\u00c4SVARV BWL 950 230V 1FAS\"}]},{\"@type\":\"WebSite\",\"@id\":\"https:\/\/lunatools.com\/sv\/#website\",\"url\":\"https:\/\/lunatools.com\/sv\/\",\"name\":\"Luna tools\",\"description\":\"\",\"publisher\":{\"@id\":\"https:\/\/lunatools.com\/sv\/#organization\"},\"potentialAction\":[{\"@type\":\"SearchAction\",\"target\":{\"@type\":\"EntryPoint\",\"urlTemplate\":\"https:\/\/lunatools.com\/sv\/?s={search_term_string}\"},\"query-input\":{\"@type\":\"PropertyValueSpecification\",\"valueRequired\":true,\"valueName\":\"search_term_string\"}}],\"inLanguage\":\"sv-SE\"},{\"@type\":\"Organization\",\"@id\":\"https:\/\/lunatools.com\/sv\/#organization\",\"name\":\"Luna Tools\",\"url\":\"https:\/\/lunatools.com\/sv\/\",\"logo\":{\"@type\":\"ImageObject\",\"inLanguage\":\"sv-SE\",\"@id\":\"https:\/\/lunatools.com\/sv\/#\/schema\/logo\/image\/\",\"url\":\"https:\/\/lunatools.com\/wp-content\/uploads\/2019\/10\/LunaTools-gray-logo.png\",\"contentUrl\":\"https:\/\/lunatools.com\/wp-content\/uploads\/2019\/10\/LunaTools-gray-logo.png\",\"width\":795,\"height\":309,\"caption\":\"Luna Tools\"},\"image\":{\"@id\":\"https:\/\/lunatools.com\/sv\/#\/schema\/logo\/image\/\"}}]}<\/script>\n<!-- \/ Yoast SEO plugin. -->","yoast_head_json":{"title":"TR\u00c4SVARV BWL 950 230V 1FAS - Luna tools","robots":{"index":"index","follow":"follow","max-snippet":"max-snippet:-1","max-image-preview":"max-image-preview:large","max-video-preview":"max-video-preview:-1"},"canonical":"https:\/\/lunatools.com\/sv\/product\/trasvarv-bwl-950-230v-1fas\/","og_locale":"sv_SE","og_type":"article","og_title":"TR\u00c4SVARV BWL 950 230V 1FAS - Luna tools","og_description":"Tr\u00e4svarv med elektronisk variabel hastighet 50-3850 r\/min och vridbar spindeldocka. Stativ och svarvb\u00e4dd i stabil gjuten st\u00e5lkonstruktion. Genomborrad spindel, 12 mm, med morsekona och utv\u00e4ndig g\u00e4nga f\u00f6r chuck, planskiva etc. Stort 250 mm anh\u00e5ll som \u00e4r vrid-, h\u00f6j- och skjutbart. Levereras komplett med motor, 250 mm anh\u00e5ll, tillbeh\u00f6r f\u00f6r sk\u00e5lsvarvning, utst\u00f6tarst\u00e5ng, drivdubb, planskiva och roterande... View Article","og_url":"https:\/\/lunatools.com\/sv\/product\/trasvarv-bwl-950-230v-1fas\/","og_site_name":"Luna tools","schema":{"@context":"https:\/\/schema.org","@graph":[{"@type":"WebPage","@id":"https:\/\/lunatools.com\/sv\/product\/trasvarv-bwl-950-230v-1fas\/","url":"https:\/\/lunatools.com\/sv\/product\/trasvarv-bwl-950-230v-1fas\/","name":"TR\u00c4SVARV BWL 950 230V 1FAS - Luna tools","isPartOf":{"@id":"https:\/\/lunatools.com\/sv\/#website"},"datePublished":"2019-03-07T10:53:06+00:00","dateModified":"2019-03-07T10:53:06+00:00","breadcrumb":{"@id":"https:\/\/lunatools.com\/sv\/product\/trasvarv-bwl-950-230v-1fas\/#breadcrumb"},"inLanguage":"sv-SE","potentialAction":[{"@type":"ReadAction","target":["https:\/\/lunatools.com\/sv\/product\/trasvarv-bwl-950-230v-1fas\/"]}]},{"@type":"BreadcrumbList","@id":"https:\/\/lunatools.com\/sv\/product\/trasvarv-bwl-950-230v-1fas\/#breadcrumb","itemListElement":[{"@type":"ListItem","position":1,"name":"Home","item":"https:\/\/lunatools.com\/sv\/"},{"@type":"ListItem","position":2,"name":"Produkty","item":"https:\/\/lunatools.com\/pl\/shop\/"},{"@type":"ListItem","position":3,"name":"TR\u00c4SVARV BWL 950 230V 1FAS"}]},{"@type":"WebSite","@id":"https:\/\/lunatools.com\/sv\/#website","url":"https:\/\/lunatools.com\/sv\/","name":"Luna tools","description":"","publisher":{"@id":"https:\/\/lunatools.com\/sv\/#organization"},"potentialAction":[{"@type":"SearchAction","target":{"@type":"EntryPoint","urlTemplate":"https:\/\/lunatools.com\/sv\/?s={search_term_string}"},"query-input":{"@type":"PropertyValueSpecification","valueRequired":true,"valueName":"search_term_string"}}],"inLanguage":"sv-SE"},{"@type":"Organization","@id":"https:\/\/lunatools.com\/sv\/#organization","name":"Luna Tools","url":"https:\/\/lunatools.com\/sv\/","logo":{"@type":"ImageObject","inLanguage":"sv-SE","@id":"https:\/\/lunatools.com\/sv\/#\/schema\/logo\/image\/","url":"https:\/\/lunatools.com\/wp-content\/uploads\/2019\/10\/LunaTools-gray-logo.png","contentUrl":"https:\/\/lunatools.com\/wp-content\/uploads\/2019\/10\/LunaTools-gray-logo.png","width":795,"height":309,"caption":"Luna Tools"},"image":{"@id":"https:\/\/lunatools.com\/sv\/#\/schema\/logo\/image\/"}}]}},"_links":{"self":[{"href":"https:\/\/lunatools.com\/sv\/wp-json\/wp\/v2\/product\/1399"}],"collection":[{"href":"https:\/\/lunatools.com\/sv\/wp-json\/wp\/v2\/product"}],"about":[{"href":"https:\/\/lunatools.com\/sv\/wp-json\/wp\/v2\/types\/product"}],"wp:attachment":[{"href":"https:\/\/lunatools.com\/sv\/wp-json\/wp\/v2\/media?parent=1399"}],"wp:term":[{"taxonomy":"product_cat","embeddable":true,"href":"https:\/\/lunatools.com\/sv\/wp-json\/wp\/v2\/product_cat?post=1399"},{"taxonomy":"product_tag","embeddable":true,"href":"https:\/\/lunatools.com\/sv\/wp-json\/wp\/v2\/product_tag?post=1399"}],"curies":[{"name":"wp","href":"https:\/\/api.w.org\/{rel}","templated":true}]}}